{"id":4913,"date":"2026-01-27T14:00:40","date_gmt":"2026-01-27T14:00:40","guid":{"rendered":"https:\/\/nordic-drift.com\/product\/nordic-drift-rcs-aero-upf-50-cap-marinbla\/"},"modified":"2026-03-23T10:17:06","modified_gmt":"2026-03-23T10:17:06","slug":"nordic-drift-rcs-aero-upf-50-cap-marinbla","status":"publish","type":"product","link":"https:\/\/nordic-drift.com\/sv\/product\/nordic-drift-rcs-aero-upf-50-cap-marinbla\/","title":{"rendered":"Nordic Drift RCS Aero UPF 50+ cap, marinbl\u00e5"},"content":{"rendered":"<p>En l\u00e4tt, luftig och m\u00e5ngsidig keps f\u00f6r alla \u00e4ventyr. Tillverkad av  mjuk 46 % certifierad \u00e5tervunnen nylon (RCS), med en 5-panelskonstruktion som ger h\u00f6g komfort hela dagen samt h\u00e5ller dig sval och minskar svett och irritation. Med UPF 50+ skyddar den mot solens skadliga UVA- och UVB-str\u00e5lar. Designen g\u00f6r kepsen vikbar och l\u00e4tt att packa s\u00e5 att den enkelt f\u00e5r plats i din v\u00e4ska eller ficka utan att tappa formen. Perfekt f\u00f6r resor och utomhusaktiviteter. Den justerbara passformen ger personlig komfort och h\u00e5ller kepsen p\u00e5 plats oavsett vart dagen tar dig. Stilren, funktionell och redo f\u00f6r \u00e4ventyr. Alla Nordic Drift-produkter \u00e4r kvalitetstestade. Eftersom vi starkt tror p\u00e5 prestandan och h\u00e5llbarheten hos v\u00e5r utrustning omfattas varje artikel av 5 \u00e5rs garanti mot tillverkningsfel. F\u00f6r fullst\u00e4ndig information, bes\u00f6k www.nordic-drift.com.<\/p>\n","protected":false},"excerpt":{"rendered":"<p>En l\u00e4tt, luftig och m\u00e5ngsidig keps f\u00f6r alla \u00e4ventyr. Tillverkad av mjuk 46 % certifierad \u00e5tervunnen nylon (RCS), med en 5-panelskonstruktion som ger h\u00f6g komfort hela dagen samt h\u00e5ller dig sval och minskar svett och irritation. Med UPF 50+ skyddar den mot solens skadliga UVA- och UVB-str\u00e5lar. Designen g\u00f6r kepsen vikbar och l\u00e4tt att packa [&hellip;]<\/p>\n","protected":false},"featured_media":4914,"comment_status":"closed","ping_status":"closed","template":"","meta":{"_acf_changed":false},"product_cat":[94,100],"product_tag":[],"class_list":["post-4913","product","type-product","status-publish","has-post-thumbnail","hentry","product_cat-accessoarer","product_cat-aware","pa_color-navy"],"acf":[],"yoast_head":"<!-- This site is optimized with the Yoast SEO plugin v27.0 - https:\/\/yoast.com\/product\/yoast-seo-wordpress\/ -->\n<title>Nordic Drift RCS Aero UPF 50+ cap, marinbl\u00e5 - Nordic Drift<\/title>\n<meta name=\"robots\" content=\"index, follow, max-snippet:-1, max-image-preview:large, max-video-preview:-1\" \/>\n<link rel=\"canonical\" href=\"https:\/\/nordic-drift.com\/sv\/product\/nordic-drift-rcs-aero-upf-50-cap-marinbla\/\" \/>\n<meta property=\"og:locale\" content=\"sv_SE\" \/>\n<meta property=\"og:type\" content=\"article\" \/>\n<meta property=\"og:title\" content=\"Nordic Drift RCS Aero UPF 50+ cap, marinbl\u00e5 - Nordic Drift\" \/>\n<meta property=\"og:description\" content=\"En l\u00e4tt, luftig och m\u00e5ngsidig keps f\u00f6r alla \u00e4ventyr. Tillverkad av mjuk 46 % certifierad \u00e5tervunnen nylon (RCS), med en 5-panelskonstruktion som ger h\u00f6g komfort hela dagen samt h\u00e5ller dig sval och minskar svett och irritation. Med UPF 50+ skyddar den mot solens skadliga UVA- och UVB-str\u00e5lar. Designen g\u00f6r kepsen vikbar och l\u00e4tt att packa [&hellip;]\" \/>\n<meta property=\"og:url\" content=\"https:\/\/nordic-drift.com\/sv\/product\/nordic-drift-rcs-aero-upf-50-cap-marinbla\/\" \/>\n<meta property=\"og:site_name\" content=\"Nordic Drift\" \/>\n<meta property=\"article:modified_time\" content=\"2026-03-23T10:17:06+00:00\" \/>\n<meta property=\"og:image\" content=\"https:\/\/nordic-drift.com\/wp-content\/uploads\/sites\/14\/2026\/02\/ND630.0025__S_0__e407958ec54049a8a0394e5b84866ab4.jpg\" \/>\n\t<meta property=\"og:image:width\" content=\"1024\" \/>\n\t<meta property=\"og:image:height\" content=\"1024\" \/>\n\t<meta property=\"og:image:type\" content=\"image\/jpeg\" \/>\n<meta name=\"twitter:card\" content=\"summary_large_image\" \/>\n<meta name=\"twitter:label1\" content=\"Ber\u00e4knad l\u00e4stid\" \/>\n\t<meta name=\"twitter:data1\" content=\"1 minut\" \/>\n<script type=\"application\/ld+json\" class=\"yoast-schema-graph\">{\"@context\":\"https:\/\/schema.org\",\"@graph\":[{\"@type\":\"WebPage\",\"@id\":\"https:\/\/nordic-drift.com\/sv\/product\/nordic-drift-rcs-aero-upf-50-cap-marinbla\/\",\"url\":\"https:\/\/nordic-drift.com\/sv\/product\/nordic-drift-rcs-aero-upf-50-cap-marinbla\/\",\"name\":\"Nordic Drift RCS Aero UPF 50+ cap, marinbl\u00e5 - Nordic Drift\",\"isPartOf\":{\"@id\":\"https:\/\/nordic-drift.com\/sv\/#website\"},\"primaryImageOfPage\":{\"@id\":\"https:\/\/nordic-drift.com\/sv\/product\/nordic-drift-rcs-aero-upf-50-cap-marinbla\/#primaryimage\"},\"image\":{\"@id\":\"https:\/\/nordic-drift.com\/sv\/product\/nordic-drift-rcs-aero-upf-50-cap-marinbla\/#primaryimage\"},\"thumbnailUrl\":\"https:\/\/nordic-drift.com\/wp-content\/uploads\/sites\/14\/2026\/02\/ND630.0025__S_0__e407958ec54049a8a0394e5b84866ab4.jpg\",\"datePublished\":\"2026-01-27T14:00:40+00:00\",\"dateModified\":\"2026-03-23T10:17:06+00:00\",\"breadcrumb\":{\"@id\":\"https:\/\/nordic-drift.com\/sv\/product\/nordic-drift-rcs-aero-upf-50-cap-marinbla\/#breadcrumb\"},\"inLanguage\":\"sv-SE\",\"potentialAction\":[{\"@type\":\"ReadAction\",\"target\":[\"https:\/\/nordic-drift.com\/sv\/product\/nordic-drift-rcs-aero-upf-50-cap-marinbla\/\"]}]},{\"@type\":\"ImageObject\",\"inLanguage\":\"sv-SE\",\"@id\":\"https:\/\/nordic-drift.com\/sv\/product\/nordic-drift-rcs-aero-upf-50-cap-marinbla\/#primaryimage\",\"url\":\"https:\/\/nordic-drift.com\/wp-content\/uploads\/sites\/14\/2026\/02\/ND630.0025__S_0__e407958ec54049a8a0394e5b84866ab4.jpg\",\"contentUrl\":\"https:\/\/nordic-drift.com\/wp-content\/uploads\/sites\/14\/2026\/02\/ND630.0025__S_0__e407958ec54049a8a0394e5b84866ab4.jpg\",\"width\":1024,\"height\":1024},{\"@type\":\"BreadcrumbList\",\"@id\":\"https:\/\/nordic-drift.com\/sv\/product\/nordic-drift-rcs-aero-upf-50-cap-marinbla\/#breadcrumb\",\"itemListElement\":[{\"@type\":\"ListItem\",\"position\":1,\"name\":\"Home\",\"item\":\"https:\/\/nordic-drift.com\/sv\/\"},{\"@type\":\"ListItem\",\"position\":2,\"name\":\"Kollektion\",\"item\":\"https:\/\/nordic-drift.com\/sv\/kollektion\/\"},{\"@type\":\"ListItem\",\"position\":3,\"name\":\"Nordic Drift RCS Aero UPF 50+ cap, marinbl\u00e5\"}]},{\"@type\":\"WebSite\",\"@id\":\"https:\/\/nordic-drift.com\/sv\/#website\",\"url\":\"https:\/\/nordic-drift.com\/sv\/\",\"name\":\"Nordic Drift\",\"description\":\"Built to Last, Made to Explore.\",\"potentialAction\":[{\"@type\":\"SearchAction\",\"target\":{\"@type\":\"EntryPoint\",\"urlTemplate\":\"https:\/\/nordic-drift.com\/sv\/?s={search_term_string}\"},\"query-input\":{\"@type\":\"PropertyValueSpecification\",\"valueRequired\":true,\"valueName\":\"search_term_string\"}}],\"inLanguage\":\"sv-SE\"}]}<\/script>\n<!-- \/ Yoast SEO plugin. -->","yoast_head_json":{"title":"Nordic Drift RCS Aero UPF 50+ cap, marinbl\u00e5 - Nordic Drift","robots":{"index":"index","follow":"follow","max-snippet":"max-snippet:-1","max-image-preview":"max-image-preview:large","max-video-preview":"max-video-preview:-1"},"canonical":"https:\/\/nordic-drift.com\/sv\/product\/nordic-drift-rcs-aero-upf-50-cap-marinbla\/","og_locale":"sv_SE","og_type":"article","og_title":"Nordic Drift RCS Aero UPF 50+ cap, marinbl\u00e5 - Nordic Drift","og_description":"En l\u00e4tt, luftig och m\u00e5ngsidig keps f\u00f6r alla \u00e4ventyr. Tillverkad av mjuk 46 % certifierad \u00e5tervunnen nylon (RCS), med en 5-panelskonstruktion som ger h\u00f6g komfort hela dagen samt h\u00e5ller dig sval och minskar svett och irritation. Med UPF 50+ skyddar den mot solens skadliga UVA- och UVB-str\u00e5lar. Designen g\u00f6r kepsen vikbar och l\u00e4tt att packa [&hellip;]","og_url":"https:\/\/nordic-drift.com\/sv\/product\/nordic-drift-rcs-aero-upf-50-cap-marinbla\/","og_site_name":"Nordic Drift","article_modified_time":"2026-03-23T10:17:06+00:00","og_image":[{"width":1024,"height":1024,"url":"https:\/\/nordic-drift.com\/wp-content\/uploads\/sites\/14\/2026\/02\/ND630.0025__S_0__e407958ec54049a8a0394e5b84866ab4.jpg","type":"image\/jpeg"}],"twitter_card":"summary_large_image","twitter_misc":{"Ber\u00e4knad l\u00e4stid":"1 minut"},"schema":{"@context":"https:\/\/schema.org","@graph":[{"@type":"WebPage","@id":"https:\/\/nordic-drift.com\/sv\/product\/nordic-drift-rcs-aero-upf-50-cap-marinbla\/","url":"https:\/\/nordic-drift.com\/sv\/product\/nordic-drift-rcs-aero-upf-50-cap-marinbla\/","name":"Nordic Drift RCS Aero UPF 50+ cap, marinbl\u00e5 - Nordic Drift","isPartOf":{"@id":"https:\/\/nordic-drift.com\/sv\/#website"},"primaryImageOfPage":{"@id":"https:\/\/nordic-drift.com\/sv\/product\/nordic-drift-rcs-aero-upf-50-cap-marinbla\/#primaryimage"},"image":{"@id":"https:\/\/nordic-drift.com\/sv\/product\/nordic-drift-rcs-aero-upf-50-cap-marinbla\/#primaryimage"},"thumbnailUrl":"https:\/\/nordic-drift.com\/wp-content\/uploads\/sites\/14\/2026\/02\/ND630.0025__S_0__e407958ec54049a8a0394e5b84866ab4.jpg","datePublished":"2026-01-27T14:00:40+00:00","dateModified":"2026-03-23T10:17:06+00:00","breadcrumb":{"@id":"https:\/\/nordic-drift.com\/sv\/product\/nordic-drift-rcs-aero-upf-50-cap-marinbla\/#breadcrumb"},"inLanguage":"sv-SE","potentialAction":[{"@type":"ReadAction","target":["https:\/\/nordic-drift.com\/sv\/product\/nordic-drift-rcs-aero-upf-50-cap-marinbla\/"]}]},{"@type":"ImageObject","inLanguage":"sv-SE","@id":"https:\/\/nordic-drift.com\/sv\/product\/nordic-drift-rcs-aero-upf-50-cap-marinbla\/#primaryimage","url":"https:\/\/nordic-drift.com\/wp-content\/uploads\/sites\/14\/2026\/02\/ND630.0025__S_0__e407958ec54049a8a0394e5b84866ab4.jpg","contentUrl":"https:\/\/nordic-drift.com\/wp-content\/uploads\/sites\/14\/2026\/02\/ND630.0025__S_0__e407958ec54049a8a0394e5b84866ab4.jpg","width":1024,"height":1024},{"@type":"BreadcrumbList","@id":"https:\/\/nordic-drift.com\/sv\/product\/nordic-drift-rcs-aero-upf-50-cap-marinbla\/#breadcrumb","itemListElement":[{"@type":"ListItem","position":1,"name":"Home","item":"https:\/\/nordic-drift.com\/sv\/"},{"@type":"ListItem","position":2,"name":"Kollektion","item":"https:\/\/nordic-drift.com\/sv\/kollektion\/"},{"@type":"ListItem","position":3,"name":"Nordic Drift RCS Aero UPF 50+ cap, marinbl\u00e5"}]},{"@type":"WebSite","@id":"https:\/\/nordic-drift.com\/sv\/#website","url":"https:\/\/nordic-drift.com\/sv\/","name":"Nordic Drift","description":"Built to Last, Made to Explore.","potentialAction":[{"@type":"SearchAction","target":{"@type":"EntryPoint","urlTemplate":"https:\/\/nordic-drift.com\/sv\/?s={search_term_string}"},"query-input":{"@type":"PropertyValueSpecification","valueRequired":true,"valueName":"search_term_string"}}],"inLanguage":"sv-SE"}]}},"_links":{"self":[{"href":"https:\/\/nordic-drift.com\/sv\/wp-json\/wp\/v2\/product\/4913","targetHints":{"allow":["GET"]}}],"collection":[{"href":"https:\/\/nordic-drift.com\/sv\/wp-json\/wp\/v2\/product"}],"about":[{"href":"https:\/\/nordic-drift.com\/sv\/wp-json\/wp\/v2\/types\/product"}],"replies":[{"embeddable":true,"href":"https:\/\/nordic-drift.com\/sv\/wp-json\/wp\/v2\/comments?post=4913"}],"wp:featuredmedia":[{"embeddable":true,"href":"https:\/\/nordic-drift.com\/sv\/wp-json\/wp\/v2\/media\/4914"}],"wp:attachment":[{"href":"https:\/\/nordic-drift.com\/sv\/wp-json\/wp\/v2\/media?parent=4913"}],"wp:term":[{"taxonomy":"product_cat","embeddable":true,"href":"https:\/\/nordic-drift.com\/sv\/wp-json\/wp\/v2\/product_cat?post=4913"},{"taxonomy":"product_tag","embeddable":true,"href":"https:\/\/nordic-drift.com\/sv\/wp-json\/wp\/v2\/product_tag?post=4913"}],"curies":[{"name":"wp","href":"https:\/\/api.w.org\/{rel}","templated":true}]}}