{"id":4879,"date":"2026-01-27T14:00:40","date_gmt":"2026-01-27T14:00:40","guid":{"rendered":"https:\/\/nordic-drift.com\/product\/nordic-drift-grs-3-in-1-adventure-blanket-svart\/"},"modified":"2026-03-23T10:17:03","modified_gmt":"2026-03-23T10:17:03","slug":"nordic-drift-grs-3-in-1-adventure-blanket-svart","status":"publish","type":"product","link":"https:\/\/nordic-drift.com\/sv\/product\/nordic-drift-grs-3-in-1-adventure-blanket-svart\/","title":{"rendered":"Nordic Drift GRS 3-in-1 Adventure Blanket, svart"},"content":{"rendered":"<p>Uppt\u00e4ck den praktiska 3-i-1-pl\u00e4den, en m\u00e5ngsidig f\u00f6ljeslagare f\u00f6r alla typer av utflykter. Den multifunktionella designen g\u00f6r den till den perfekta allt-i-ett-l\u00f6sningen f\u00f6r b\u00e5de komfort och bekv\u00e4mlighet utomhus. Anv\u00e4nd den som en vanlig pl\u00e4d, svep den om dig eller b\u00e4r som en praktisk poncho med hj\u00e4lp av knapparna. Tillverkad av 25% certifierad \u00e5tervunnen nylon (GRS) och 72% certifierad \u00e5tervunnen polyester (GRS), med ett gener\u00f6st m\u00e5tt p\u00e5 140\u00d7175cm. Den integrerade, kompakta och l\u00e4tta f\u00f6rvaringsp\u00e5sen g\u00f6r pl\u00e4den resev\u00e4nlig och enkel att b\u00e4ra med sig. Perfekt f\u00f6r camping, vandring, festivaler eller stranddagar \u2013 den anpassas enkelt efter dina behov och erbjuder estetik, funktionalitet och \u00e4ventyrsklar prestanda i ett. Alla Nordic Drift-produkter \u00e4r kvalitetstestade. Eftersom vi starkt tror p\u00e5 prestandan och h\u00e5llbarheten hos v\u00e5r utrustning omfattas varje artikel av 5 \u00e5rs garanti mot tillverkningsfel. F\u00f6r fullst\u00e4ndig information, bes\u00f6k www.nordic-drift.com.<\/p>\n","protected":false},"excerpt":{"rendered":"<p>Uppt\u00e4ck den praktiska 3-i-1-pl\u00e4den, en m\u00e5ngsidig f\u00f6ljeslagare f\u00f6r alla typer av utflykter. Den multifunktionella designen g\u00f6r den till den perfekta allt-i-ett-l\u00f6sningen f\u00f6r b\u00e5de komfort och bekv\u00e4mlighet utomhus. Anv\u00e4nd den som en vanlig pl\u00e4d, svep den om dig eller b\u00e4r som en praktisk poncho med hj\u00e4lp av knapparna. Tillverkad av 25% certifierad \u00e5tervunnen nylon (GRS) och [&hellip;]<\/p>\n","protected":false},"featured_media":4881,"comment_status":"closed","ping_status":"closed","template":"","meta":{"_acf_changed":false},"product_cat":[94],"product_tag":[],"class_list":["post-4879","product","type-product","status-publish","has-post-thumbnail","hentry","product_cat-accessoarer","pa_color-black"],"acf":[],"yoast_head":"<!-- This site is optimized with the Yoast SEO plugin v27.0 - https:\/\/yoast.com\/product\/yoast-seo-wordpress\/ -->\n<title>Nordic Drift GRS 3-in-1 Adventure Blanket, svart - Nordic Drift<\/title>\n<meta name=\"robots\" content=\"index, follow, max-snippet:-1, max-image-preview:large, max-video-preview:-1\" \/>\n<link rel=\"canonical\" href=\"https:\/\/nordic-drift.com\/sv\/product\/nordic-drift-grs-3-in-1-adventure-blanket-svart\/\" \/>\n<meta property=\"og:locale\" content=\"sv_SE\" \/>\n<meta property=\"og:type\" content=\"article\" \/>\n<meta property=\"og:title\" content=\"Nordic Drift GRS 3-in-1 Adventure Blanket, svart - Nordic Drift\" \/>\n<meta property=\"og:description\" content=\"Uppt\u00e4ck den praktiska 3-i-1-pl\u00e4den, en m\u00e5ngsidig f\u00f6ljeslagare f\u00f6r alla typer av utflykter. Den multifunktionella designen g\u00f6r den till den perfekta allt-i-ett-l\u00f6sningen f\u00f6r b\u00e5de komfort och bekv\u00e4mlighet utomhus. Anv\u00e4nd den som en vanlig pl\u00e4d, svep den om dig eller b\u00e4r som en praktisk poncho med hj\u00e4lp av knapparna. Tillverkad av 25% certifierad \u00e5tervunnen nylon (GRS) och [&hellip;]\" \/>\n<meta property=\"og:url\" content=\"https:\/\/nordic-drift.com\/sv\/product\/nordic-drift-grs-3-in-1-adventure-blanket-svart\/\" \/>\n<meta property=\"og:site_name\" content=\"Nordic Drift\" \/>\n<meta property=\"article:modified_time\" content=\"2026-03-23T10:17:03+00:00\" \/>\n<meta property=\"og:image\" content=\"https:\/\/nordic-drift.com\/wp-content\/uploads\/sites\/14\/2026\/02\/ND610.0001__S_0__c061fe6714af4a099430385c29c4fb3b.jpg\" \/>\n\t<meta property=\"og:image:width\" content=\"1024\" \/>\n\t<meta property=\"og:image:height\" content=\"1024\" \/>\n\t<meta property=\"og:image:type\" content=\"image\/jpeg\" \/>\n<meta name=\"twitter:card\" content=\"summary_large_image\" \/>\n<meta name=\"twitter:label1\" content=\"Ber\u00e4knad l\u00e4stid\" \/>\n\t<meta name=\"twitter:data1\" content=\"1 minut\" \/>\n<script type=\"application\/ld+json\" class=\"yoast-schema-graph\">{\"@context\":\"https:\/\/schema.org\",\"@graph\":[{\"@type\":\"WebPage\",\"@id\":\"https:\/\/nordic-drift.com\/sv\/product\/nordic-drift-grs-3-in-1-adventure-blanket-svart\/\",\"url\":\"https:\/\/nordic-drift.com\/sv\/product\/nordic-drift-grs-3-in-1-adventure-blanket-svart\/\",\"name\":\"Nordic Drift GRS 3-in-1 Adventure Blanket, svart - Nordic Drift\",\"isPartOf\":{\"@id\":\"https:\/\/nordic-drift.com\/sv\/#website\"},\"primaryImageOfPage\":{\"@id\":\"https:\/\/nordic-drift.com\/sv\/product\/nordic-drift-grs-3-in-1-adventure-blanket-svart\/#primaryimage\"},\"image\":{\"@id\":\"https:\/\/nordic-drift.com\/sv\/product\/nordic-drift-grs-3-in-1-adventure-blanket-svart\/#primaryimage\"},\"thumbnailUrl\":\"https:\/\/nordic-drift.com\/wp-content\/uploads\/sites\/14\/2026\/02\/ND610.0001__S_0__c061fe6714af4a099430385c29c4fb3b.jpg\",\"datePublished\":\"2026-01-27T14:00:40+00:00\",\"dateModified\":\"2026-03-23T10:17:03+00:00\",\"breadcrumb\":{\"@id\":\"https:\/\/nordic-drift.com\/sv\/product\/nordic-drift-grs-3-in-1-adventure-blanket-svart\/#breadcrumb\"},\"inLanguage\":\"sv-SE\",\"potentialAction\":[{\"@type\":\"ReadAction\",\"target\":[\"https:\/\/nordic-drift.com\/sv\/product\/nordic-drift-grs-3-in-1-adventure-blanket-svart\/\"]}]},{\"@type\":\"ImageObject\",\"inLanguage\":\"sv-SE\",\"@id\":\"https:\/\/nordic-drift.com\/sv\/product\/nordic-drift-grs-3-in-1-adventure-blanket-svart\/#primaryimage\",\"url\":\"https:\/\/nordic-drift.com\/wp-content\/uploads\/sites\/14\/2026\/02\/ND610.0001__S_0__c061fe6714af4a099430385c29c4fb3b.jpg\",\"contentUrl\":\"https:\/\/nordic-drift.com\/wp-content\/uploads\/sites\/14\/2026\/02\/ND610.0001__S_0__c061fe6714af4a099430385c29c4fb3b.jpg\",\"width\":1024,\"height\":1024},{\"@type\":\"BreadcrumbList\",\"@id\":\"https:\/\/nordic-drift.com\/sv\/product\/nordic-drift-grs-3-in-1-adventure-blanket-svart\/#breadcrumb\",\"itemListElement\":[{\"@type\":\"ListItem\",\"position\":1,\"name\":\"Home\",\"item\":\"https:\/\/nordic-drift.com\/sv\/\"},{\"@type\":\"ListItem\",\"position\":2,\"name\":\"Kollektion\",\"item\":\"https:\/\/nordic-drift.com\/sv\/kollektion\/\"},{\"@type\":\"ListItem\",\"position\":3,\"name\":\"Nordic Drift GRS 3-in-1 Adventure Blanket, svart\"}]},{\"@type\":\"WebSite\",\"@id\":\"https:\/\/nordic-drift.com\/sv\/#website\",\"url\":\"https:\/\/nordic-drift.com\/sv\/\",\"name\":\"Nordic Drift\",\"description\":\"Built to Last, Made to Explore.\",\"potentialAction\":[{\"@type\":\"SearchAction\",\"target\":{\"@type\":\"EntryPoint\",\"urlTemplate\":\"https:\/\/nordic-drift.com\/sv\/?s={search_term_string}\"},\"query-input\":{\"@type\":\"PropertyValueSpecification\",\"valueRequired\":true,\"valueName\":\"search_term_string\"}}],\"inLanguage\":\"sv-SE\"}]}<\/script>\n<!-- \/ Yoast SEO plugin. -->","yoast_head_json":{"title":"Nordic Drift GRS 3-in-1 Adventure Blanket, svart - Nordic Drift","robots":{"index":"index","follow":"follow","max-snippet":"max-snippet:-1","max-image-preview":"max-image-preview:large","max-video-preview":"max-video-preview:-1"},"canonical":"https:\/\/nordic-drift.com\/sv\/product\/nordic-drift-grs-3-in-1-adventure-blanket-svart\/","og_locale":"sv_SE","og_type":"article","og_title":"Nordic Drift GRS 3-in-1 Adventure Blanket, svart - Nordic Drift","og_description":"Uppt\u00e4ck den praktiska 3-i-1-pl\u00e4den, en m\u00e5ngsidig f\u00f6ljeslagare f\u00f6r alla typer av utflykter. Den multifunktionella designen g\u00f6r den till den perfekta allt-i-ett-l\u00f6sningen f\u00f6r b\u00e5de komfort och bekv\u00e4mlighet utomhus. Anv\u00e4nd den som en vanlig pl\u00e4d, svep den om dig eller b\u00e4r som en praktisk poncho med hj\u00e4lp av knapparna. Tillverkad av 25% certifierad \u00e5tervunnen nylon (GRS) och [&hellip;]","og_url":"https:\/\/nordic-drift.com\/sv\/product\/nordic-drift-grs-3-in-1-adventure-blanket-svart\/","og_site_name":"Nordic Drift","article_modified_time":"2026-03-23T10:17:03+00:00","og_image":[{"width":1024,"height":1024,"url":"https:\/\/nordic-drift.com\/wp-content\/uploads\/sites\/14\/2026\/02\/ND610.0001__S_0__c061fe6714af4a099430385c29c4fb3b.jpg","type":"image\/jpeg"}],"twitter_card":"summary_large_image","twitter_misc":{"Ber\u00e4knad l\u00e4stid":"1 minut"},"schema":{"@context":"https:\/\/schema.org","@graph":[{"@type":"WebPage","@id":"https:\/\/nordic-drift.com\/sv\/product\/nordic-drift-grs-3-in-1-adventure-blanket-svart\/","url":"https:\/\/nordic-drift.com\/sv\/product\/nordic-drift-grs-3-in-1-adventure-blanket-svart\/","name":"Nordic Drift GRS 3-in-1 Adventure Blanket, svart - Nordic Drift","isPartOf":{"@id":"https:\/\/nordic-drift.com\/sv\/#website"},"primaryImageOfPage":{"@id":"https:\/\/nordic-drift.com\/sv\/product\/nordic-drift-grs-3-in-1-adventure-blanket-svart\/#primaryimage"},"image":{"@id":"https:\/\/nordic-drift.com\/sv\/product\/nordic-drift-grs-3-in-1-adventure-blanket-svart\/#primaryimage"},"thumbnailUrl":"https:\/\/nordic-drift.com\/wp-content\/uploads\/sites\/14\/2026\/02\/ND610.0001__S_0__c061fe6714af4a099430385c29c4fb3b.jpg","datePublished":"2026-01-27T14:00:40+00:00","dateModified":"2026-03-23T10:17:03+00:00","breadcrumb":{"@id":"https:\/\/nordic-drift.com\/sv\/product\/nordic-drift-grs-3-in-1-adventure-blanket-svart\/#breadcrumb"},"inLanguage":"sv-SE","potentialAction":[{"@type":"ReadAction","target":["https:\/\/nordic-drift.com\/sv\/product\/nordic-drift-grs-3-in-1-adventure-blanket-svart\/"]}]},{"@type":"ImageObject","inLanguage":"sv-SE","@id":"https:\/\/nordic-drift.com\/sv\/product\/nordic-drift-grs-3-in-1-adventure-blanket-svart\/#primaryimage","url":"https:\/\/nordic-drift.com\/wp-content\/uploads\/sites\/14\/2026\/02\/ND610.0001__S_0__c061fe6714af4a099430385c29c4fb3b.jpg","contentUrl":"https:\/\/nordic-drift.com\/wp-content\/uploads\/sites\/14\/2026\/02\/ND610.0001__S_0__c061fe6714af4a099430385c29c4fb3b.jpg","width":1024,"height":1024},{"@type":"BreadcrumbList","@id":"https:\/\/nordic-drift.com\/sv\/product\/nordic-drift-grs-3-in-1-adventure-blanket-svart\/#breadcrumb","itemListElement":[{"@type":"ListItem","position":1,"name":"Home","item":"https:\/\/nordic-drift.com\/sv\/"},{"@type":"ListItem","position":2,"name":"Kollektion","item":"https:\/\/nordic-drift.com\/sv\/kollektion\/"},{"@type":"ListItem","position":3,"name":"Nordic Drift GRS 3-in-1 Adventure Blanket, svart"}]},{"@type":"WebSite","@id":"https:\/\/nordic-drift.com\/sv\/#website","url":"https:\/\/nordic-drift.com\/sv\/","name":"Nordic Drift","description":"Built to Last, Made to Explore.","potentialAction":[{"@type":"SearchAction","target":{"@type":"EntryPoint","urlTemplate":"https:\/\/nordic-drift.com\/sv\/?s={search_term_string}"},"query-input":{"@type":"PropertyValueSpecification","valueRequired":true,"valueName":"search_term_string"}}],"inLanguage":"sv-SE"}]}},"_links":{"self":[{"href":"https:\/\/nordic-drift.com\/sv\/wp-json\/wp\/v2\/product\/4879","targetHints":{"allow":["GET"]}}],"collection":[{"href":"https:\/\/nordic-drift.com\/sv\/wp-json\/wp\/v2\/product"}],"about":[{"href":"https:\/\/nordic-drift.com\/sv\/wp-json\/wp\/v2\/types\/product"}],"replies":[{"embeddable":true,"href":"https:\/\/nordic-drift.com\/sv\/wp-json\/wp\/v2\/comments?post=4879"}],"wp:featuredmedia":[{"embeddable":true,"href":"https:\/\/nordic-drift.com\/sv\/wp-json\/wp\/v2\/media\/4881"}],"wp:attachment":[{"href":"https:\/\/nordic-drift.com\/sv\/wp-json\/wp\/v2\/media?parent=4879"}],"wp:term":[{"taxonomy":"product_cat","embeddable":true,"href":"https:\/\/nordic-drift.com\/sv\/wp-json\/wp\/v2\/product_cat?post=4879"},{"taxonomy":"product_tag","embeddable":true,"href":"https:\/\/nordic-drift.com\/sv\/wp-json\/wp\/v2\/product_tag?post=4879"}],"curies":[{"name":"wp","href":"https:\/\/api.w.org\/{rel}","templated":true}]}}