{"id":4869,"date":"2026-01-27T14:00:40","date_gmt":"2026-01-27T14:00:40","guid":{"rendered":"https:\/\/nordic-drift.com\/product\/nordic-drift-grs-aero-active-towel-svart\/"},"modified":"2026-03-23T10:17:02","modified_gmt":"2026-03-23T10:17:02","slug":"nordic-drift-grs-aero-active-towel-svart","status":"publish","type":"product","link":"https:\/\/nordic-drift.com\/sv\/product\/nordic-drift-grs-aero-active-towel-svart\/","title":{"rendered":"Nordic Drift GRS Aero active towel, svart"},"content":{"rendered":"<p>Ta med denna active towel genom alla \u00e4ventyr. TIllverkad av 54% certifierad \u00e5tervunnen polyester (GRS) \u00e4r det en perfekt f\u00f6ljeslagare som snabbt suger upp fukt och minskar irritation. Handduken kommer praktiskt f\u00f6rpackad i ett resev\u00e4nligt fodral med karbinhake f\u00f6r att enkelt f\u00e4stas p\u00e5 din v\u00e4ska etc. Med sin storlek p\u00e5 70\u00d7140 cm, upph\u00e4ngnings\u00f6gla och ett l\u00e4tt, mjukt material \u00e4r den b\u00e5de smidig och bekv\u00e4m att anv\u00e4nda. Alla Nordic Drift-produkter \u00e4r kvalitetstestade. Eftersom vi starkt tror p\u00e5 prestandan och h\u00e5llbarheten hos v\u00e5r utrustning omfattas varje artikel av 5 \u00e5rs garanti mot tillverkningsfel. F\u00f6r fullst\u00e4ndig information, bes\u00f6k www.nordic-drift.com.<\/p>\n","protected":false},"excerpt":{"rendered":"<p>Ta med denna active towel genom alla \u00e4ventyr. TIllverkad av 54% certifierad \u00e5tervunnen polyester (GRS) \u00e4r det en perfekt f\u00f6ljeslagare som snabbt suger upp fukt och minskar irritation. Handduken kommer praktiskt f\u00f6rpackad i ett resev\u00e4nligt fodral med karbinhake f\u00f6r att enkelt f\u00e4stas p\u00e5 din v\u00e4ska etc. Med sin storlek p\u00e5 70\u00d7140 cm, upph\u00e4ngnings\u00f6gla och ett [&hellip;]<\/p>\n","protected":false},"featured_media":4870,"comment_status":"closed","ping_status":"closed","template":"","meta":{"_acf_changed":false},"product_cat":[94],"product_tag":[],"class_list":["post-4869","product","type-product","status-publish","has-post-thumbnail","hentry","product_cat-accessoarer","pa_color-black"],"acf":[],"yoast_head":"<!-- This site is optimized with the Yoast SEO plugin v27.0 - https:\/\/yoast.com\/product\/yoast-seo-wordpress\/ -->\n<title>Nordic Drift GRS Aero active towel, svart - Nordic Drift<\/title>\n<meta name=\"robots\" content=\"index, follow, max-snippet:-1, max-image-preview:large, max-video-preview:-1\" \/>\n<link rel=\"canonical\" href=\"https:\/\/nordic-drift.com\/sv\/product\/nordic-drift-grs-aero-active-towel-svart\/\" \/>\n<meta property=\"og:locale\" content=\"sv_SE\" \/>\n<meta property=\"og:type\" content=\"article\" \/>\n<meta property=\"og:title\" content=\"Nordic Drift GRS Aero active towel, svart - Nordic Drift\" \/>\n<meta property=\"og:description\" content=\"Ta med denna active towel genom alla \u00e4ventyr. TIllverkad av 54% certifierad \u00e5tervunnen polyester (GRS) \u00e4r det en perfekt f\u00f6ljeslagare som snabbt suger upp fukt och minskar irritation. Handduken kommer praktiskt f\u00f6rpackad i ett resev\u00e4nligt fodral med karbinhake f\u00f6r att enkelt f\u00e4stas p\u00e5 din v\u00e4ska etc. Med sin storlek p\u00e5 70\u00d7140 cm, upph\u00e4ngnings\u00f6gla och ett [&hellip;]\" \/>\n<meta property=\"og:url\" content=\"https:\/\/nordic-drift.com\/sv\/product\/nordic-drift-grs-aero-active-towel-svart\/\" \/>\n<meta property=\"og:site_name\" content=\"Nordic Drift\" \/>\n<meta property=\"article:modified_time\" content=\"2026-03-23T10:17:02+00:00\" \/>\n<meta property=\"og:image\" content=\"https:\/\/nordic-drift.com\/wp-content\/uploads\/sites\/14\/2026\/02\/ND600.0001__S_0__11e46b40bcd54d359e3c86262f5905b1.jpg\" \/>\n\t<meta property=\"og:image:width\" content=\"1024\" \/>\n\t<meta property=\"og:image:height\" content=\"1024\" \/>\n\t<meta property=\"og:image:type\" content=\"image\/jpeg\" \/>\n<meta name=\"twitter:card\" content=\"summary_large_image\" \/>\n<meta name=\"twitter:label1\" content=\"Ber\u00e4knad l\u00e4stid\" \/>\n\t<meta name=\"twitter:data1\" content=\"1 minut\" \/>\n<script type=\"application\/ld+json\" class=\"yoast-schema-graph\">{\"@context\":\"https:\/\/schema.org\",\"@graph\":[{\"@type\":\"WebPage\",\"@id\":\"https:\/\/nordic-drift.com\/sv\/product\/nordic-drift-grs-aero-active-towel-svart\/\",\"url\":\"https:\/\/nordic-drift.com\/sv\/product\/nordic-drift-grs-aero-active-towel-svart\/\",\"name\":\"Nordic Drift GRS Aero active towel, svart - Nordic Drift\",\"isPartOf\":{\"@id\":\"https:\/\/nordic-drift.com\/sv\/#website\"},\"primaryImageOfPage\":{\"@id\":\"https:\/\/nordic-drift.com\/sv\/product\/nordic-drift-grs-aero-active-towel-svart\/#primaryimage\"},\"image\":{\"@id\":\"https:\/\/nordic-drift.com\/sv\/product\/nordic-drift-grs-aero-active-towel-svart\/#primaryimage\"},\"thumbnailUrl\":\"https:\/\/nordic-drift.com\/wp-content\/uploads\/sites\/14\/2026\/02\/ND600.0001__S_0__11e46b40bcd54d359e3c86262f5905b1.jpg\",\"datePublished\":\"2026-01-27T14:00:40+00:00\",\"dateModified\":\"2026-03-23T10:17:02+00:00\",\"breadcrumb\":{\"@id\":\"https:\/\/nordic-drift.com\/sv\/product\/nordic-drift-grs-aero-active-towel-svart\/#breadcrumb\"},\"inLanguage\":\"sv-SE\",\"potentialAction\":[{\"@type\":\"ReadAction\",\"target\":[\"https:\/\/nordic-drift.com\/sv\/product\/nordic-drift-grs-aero-active-towel-svart\/\"]}]},{\"@type\":\"ImageObject\",\"inLanguage\":\"sv-SE\",\"@id\":\"https:\/\/nordic-drift.com\/sv\/product\/nordic-drift-grs-aero-active-towel-svart\/#primaryimage\",\"url\":\"https:\/\/nordic-drift.com\/wp-content\/uploads\/sites\/14\/2026\/02\/ND600.0001__S_0__11e46b40bcd54d359e3c86262f5905b1.jpg\",\"contentUrl\":\"https:\/\/nordic-drift.com\/wp-content\/uploads\/sites\/14\/2026\/02\/ND600.0001__S_0__11e46b40bcd54d359e3c86262f5905b1.jpg\",\"width\":1024,\"height\":1024},{\"@type\":\"BreadcrumbList\",\"@id\":\"https:\/\/nordic-drift.com\/sv\/product\/nordic-drift-grs-aero-active-towel-svart\/#breadcrumb\",\"itemListElement\":[{\"@type\":\"ListItem\",\"position\":1,\"name\":\"Home\",\"item\":\"https:\/\/nordic-drift.com\/sv\/\"},{\"@type\":\"ListItem\",\"position\":2,\"name\":\"Kollektion\",\"item\":\"https:\/\/nordic-drift.com\/sv\/kollektion\/\"},{\"@type\":\"ListItem\",\"position\":3,\"name\":\"Nordic Drift GRS Aero active towel, svart\"}]},{\"@type\":\"WebSite\",\"@id\":\"https:\/\/nordic-drift.com\/sv\/#website\",\"url\":\"https:\/\/nordic-drift.com\/sv\/\",\"name\":\"Nordic Drift\",\"description\":\"Built to Last, Made to Explore.\",\"potentialAction\":[{\"@type\":\"SearchAction\",\"target\":{\"@type\":\"EntryPoint\",\"urlTemplate\":\"https:\/\/nordic-drift.com\/sv\/?s={search_term_string}\"},\"query-input\":{\"@type\":\"PropertyValueSpecification\",\"valueRequired\":true,\"valueName\":\"search_term_string\"}}],\"inLanguage\":\"sv-SE\"}]}<\/script>\n<!-- \/ Yoast SEO plugin. -->","yoast_head_json":{"title":"Nordic Drift GRS Aero active towel, svart - Nordic Drift","robots":{"index":"index","follow":"follow","max-snippet":"max-snippet:-1","max-image-preview":"max-image-preview:large","max-video-preview":"max-video-preview:-1"},"canonical":"https:\/\/nordic-drift.com\/sv\/product\/nordic-drift-grs-aero-active-towel-svart\/","og_locale":"sv_SE","og_type":"article","og_title":"Nordic Drift GRS Aero active towel, svart - Nordic Drift","og_description":"Ta med denna active towel genom alla \u00e4ventyr. TIllverkad av 54% certifierad \u00e5tervunnen polyester (GRS) \u00e4r det en perfekt f\u00f6ljeslagare som snabbt suger upp fukt och minskar irritation. Handduken kommer praktiskt f\u00f6rpackad i ett resev\u00e4nligt fodral med karbinhake f\u00f6r att enkelt f\u00e4stas p\u00e5 din v\u00e4ska etc. Med sin storlek p\u00e5 70\u00d7140 cm, upph\u00e4ngnings\u00f6gla och ett [&hellip;]","og_url":"https:\/\/nordic-drift.com\/sv\/product\/nordic-drift-grs-aero-active-towel-svart\/","og_site_name":"Nordic Drift","article_modified_time":"2026-03-23T10:17:02+00:00","og_image":[{"width":1024,"height":1024,"url":"https:\/\/nordic-drift.com\/wp-content\/uploads\/sites\/14\/2026\/02\/ND600.0001__S_0__11e46b40bcd54d359e3c86262f5905b1.jpg","type":"image\/jpeg"}],"twitter_card":"summary_large_image","twitter_misc":{"Ber\u00e4knad l\u00e4stid":"1 minut"},"schema":{"@context":"https:\/\/schema.org","@graph":[{"@type":"WebPage","@id":"https:\/\/nordic-drift.com\/sv\/product\/nordic-drift-grs-aero-active-towel-svart\/","url":"https:\/\/nordic-drift.com\/sv\/product\/nordic-drift-grs-aero-active-towel-svart\/","name":"Nordic Drift GRS Aero active towel, svart - Nordic Drift","isPartOf":{"@id":"https:\/\/nordic-drift.com\/sv\/#website"},"primaryImageOfPage":{"@id":"https:\/\/nordic-drift.com\/sv\/product\/nordic-drift-grs-aero-active-towel-svart\/#primaryimage"},"image":{"@id":"https:\/\/nordic-drift.com\/sv\/product\/nordic-drift-grs-aero-active-towel-svart\/#primaryimage"},"thumbnailUrl":"https:\/\/nordic-drift.com\/wp-content\/uploads\/sites\/14\/2026\/02\/ND600.0001__S_0__11e46b40bcd54d359e3c86262f5905b1.jpg","datePublished":"2026-01-27T14:00:40+00:00","dateModified":"2026-03-23T10:17:02+00:00","breadcrumb":{"@id":"https:\/\/nordic-drift.com\/sv\/product\/nordic-drift-grs-aero-active-towel-svart\/#breadcrumb"},"inLanguage":"sv-SE","potentialAction":[{"@type":"ReadAction","target":["https:\/\/nordic-drift.com\/sv\/product\/nordic-drift-grs-aero-active-towel-svart\/"]}]},{"@type":"ImageObject","inLanguage":"sv-SE","@id":"https:\/\/nordic-drift.com\/sv\/product\/nordic-drift-grs-aero-active-towel-svart\/#primaryimage","url":"https:\/\/nordic-drift.com\/wp-content\/uploads\/sites\/14\/2026\/02\/ND600.0001__S_0__11e46b40bcd54d359e3c86262f5905b1.jpg","contentUrl":"https:\/\/nordic-drift.com\/wp-content\/uploads\/sites\/14\/2026\/02\/ND600.0001__S_0__11e46b40bcd54d359e3c86262f5905b1.jpg","width":1024,"height":1024},{"@type":"BreadcrumbList","@id":"https:\/\/nordic-drift.com\/sv\/product\/nordic-drift-grs-aero-active-towel-svart\/#breadcrumb","itemListElement":[{"@type":"ListItem","position":1,"name":"Home","item":"https:\/\/nordic-drift.com\/sv\/"},{"@type":"ListItem","position":2,"name":"Kollektion","item":"https:\/\/nordic-drift.com\/sv\/kollektion\/"},{"@type":"ListItem","position":3,"name":"Nordic Drift GRS Aero active towel, svart"}]},{"@type":"WebSite","@id":"https:\/\/nordic-drift.com\/sv\/#website","url":"https:\/\/nordic-drift.com\/sv\/","name":"Nordic Drift","description":"Built to Last, Made to Explore.","potentialAction":[{"@type":"SearchAction","target":{"@type":"EntryPoint","urlTemplate":"https:\/\/nordic-drift.com\/sv\/?s={search_term_string}"},"query-input":{"@type":"PropertyValueSpecification","valueRequired":true,"valueName":"search_term_string"}}],"inLanguage":"sv-SE"}]}},"_links":{"self":[{"href":"https:\/\/nordic-drift.com\/sv\/wp-json\/wp\/v2\/product\/4869","targetHints":{"allow":["GET"]}}],"collection":[{"href":"https:\/\/nordic-drift.com\/sv\/wp-json\/wp\/v2\/product"}],"about":[{"href":"https:\/\/nordic-drift.com\/sv\/wp-json\/wp\/v2\/types\/product"}],"replies":[{"embeddable":true,"href":"https:\/\/nordic-drift.com\/sv\/wp-json\/wp\/v2\/comments?post=4869"}],"wp:featuredmedia":[{"embeddable":true,"href":"https:\/\/nordic-drift.com\/sv\/wp-json\/wp\/v2\/media\/4870"}],"wp:attachment":[{"href":"https:\/\/nordic-drift.com\/sv\/wp-json\/wp\/v2\/media?parent=4869"}],"wp:term":[{"taxonomy":"product_cat","embeddable":true,"href":"https:\/\/nordic-drift.com\/sv\/wp-json\/wp\/v2\/product_cat?post=4869"},{"taxonomy":"product_tag","embeddable":true,"href":"https:\/\/nordic-drift.com\/sv\/wp-json\/wp\/v2\/product_tag?post=4869"}],"curies":[{"name":"wp","href":"https:\/\/api.w.org\/{rel}","templated":true}]}}