{"id":4859,"date":"2026-01-27T14:00:40","date_gmt":"2026-01-27T14:00:40","guid":{"rendered":"https:\/\/nordic-drift.com\/product\/nordic-drift-trail-rcs-portabel-infinity-fickpenna-m-kompass-svart\/"},"modified":"2026-03-23T10:17:01","modified_gmt":"2026-03-23T10:17:01","slug":"nordic-drift-trail-rcs-portabel-infinity-fickpenna-m-kompass-svart","status":"publish","type":"product","link":"https:\/\/nordic-drift.com\/sv\/product\/nordic-drift-trail-rcs-portabel-infinity-fickpenna-m-kompass-svart\/","title":{"rendered":"Nordic Drift Trail RCS Portabel Infinity fickpenna m kompass, svart"},"content":{"rendered":"<p>Nordic Drift Trial Infinity fickpenna \u00e4r designad f\u00f6r utomhusbruk och vardagliga \u00e4ventyr. Grafitspetsen skjuts ut med den orange knappen f\u00f6r att skriva och dras in i pennkroppen f\u00f6r att skydda spetsen. En rems\u00f6gla l\u00e4ngst upp g\u00f6r att pennan kan f\u00e4stas p\u00e5 en ryggs\u00e4ck s\u00e5 att den alltid \u00e4r l\u00e4ttillg\u00e4nglig. Till skillnad fr\u00e5n traditionella tr\u00e4pennor som skriver upp till cirka 200 meter, kan grafitspetsen p\u00e5 denna infinitypenna skriva upp till ungef\u00e4r 20 000 meter. Den skriver som en vanlig penna och grafitmarkeringarna kan suddas ut medan spetsen sakta n\u00f6ts ner. Pennan \u00e4r tillverkad av RCS-certifierad \u00e5tervunnen ABS. En liten kompass p\u00e5 toppen ger en enkel riktningvisning. Produkten levereras i FSC\u00ae-certifierad f\u00f6rpackning utan plast. Alla Nordic Drift-produkter testas f\u00f6r kvalitet. Eftersom vi starkt tror p\u00e5 prestanda och h\u00e5llbarhet hos v\u00e5ra produkter, omfattas varje artikel av 5 \u00e5rs garanti mot tillverkningsfel. F\u00f6r fullst\u00e4ndiga detaljer, bes\u00f6k www.nordic-drift.com<\/p>\n","protected":false},"excerpt":{"rendered":"<p>Nordic Drift Trial Infinity fickpenna \u00e4r designad f\u00f6r utomhusbruk och vardagliga \u00e4ventyr. Grafitspetsen skjuts ut med den orange knappen f\u00f6r att skriva och dras in i pennkroppen f\u00f6r att skydda spetsen. En rems\u00f6gla l\u00e4ngst upp g\u00f6r att pennan kan f\u00e4stas p\u00e5 en ryggs\u00e4ck s\u00e5 att den alltid \u00e4r l\u00e4ttillg\u00e4nglig. Till skillnad fr\u00e5n traditionella tr\u00e4pennor som [&hellip;]<\/p>\n","protected":false},"featured_media":4860,"comment_status":"closed","ping_status":"closed","template":"","meta":{"_acf_changed":false},"product_cat":[94],"product_tag":[],"class_list":["post-4859","product","type-product","status-publish","has-post-thumbnail","hentry","product_cat-accessoarer","pa_color-black"],"acf":[],"yoast_head":"<!-- This site is optimized with the Yoast SEO plugin v27.0 - https:\/\/yoast.com\/product\/yoast-seo-wordpress\/ -->\n<title>Nordic Drift Trail RCS Portabel Infinity fickpenna m kompass, svart - Nordic Drift<\/title>\n<meta name=\"robots\" content=\"index, follow, max-snippet:-1, max-image-preview:large, max-video-preview:-1\" \/>\n<link rel=\"canonical\" href=\"https:\/\/nordic-drift.com\/sv\/product\/nordic-drift-trail-rcs-portabel-infinity-fickpenna-m-kompass-svart\/\" \/>\n<meta property=\"og:locale\" content=\"sv_SE\" \/>\n<meta property=\"og:type\" content=\"article\" \/>\n<meta property=\"og:title\" content=\"Nordic Drift Trail RCS Portabel Infinity fickpenna m kompass, svart - Nordic Drift\" \/>\n<meta property=\"og:description\" content=\"Nordic Drift Trial Infinity fickpenna \u00e4r designad f\u00f6r utomhusbruk och vardagliga \u00e4ventyr. Grafitspetsen skjuts ut med den orange knappen f\u00f6r att skriva och dras in i pennkroppen f\u00f6r att skydda spetsen. En rems\u00f6gla l\u00e4ngst upp g\u00f6r att pennan kan f\u00e4stas p\u00e5 en ryggs\u00e4ck s\u00e5 att den alltid \u00e4r l\u00e4ttillg\u00e4nglig. Till skillnad fr\u00e5n traditionella tr\u00e4pennor som [&hellip;]\" \/>\n<meta property=\"og:url\" content=\"https:\/\/nordic-drift.com\/sv\/product\/nordic-drift-trail-rcs-portabel-infinity-fickpenna-m-kompass-svart\/\" \/>\n<meta property=\"og:site_name\" content=\"Nordic Drift\" \/>\n<meta property=\"article:modified_time\" content=\"2026-03-23T10:17:01+00:00\" \/>\n<meta property=\"og:image\" content=\"https:\/\/nordic-drift.com\/wp-content\/uploads\/sites\/14\/2026\/02\/ND540.0001__S_0__cd54506830804607956948ccc4b49d0d.jpg\" \/>\n\t<meta property=\"og:image:width\" content=\"1024\" \/>\n\t<meta property=\"og:image:height\" content=\"1024\" \/>\n\t<meta property=\"og:image:type\" content=\"image\/jpeg\" \/>\n<meta name=\"twitter:card\" content=\"summary_large_image\" \/>\n<meta name=\"twitter:label1\" content=\"Ber\u00e4knad l\u00e4stid\" \/>\n\t<meta name=\"twitter:data1\" content=\"1 minut\" \/>\n<script type=\"application\/ld+json\" class=\"yoast-schema-graph\">{\"@context\":\"https:\/\/schema.org\",\"@graph\":[{\"@type\":\"WebPage\",\"@id\":\"https:\/\/nordic-drift.com\/sv\/product\/nordic-drift-trail-rcs-portabel-infinity-fickpenna-m-kompass-svart\/\",\"url\":\"https:\/\/nordic-drift.com\/sv\/product\/nordic-drift-trail-rcs-portabel-infinity-fickpenna-m-kompass-svart\/\",\"name\":\"Nordic Drift Trail RCS Portabel Infinity fickpenna m kompass, svart - Nordic Drift\",\"isPartOf\":{\"@id\":\"https:\/\/nordic-drift.com\/sv\/#website\"},\"primaryImageOfPage\":{\"@id\":\"https:\/\/nordic-drift.com\/sv\/product\/nordic-drift-trail-rcs-portabel-infinity-fickpenna-m-kompass-svart\/#primaryimage\"},\"image\":{\"@id\":\"https:\/\/nordic-drift.com\/sv\/product\/nordic-drift-trail-rcs-portabel-infinity-fickpenna-m-kompass-svart\/#primaryimage\"},\"thumbnailUrl\":\"https:\/\/nordic-drift.com\/wp-content\/uploads\/sites\/14\/2026\/02\/ND540.0001__S_0__cd54506830804607956948ccc4b49d0d.jpg\",\"datePublished\":\"2026-01-27T14:00:40+00:00\",\"dateModified\":\"2026-03-23T10:17:01+00:00\",\"breadcrumb\":{\"@id\":\"https:\/\/nordic-drift.com\/sv\/product\/nordic-drift-trail-rcs-portabel-infinity-fickpenna-m-kompass-svart\/#breadcrumb\"},\"inLanguage\":\"sv-SE\",\"potentialAction\":[{\"@type\":\"ReadAction\",\"target\":[\"https:\/\/nordic-drift.com\/sv\/product\/nordic-drift-trail-rcs-portabel-infinity-fickpenna-m-kompass-svart\/\"]}]},{\"@type\":\"ImageObject\",\"inLanguage\":\"sv-SE\",\"@id\":\"https:\/\/nordic-drift.com\/sv\/product\/nordic-drift-trail-rcs-portabel-infinity-fickpenna-m-kompass-svart\/#primaryimage\",\"url\":\"https:\/\/nordic-drift.com\/wp-content\/uploads\/sites\/14\/2026\/02\/ND540.0001__S_0__cd54506830804607956948ccc4b49d0d.jpg\",\"contentUrl\":\"https:\/\/nordic-drift.com\/wp-content\/uploads\/sites\/14\/2026\/02\/ND540.0001__S_0__cd54506830804607956948ccc4b49d0d.jpg\",\"width\":1024,\"height\":1024},{\"@type\":\"BreadcrumbList\",\"@id\":\"https:\/\/nordic-drift.com\/sv\/product\/nordic-drift-trail-rcs-portabel-infinity-fickpenna-m-kompass-svart\/#breadcrumb\",\"itemListElement\":[{\"@type\":\"ListItem\",\"position\":1,\"name\":\"Home\",\"item\":\"https:\/\/nordic-drift.com\/sv\/\"},{\"@type\":\"ListItem\",\"position\":2,\"name\":\"Kollektion\",\"item\":\"https:\/\/nordic-drift.com\/sv\/kollektion\/\"},{\"@type\":\"ListItem\",\"position\":3,\"name\":\"Nordic Drift Trail RCS Portabel Infinity fickpenna m kompass, svart\"}]},{\"@type\":\"WebSite\",\"@id\":\"https:\/\/nordic-drift.com\/sv\/#website\",\"url\":\"https:\/\/nordic-drift.com\/sv\/\",\"name\":\"Nordic Drift\",\"description\":\"Built to Last, Made to Explore.\",\"potentialAction\":[{\"@type\":\"SearchAction\",\"target\":{\"@type\":\"EntryPoint\",\"urlTemplate\":\"https:\/\/nordic-drift.com\/sv\/?s={search_term_string}\"},\"query-input\":{\"@type\":\"PropertyValueSpecification\",\"valueRequired\":true,\"valueName\":\"search_term_string\"}}],\"inLanguage\":\"sv-SE\"}]}<\/script>\n<!-- \/ Yoast SEO plugin. -->","yoast_head_json":{"title":"Nordic Drift Trail RCS Portabel Infinity fickpenna m kompass, svart - Nordic Drift","robots":{"index":"index","follow":"follow","max-snippet":"max-snippet:-1","max-image-preview":"max-image-preview:large","max-video-preview":"max-video-preview:-1"},"canonical":"https:\/\/nordic-drift.com\/sv\/product\/nordic-drift-trail-rcs-portabel-infinity-fickpenna-m-kompass-svart\/","og_locale":"sv_SE","og_type":"article","og_title":"Nordic Drift Trail RCS Portabel Infinity fickpenna m kompass, svart - Nordic Drift","og_description":"Nordic Drift Trial Infinity fickpenna \u00e4r designad f\u00f6r utomhusbruk och vardagliga \u00e4ventyr. Grafitspetsen skjuts ut med den orange knappen f\u00f6r att skriva och dras in i pennkroppen f\u00f6r att skydda spetsen. En rems\u00f6gla l\u00e4ngst upp g\u00f6r att pennan kan f\u00e4stas p\u00e5 en ryggs\u00e4ck s\u00e5 att den alltid \u00e4r l\u00e4ttillg\u00e4nglig. Till skillnad fr\u00e5n traditionella tr\u00e4pennor som [&hellip;]","og_url":"https:\/\/nordic-drift.com\/sv\/product\/nordic-drift-trail-rcs-portabel-infinity-fickpenna-m-kompass-svart\/","og_site_name":"Nordic Drift","article_modified_time":"2026-03-23T10:17:01+00:00","og_image":[{"width":1024,"height":1024,"url":"https:\/\/nordic-drift.com\/wp-content\/uploads\/sites\/14\/2026\/02\/ND540.0001__S_0__cd54506830804607956948ccc4b49d0d.jpg","type":"image\/jpeg"}],"twitter_card":"summary_large_image","twitter_misc":{"Ber\u00e4knad l\u00e4stid":"1 minut"},"schema":{"@context":"https:\/\/schema.org","@graph":[{"@type":"WebPage","@id":"https:\/\/nordic-drift.com\/sv\/product\/nordic-drift-trail-rcs-portabel-infinity-fickpenna-m-kompass-svart\/","url":"https:\/\/nordic-drift.com\/sv\/product\/nordic-drift-trail-rcs-portabel-infinity-fickpenna-m-kompass-svart\/","name":"Nordic Drift Trail RCS Portabel Infinity fickpenna m kompass, svart - Nordic Drift","isPartOf":{"@id":"https:\/\/nordic-drift.com\/sv\/#website"},"primaryImageOfPage":{"@id":"https:\/\/nordic-drift.com\/sv\/product\/nordic-drift-trail-rcs-portabel-infinity-fickpenna-m-kompass-svart\/#primaryimage"},"image":{"@id":"https:\/\/nordic-drift.com\/sv\/product\/nordic-drift-trail-rcs-portabel-infinity-fickpenna-m-kompass-svart\/#primaryimage"},"thumbnailUrl":"https:\/\/nordic-drift.com\/wp-content\/uploads\/sites\/14\/2026\/02\/ND540.0001__S_0__cd54506830804607956948ccc4b49d0d.jpg","datePublished":"2026-01-27T14:00:40+00:00","dateModified":"2026-03-23T10:17:01+00:00","breadcrumb":{"@id":"https:\/\/nordic-drift.com\/sv\/product\/nordic-drift-trail-rcs-portabel-infinity-fickpenna-m-kompass-svart\/#breadcrumb"},"inLanguage":"sv-SE","potentialAction":[{"@type":"ReadAction","target":["https:\/\/nordic-drift.com\/sv\/product\/nordic-drift-trail-rcs-portabel-infinity-fickpenna-m-kompass-svart\/"]}]},{"@type":"ImageObject","inLanguage":"sv-SE","@id":"https:\/\/nordic-drift.com\/sv\/product\/nordic-drift-trail-rcs-portabel-infinity-fickpenna-m-kompass-svart\/#primaryimage","url":"https:\/\/nordic-drift.com\/wp-content\/uploads\/sites\/14\/2026\/02\/ND540.0001__S_0__cd54506830804607956948ccc4b49d0d.jpg","contentUrl":"https:\/\/nordic-drift.com\/wp-content\/uploads\/sites\/14\/2026\/02\/ND540.0001__S_0__cd54506830804607956948ccc4b49d0d.jpg","width":1024,"height":1024},{"@type":"BreadcrumbList","@id":"https:\/\/nordic-drift.com\/sv\/product\/nordic-drift-trail-rcs-portabel-infinity-fickpenna-m-kompass-svart\/#breadcrumb","itemListElement":[{"@type":"ListItem","position":1,"name":"Home","item":"https:\/\/nordic-drift.com\/sv\/"},{"@type":"ListItem","position":2,"name":"Kollektion","item":"https:\/\/nordic-drift.com\/sv\/kollektion\/"},{"@type":"ListItem","position":3,"name":"Nordic Drift Trail RCS Portabel Infinity fickpenna m kompass, svart"}]},{"@type":"WebSite","@id":"https:\/\/nordic-drift.com\/sv\/#website","url":"https:\/\/nordic-drift.com\/sv\/","name":"Nordic Drift","description":"Built to Last, Made to Explore.","potentialAction":[{"@type":"SearchAction","target":{"@type":"EntryPoint","urlTemplate":"https:\/\/nordic-drift.com\/sv\/?s={search_term_string}"},"query-input":{"@type":"PropertyValueSpecification","valueRequired":true,"valueName":"search_term_string"}}],"inLanguage":"sv-SE"}]}},"_links":{"self":[{"href":"https:\/\/nordic-drift.com\/sv\/wp-json\/wp\/v2\/product\/4859","targetHints":{"allow":["GET"]}}],"collection":[{"href":"https:\/\/nordic-drift.com\/sv\/wp-json\/wp\/v2\/product"}],"about":[{"href":"https:\/\/nordic-drift.com\/sv\/wp-json\/wp\/v2\/types\/product"}],"replies":[{"embeddable":true,"href":"https:\/\/nordic-drift.com\/sv\/wp-json\/wp\/v2\/comments?post=4859"}],"wp:featuredmedia":[{"embeddable":true,"href":"https:\/\/nordic-drift.com\/sv\/wp-json\/wp\/v2\/media\/4860"}],"wp:attachment":[{"href":"https:\/\/nordic-drift.com\/sv\/wp-json\/wp\/v2\/media?parent=4859"}],"wp:term":[{"taxonomy":"product_cat","embeddable":true,"href":"https:\/\/nordic-drift.com\/sv\/wp-json\/wp\/v2\/product_cat?post=4859"},{"taxonomy":"product_tag","embeddable":true,"href":"https:\/\/nordic-drift.com\/sv\/wp-json\/wp\/v2\/product_tag?post=4859"}],"curies":[{"name":"wp","href":"https:\/\/api.w.org\/{rel}","templated":true}]}}