{"id":4821,"date":"2026-01-27T14:00:36","date_gmt":"2026-01-27T14:00:36","guid":{"rendered":"https:\/\/nordic-drift.com\/product\/nordic-drift-nyckelringsverktyg-svart\/"},"modified":"2026-03-23T10:16:54","modified_gmt":"2026-03-23T10:16:54","slug":"nordic-drift-nyckelringsverktyg-svart","status":"publish","type":"product","link":"https:\/\/nordic-drift.com\/sv\/product\/nordic-drift-nyckelringsverktyg-svart\/","title":{"rendered":"Nordic Drift nyckelringsverktyg, svart"},"content":{"rendered":"<p>Byggd f\u00f6r att h\u00e5lla, skapad f\u00f6r att utforska. Nordic Drift nyckelringsverktyg \u00e4r ett \u00e4ventyrss\u00e4kert och kompakt multiverktyg, utformat f\u00f6r vardagsbruk och utomhusaktiviteter. Tillverkat av h\u00f6gkvalitativt rostfritt st\u00e5l erbjuder det slitstark prestanda i ett l\u00e4tt och portabelt format. Med fyra praktiska funktioner &#8211; kniv, platt skuivmejsel, kapsyl\u00f6ppnare samt en nyckelringskrok med l\u00e5smekanism &#8211; \u00e4r det alltid redo n\u00e4r du beh\u00f6ver det. Verktyget \u00e4r enkelt att b\u00e4ra med sig i nyckelknipan eller p\u00e5 utrustningen och ger maximal funktionalitet utan att ta on\u00f6dig plats. Alla Nordic Drift-produkter testas noggrant f\u00f6r kvalitet. Eftersom vi starkt tror p\u00e5 prestandan och h\u00e5llbarheten hos v\u00e5r utrustning omfattas varje produkt av 5 \u00e5rs garanti mot tillverkningsfel. F\u00f6r fullst\u00e4ndig information, bes\u00f6k www.nordic-drift.com<\/p>\n","protected":false},"excerpt":{"rendered":"<p>Byggd f\u00f6r att h\u00e5lla, skapad f\u00f6r att utforska. Nordic Drift nyckelringsverktyg \u00e4r ett \u00e4ventyrss\u00e4kert och kompakt multiverktyg, utformat f\u00f6r vardagsbruk och utomhusaktiviteter. Tillverkat av h\u00f6gkvalitativt rostfritt st\u00e5l erbjuder det slitstark prestanda i ett l\u00e4tt och portabelt format. Med fyra praktiska funktioner &#8211; kniv, platt skuivmejsel, kapsyl\u00f6ppnare samt en nyckelringskrok med l\u00e5smekanism &#8211; \u00e4r det alltid [&hellip;]<\/p>\n","protected":false},"featured_media":4822,"comment_status":"closed","ping_status":"closed","template":"","meta":{"_acf_changed":false},"product_cat":[94],"product_tag":[],"class_list":["post-4821","product","type-product","status-publish","has-post-thumbnail","hentry","product_cat-accessoarer","pa_color-black"],"acf":[],"yoast_head":"<!-- This site is optimized with the Yoast SEO plugin v27.0 - https:\/\/yoast.com\/product\/yoast-seo-wordpress\/ -->\n<title>Nordic Drift nyckelringsverktyg, svart - Nordic Drift<\/title>\n<meta name=\"robots\" content=\"index, follow, max-snippet:-1, max-image-preview:large, max-video-preview:-1\" \/>\n<link rel=\"canonical\" href=\"https:\/\/nordic-drift.com\/sv\/product\/nordic-drift-nyckelringsverktyg-svart\/\" \/>\n<meta property=\"og:locale\" content=\"sv_SE\" \/>\n<meta property=\"og:type\" content=\"article\" \/>\n<meta property=\"og:title\" content=\"Nordic Drift nyckelringsverktyg, svart - Nordic Drift\" \/>\n<meta property=\"og:description\" content=\"Byggd f\u00f6r att h\u00e5lla, skapad f\u00f6r att utforska. Nordic Drift nyckelringsverktyg \u00e4r ett \u00e4ventyrss\u00e4kert och kompakt multiverktyg, utformat f\u00f6r vardagsbruk och utomhusaktiviteter. Tillverkat av h\u00f6gkvalitativt rostfritt st\u00e5l erbjuder det slitstark prestanda i ett l\u00e4tt och portabelt format. Med fyra praktiska funktioner &#8211; kniv, platt skuivmejsel, kapsyl\u00f6ppnare samt en nyckelringskrok med l\u00e5smekanism &#8211; \u00e4r det alltid [&hellip;]\" \/>\n<meta property=\"og:url\" content=\"https:\/\/nordic-drift.com\/sv\/product\/nordic-drift-nyckelringsverktyg-svart\/\" \/>\n<meta property=\"og:site_name\" content=\"Nordic Drift\" \/>\n<meta property=\"article:modified_time\" content=\"2026-03-23T10:16:54+00:00\" \/>\n<meta property=\"og:image\" content=\"https:\/\/nordic-drift.com\/wp-content\/uploads\/sites\/14\/2026\/02\/ND500.0201__S_0__38c46dcf1cb2479caf73720a24dd5ac0.jpg\" \/>\n\t<meta property=\"og:image:width\" content=\"1024\" \/>\n\t<meta property=\"og:image:height\" content=\"1024\" \/>\n\t<meta property=\"og:image:type\" content=\"image\/jpeg\" \/>\n<meta name=\"twitter:card\" content=\"summary_large_image\" \/>\n<meta name=\"twitter:label1\" content=\"Ber\u00e4knad l\u00e4stid\" \/>\n\t<meta name=\"twitter:data1\" content=\"1 minut\" \/>\n<script type=\"application\/ld+json\" class=\"yoast-schema-graph\">{\"@context\":\"https:\/\/schema.org\",\"@graph\":[{\"@type\":\"WebPage\",\"@id\":\"https:\/\/nordic-drift.com\/sv\/product\/nordic-drift-nyckelringsverktyg-svart\/\",\"url\":\"https:\/\/nordic-drift.com\/sv\/product\/nordic-drift-nyckelringsverktyg-svart\/\",\"name\":\"Nordic Drift nyckelringsverktyg, svart - Nordic Drift\",\"isPartOf\":{\"@id\":\"https:\/\/nordic-drift.com\/sv\/#website\"},\"primaryImageOfPage\":{\"@id\":\"https:\/\/nordic-drift.com\/sv\/product\/nordic-drift-nyckelringsverktyg-svart\/#primaryimage\"},\"image\":{\"@id\":\"https:\/\/nordic-drift.com\/sv\/product\/nordic-drift-nyckelringsverktyg-svart\/#primaryimage\"},\"thumbnailUrl\":\"https:\/\/nordic-drift.com\/wp-content\/uploads\/sites\/14\/2026\/02\/ND500.0201__S_0__38c46dcf1cb2479caf73720a24dd5ac0.jpg\",\"datePublished\":\"2026-01-27T14:00:36+00:00\",\"dateModified\":\"2026-03-23T10:16:54+00:00\",\"breadcrumb\":{\"@id\":\"https:\/\/nordic-drift.com\/sv\/product\/nordic-drift-nyckelringsverktyg-svart\/#breadcrumb\"},\"inLanguage\":\"sv-SE\",\"potentialAction\":[{\"@type\":\"ReadAction\",\"target\":[\"https:\/\/nordic-drift.com\/sv\/product\/nordic-drift-nyckelringsverktyg-svart\/\"]}]},{\"@type\":\"ImageObject\",\"inLanguage\":\"sv-SE\",\"@id\":\"https:\/\/nordic-drift.com\/sv\/product\/nordic-drift-nyckelringsverktyg-svart\/#primaryimage\",\"url\":\"https:\/\/nordic-drift.com\/wp-content\/uploads\/sites\/14\/2026\/02\/ND500.0201__S_0__38c46dcf1cb2479caf73720a24dd5ac0.jpg\",\"contentUrl\":\"https:\/\/nordic-drift.com\/wp-content\/uploads\/sites\/14\/2026\/02\/ND500.0201__S_0__38c46dcf1cb2479caf73720a24dd5ac0.jpg\",\"width\":1024,\"height\":1024},{\"@type\":\"BreadcrumbList\",\"@id\":\"https:\/\/nordic-drift.com\/sv\/product\/nordic-drift-nyckelringsverktyg-svart\/#breadcrumb\",\"itemListElement\":[{\"@type\":\"ListItem\",\"position\":1,\"name\":\"Home\",\"item\":\"https:\/\/nordic-drift.com\/sv\/\"},{\"@type\":\"ListItem\",\"position\":2,\"name\":\"Kollektion\",\"item\":\"https:\/\/nordic-drift.com\/sv\/kollektion\/\"},{\"@type\":\"ListItem\",\"position\":3,\"name\":\"Nordic Drift nyckelringsverktyg, svart\"}]},{\"@type\":\"WebSite\",\"@id\":\"https:\/\/nordic-drift.com\/sv\/#website\",\"url\":\"https:\/\/nordic-drift.com\/sv\/\",\"name\":\"Nordic Drift\",\"description\":\"Built to Last, Made to Explore.\",\"potentialAction\":[{\"@type\":\"SearchAction\",\"target\":{\"@type\":\"EntryPoint\",\"urlTemplate\":\"https:\/\/nordic-drift.com\/sv\/?s={search_term_string}\"},\"query-input\":{\"@type\":\"PropertyValueSpecification\",\"valueRequired\":true,\"valueName\":\"search_term_string\"}}],\"inLanguage\":\"sv-SE\"}]}<\/script>\n<!-- \/ Yoast SEO plugin. -->","yoast_head_json":{"title":"Nordic Drift nyckelringsverktyg, svart - Nordic Drift","robots":{"index":"index","follow":"follow","max-snippet":"max-snippet:-1","max-image-preview":"max-image-preview:large","max-video-preview":"max-video-preview:-1"},"canonical":"https:\/\/nordic-drift.com\/sv\/product\/nordic-drift-nyckelringsverktyg-svart\/","og_locale":"sv_SE","og_type":"article","og_title":"Nordic Drift nyckelringsverktyg, svart - Nordic Drift","og_description":"Byggd f\u00f6r att h\u00e5lla, skapad f\u00f6r att utforska. Nordic Drift nyckelringsverktyg \u00e4r ett \u00e4ventyrss\u00e4kert och kompakt multiverktyg, utformat f\u00f6r vardagsbruk och utomhusaktiviteter. Tillverkat av h\u00f6gkvalitativt rostfritt st\u00e5l erbjuder det slitstark prestanda i ett l\u00e4tt och portabelt format. Med fyra praktiska funktioner &#8211; kniv, platt skuivmejsel, kapsyl\u00f6ppnare samt en nyckelringskrok med l\u00e5smekanism &#8211; \u00e4r det alltid [&hellip;]","og_url":"https:\/\/nordic-drift.com\/sv\/product\/nordic-drift-nyckelringsverktyg-svart\/","og_site_name":"Nordic Drift","article_modified_time":"2026-03-23T10:16:54+00:00","og_image":[{"width":1024,"height":1024,"url":"https:\/\/nordic-drift.com\/wp-content\/uploads\/sites\/14\/2026\/02\/ND500.0201__S_0__38c46dcf1cb2479caf73720a24dd5ac0.jpg","type":"image\/jpeg"}],"twitter_card":"summary_large_image","twitter_misc":{"Ber\u00e4knad l\u00e4stid":"1 minut"},"schema":{"@context":"https:\/\/schema.org","@graph":[{"@type":"WebPage","@id":"https:\/\/nordic-drift.com\/sv\/product\/nordic-drift-nyckelringsverktyg-svart\/","url":"https:\/\/nordic-drift.com\/sv\/product\/nordic-drift-nyckelringsverktyg-svart\/","name":"Nordic Drift nyckelringsverktyg, svart - Nordic Drift","isPartOf":{"@id":"https:\/\/nordic-drift.com\/sv\/#website"},"primaryImageOfPage":{"@id":"https:\/\/nordic-drift.com\/sv\/product\/nordic-drift-nyckelringsverktyg-svart\/#primaryimage"},"image":{"@id":"https:\/\/nordic-drift.com\/sv\/product\/nordic-drift-nyckelringsverktyg-svart\/#primaryimage"},"thumbnailUrl":"https:\/\/nordic-drift.com\/wp-content\/uploads\/sites\/14\/2026\/02\/ND500.0201__S_0__38c46dcf1cb2479caf73720a24dd5ac0.jpg","datePublished":"2026-01-27T14:00:36+00:00","dateModified":"2026-03-23T10:16:54+00:00","breadcrumb":{"@id":"https:\/\/nordic-drift.com\/sv\/product\/nordic-drift-nyckelringsverktyg-svart\/#breadcrumb"},"inLanguage":"sv-SE","potentialAction":[{"@type":"ReadAction","target":["https:\/\/nordic-drift.com\/sv\/product\/nordic-drift-nyckelringsverktyg-svart\/"]}]},{"@type":"ImageObject","inLanguage":"sv-SE","@id":"https:\/\/nordic-drift.com\/sv\/product\/nordic-drift-nyckelringsverktyg-svart\/#primaryimage","url":"https:\/\/nordic-drift.com\/wp-content\/uploads\/sites\/14\/2026\/02\/ND500.0201__S_0__38c46dcf1cb2479caf73720a24dd5ac0.jpg","contentUrl":"https:\/\/nordic-drift.com\/wp-content\/uploads\/sites\/14\/2026\/02\/ND500.0201__S_0__38c46dcf1cb2479caf73720a24dd5ac0.jpg","width":1024,"height":1024},{"@type":"BreadcrumbList","@id":"https:\/\/nordic-drift.com\/sv\/product\/nordic-drift-nyckelringsverktyg-svart\/#breadcrumb","itemListElement":[{"@type":"ListItem","position":1,"name":"Home","item":"https:\/\/nordic-drift.com\/sv\/"},{"@type":"ListItem","position":2,"name":"Kollektion","item":"https:\/\/nordic-drift.com\/sv\/kollektion\/"},{"@type":"ListItem","position":3,"name":"Nordic Drift nyckelringsverktyg, svart"}]},{"@type":"WebSite","@id":"https:\/\/nordic-drift.com\/sv\/#website","url":"https:\/\/nordic-drift.com\/sv\/","name":"Nordic Drift","description":"Built to Last, Made to Explore.","potentialAction":[{"@type":"SearchAction","target":{"@type":"EntryPoint","urlTemplate":"https:\/\/nordic-drift.com\/sv\/?s={search_term_string}"},"query-input":{"@type":"PropertyValueSpecification","valueRequired":true,"valueName":"search_term_string"}}],"inLanguage":"sv-SE"}]}},"_links":{"self":[{"href":"https:\/\/nordic-drift.com\/sv\/wp-json\/wp\/v2\/product\/4821","targetHints":{"allow":["GET"]}}],"collection":[{"href":"https:\/\/nordic-drift.com\/sv\/wp-json\/wp\/v2\/product"}],"about":[{"href":"https:\/\/nordic-drift.com\/sv\/wp-json\/wp\/v2\/types\/product"}],"replies":[{"embeddable":true,"href":"https:\/\/nordic-drift.com\/sv\/wp-json\/wp\/v2\/comments?post=4821"}],"wp:featuredmedia":[{"embeddable":true,"href":"https:\/\/nordic-drift.com\/sv\/wp-json\/wp\/v2\/media\/4822"}],"wp:attachment":[{"href":"https:\/\/nordic-drift.com\/sv\/wp-json\/wp\/v2\/media?parent=4821"}],"wp:term":[{"taxonomy":"product_cat","embeddable":true,"href":"https:\/\/nordic-drift.com\/sv\/wp-json\/wp\/v2\/product_cat?post=4821"},{"taxonomy":"product_tag","embeddable":true,"href":"https:\/\/nordic-drift.com\/sv\/wp-json\/wp\/v2\/product_tag?post=4821"}],"curies":[{"name":"wp","href":"https:\/\/api.w.org\/{rel}","templated":true}]}}