{"id":4786,"date":"2026-01-27T14:00:36","date_gmt":"2026-01-27T14:00:36","guid":{"rendered":"https:\/\/nordic-drift.com\/product\/nordic-drift-titan-ip67-vatten-och-dammtat-5w-hogtalare-svart\/"},"modified":"2026-03-23T10:16:51","modified_gmt":"2026-03-23T10:16:51","slug":"nordic-drift-titan-ip67-vatten-och-dammtat-5w-hogtalare-svart","status":"publish","type":"product","link":"https:\/\/nordic-drift.com\/sv\/product\/nordic-drift-titan-ip67-vatten-och-dammtat-5w-hogtalare-svart\/","title":{"rendered":"Nordic Drift Titan IP67 Vatten- och dammt\u00e4t 5W h\u00f6gtalare, svart"},"content":{"rendered":"<p>Byggd f\u00f6r att h\u00e5lla, skapad f\u00f6r \u00e4ventyr. Den tr\u00e5dl\u00f6sa h\u00f6gtalaren Nordic Drift Titan levererar kraftfullt 5W ljud i en kompakt och robust design som \u00e4r byggd f\u00f6r alla milj\u00f6er. Den \u00e4r st\u00f6tt\u00e5lig och IP67-klassad, vilket g\u00f6r den vatten- och dammt\u00e4t samt redo att hantera regn, smuts, sand och vardagliga st\u00f6tar utan att kompromissa med prestandan. H\u00f6ljet \u00e4r tillverkat av RCS-certifierad \u00e5tervunnen ABS och TPE och produkten \u00e4r helt PVC-fri. Trots sitt kompakta format levererar Titan h\u00f6gtalare ett klart premiumljud med upp till 10 timmars speltid p\u00e5 en enda laddning. Den portabla designen g\u00f6r den enkel att b\u00e4ra med sig eller packa ner, medan USB-C-laddningsporten s\u00e4kerst\u00e4ller snabb och smidig laddning vid behov. perfekt f\u00f6r utomhus\u00e4ventyr, resor och daglig anv\u00e4ndning. Alla Nordic Drift-produkter testas noggrant f\u00f6r kvalitet. eftersom vi starkt tror p\u00e5 prestandan och h\u00e5llbarheten i v\u00e5r utrustning omfattas varje produkt av 5 \u00e5rs garanti mot tillverkningsfel.<\/p>\n","protected":false},"excerpt":{"rendered":"<p>Byggd f\u00f6r att h\u00e5lla, skapad f\u00f6r \u00e4ventyr. Den tr\u00e5dl\u00f6sa h\u00f6gtalaren Nordic Drift Titan levererar kraftfullt 5W ljud i en kompakt och robust design som \u00e4r byggd f\u00f6r alla milj\u00f6er. Den \u00e4r st\u00f6tt\u00e5lig och IP67-klassad, vilket g\u00f6r den vatten- och dammt\u00e4t samt redo att hantera regn, smuts, sand och vardagliga st\u00f6tar utan att kompromissa med prestandan. [&hellip;]<\/p>\n","protected":false},"featured_media":4787,"comment_status":"closed","ping_status":"closed","template":"","meta":{"_acf_changed":false},"product_cat":[111],"product_tag":[],"class_list":["post-4786","product","type-product","status-publish","has-post-thumbnail","hentry","product_cat-teknik","pa_color-black"],"acf":[],"yoast_head":"<!-- This site is optimized with the Yoast SEO plugin v27.0 - https:\/\/yoast.com\/product\/yoast-seo-wordpress\/ -->\n<title>Nordic Drift Titan IP67 Vatten- och dammt\u00e4t 5W h\u00f6gtalare, svart - Nordic Drift<\/title>\n<meta name=\"robots\" content=\"index, follow, max-snippet:-1, max-image-preview:large, max-video-preview:-1\" \/>\n<link rel=\"canonical\" href=\"https:\/\/nordic-drift.com\/sv\/product\/nordic-drift-titan-ip67-vatten-och-dammtat-5w-hogtalare-svart\/\" \/>\n<meta property=\"og:locale\" content=\"sv_SE\" \/>\n<meta property=\"og:type\" content=\"article\" \/>\n<meta property=\"og:title\" content=\"Nordic Drift Titan IP67 Vatten- och dammt\u00e4t 5W h\u00f6gtalare, svart - Nordic Drift\" \/>\n<meta property=\"og:description\" content=\"Byggd f\u00f6r att h\u00e5lla, skapad f\u00f6r \u00e4ventyr. Den tr\u00e5dl\u00f6sa h\u00f6gtalaren Nordic Drift Titan levererar kraftfullt 5W ljud i en kompakt och robust design som \u00e4r byggd f\u00f6r alla milj\u00f6er. Den \u00e4r st\u00f6tt\u00e5lig och IP67-klassad, vilket g\u00f6r den vatten- och dammt\u00e4t samt redo att hantera regn, smuts, sand och vardagliga st\u00f6tar utan att kompromissa med prestandan. [&hellip;]\" \/>\n<meta property=\"og:url\" content=\"https:\/\/nordic-drift.com\/sv\/product\/nordic-drift-titan-ip67-vatten-och-dammtat-5w-hogtalare-svart\/\" \/>\n<meta property=\"og:site_name\" content=\"Nordic Drift\" \/>\n<meta property=\"article:modified_time\" content=\"2026-03-23T10:16:51+00:00\" \/>\n<meta property=\"og:image\" content=\"https:\/\/nordic-drift.com\/wp-content\/uploads\/sites\/14\/2026\/02\/ND440.0001__S_0__1bc6530e11f34e5b901d6b095f8b2b84.jpg\" \/>\n\t<meta property=\"og:image:width\" content=\"1024\" \/>\n\t<meta property=\"og:image:height\" content=\"1024\" \/>\n\t<meta property=\"og:image:type\" content=\"image\/jpeg\" \/>\n<meta name=\"twitter:card\" content=\"summary_large_image\" \/>\n<meta name=\"twitter:label1\" content=\"Ber\u00e4knad l\u00e4stid\" \/>\n\t<meta name=\"twitter:data1\" content=\"1 minut\" \/>\n<script type=\"application\/ld+json\" class=\"yoast-schema-graph\">{\"@context\":\"https:\/\/schema.org\",\"@graph\":[{\"@type\":\"WebPage\",\"@id\":\"https:\/\/nordic-drift.com\/sv\/product\/nordic-drift-titan-ip67-vatten-och-dammtat-5w-hogtalare-svart\/\",\"url\":\"https:\/\/nordic-drift.com\/sv\/product\/nordic-drift-titan-ip67-vatten-och-dammtat-5w-hogtalare-svart\/\",\"name\":\"Nordic Drift Titan IP67 Vatten- och dammt\u00e4t 5W h\u00f6gtalare, svart - Nordic Drift\",\"isPartOf\":{\"@id\":\"https:\/\/nordic-drift.com\/sv\/#website\"},\"primaryImageOfPage\":{\"@id\":\"https:\/\/nordic-drift.com\/sv\/product\/nordic-drift-titan-ip67-vatten-och-dammtat-5w-hogtalare-svart\/#primaryimage\"},\"image\":{\"@id\":\"https:\/\/nordic-drift.com\/sv\/product\/nordic-drift-titan-ip67-vatten-och-dammtat-5w-hogtalare-svart\/#primaryimage\"},\"thumbnailUrl\":\"https:\/\/nordic-drift.com\/wp-content\/uploads\/sites\/14\/2026\/02\/ND440.0001__S_0__1bc6530e11f34e5b901d6b095f8b2b84.jpg\",\"datePublished\":\"2026-01-27T14:00:36+00:00\",\"dateModified\":\"2026-03-23T10:16:51+00:00\",\"breadcrumb\":{\"@id\":\"https:\/\/nordic-drift.com\/sv\/product\/nordic-drift-titan-ip67-vatten-och-dammtat-5w-hogtalare-svart\/#breadcrumb\"},\"inLanguage\":\"sv-SE\",\"potentialAction\":[{\"@type\":\"ReadAction\",\"target\":[\"https:\/\/nordic-drift.com\/sv\/product\/nordic-drift-titan-ip67-vatten-och-dammtat-5w-hogtalare-svart\/\"]}]},{\"@type\":\"ImageObject\",\"inLanguage\":\"sv-SE\",\"@id\":\"https:\/\/nordic-drift.com\/sv\/product\/nordic-drift-titan-ip67-vatten-och-dammtat-5w-hogtalare-svart\/#primaryimage\",\"url\":\"https:\/\/nordic-drift.com\/wp-content\/uploads\/sites\/14\/2026\/02\/ND440.0001__S_0__1bc6530e11f34e5b901d6b095f8b2b84.jpg\",\"contentUrl\":\"https:\/\/nordic-drift.com\/wp-content\/uploads\/sites\/14\/2026\/02\/ND440.0001__S_0__1bc6530e11f34e5b901d6b095f8b2b84.jpg\",\"width\":1024,\"height\":1024},{\"@type\":\"BreadcrumbList\",\"@id\":\"https:\/\/nordic-drift.com\/sv\/product\/nordic-drift-titan-ip67-vatten-och-dammtat-5w-hogtalare-svart\/#breadcrumb\",\"itemListElement\":[{\"@type\":\"ListItem\",\"position\":1,\"name\":\"Home\",\"item\":\"https:\/\/nordic-drift.com\/sv\/\"},{\"@type\":\"ListItem\",\"position\":2,\"name\":\"Kollektion\",\"item\":\"https:\/\/nordic-drift.com\/sv\/kollektion\/\"},{\"@type\":\"ListItem\",\"position\":3,\"name\":\"Nordic Drift Titan IP67 Vatten- och dammt\u00e4t 5W h\u00f6gtalare, svart\"}]},{\"@type\":\"WebSite\",\"@id\":\"https:\/\/nordic-drift.com\/sv\/#website\",\"url\":\"https:\/\/nordic-drift.com\/sv\/\",\"name\":\"Nordic Drift\",\"description\":\"Built to Last, Made to Explore.\",\"potentialAction\":[{\"@type\":\"SearchAction\",\"target\":{\"@type\":\"EntryPoint\",\"urlTemplate\":\"https:\/\/nordic-drift.com\/sv\/?s={search_term_string}\"},\"query-input\":{\"@type\":\"PropertyValueSpecification\",\"valueRequired\":true,\"valueName\":\"search_term_string\"}}],\"inLanguage\":\"sv-SE\"}]}<\/script>\n<!-- \/ Yoast SEO plugin. -->","yoast_head_json":{"title":"Nordic Drift Titan IP67 Vatten- och dammt\u00e4t 5W h\u00f6gtalare, svart - Nordic Drift","robots":{"index":"index","follow":"follow","max-snippet":"max-snippet:-1","max-image-preview":"max-image-preview:large","max-video-preview":"max-video-preview:-1"},"canonical":"https:\/\/nordic-drift.com\/sv\/product\/nordic-drift-titan-ip67-vatten-och-dammtat-5w-hogtalare-svart\/","og_locale":"sv_SE","og_type":"article","og_title":"Nordic Drift Titan IP67 Vatten- och dammt\u00e4t 5W h\u00f6gtalare, svart - Nordic Drift","og_description":"Byggd f\u00f6r att h\u00e5lla, skapad f\u00f6r \u00e4ventyr. Den tr\u00e5dl\u00f6sa h\u00f6gtalaren Nordic Drift Titan levererar kraftfullt 5W ljud i en kompakt och robust design som \u00e4r byggd f\u00f6r alla milj\u00f6er. Den \u00e4r st\u00f6tt\u00e5lig och IP67-klassad, vilket g\u00f6r den vatten- och dammt\u00e4t samt redo att hantera regn, smuts, sand och vardagliga st\u00f6tar utan att kompromissa med prestandan. [&hellip;]","og_url":"https:\/\/nordic-drift.com\/sv\/product\/nordic-drift-titan-ip67-vatten-och-dammtat-5w-hogtalare-svart\/","og_site_name":"Nordic Drift","article_modified_time":"2026-03-23T10:16:51+00:00","og_image":[{"width":1024,"height":1024,"url":"https:\/\/nordic-drift.com\/wp-content\/uploads\/sites\/14\/2026\/02\/ND440.0001__S_0__1bc6530e11f34e5b901d6b095f8b2b84.jpg","type":"image\/jpeg"}],"twitter_card":"summary_large_image","twitter_misc":{"Ber\u00e4knad l\u00e4stid":"1 minut"},"schema":{"@context":"https:\/\/schema.org","@graph":[{"@type":"WebPage","@id":"https:\/\/nordic-drift.com\/sv\/product\/nordic-drift-titan-ip67-vatten-och-dammtat-5w-hogtalare-svart\/","url":"https:\/\/nordic-drift.com\/sv\/product\/nordic-drift-titan-ip67-vatten-och-dammtat-5w-hogtalare-svart\/","name":"Nordic Drift Titan IP67 Vatten- och dammt\u00e4t 5W h\u00f6gtalare, svart - Nordic Drift","isPartOf":{"@id":"https:\/\/nordic-drift.com\/sv\/#website"},"primaryImageOfPage":{"@id":"https:\/\/nordic-drift.com\/sv\/product\/nordic-drift-titan-ip67-vatten-och-dammtat-5w-hogtalare-svart\/#primaryimage"},"image":{"@id":"https:\/\/nordic-drift.com\/sv\/product\/nordic-drift-titan-ip67-vatten-och-dammtat-5w-hogtalare-svart\/#primaryimage"},"thumbnailUrl":"https:\/\/nordic-drift.com\/wp-content\/uploads\/sites\/14\/2026\/02\/ND440.0001__S_0__1bc6530e11f34e5b901d6b095f8b2b84.jpg","datePublished":"2026-01-27T14:00:36+00:00","dateModified":"2026-03-23T10:16:51+00:00","breadcrumb":{"@id":"https:\/\/nordic-drift.com\/sv\/product\/nordic-drift-titan-ip67-vatten-och-dammtat-5w-hogtalare-svart\/#breadcrumb"},"inLanguage":"sv-SE","potentialAction":[{"@type":"ReadAction","target":["https:\/\/nordic-drift.com\/sv\/product\/nordic-drift-titan-ip67-vatten-och-dammtat-5w-hogtalare-svart\/"]}]},{"@type":"ImageObject","inLanguage":"sv-SE","@id":"https:\/\/nordic-drift.com\/sv\/product\/nordic-drift-titan-ip67-vatten-och-dammtat-5w-hogtalare-svart\/#primaryimage","url":"https:\/\/nordic-drift.com\/wp-content\/uploads\/sites\/14\/2026\/02\/ND440.0001__S_0__1bc6530e11f34e5b901d6b095f8b2b84.jpg","contentUrl":"https:\/\/nordic-drift.com\/wp-content\/uploads\/sites\/14\/2026\/02\/ND440.0001__S_0__1bc6530e11f34e5b901d6b095f8b2b84.jpg","width":1024,"height":1024},{"@type":"BreadcrumbList","@id":"https:\/\/nordic-drift.com\/sv\/product\/nordic-drift-titan-ip67-vatten-och-dammtat-5w-hogtalare-svart\/#breadcrumb","itemListElement":[{"@type":"ListItem","position":1,"name":"Home","item":"https:\/\/nordic-drift.com\/sv\/"},{"@type":"ListItem","position":2,"name":"Kollektion","item":"https:\/\/nordic-drift.com\/sv\/kollektion\/"},{"@type":"ListItem","position":3,"name":"Nordic Drift Titan IP67 Vatten- och dammt\u00e4t 5W h\u00f6gtalare, svart"}]},{"@type":"WebSite","@id":"https:\/\/nordic-drift.com\/sv\/#website","url":"https:\/\/nordic-drift.com\/sv\/","name":"Nordic Drift","description":"Built to Last, Made to Explore.","potentialAction":[{"@type":"SearchAction","target":{"@type":"EntryPoint","urlTemplate":"https:\/\/nordic-drift.com\/sv\/?s={search_term_string}"},"query-input":{"@type":"PropertyValueSpecification","valueRequired":true,"valueName":"search_term_string"}}],"inLanguage":"sv-SE"}]}},"_links":{"self":[{"href":"https:\/\/nordic-drift.com\/sv\/wp-json\/wp\/v2\/product\/4786","targetHints":{"allow":["GET"]}}],"collection":[{"href":"https:\/\/nordic-drift.com\/sv\/wp-json\/wp\/v2\/product"}],"about":[{"href":"https:\/\/nordic-drift.com\/sv\/wp-json\/wp\/v2\/types\/product"}],"replies":[{"embeddable":true,"href":"https:\/\/nordic-drift.com\/sv\/wp-json\/wp\/v2\/comments?post=4786"}],"wp:featuredmedia":[{"embeddable":true,"href":"https:\/\/nordic-drift.com\/sv\/wp-json\/wp\/v2\/media\/4787"}],"wp:attachment":[{"href":"https:\/\/nordic-drift.com\/sv\/wp-json\/wp\/v2\/media?parent=4786"}],"wp:term":[{"taxonomy":"product_cat","embeddable":true,"href":"https:\/\/nordic-drift.com\/sv\/wp-json\/wp\/v2\/product_cat?post=4786"},{"taxonomy":"product_tag","embeddable":true,"href":"https:\/\/nordic-drift.com\/sv\/wp-json\/wp\/v2\/product_tag?post=4786"}],"curies":[{"name":"wp","href":"https:\/\/api.w.org\/{rel}","templated":true}]}}