{"id":4764,"date":"2026-01-27T14:00:36","date_gmt":"2026-01-27T14:00:36","guid":{"rendered":"https:\/\/nordic-drift.com\/product\/nordic-drift-titan-portabel-myggavisande-campinglampa-svart\/"},"modified":"2026-03-23T10:16:43","modified_gmt":"2026-03-23T10:16:43","slug":"nordic-drift-titan-portabel-myggavisande-campinglampa-svart","status":"publish","type":"product","link":"https:\/\/nordic-drift.com\/sv\/product\/nordic-drift-titan-portabel-myggavisande-campinglampa-svart\/","title":{"rendered":"Nordic Drift Titan portabel myggavisande campinglampa, svart"},"content":{"rendered":"<p>Byggd f\u00f6r att h\u00e5lla, skapad f\u00f6r \u00e4ventyr. Nordic Drift Titan portabla myggavvisande campinglampa kombinerar belysning och insektsskydd i en kompakt, utomhusanpassad design. Med sin unika campinglampedesign levererar den upp till 220 lumen i ljusstyrrka f\u00f6r anv\u00e4ndning utomhus eller i t\u00e4lt. Campinglampan har en drifttid p\u00e5 upp till 4 timmar p\u00e5 en enda laddning, medan myggfunktionen ger upp till 20 timmars anv\u00e4ndning.  Den \u00e4r USB-C-uppladdningsbar f\u00f6r extra bekv\u00e4mlighet, PVC-fri och utvecklad f\u00f6r utomhusbruk. Alla Nordic Drift-produkter testas noggrant f\u00f6r kvalitet. Eftersom vi har stark tilltro till prestandan och h\u00e5llbarheten hos v\u00e5r utrustning omfattas varje produkt av 5 \u00e5rs garanti mot tillverkningsfel. F\u00f6r fullst\u00e4ndig information, bes\u00f6k www.nordic-drift.com<\/p>\n","protected":false},"excerpt":{"rendered":"<p>Byggd f\u00f6r att h\u00e5lla, skapad f\u00f6r \u00e4ventyr. Nordic Drift Titan portabla myggavvisande campinglampa kombinerar belysning och insektsskydd i en kompakt, utomhusanpassad design. Med sin unika campinglampedesign levererar den upp till 220 lumen i ljusstyrrka f\u00f6r anv\u00e4ndning utomhus eller i t\u00e4lt. Campinglampan har en drifttid p\u00e5 upp till 4 timmar p\u00e5 en enda laddning, medan myggfunktionen [&hellip;]<\/p>\n","protected":false},"featured_media":4765,"comment_status":"closed","ping_status":"closed","template":"","meta":{"_acf_changed":false},"product_cat":[111],"product_tag":[],"class_list":["post-4764","product","type-product","status-publish","has-post-thumbnail","hentry","product_cat-teknik","pa_color-black"],"acf":[],"yoast_head":"<!-- This site is optimized with the Yoast SEO plugin v27.0 - https:\/\/yoast.com\/product\/yoast-seo-wordpress\/ -->\n<title>Nordic Drift Titan portabel myggavisande campinglampa, svart - Nordic Drift<\/title>\n<meta name=\"robots\" content=\"index, follow, max-snippet:-1, max-image-preview:large, max-video-preview:-1\" \/>\n<link rel=\"canonical\" href=\"https:\/\/nordic-drift.com\/sv\/product\/nordic-drift-titan-portabel-myggavisande-campinglampa-svart\/\" \/>\n<meta property=\"og:locale\" content=\"sv_SE\" \/>\n<meta property=\"og:type\" content=\"article\" \/>\n<meta property=\"og:title\" content=\"Nordic Drift Titan portabel myggavisande campinglampa, svart - Nordic Drift\" \/>\n<meta property=\"og:description\" content=\"Byggd f\u00f6r att h\u00e5lla, skapad f\u00f6r \u00e4ventyr. Nordic Drift Titan portabla myggavvisande campinglampa kombinerar belysning och insektsskydd i en kompakt, utomhusanpassad design. Med sin unika campinglampedesign levererar den upp till 220 lumen i ljusstyrrka f\u00f6r anv\u00e4ndning utomhus eller i t\u00e4lt. Campinglampan har en drifttid p\u00e5 upp till 4 timmar p\u00e5 en enda laddning, medan myggfunktionen [&hellip;]\" \/>\n<meta property=\"og:url\" content=\"https:\/\/nordic-drift.com\/sv\/product\/nordic-drift-titan-portabel-myggavisande-campinglampa-svart\/\" \/>\n<meta property=\"og:site_name\" content=\"Nordic Drift\" \/>\n<meta property=\"article:modified_time\" content=\"2026-03-23T10:16:43+00:00\" \/>\n<meta property=\"og:image\" content=\"https:\/\/nordic-drift.com\/wp-content\/uploads\/sites\/14\/2026\/02\/ND430.0301__S_0__2d7948c4719e41c3acf2ab133641ded5.jpg\" \/>\n\t<meta property=\"og:image:width\" content=\"1024\" \/>\n\t<meta property=\"og:image:height\" content=\"1024\" \/>\n\t<meta property=\"og:image:type\" content=\"image\/jpeg\" \/>\n<meta name=\"twitter:card\" content=\"summary_large_image\" \/>\n<meta name=\"twitter:label1\" content=\"Ber\u00e4knad l\u00e4stid\" \/>\n\t<meta name=\"twitter:data1\" content=\"1 minut\" \/>\n<script type=\"application\/ld+json\" class=\"yoast-schema-graph\">{\"@context\":\"https:\/\/schema.org\",\"@graph\":[{\"@type\":\"WebPage\",\"@id\":\"https:\/\/nordic-drift.com\/sv\/product\/nordic-drift-titan-portabel-myggavisande-campinglampa-svart\/\",\"url\":\"https:\/\/nordic-drift.com\/sv\/product\/nordic-drift-titan-portabel-myggavisande-campinglampa-svart\/\",\"name\":\"Nordic Drift Titan portabel myggavisande campinglampa, svart - Nordic Drift\",\"isPartOf\":{\"@id\":\"https:\/\/nordic-drift.com\/sv\/#website\"},\"primaryImageOfPage\":{\"@id\":\"https:\/\/nordic-drift.com\/sv\/product\/nordic-drift-titan-portabel-myggavisande-campinglampa-svart\/#primaryimage\"},\"image\":{\"@id\":\"https:\/\/nordic-drift.com\/sv\/product\/nordic-drift-titan-portabel-myggavisande-campinglampa-svart\/#primaryimage\"},\"thumbnailUrl\":\"https:\/\/nordic-drift.com\/wp-content\/uploads\/sites\/14\/2026\/02\/ND430.0301__S_0__2d7948c4719e41c3acf2ab133641ded5.jpg\",\"datePublished\":\"2026-01-27T14:00:36+00:00\",\"dateModified\":\"2026-03-23T10:16:43+00:00\",\"breadcrumb\":{\"@id\":\"https:\/\/nordic-drift.com\/sv\/product\/nordic-drift-titan-portabel-myggavisande-campinglampa-svart\/#breadcrumb\"},\"inLanguage\":\"sv-SE\",\"potentialAction\":[{\"@type\":\"ReadAction\",\"target\":[\"https:\/\/nordic-drift.com\/sv\/product\/nordic-drift-titan-portabel-myggavisande-campinglampa-svart\/\"]}]},{\"@type\":\"ImageObject\",\"inLanguage\":\"sv-SE\",\"@id\":\"https:\/\/nordic-drift.com\/sv\/product\/nordic-drift-titan-portabel-myggavisande-campinglampa-svart\/#primaryimage\",\"url\":\"https:\/\/nordic-drift.com\/wp-content\/uploads\/sites\/14\/2026\/02\/ND430.0301__S_0__2d7948c4719e41c3acf2ab133641ded5.jpg\",\"contentUrl\":\"https:\/\/nordic-drift.com\/wp-content\/uploads\/sites\/14\/2026\/02\/ND430.0301__S_0__2d7948c4719e41c3acf2ab133641ded5.jpg\",\"width\":1024,\"height\":1024},{\"@type\":\"BreadcrumbList\",\"@id\":\"https:\/\/nordic-drift.com\/sv\/product\/nordic-drift-titan-portabel-myggavisande-campinglampa-svart\/#breadcrumb\",\"itemListElement\":[{\"@type\":\"ListItem\",\"position\":1,\"name\":\"Home\",\"item\":\"https:\/\/nordic-drift.com\/sv\/\"},{\"@type\":\"ListItem\",\"position\":2,\"name\":\"Kollektion\",\"item\":\"https:\/\/nordic-drift.com\/sv\/kollektion\/\"},{\"@type\":\"ListItem\",\"position\":3,\"name\":\"Nordic Drift Titan portabel myggavisande campinglampa, svart\"}]},{\"@type\":\"WebSite\",\"@id\":\"https:\/\/nordic-drift.com\/sv\/#website\",\"url\":\"https:\/\/nordic-drift.com\/sv\/\",\"name\":\"Nordic Drift\",\"description\":\"Built to Last, Made to Explore.\",\"potentialAction\":[{\"@type\":\"SearchAction\",\"target\":{\"@type\":\"EntryPoint\",\"urlTemplate\":\"https:\/\/nordic-drift.com\/sv\/?s={search_term_string}\"},\"query-input\":{\"@type\":\"PropertyValueSpecification\",\"valueRequired\":true,\"valueName\":\"search_term_string\"}}],\"inLanguage\":\"sv-SE\"}]}<\/script>\n<!-- \/ Yoast SEO plugin. -->","yoast_head_json":{"title":"Nordic Drift Titan portabel myggavisande campinglampa, svart - Nordic Drift","robots":{"index":"index","follow":"follow","max-snippet":"max-snippet:-1","max-image-preview":"max-image-preview:large","max-video-preview":"max-video-preview:-1"},"canonical":"https:\/\/nordic-drift.com\/sv\/product\/nordic-drift-titan-portabel-myggavisande-campinglampa-svart\/","og_locale":"sv_SE","og_type":"article","og_title":"Nordic Drift Titan portabel myggavisande campinglampa, svart - Nordic Drift","og_description":"Byggd f\u00f6r att h\u00e5lla, skapad f\u00f6r \u00e4ventyr. Nordic Drift Titan portabla myggavvisande campinglampa kombinerar belysning och insektsskydd i en kompakt, utomhusanpassad design. Med sin unika campinglampedesign levererar den upp till 220 lumen i ljusstyrrka f\u00f6r anv\u00e4ndning utomhus eller i t\u00e4lt. Campinglampan har en drifttid p\u00e5 upp till 4 timmar p\u00e5 en enda laddning, medan myggfunktionen [&hellip;]","og_url":"https:\/\/nordic-drift.com\/sv\/product\/nordic-drift-titan-portabel-myggavisande-campinglampa-svart\/","og_site_name":"Nordic Drift","article_modified_time":"2026-03-23T10:16:43+00:00","og_image":[{"width":1024,"height":1024,"url":"https:\/\/nordic-drift.com\/wp-content\/uploads\/sites\/14\/2026\/02\/ND430.0301__S_0__2d7948c4719e41c3acf2ab133641ded5.jpg","type":"image\/jpeg"}],"twitter_card":"summary_large_image","twitter_misc":{"Ber\u00e4knad l\u00e4stid":"1 minut"},"schema":{"@context":"https:\/\/schema.org","@graph":[{"@type":"WebPage","@id":"https:\/\/nordic-drift.com\/sv\/product\/nordic-drift-titan-portabel-myggavisande-campinglampa-svart\/","url":"https:\/\/nordic-drift.com\/sv\/product\/nordic-drift-titan-portabel-myggavisande-campinglampa-svart\/","name":"Nordic Drift Titan portabel myggavisande campinglampa, svart - Nordic Drift","isPartOf":{"@id":"https:\/\/nordic-drift.com\/sv\/#website"},"primaryImageOfPage":{"@id":"https:\/\/nordic-drift.com\/sv\/product\/nordic-drift-titan-portabel-myggavisande-campinglampa-svart\/#primaryimage"},"image":{"@id":"https:\/\/nordic-drift.com\/sv\/product\/nordic-drift-titan-portabel-myggavisande-campinglampa-svart\/#primaryimage"},"thumbnailUrl":"https:\/\/nordic-drift.com\/wp-content\/uploads\/sites\/14\/2026\/02\/ND430.0301__S_0__2d7948c4719e41c3acf2ab133641ded5.jpg","datePublished":"2026-01-27T14:00:36+00:00","dateModified":"2026-03-23T10:16:43+00:00","breadcrumb":{"@id":"https:\/\/nordic-drift.com\/sv\/product\/nordic-drift-titan-portabel-myggavisande-campinglampa-svart\/#breadcrumb"},"inLanguage":"sv-SE","potentialAction":[{"@type":"ReadAction","target":["https:\/\/nordic-drift.com\/sv\/product\/nordic-drift-titan-portabel-myggavisande-campinglampa-svart\/"]}]},{"@type":"ImageObject","inLanguage":"sv-SE","@id":"https:\/\/nordic-drift.com\/sv\/product\/nordic-drift-titan-portabel-myggavisande-campinglampa-svart\/#primaryimage","url":"https:\/\/nordic-drift.com\/wp-content\/uploads\/sites\/14\/2026\/02\/ND430.0301__S_0__2d7948c4719e41c3acf2ab133641ded5.jpg","contentUrl":"https:\/\/nordic-drift.com\/wp-content\/uploads\/sites\/14\/2026\/02\/ND430.0301__S_0__2d7948c4719e41c3acf2ab133641ded5.jpg","width":1024,"height":1024},{"@type":"BreadcrumbList","@id":"https:\/\/nordic-drift.com\/sv\/product\/nordic-drift-titan-portabel-myggavisande-campinglampa-svart\/#breadcrumb","itemListElement":[{"@type":"ListItem","position":1,"name":"Home","item":"https:\/\/nordic-drift.com\/sv\/"},{"@type":"ListItem","position":2,"name":"Kollektion","item":"https:\/\/nordic-drift.com\/sv\/kollektion\/"},{"@type":"ListItem","position":3,"name":"Nordic Drift Titan portabel myggavisande campinglampa, svart"}]},{"@type":"WebSite","@id":"https:\/\/nordic-drift.com\/sv\/#website","url":"https:\/\/nordic-drift.com\/sv\/","name":"Nordic Drift","description":"Built to Last, Made to Explore.","potentialAction":[{"@type":"SearchAction","target":{"@type":"EntryPoint","urlTemplate":"https:\/\/nordic-drift.com\/sv\/?s={search_term_string}"},"query-input":{"@type":"PropertyValueSpecification","valueRequired":true,"valueName":"search_term_string"}}],"inLanguage":"sv-SE"}]}},"_links":{"self":[{"href":"https:\/\/nordic-drift.com\/sv\/wp-json\/wp\/v2\/product\/4764","targetHints":{"allow":["GET"]}}],"collection":[{"href":"https:\/\/nordic-drift.com\/sv\/wp-json\/wp\/v2\/product"}],"about":[{"href":"https:\/\/nordic-drift.com\/sv\/wp-json\/wp\/v2\/types\/product"}],"replies":[{"embeddable":true,"href":"https:\/\/nordic-drift.com\/sv\/wp-json\/wp\/v2\/comments?post=4764"}],"wp:featuredmedia":[{"embeddable":true,"href":"https:\/\/nordic-drift.com\/sv\/wp-json\/wp\/v2\/media\/4765"}],"wp:attachment":[{"href":"https:\/\/nordic-drift.com\/sv\/wp-json\/wp\/v2\/media?parent=4764"}],"wp:term":[{"taxonomy":"product_cat","embeddable":true,"href":"https:\/\/nordic-drift.com\/sv\/wp-json\/wp\/v2\/product_cat?post=4764"},{"taxonomy":"product_tag","embeddable":true,"href":"https:\/\/nordic-drift.com\/sv\/wp-json\/wp\/v2\/product_tag?post=4764"}],"curies":[{"name":"wp","href":"https:\/\/api.w.org\/{rel}","templated":true}]}}