{"id":4732,"date":"2026-01-27T14:00:36","date_gmt":"2026-01-27T14:00:36","guid":{"rendered":"https:\/\/nordic-drift.com\/product\/nordic-drift-titan-10-000-mah-solcells-powerbank-med-3-panel-svart\/"},"modified":"2026-03-23T10:16:40","modified_gmt":"2026-03-23T10:16:40","slug":"nordic-drift-titan-10-000-mah-solcells-powerbank-med-3-panel-svart","status":"publish","type":"product","link":"https:\/\/nordic-drift.com\/sv\/product\/nordic-drift-titan-10-000-mah-solcells-powerbank-med-3-panel-svart\/","title":{"rendered":"Nordic Drift Titan 10.000 mAh solcells-powerbank med 3 panel, svart"},"content":{"rendered":"<p>Byggd f\u00f6r att h\u00e5lla, skapad f\u00f6r att utforska. Nordic Drift Solar Powerbank 10.000 mAh levererar p\u00e5litlig kraft i ett kompakt och robust utf\u00f6rande f\u00f6r utomhusbruk. Den \u00e4r byggd med ett premium litiumbatteri av A-klass och ett h\u00f6lje av RCS-certifierad \u00e5tervunnen ABS\/PC och \u00e4r designad f\u00f6r h\u00e5llbarhet n\u00e4r du \u00e4r p\u00e5 spr\u00e5ng. Tre hopf\u00e4llbara h\u00f6geffektiva solpaneler st\u00f6djer laddning utan elanslutning. N\u00e4r den uts\u00e4tts f\u00f6r starkt solljus laddas powerbanken effektivt och levererar n\u00e4stan 2 000 mAh p\u00e5 endast 3 timmar. Med 20W snabbladdning via USB-C och 18W via USB-A, plus tv\u00e5 integrerade laddkablar (Lightning och USB-C), erbjuder den flexibla laddningsalternativ. Den \u00e4r IPX3-klassad som st\u00e4nks\u00e4ker och passar f\u00f6r utomhusbruk och l\u00e4tt regn, samt inkluderar ett superstarkt integrerat campingljus. Alla Nordic Drift-produkter testas noggrant f\u00f6r kvalitet. Eftersom vi starkt tror p\u00e5 prestanda och h\u00e5llbahet hos v\u00e5r utrustning, omfattas varje produkt av 5 \u00e5rs garanti mot tillverklningsfel.<\/p>\n","protected":false},"excerpt":{"rendered":"<p>Byggd f\u00f6r att h\u00e5lla, skapad f\u00f6r att utforska. Nordic Drift Solar Powerbank 10.000 mAh levererar p\u00e5litlig kraft i ett kompakt och robust utf\u00f6rande f\u00f6r utomhusbruk. Den \u00e4r byggd med ett premium litiumbatteri av A-klass och ett h\u00f6lje av RCS-certifierad \u00e5tervunnen ABS\/PC och \u00e4r designad f\u00f6r h\u00e5llbarhet n\u00e4r du \u00e4r p\u00e5 spr\u00e5ng. Tre hopf\u00e4llbara h\u00f6geffektiva solpaneler [&hellip;]<\/p>\n","protected":false},"featured_media":4733,"comment_status":"closed","ping_status":"closed","template":"","meta":{"_acf_changed":false},"product_cat":[111],"product_tag":[],"class_list":["post-4732","product","type-product","status-publish","has-post-thumbnail","hentry","product_cat-teknik","pa_color-black"],"acf":[],"yoast_head":"<!-- This site is optimized with the Yoast SEO plugin v27.0 - https:\/\/yoast.com\/product\/yoast-seo-wordpress\/ -->\n<title>Nordic Drift Titan 10.000 mAh solcells-powerbank med 3 panel, svart - Nordic Drift<\/title>\n<meta name=\"robots\" content=\"index, follow, max-snippet:-1, max-image-preview:large, max-video-preview:-1\" \/>\n<link rel=\"canonical\" href=\"https:\/\/nordic-drift.com\/sv\/product\/nordic-drift-titan-10-000-mah-solcells-powerbank-med-3-panel-svart\/\" \/>\n<meta property=\"og:locale\" content=\"sv_SE\" \/>\n<meta property=\"og:type\" content=\"article\" \/>\n<meta property=\"og:title\" content=\"Nordic Drift Titan 10.000 mAh solcells-powerbank med 3 panel, svart - Nordic Drift\" \/>\n<meta property=\"og:description\" content=\"Byggd f\u00f6r att h\u00e5lla, skapad f\u00f6r att utforska. Nordic Drift Solar Powerbank 10.000 mAh levererar p\u00e5litlig kraft i ett kompakt och robust utf\u00f6rande f\u00f6r utomhusbruk. Den \u00e4r byggd med ett premium litiumbatteri av A-klass och ett h\u00f6lje av RCS-certifierad \u00e5tervunnen ABS\/PC och \u00e4r designad f\u00f6r h\u00e5llbarhet n\u00e4r du \u00e4r p\u00e5 spr\u00e5ng. Tre hopf\u00e4llbara h\u00f6geffektiva solpaneler [&hellip;]\" \/>\n<meta property=\"og:url\" content=\"https:\/\/nordic-drift.com\/sv\/product\/nordic-drift-titan-10-000-mah-solcells-powerbank-med-3-panel-svart\/\" \/>\n<meta property=\"og:site_name\" content=\"Nordic Drift\" \/>\n<meta property=\"article:modified_time\" content=\"2026-03-23T10:16:40+00:00\" \/>\n<meta property=\"og:image\" content=\"https:\/\/nordic-drift.com\/wp-content\/uploads\/sites\/14\/2026\/02\/ND410.0001__S_0__e9e18f3c3f7745fba63a6f1288e7abd7.jpg\" \/>\n\t<meta property=\"og:image:width\" content=\"1024\" \/>\n\t<meta property=\"og:image:height\" content=\"1024\" \/>\n\t<meta property=\"og:image:type\" content=\"image\/jpeg\" \/>\n<meta name=\"twitter:card\" content=\"summary_large_image\" \/>\n<meta name=\"twitter:label1\" content=\"Ber\u00e4knad l\u00e4stid\" \/>\n\t<meta name=\"twitter:data1\" content=\"1 minut\" \/>\n<script type=\"application\/ld+json\" class=\"yoast-schema-graph\">{\"@context\":\"https:\/\/schema.org\",\"@graph\":[{\"@type\":\"WebPage\",\"@id\":\"https:\/\/nordic-drift.com\/sv\/product\/nordic-drift-titan-10-000-mah-solcells-powerbank-med-3-panel-svart\/\",\"url\":\"https:\/\/nordic-drift.com\/sv\/product\/nordic-drift-titan-10-000-mah-solcells-powerbank-med-3-panel-svart\/\",\"name\":\"Nordic Drift Titan 10.000 mAh solcells-powerbank med 3 panel, svart - Nordic Drift\",\"isPartOf\":{\"@id\":\"https:\/\/nordic-drift.com\/sv\/#website\"},\"primaryImageOfPage\":{\"@id\":\"https:\/\/nordic-drift.com\/sv\/product\/nordic-drift-titan-10-000-mah-solcells-powerbank-med-3-panel-svart\/#primaryimage\"},\"image\":{\"@id\":\"https:\/\/nordic-drift.com\/sv\/product\/nordic-drift-titan-10-000-mah-solcells-powerbank-med-3-panel-svart\/#primaryimage\"},\"thumbnailUrl\":\"https:\/\/nordic-drift.com\/wp-content\/uploads\/sites\/14\/2026\/02\/ND410.0001__S_0__e9e18f3c3f7745fba63a6f1288e7abd7.jpg\",\"datePublished\":\"2026-01-27T14:00:36+00:00\",\"dateModified\":\"2026-03-23T10:16:40+00:00\",\"breadcrumb\":{\"@id\":\"https:\/\/nordic-drift.com\/sv\/product\/nordic-drift-titan-10-000-mah-solcells-powerbank-med-3-panel-svart\/#breadcrumb\"},\"inLanguage\":\"sv-SE\",\"potentialAction\":[{\"@type\":\"ReadAction\",\"target\":[\"https:\/\/nordic-drift.com\/sv\/product\/nordic-drift-titan-10-000-mah-solcells-powerbank-med-3-panel-svart\/\"]}]},{\"@type\":\"ImageObject\",\"inLanguage\":\"sv-SE\",\"@id\":\"https:\/\/nordic-drift.com\/sv\/product\/nordic-drift-titan-10-000-mah-solcells-powerbank-med-3-panel-svart\/#primaryimage\",\"url\":\"https:\/\/nordic-drift.com\/wp-content\/uploads\/sites\/14\/2026\/02\/ND410.0001__S_0__e9e18f3c3f7745fba63a6f1288e7abd7.jpg\",\"contentUrl\":\"https:\/\/nordic-drift.com\/wp-content\/uploads\/sites\/14\/2026\/02\/ND410.0001__S_0__e9e18f3c3f7745fba63a6f1288e7abd7.jpg\",\"width\":1024,\"height\":1024},{\"@type\":\"BreadcrumbList\",\"@id\":\"https:\/\/nordic-drift.com\/sv\/product\/nordic-drift-titan-10-000-mah-solcells-powerbank-med-3-panel-svart\/#breadcrumb\",\"itemListElement\":[{\"@type\":\"ListItem\",\"position\":1,\"name\":\"Home\",\"item\":\"https:\/\/nordic-drift.com\/sv\/\"},{\"@type\":\"ListItem\",\"position\":2,\"name\":\"Kollektion\",\"item\":\"https:\/\/nordic-drift.com\/sv\/kollektion\/\"},{\"@type\":\"ListItem\",\"position\":3,\"name\":\"Nordic Drift Titan 10.000 mAh solcells-powerbank med 3 panel, svart\"}]},{\"@type\":\"WebSite\",\"@id\":\"https:\/\/nordic-drift.com\/sv\/#website\",\"url\":\"https:\/\/nordic-drift.com\/sv\/\",\"name\":\"Nordic Drift\",\"description\":\"Built to Last, Made to Explore.\",\"potentialAction\":[{\"@type\":\"SearchAction\",\"target\":{\"@type\":\"EntryPoint\",\"urlTemplate\":\"https:\/\/nordic-drift.com\/sv\/?s={search_term_string}\"},\"query-input\":{\"@type\":\"PropertyValueSpecification\",\"valueRequired\":true,\"valueName\":\"search_term_string\"}}],\"inLanguage\":\"sv-SE\"}]}<\/script>\n<!-- \/ Yoast SEO plugin. -->","yoast_head_json":{"title":"Nordic Drift Titan 10.000 mAh solcells-powerbank med 3 panel, svart - Nordic Drift","robots":{"index":"index","follow":"follow","max-snippet":"max-snippet:-1","max-image-preview":"max-image-preview:large","max-video-preview":"max-video-preview:-1"},"canonical":"https:\/\/nordic-drift.com\/sv\/product\/nordic-drift-titan-10-000-mah-solcells-powerbank-med-3-panel-svart\/","og_locale":"sv_SE","og_type":"article","og_title":"Nordic Drift Titan 10.000 mAh solcells-powerbank med 3 panel, svart - Nordic Drift","og_description":"Byggd f\u00f6r att h\u00e5lla, skapad f\u00f6r att utforska. Nordic Drift Solar Powerbank 10.000 mAh levererar p\u00e5litlig kraft i ett kompakt och robust utf\u00f6rande f\u00f6r utomhusbruk. Den \u00e4r byggd med ett premium litiumbatteri av A-klass och ett h\u00f6lje av RCS-certifierad \u00e5tervunnen ABS\/PC och \u00e4r designad f\u00f6r h\u00e5llbarhet n\u00e4r du \u00e4r p\u00e5 spr\u00e5ng. Tre hopf\u00e4llbara h\u00f6geffektiva solpaneler [&hellip;]","og_url":"https:\/\/nordic-drift.com\/sv\/product\/nordic-drift-titan-10-000-mah-solcells-powerbank-med-3-panel-svart\/","og_site_name":"Nordic Drift","article_modified_time":"2026-03-23T10:16:40+00:00","og_image":[{"width":1024,"height":1024,"url":"https:\/\/nordic-drift.com\/wp-content\/uploads\/sites\/14\/2026\/02\/ND410.0001__S_0__e9e18f3c3f7745fba63a6f1288e7abd7.jpg","type":"image\/jpeg"}],"twitter_card":"summary_large_image","twitter_misc":{"Ber\u00e4knad l\u00e4stid":"1 minut"},"schema":{"@context":"https:\/\/schema.org","@graph":[{"@type":"WebPage","@id":"https:\/\/nordic-drift.com\/sv\/product\/nordic-drift-titan-10-000-mah-solcells-powerbank-med-3-panel-svart\/","url":"https:\/\/nordic-drift.com\/sv\/product\/nordic-drift-titan-10-000-mah-solcells-powerbank-med-3-panel-svart\/","name":"Nordic Drift Titan 10.000 mAh solcells-powerbank med 3 panel, svart - Nordic Drift","isPartOf":{"@id":"https:\/\/nordic-drift.com\/sv\/#website"},"primaryImageOfPage":{"@id":"https:\/\/nordic-drift.com\/sv\/product\/nordic-drift-titan-10-000-mah-solcells-powerbank-med-3-panel-svart\/#primaryimage"},"image":{"@id":"https:\/\/nordic-drift.com\/sv\/product\/nordic-drift-titan-10-000-mah-solcells-powerbank-med-3-panel-svart\/#primaryimage"},"thumbnailUrl":"https:\/\/nordic-drift.com\/wp-content\/uploads\/sites\/14\/2026\/02\/ND410.0001__S_0__e9e18f3c3f7745fba63a6f1288e7abd7.jpg","datePublished":"2026-01-27T14:00:36+00:00","dateModified":"2026-03-23T10:16:40+00:00","breadcrumb":{"@id":"https:\/\/nordic-drift.com\/sv\/product\/nordic-drift-titan-10-000-mah-solcells-powerbank-med-3-panel-svart\/#breadcrumb"},"inLanguage":"sv-SE","potentialAction":[{"@type":"ReadAction","target":["https:\/\/nordic-drift.com\/sv\/product\/nordic-drift-titan-10-000-mah-solcells-powerbank-med-3-panel-svart\/"]}]},{"@type":"ImageObject","inLanguage":"sv-SE","@id":"https:\/\/nordic-drift.com\/sv\/product\/nordic-drift-titan-10-000-mah-solcells-powerbank-med-3-panel-svart\/#primaryimage","url":"https:\/\/nordic-drift.com\/wp-content\/uploads\/sites\/14\/2026\/02\/ND410.0001__S_0__e9e18f3c3f7745fba63a6f1288e7abd7.jpg","contentUrl":"https:\/\/nordic-drift.com\/wp-content\/uploads\/sites\/14\/2026\/02\/ND410.0001__S_0__e9e18f3c3f7745fba63a6f1288e7abd7.jpg","width":1024,"height":1024},{"@type":"BreadcrumbList","@id":"https:\/\/nordic-drift.com\/sv\/product\/nordic-drift-titan-10-000-mah-solcells-powerbank-med-3-panel-svart\/#breadcrumb","itemListElement":[{"@type":"ListItem","position":1,"name":"Home","item":"https:\/\/nordic-drift.com\/sv\/"},{"@type":"ListItem","position":2,"name":"Kollektion","item":"https:\/\/nordic-drift.com\/sv\/kollektion\/"},{"@type":"ListItem","position":3,"name":"Nordic Drift Titan 10.000 mAh solcells-powerbank med 3 panel, svart"}]},{"@type":"WebSite","@id":"https:\/\/nordic-drift.com\/sv\/#website","url":"https:\/\/nordic-drift.com\/sv\/","name":"Nordic Drift","description":"Built to Last, Made to Explore.","potentialAction":[{"@type":"SearchAction","target":{"@type":"EntryPoint","urlTemplate":"https:\/\/nordic-drift.com\/sv\/?s={search_term_string}"},"query-input":{"@type":"PropertyValueSpecification","valueRequired":true,"valueName":"search_term_string"}}],"inLanguage":"sv-SE"}]}},"_links":{"self":[{"href":"https:\/\/nordic-drift.com\/sv\/wp-json\/wp\/v2\/product\/4732","targetHints":{"allow":["GET"]}}],"collection":[{"href":"https:\/\/nordic-drift.com\/sv\/wp-json\/wp\/v2\/product"}],"about":[{"href":"https:\/\/nordic-drift.com\/sv\/wp-json\/wp\/v2\/types\/product"}],"replies":[{"embeddable":true,"href":"https:\/\/nordic-drift.com\/sv\/wp-json\/wp\/v2\/comments?post=4732"}],"wp:featuredmedia":[{"embeddable":true,"href":"https:\/\/nordic-drift.com\/sv\/wp-json\/wp\/v2\/media\/4733"}],"wp:attachment":[{"href":"https:\/\/nordic-drift.com\/sv\/wp-json\/wp\/v2\/media?parent=4732"}],"wp:term":[{"taxonomy":"product_cat","embeddable":true,"href":"https:\/\/nordic-drift.com\/sv\/wp-json\/wp\/v2\/product_cat?post=4732"},{"taxonomy":"product_tag","embeddable":true,"href":"https:\/\/nordic-drift.com\/sv\/wp-json\/wp\/v2\/product_tag?post=4732"}],"curies":[{"name":"wp","href":"https:\/\/api.w.org\/{rel}","templated":true}]}}