{"id":4705,"date":"2026-01-27T14:00:32","date_gmt":"2026-01-27T14:00:32","guid":{"rendered":"https:\/\/nordic-drift.com\/product\/nordic-trail-ultralatt-titaniummugg-450-ml-silver\/"},"modified":"2026-03-23T10:16:36","modified_gmt":"2026-03-23T10:16:36","slug":"nordic-trail-ultralatt-titaniummugg-450-ml-silver","status":"publish","type":"product","link":"https:\/\/nordic-drift.com\/sv\/product\/nordic-trail-ultralatt-titaniummugg-450-ml-silver\/","title":{"rendered":"Nordic Trail ultral\u00e4tt titaniummugg 450 ml, silver"},"content":{"rendered":"<p>Denna 450 ml titaniummugg \u00e4r l\u00e4tt, otroligt stark och resistent mot rost och lukt.<br \/>\nPerfekt f\u00f6r varma drycker, oavsett om du \u00e4r ute i naturen eller njuter av en stilla morgon utomhus. <\/p>\n<p>Titaniets isolerande egenskaper h\u00e5ller din dryck varm l\u00e4ngre, medan det bekv\u00e4ma handtaget s\u00e4kerst\u00e4ller s\u00e4ker och enkel anv\u00e4ndning.<\/p>\n<p> Alla Nordic Drift-produkter testas noggrant f\u00f6r kvalitet. Eftersom vi har full tilltro till prestandan och h\u00e5llbarheten hos v\u00e5r utrustning, erbjuder vi 5 \u00e5rs garanti mot tillverkningsfel.<\/p>\n<p>Levereras i FSC-certifierad presentf\u00f6rpackning.<br \/>\nF\u00f6r mer information, bes\u00f6k www.nordic-drift.com<\/p>\n","protected":false},"excerpt":{"rendered":"<p>Denna 450 ml titaniummugg \u00e4r l\u00e4tt, otroligt stark och resistent mot rost och lukt. Perfekt f\u00f6r varma drycker, oavsett om du \u00e4r ute i naturen eller njuter av en stilla morgon utomhus. Titaniets isolerande egenskaper h\u00e5ller din dryck varm l\u00e4ngre, medan det bekv\u00e4ma handtaget s\u00e4kerst\u00e4ller s\u00e4ker och enkel anv\u00e4ndning. Alla Nordic Drift-produkter testas noggrant f\u00f6r [&hellip;]<\/p>\n","protected":false},"featured_media":4706,"comment_status":"closed","ping_status":"closed","template":"","meta":{"_acf_changed":false},"product_cat":[110],"product_tag":[],"class_list":["post-4705","product","type-product","status-publish","has-post-thumbnail","hentry","product_cat-flaskor-matforvaring","pa_color-silver"],"acf":[],"yoast_head":"<!-- This site is optimized with the Yoast SEO plugin v27.0 - https:\/\/yoast.com\/product\/yoast-seo-wordpress\/ -->\n<title>Nordic Trail ultral\u00e4tt titaniummugg 450 ml, silver - Nordic Drift<\/title>\n<meta name=\"robots\" content=\"index, follow, max-snippet:-1, max-image-preview:large, max-video-preview:-1\" \/>\n<link rel=\"canonical\" href=\"https:\/\/nordic-drift.com\/sv\/product\/nordic-trail-ultralatt-titaniummugg-450-ml-silver\/\" \/>\n<meta property=\"og:locale\" content=\"sv_SE\" \/>\n<meta property=\"og:type\" content=\"article\" \/>\n<meta property=\"og:title\" content=\"Nordic Trail ultral\u00e4tt titaniummugg 450 ml, silver - Nordic Drift\" \/>\n<meta property=\"og:description\" content=\"Denna 450 ml titaniummugg \u00e4r l\u00e4tt, otroligt stark och resistent mot rost och lukt. Perfekt f\u00f6r varma drycker, oavsett om du \u00e4r ute i naturen eller njuter av en stilla morgon utomhus. Titaniets isolerande egenskaper h\u00e5ller din dryck varm l\u00e4ngre, medan det bekv\u00e4ma handtaget s\u00e4kerst\u00e4ller s\u00e4ker och enkel anv\u00e4ndning. Alla Nordic Drift-produkter testas noggrant f\u00f6r [&hellip;]\" \/>\n<meta property=\"og:url\" content=\"https:\/\/nordic-drift.com\/sv\/product\/nordic-trail-ultralatt-titaniummugg-450-ml-silver\/\" \/>\n<meta property=\"og:site_name\" content=\"Nordic Drift\" \/>\n<meta property=\"article:modified_time\" content=\"2026-03-23T10:16:36+00:00\" \/>\n<meta property=\"og:image\" content=\"https:\/\/nordic-drift.com\/wp-content\/uploads\/sites\/14\/2026\/01\/ND340.0102__S_0__0598d972d7004dc8a9743f8087082392.jpg\" \/>\n\t<meta property=\"og:image:width\" content=\"1024\" \/>\n\t<meta property=\"og:image:height\" content=\"1024\" \/>\n\t<meta property=\"og:image:type\" content=\"image\/jpeg\" \/>\n<meta name=\"twitter:card\" content=\"summary_large_image\" \/>\n<script type=\"application\/ld+json\" class=\"yoast-schema-graph\">{\"@context\":\"https:\/\/schema.org\",\"@graph\":[{\"@type\":\"WebPage\",\"@id\":\"https:\/\/nordic-drift.com\/sv\/product\/nordic-trail-ultralatt-titaniummugg-450-ml-silver\/\",\"url\":\"https:\/\/nordic-drift.com\/sv\/product\/nordic-trail-ultralatt-titaniummugg-450-ml-silver\/\",\"name\":\"Nordic Trail ultral\u00e4tt titaniummugg 450 ml, silver - Nordic Drift\",\"isPartOf\":{\"@id\":\"https:\/\/nordic-drift.com\/sv\/#website\"},\"primaryImageOfPage\":{\"@id\":\"https:\/\/nordic-drift.com\/sv\/product\/nordic-trail-ultralatt-titaniummugg-450-ml-silver\/#primaryimage\"},\"image\":{\"@id\":\"https:\/\/nordic-drift.com\/sv\/product\/nordic-trail-ultralatt-titaniummugg-450-ml-silver\/#primaryimage\"},\"thumbnailUrl\":\"https:\/\/nordic-drift.com\/wp-content\/uploads\/sites\/14\/2026\/01\/ND340.0102__S_0__0598d972d7004dc8a9743f8087082392.jpg\",\"datePublished\":\"2026-01-27T14:00:32+00:00\",\"dateModified\":\"2026-03-23T10:16:36+00:00\",\"breadcrumb\":{\"@id\":\"https:\/\/nordic-drift.com\/sv\/product\/nordic-trail-ultralatt-titaniummugg-450-ml-silver\/#breadcrumb\"},\"inLanguage\":\"sv-SE\",\"potentialAction\":[{\"@type\":\"ReadAction\",\"target\":[\"https:\/\/nordic-drift.com\/sv\/product\/nordic-trail-ultralatt-titaniummugg-450-ml-silver\/\"]}]},{\"@type\":\"ImageObject\",\"inLanguage\":\"sv-SE\",\"@id\":\"https:\/\/nordic-drift.com\/sv\/product\/nordic-trail-ultralatt-titaniummugg-450-ml-silver\/#primaryimage\",\"url\":\"https:\/\/nordic-drift.com\/wp-content\/uploads\/sites\/14\/2026\/01\/ND340.0102__S_0__0598d972d7004dc8a9743f8087082392.jpg\",\"contentUrl\":\"https:\/\/nordic-drift.com\/wp-content\/uploads\/sites\/14\/2026\/01\/ND340.0102__S_0__0598d972d7004dc8a9743f8087082392.jpg\",\"width\":1024,\"height\":1024},{\"@type\":\"BreadcrumbList\",\"@id\":\"https:\/\/nordic-drift.com\/sv\/product\/nordic-trail-ultralatt-titaniummugg-450-ml-silver\/#breadcrumb\",\"itemListElement\":[{\"@type\":\"ListItem\",\"position\":1,\"name\":\"Home\",\"item\":\"https:\/\/nordic-drift.com\/sv\/\"},{\"@type\":\"ListItem\",\"position\":2,\"name\":\"Kollektion\",\"item\":\"https:\/\/nordic-drift.com\/sv\/kollektion\/\"},{\"@type\":\"ListItem\",\"position\":3,\"name\":\"Nordic Trail ultral\u00e4tt titaniummugg 450 ml, silver\"}]},{\"@type\":\"WebSite\",\"@id\":\"https:\/\/nordic-drift.com\/sv\/#website\",\"url\":\"https:\/\/nordic-drift.com\/sv\/\",\"name\":\"Nordic Drift\",\"description\":\"Built to Last, Made to Explore.\",\"potentialAction\":[{\"@type\":\"SearchAction\",\"target\":{\"@type\":\"EntryPoint\",\"urlTemplate\":\"https:\/\/nordic-drift.com\/sv\/?s={search_term_string}\"},\"query-input\":{\"@type\":\"PropertyValueSpecification\",\"valueRequired\":true,\"valueName\":\"search_term_string\"}}],\"inLanguage\":\"sv-SE\"}]}<\/script>\n<!-- \/ Yoast SEO plugin. -->","yoast_head_json":{"title":"Nordic Trail ultral\u00e4tt titaniummugg 450 ml, silver - Nordic Drift","robots":{"index":"index","follow":"follow","max-snippet":"max-snippet:-1","max-image-preview":"max-image-preview:large","max-video-preview":"max-video-preview:-1"},"canonical":"https:\/\/nordic-drift.com\/sv\/product\/nordic-trail-ultralatt-titaniummugg-450-ml-silver\/","og_locale":"sv_SE","og_type":"article","og_title":"Nordic Trail ultral\u00e4tt titaniummugg 450 ml, silver - Nordic Drift","og_description":"Denna 450 ml titaniummugg \u00e4r l\u00e4tt, otroligt stark och resistent mot rost och lukt. Perfekt f\u00f6r varma drycker, oavsett om du \u00e4r ute i naturen eller njuter av en stilla morgon utomhus. Titaniets isolerande egenskaper h\u00e5ller din dryck varm l\u00e4ngre, medan det bekv\u00e4ma handtaget s\u00e4kerst\u00e4ller s\u00e4ker och enkel anv\u00e4ndning. Alla Nordic Drift-produkter testas noggrant f\u00f6r [&hellip;]","og_url":"https:\/\/nordic-drift.com\/sv\/product\/nordic-trail-ultralatt-titaniummugg-450-ml-silver\/","og_site_name":"Nordic Drift","article_modified_time":"2026-03-23T10:16:36+00:00","og_image":[{"width":1024,"height":1024,"url":"https:\/\/nordic-drift.com\/wp-content\/uploads\/sites\/14\/2026\/01\/ND340.0102__S_0__0598d972d7004dc8a9743f8087082392.jpg","type":"image\/jpeg"}],"twitter_card":"summary_large_image","schema":{"@context":"https:\/\/schema.org","@graph":[{"@type":"WebPage","@id":"https:\/\/nordic-drift.com\/sv\/product\/nordic-trail-ultralatt-titaniummugg-450-ml-silver\/","url":"https:\/\/nordic-drift.com\/sv\/product\/nordic-trail-ultralatt-titaniummugg-450-ml-silver\/","name":"Nordic Trail ultral\u00e4tt titaniummugg 450 ml, silver - Nordic Drift","isPartOf":{"@id":"https:\/\/nordic-drift.com\/sv\/#website"},"primaryImageOfPage":{"@id":"https:\/\/nordic-drift.com\/sv\/product\/nordic-trail-ultralatt-titaniummugg-450-ml-silver\/#primaryimage"},"image":{"@id":"https:\/\/nordic-drift.com\/sv\/product\/nordic-trail-ultralatt-titaniummugg-450-ml-silver\/#primaryimage"},"thumbnailUrl":"https:\/\/nordic-drift.com\/wp-content\/uploads\/sites\/14\/2026\/01\/ND340.0102__S_0__0598d972d7004dc8a9743f8087082392.jpg","datePublished":"2026-01-27T14:00:32+00:00","dateModified":"2026-03-23T10:16:36+00:00","breadcrumb":{"@id":"https:\/\/nordic-drift.com\/sv\/product\/nordic-trail-ultralatt-titaniummugg-450-ml-silver\/#breadcrumb"},"inLanguage":"sv-SE","potentialAction":[{"@type":"ReadAction","target":["https:\/\/nordic-drift.com\/sv\/product\/nordic-trail-ultralatt-titaniummugg-450-ml-silver\/"]}]},{"@type":"ImageObject","inLanguage":"sv-SE","@id":"https:\/\/nordic-drift.com\/sv\/product\/nordic-trail-ultralatt-titaniummugg-450-ml-silver\/#primaryimage","url":"https:\/\/nordic-drift.com\/wp-content\/uploads\/sites\/14\/2026\/01\/ND340.0102__S_0__0598d972d7004dc8a9743f8087082392.jpg","contentUrl":"https:\/\/nordic-drift.com\/wp-content\/uploads\/sites\/14\/2026\/01\/ND340.0102__S_0__0598d972d7004dc8a9743f8087082392.jpg","width":1024,"height":1024},{"@type":"BreadcrumbList","@id":"https:\/\/nordic-drift.com\/sv\/product\/nordic-trail-ultralatt-titaniummugg-450-ml-silver\/#breadcrumb","itemListElement":[{"@type":"ListItem","position":1,"name":"Home","item":"https:\/\/nordic-drift.com\/sv\/"},{"@type":"ListItem","position":2,"name":"Kollektion","item":"https:\/\/nordic-drift.com\/sv\/kollektion\/"},{"@type":"ListItem","position":3,"name":"Nordic Trail ultral\u00e4tt titaniummugg 450 ml, silver"}]},{"@type":"WebSite","@id":"https:\/\/nordic-drift.com\/sv\/#website","url":"https:\/\/nordic-drift.com\/sv\/","name":"Nordic Drift","description":"Built to Last, Made to Explore.","potentialAction":[{"@type":"SearchAction","target":{"@type":"EntryPoint","urlTemplate":"https:\/\/nordic-drift.com\/sv\/?s={search_term_string}"},"query-input":{"@type":"PropertyValueSpecification","valueRequired":true,"valueName":"search_term_string"}}],"inLanguage":"sv-SE"}]}},"_links":{"self":[{"href":"https:\/\/nordic-drift.com\/sv\/wp-json\/wp\/v2\/product\/4705","targetHints":{"allow":["GET"]}}],"collection":[{"href":"https:\/\/nordic-drift.com\/sv\/wp-json\/wp\/v2\/product"}],"about":[{"href":"https:\/\/nordic-drift.com\/sv\/wp-json\/wp\/v2\/types\/product"}],"replies":[{"embeddable":true,"href":"https:\/\/nordic-drift.com\/sv\/wp-json\/wp\/v2\/comments?post=4705"}],"wp:featuredmedia":[{"embeddable":true,"href":"https:\/\/nordic-drift.com\/sv\/wp-json\/wp\/v2\/media\/4706"}],"wp:attachment":[{"href":"https:\/\/nordic-drift.com\/sv\/wp-json\/wp\/v2\/media?parent=4705"}],"wp:term":[{"taxonomy":"product_cat","embeddable":true,"href":"https:\/\/nordic-drift.com\/sv\/wp-json\/wp\/v2\/product_cat?post=4705"},{"taxonomy":"product_tag","embeddable":true,"href":"https:\/\/nordic-drift.com\/sv\/wp-json\/wp\/v2\/product_tag?post=4705"}],"curies":[{"name":"wp","href":"https:\/\/api.w.org\/{rel}","templated":true}]}}