{"id":4689,"date":"2026-01-27T14:00:32","date_gmt":"2026-01-27T14:00:32","guid":{"rendered":"https:\/\/nordic-drift.com\/product\/nordic-trail-light-titanium-vattenflaska-600-ml-silver\/"},"modified":"2026-03-23T10:16:35","modified_gmt":"2026-03-23T10:16:35","slug":"nordic-trail-light-titanium-vattenflaska-600-ml-silver","status":"publish","type":"product","link":"https:\/\/nordic-drift.com\/sv\/product\/nordic-trail-light-titanium-vattenflaska-600-ml-silver\/","title":{"rendered":"Nordic Trail Light Titanium vattenflaska 600 ml, silver"},"content":{"rendered":"<p>Tillverkad av h\u00f6gkvalitativ titan, \u00e4r denna 600 ml f\u00e4ltflaska ultral\u00e4tt, exceptionellt h\u00e5llbar och helt resistent mot rost och lukt.<br \/>\nDen h\u00e5ller din dryck ren och fr\u00e4sch utan att p\u00e5verka den ursprungliga smaken.<\/p>\n<p>Utrustad med ett stabilt skruvlock och b\u00e4rhandtag, \u00e4r den designad f\u00f6r alla typer av \u00e4ventyr \u2013 fr\u00e5n kr\u00e4vande vandringar till dagliga pendlingar.<\/p>\n<p> Levereras i en FSC-certifierad presentf\u00f6rpackning.<\/p>\n<p>Alla Nordic Drift-produkter kvalitetstestas. Eftersom vi har stark tilltro till prestandan och h\u00e5llbarheten hos v\u00e5r utrustning, erbjuder vi 5 \u00e5rs garanti mot tillverkningsfel.<br \/>\nF\u00f6r fullst\u00e4ndiga villkor, bes\u00f6k www.nordic-drift.com<\/p>\n","protected":false},"excerpt":{"rendered":"<p>Tillverkad av h\u00f6gkvalitativ titan, \u00e4r denna 600 ml f\u00e4ltflaska ultral\u00e4tt, exceptionellt h\u00e5llbar och helt resistent mot rost och lukt. Den h\u00e5ller din dryck ren och fr\u00e4sch utan att p\u00e5verka den ursprungliga smaken. Utrustad med ett stabilt skruvlock och b\u00e4rhandtag, \u00e4r den designad f\u00f6r alla typer av \u00e4ventyr \u2013 fr\u00e5n kr\u00e4vande vandringar till dagliga pendlingar. Levereras [&hellip;]<\/p>\n","protected":false},"featured_media":4690,"comment_status":"closed","ping_status":"closed","template":"","meta":{"_acf_changed":false},"product_cat":[110],"product_tag":[],"class_list":["post-4689","product","type-product","status-publish","has-post-thumbnail","hentry","product_cat-flaskor-matforvaring","pa_color-silver"],"acf":[],"yoast_head":"<!-- This site is optimized with the Yoast SEO plugin v27.0 - https:\/\/yoast.com\/product\/yoast-seo-wordpress\/ -->\n<title>Nordic Trail Light Titanium vattenflaska 600 ml, silver - Nordic Drift<\/title>\n<meta name=\"robots\" content=\"index, follow, max-snippet:-1, max-image-preview:large, max-video-preview:-1\" \/>\n<link rel=\"canonical\" href=\"https:\/\/nordic-drift.com\/sv\/product\/nordic-trail-light-titanium-vattenflaska-600-ml-silver\/\" \/>\n<meta property=\"og:locale\" content=\"sv_SE\" \/>\n<meta property=\"og:type\" content=\"article\" \/>\n<meta property=\"og:title\" content=\"Nordic Trail Light Titanium vattenflaska 600 ml, silver - Nordic Drift\" \/>\n<meta property=\"og:description\" content=\"Tillverkad av h\u00f6gkvalitativ titan, \u00e4r denna 600 ml f\u00e4ltflaska ultral\u00e4tt, exceptionellt h\u00e5llbar och helt resistent mot rost och lukt. Den h\u00e5ller din dryck ren och fr\u00e4sch utan att p\u00e5verka den ursprungliga smaken. Utrustad med ett stabilt skruvlock och b\u00e4rhandtag, \u00e4r den designad f\u00f6r alla typer av \u00e4ventyr \u2013 fr\u00e5n kr\u00e4vande vandringar till dagliga pendlingar. Levereras [&hellip;]\" \/>\n<meta property=\"og:url\" content=\"https:\/\/nordic-drift.com\/sv\/product\/nordic-trail-light-titanium-vattenflaska-600-ml-silver\/\" \/>\n<meta property=\"og:site_name\" content=\"Nordic Drift\" \/>\n<meta property=\"article:modified_time\" content=\"2026-03-23T10:16:35+00:00\" \/>\n<meta property=\"og:image\" content=\"https:\/\/nordic-drift.com\/wp-content\/uploads\/sites\/14\/2026\/02\/ND340.0002__S_0__4ca571b1ba474be0a2a1ee58cd73536c.jpg\" \/>\n\t<meta property=\"og:image:width\" content=\"1024\" \/>\n\t<meta property=\"og:image:height\" content=\"1024\" \/>\n\t<meta property=\"og:image:type\" content=\"image\/jpeg\" \/>\n<meta name=\"twitter:card\" content=\"summary_large_image\" \/>\n<meta name=\"twitter:label1\" content=\"Ber\u00e4knad l\u00e4stid\" \/>\n\t<meta name=\"twitter:data1\" content=\"1 minut\" \/>\n<script type=\"application\/ld+json\" class=\"yoast-schema-graph\">{\"@context\":\"https:\/\/schema.org\",\"@graph\":[{\"@type\":\"WebPage\",\"@id\":\"https:\/\/nordic-drift.com\/sv\/product\/nordic-trail-light-titanium-vattenflaska-600-ml-silver\/\",\"url\":\"https:\/\/nordic-drift.com\/sv\/product\/nordic-trail-light-titanium-vattenflaska-600-ml-silver\/\",\"name\":\"Nordic Trail Light Titanium vattenflaska 600 ml, silver - Nordic Drift\",\"isPartOf\":{\"@id\":\"https:\/\/nordic-drift.com\/sv\/#website\"},\"primaryImageOfPage\":{\"@id\":\"https:\/\/nordic-drift.com\/sv\/product\/nordic-trail-light-titanium-vattenflaska-600-ml-silver\/#primaryimage\"},\"image\":{\"@id\":\"https:\/\/nordic-drift.com\/sv\/product\/nordic-trail-light-titanium-vattenflaska-600-ml-silver\/#primaryimage\"},\"thumbnailUrl\":\"https:\/\/nordic-drift.com\/wp-content\/uploads\/sites\/14\/2026\/02\/ND340.0002__S_0__4ca571b1ba474be0a2a1ee58cd73536c.jpg\",\"datePublished\":\"2026-01-27T14:00:32+00:00\",\"dateModified\":\"2026-03-23T10:16:35+00:00\",\"breadcrumb\":{\"@id\":\"https:\/\/nordic-drift.com\/sv\/product\/nordic-trail-light-titanium-vattenflaska-600-ml-silver\/#breadcrumb\"},\"inLanguage\":\"sv-SE\",\"potentialAction\":[{\"@type\":\"ReadAction\",\"target\":[\"https:\/\/nordic-drift.com\/sv\/product\/nordic-trail-light-titanium-vattenflaska-600-ml-silver\/\"]}]},{\"@type\":\"ImageObject\",\"inLanguage\":\"sv-SE\",\"@id\":\"https:\/\/nordic-drift.com\/sv\/product\/nordic-trail-light-titanium-vattenflaska-600-ml-silver\/#primaryimage\",\"url\":\"https:\/\/nordic-drift.com\/wp-content\/uploads\/sites\/14\/2026\/02\/ND340.0002__S_0__4ca571b1ba474be0a2a1ee58cd73536c.jpg\",\"contentUrl\":\"https:\/\/nordic-drift.com\/wp-content\/uploads\/sites\/14\/2026\/02\/ND340.0002__S_0__4ca571b1ba474be0a2a1ee58cd73536c.jpg\",\"width\":1024,\"height\":1024},{\"@type\":\"BreadcrumbList\",\"@id\":\"https:\/\/nordic-drift.com\/sv\/product\/nordic-trail-light-titanium-vattenflaska-600-ml-silver\/#breadcrumb\",\"itemListElement\":[{\"@type\":\"ListItem\",\"position\":1,\"name\":\"Home\",\"item\":\"https:\/\/nordic-drift.com\/sv\/\"},{\"@type\":\"ListItem\",\"position\":2,\"name\":\"Kollektion\",\"item\":\"https:\/\/nordic-drift.com\/sv\/kollektion\/\"},{\"@type\":\"ListItem\",\"position\":3,\"name\":\"Nordic Trail Light Titanium vattenflaska 600 ml, silver\"}]},{\"@type\":\"WebSite\",\"@id\":\"https:\/\/nordic-drift.com\/sv\/#website\",\"url\":\"https:\/\/nordic-drift.com\/sv\/\",\"name\":\"Nordic Drift\",\"description\":\"Built to Last, Made to Explore.\",\"potentialAction\":[{\"@type\":\"SearchAction\",\"target\":{\"@type\":\"EntryPoint\",\"urlTemplate\":\"https:\/\/nordic-drift.com\/sv\/?s={search_term_string}\"},\"query-input\":{\"@type\":\"PropertyValueSpecification\",\"valueRequired\":true,\"valueName\":\"search_term_string\"}}],\"inLanguage\":\"sv-SE\"}]}<\/script>\n<!-- \/ Yoast SEO plugin. -->","yoast_head_json":{"title":"Nordic Trail Light Titanium vattenflaska 600 ml, silver - Nordic Drift","robots":{"index":"index","follow":"follow","max-snippet":"max-snippet:-1","max-image-preview":"max-image-preview:large","max-video-preview":"max-video-preview:-1"},"canonical":"https:\/\/nordic-drift.com\/sv\/product\/nordic-trail-light-titanium-vattenflaska-600-ml-silver\/","og_locale":"sv_SE","og_type":"article","og_title":"Nordic Trail Light Titanium vattenflaska 600 ml, silver - Nordic Drift","og_description":"Tillverkad av h\u00f6gkvalitativ titan, \u00e4r denna 600 ml f\u00e4ltflaska ultral\u00e4tt, exceptionellt h\u00e5llbar och helt resistent mot rost och lukt. Den h\u00e5ller din dryck ren och fr\u00e4sch utan att p\u00e5verka den ursprungliga smaken. Utrustad med ett stabilt skruvlock och b\u00e4rhandtag, \u00e4r den designad f\u00f6r alla typer av \u00e4ventyr \u2013 fr\u00e5n kr\u00e4vande vandringar till dagliga pendlingar. Levereras [&hellip;]","og_url":"https:\/\/nordic-drift.com\/sv\/product\/nordic-trail-light-titanium-vattenflaska-600-ml-silver\/","og_site_name":"Nordic Drift","article_modified_time":"2026-03-23T10:16:35+00:00","og_image":[{"width":1024,"height":1024,"url":"https:\/\/nordic-drift.com\/wp-content\/uploads\/sites\/14\/2026\/02\/ND340.0002__S_0__4ca571b1ba474be0a2a1ee58cd73536c.jpg","type":"image\/jpeg"}],"twitter_card":"summary_large_image","twitter_misc":{"Ber\u00e4knad l\u00e4stid":"1 minut"},"schema":{"@context":"https:\/\/schema.org","@graph":[{"@type":"WebPage","@id":"https:\/\/nordic-drift.com\/sv\/product\/nordic-trail-light-titanium-vattenflaska-600-ml-silver\/","url":"https:\/\/nordic-drift.com\/sv\/product\/nordic-trail-light-titanium-vattenflaska-600-ml-silver\/","name":"Nordic Trail Light Titanium vattenflaska 600 ml, silver - Nordic Drift","isPartOf":{"@id":"https:\/\/nordic-drift.com\/sv\/#website"},"primaryImageOfPage":{"@id":"https:\/\/nordic-drift.com\/sv\/product\/nordic-trail-light-titanium-vattenflaska-600-ml-silver\/#primaryimage"},"image":{"@id":"https:\/\/nordic-drift.com\/sv\/product\/nordic-trail-light-titanium-vattenflaska-600-ml-silver\/#primaryimage"},"thumbnailUrl":"https:\/\/nordic-drift.com\/wp-content\/uploads\/sites\/14\/2026\/02\/ND340.0002__S_0__4ca571b1ba474be0a2a1ee58cd73536c.jpg","datePublished":"2026-01-27T14:00:32+00:00","dateModified":"2026-03-23T10:16:35+00:00","breadcrumb":{"@id":"https:\/\/nordic-drift.com\/sv\/product\/nordic-trail-light-titanium-vattenflaska-600-ml-silver\/#breadcrumb"},"inLanguage":"sv-SE","potentialAction":[{"@type":"ReadAction","target":["https:\/\/nordic-drift.com\/sv\/product\/nordic-trail-light-titanium-vattenflaska-600-ml-silver\/"]}]},{"@type":"ImageObject","inLanguage":"sv-SE","@id":"https:\/\/nordic-drift.com\/sv\/product\/nordic-trail-light-titanium-vattenflaska-600-ml-silver\/#primaryimage","url":"https:\/\/nordic-drift.com\/wp-content\/uploads\/sites\/14\/2026\/02\/ND340.0002__S_0__4ca571b1ba474be0a2a1ee58cd73536c.jpg","contentUrl":"https:\/\/nordic-drift.com\/wp-content\/uploads\/sites\/14\/2026\/02\/ND340.0002__S_0__4ca571b1ba474be0a2a1ee58cd73536c.jpg","width":1024,"height":1024},{"@type":"BreadcrumbList","@id":"https:\/\/nordic-drift.com\/sv\/product\/nordic-trail-light-titanium-vattenflaska-600-ml-silver\/#breadcrumb","itemListElement":[{"@type":"ListItem","position":1,"name":"Home","item":"https:\/\/nordic-drift.com\/sv\/"},{"@type":"ListItem","position":2,"name":"Kollektion","item":"https:\/\/nordic-drift.com\/sv\/kollektion\/"},{"@type":"ListItem","position":3,"name":"Nordic Trail Light Titanium vattenflaska 600 ml, silver"}]},{"@type":"WebSite","@id":"https:\/\/nordic-drift.com\/sv\/#website","url":"https:\/\/nordic-drift.com\/sv\/","name":"Nordic Drift","description":"Built to Last, Made to Explore.","potentialAction":[{"@type":"SearchAction","target":{"@type":"EntryPoint","urlTemplate":"https:\/\/nordic-drift.com\/sv\/?s={search_term_string}"},"query-input":{"@type":"PropertyValueSpecification","valueRequired":true,"valueName":"search_term_string"}}],"inLanguage":"sv-SE"}]}},"_links":{"self":[{"href":"https:\/\/nordic-drift.com\/sv\/wp-json\/wp\/v2\/product\/4689","targetHints":{"allow":["GET"]}}],"collection":[{"href":"https:\/\/nordic-drift.com\/sv\/wp-json\/wp\/v2\/product"}],"about":[{"href":"https:\/\/nordic-drift.com\/sv\/wp-json\/wp\/v2\/types\/product"}],"replies":[{"embeddable":true,"href":"https:\/\/nordic-drift.com\/sv\/wp-json\/wp\/v2\/comments?post=4689"}],"wp:featuredmedia":[{"embeddable":true,"href":"https:\/\/nordic-drift.com\/sv\/wp-json\/wp\/v2\/media\/4690"}],"wp:attachment":[{"href":"https:\/\/nordic-drift.com\/sv\/wp-json\/wp\/v2\/media?parent=4689"}],"wp:term":[{"taxonomy":"product_cat","embeddable":true,"href":"https:\/\/nordic-drift.com\/sv\/wp-json\/wp\/v2\/product_cat?post=4689"},{"taxonomy":"product_tag","embeddable":true,"href":"https:\/\/nordic-drift.com\/sv\/wp-json\/wp\/v2\/product_tag?post=4689"}],"curies":[{"name":"wp","href":"https:\/\/api.w.org\/{rel}","templated":true}]}}