{"id":4674,"date":"2026-01-27T14:00:32","date_gmt":"2026-01-27T14:00:32","guid":{"rendered":"https:\/\/nordic-drift.com\/product\/nordic-trail-rcs-enkelvaggs-vattenflaska-750-ml-svart\/"},"modified":"2026-03-23T10:16:34","modified_gmt":"2026-03-23T10:16:34","slug":"nordic-trail-rcs-enkelvaggs-vattenflaska-750-ml-svart","status":"publish","type":"product","link":"https:\/\/nordic-drift.com\/sv\/product\/nordic-trail-rcs-enkelvaggs-vattenflaska-750-ml-svart\/","title":{"rendered":"Nordic Trail RCS enkelv\u00e4ggs vattenflaska 750 ml, svart"},"content":{"rendered":"<p>Tillverkad av \u00e5tervunnet rostfritt st\u00e5l, med en slitstark pulverlackerad yta och ett b\u00e4rhandtag som \u00e4ven fungerar som l\u00e5s, vilket h\u00e5ller flaskan s\u00e4ker och helt l\u00e4ckages\u00e4ker. <\/p>\n<p>Den \u00e4r l\u00e4tt men robust, och den rymliga 750 ml-flaskan passar perfekt f\u00f6r vandringar, sport eller vardagsbruk.<br \/>\n En kombination av praktisk design, h\u00e5llbarhet och p\u00e5litlig prestanda f\u00f6r utomhusbruk.<\/p>\n<p>Bulkf\u00f6rpackad.<\/p>\n<p>Alla Nordic Drift-produkter kvalitetstestas. Eftersom vi har fullt f\u00f6rtroende f\u00f6r prestandan och h\u00e5llbarheten hos v\u00e5r utrustning, kommer varje produkt med 5 \u00e5rs garanti mot tillverkningsfel.<br \/>\nF\u00f6r fullst\u00e4ndiga villkor, bes\u00f6k www.nordic-drift.com<\/p>\n","protected":false},"excerpt":{"rendered":"<p>Tillverkad av \u00e5tervunnet rostfritt st\u00e5l, med en slitstark pulverlackerad yta och ett b\u00e4rhandtag som \u00e4ven fungerar som l\u00e5s, vilket h\u00e5ller flaskan s\u00e4ker och helt l\u00e4ckages\u00e4ker. Den \u00e4r l\u00e4tt men robust, och den rymliga 750 ml-flaskan passar perfekt f\u00f6r vandringar, sport eller vardagsbruk. En kombination av praktisk design, h\u00e5llbarhet och p\u00e5litlig prestanda f\u00f6r utomhusbruk. Bulkf\u00f6rpackad. Alla [&hellip;]<\/p>\n","protected":false},"featured_media":4675,"comment_status":"closed","ping_status":"closed","template":"","meta":{"_acf_changed":false},"product_cat":[110],"product_tag":[],"class_list":["post-4674","product","type-product","status-publish","has-post-thumbnail","hentry","product_cat-flaskor-matforvaring","pa_color-black"],"acf":[],"yoast_head":"<!-- This site is optimized with the Yoast SEO plugin v27.0 - https:\/\/yoast.com\/product\/yoast-seo-wordpress\/ -->\n<title>Nordic Trail RCS enkelv\u00e4ggs vattenflaska 750 ml, svart - Nordic Drift<\/title>\n<meta name=\"robots\" content=\"index, follow, max-snippet:-1, max-image-preview:large, max-video-preview:-1\" \/>\n<link rel=\"canonical\" href=\"https:\/\/nordic-drift.com\/sv\/product\/nordic-trail-rcs-enkelvaggs-vattenflaska-750-ml-svart\/\" \/>\n<meta property=\"og:locale\" content=\"sv_SE\" \/>\n<meta property=\"og:type\" content=\"article\" \/>\n<meta property=\"og:title\" content=\"Nordic Trail RCS enkelv\u00e4ggs vattenflaska 750 ml, svart - Nordic Drift\" \/>\n<meta property=\"og:description\" content=\"Tillverkad av \u00e5tervunnet rostfritt st\u00e5l, med en slitstark pulverlackerad yta och ett b\u00e4rhandtag som \u00e4ven fungerar som l\u00e5s, vilket h\u00e5ller flaskan s\u00e4ker och helt l\u00e4ckages\u00e4ker. Den \u00e4r l\u00e4tt men robust, och den rymliga 750 ml-flaskan passar perfekt f\u00f6r vandringar, sport eller vardagsbruk. En kombination av praktisk design, h\u00e5llbarhet och p\u00e5litlig prestanda f\u00f6r utomhusbruk. Bulkf\u00f6rpackad. Alla [&hellip;]\" \/>\n<meta property=\"og:url\" content=\"https:\/\/nordic-drift.com\/sv\/product\/nordic-trail-rcs-enkelvaggs-vattenflaska-750-ml-svart\/\" \/>\n<meta property=\"og:site_name\" content=\"Nordic Drift\" \/>\n<meta property=\"article:modified_time\" content=\"2026-03-23T10:16:34+00:00\" \/>\n<meta property=\"og:image\" content=\"https:\/\/nordic-drift.com\/wp-content\/uploads\/sites\/14\/2026\/01\/ND310.0301__S_0__3a66fd87a3cb44ad8af34bd188ef6492.jpg\" \/>\n\t<meta property=\"og:image:width\" content=\"1024\" \/>\n\t<meta property=\"og:image:height\" content=\"1024\" \/>\n\t<meta property=\"og:image:type\" content=\"image\/jpeg\" \/>\n<meta name=\"twitter:card\" content=\"summary_large_image\" \/>\n<meta name=\"twitter:label1\" content=\"Ber\u00e4knad l\u00e4stid\" \/>\n\t<meta name=\"twitter:data1\" content=\"1 minut\" \/>\n<script type=\"application\/ld+json\" class=\"yoast-schema-graph\">{\"@context\":\"https:\/\/schema.org\",\"@graph\":[{\"@type\":\"WebPage\",\"@id\":\"https:\/\/nordic-drift.com\/sv\/product\/nordic-trail-rcs-enkelvaggs-vattenflaska-750-ml-svart\/\",\"url\":\"https:\/\/nordic-drift.com\/sv\/product\/nordic-trail-rcs-enkelvaggs-vattenflaska-750-ml-svart\/\",\"name\":\"Nordic Trail RCS enkelv\u00e4ggs vattenflaska 750 ml, svart - Nordic Drift\",\"isPartOf\":{\"@id\":\"https:\/\/nordic-drift.com\/sv\/#website\"},\"primaryImageOfPage\":{\"@id\":\"https:\/\/nordic-drift.com\/sv\/product\/nordic-trail-rcs-enkelvaggs-vattenflaska-750-ml-svart\/#primaryimage\"},\"image\":{\"@id\":\"https:\/\/nordic-drift.com\/sv\/product\/nordic-trail-rcs-enkelvaggs-vattenflaska-750-ml-svart\/#primaryimage\"},\"thumbnailUrl\":\"https:\/\/nordic-drift.com\/wp-content\/uploads\/sites\/14\/2026\/01\/ND310.0301__S_0__3a66fd87a3cb44ad8af34bd188ef6492.jpg\",\"datePublished\":\"2026-01-27T14:00:32+00:00\",\"dateModified\":\"2026-03-23T10:16:34+00:00\",\"breadcrumb\":{\"@id\":\"https:\/\/nordic-drift.com\/sv\/product\/nordic-trail-rcs-enkelvaggs-vattenflaska-750-ml-svart\/#breadcrumb\"},\"inLanguage\":\"sv-SE\",\"potentialAction\":[{\"@type\":\"ReadAction\",\"target\":[\"https:\/\/nordic-drift.com\/sv\/product\/nordic-trail-rcs-enkelvaggs-vattenflaska-750-ml-svart\/\"]}]},{\"@type\":\"ImageObject\",\"inLanguage\":\"sv-SE\",\"@id\":\"https:\/\/nordic-drift.com\/sv\/product\/nordic-trail-rcs-enkelvaggs-vattenflaska-750-ml-svart\/#primaryimage\",\"url\":\"https:\/\/nordic-drift.com\/wp-content\/uploads\/sites\/14\/2026\/01\/ND310.0301__S_0__3a66fd87a3cb44ad8af34bd188ef6492.jpg\",\"contentUrl\":\"https:\/\/nordic-drift.com\/wp-content\/uploads\/sites\/14\/2026\/01\/ND310.0301__S_0__3a66fd87a3cb44ad8af34bd188ef6492.jpg\",\"width\":1024,\"height\":1024},{\"@type\":\"BreadcrumbList\",\"@id\":\"https:\/\/nordic-drift.com\/sv\/product\/nordic-trail-rcs-enkelvaggs-vattenflaska-750-ml-svart\/#breadcrumb\",\"itemListElement\":[{\"@type\":\"ListItem\",\"position\":1,\"name\":\"Home\",\"item\":\"https:\/\/nordic-drift.com\/sv\/\"},{\"@type\":\"ListItem\",\"position\":2,\"name\":\"Kollektion\",\"item\":\"https:\/\/nordic-drift.com\/sv\/kollektion\/\"},{\"@type\":\"ListItem\",\"position\":3,\"name\":\"Nordic Trail RCS enkelv\u00e4ggs vattenflaska 750 ml, svart\"}]},{\"@type\":\"WebSite\",\"@id\":\"https:\/\/nordic-drift.com\/sv\/#website\",\"url\":\"https:\/\/nordic-drift.com\/sv\/\",\"name\":\"Nordic Drift\",\"description\":\"Built to Last, Made to Explore.\",\"potentialAction\":[{\"@type\":\"SearchAction\",\"target\":{\"@type\":\"EntryPoint\",\"urlTemplate\":\"https:\/\/nordic-drift.com\/sv\/?s={search_term_string}\"},\"query-input\":{\"@type\":\"PropertyValueSpecification\",\"valueRequired\":true,\"valueName\":\"search_term_string\"}}],\"inLanguage\":\"sv-SE\"}]}<\/script>\n<!-- \/ Yoast SEO plugin. -->","yoast_head_json":{"title":"Nordic Trail RCS enkelv\u00e4ggs vattenflaska 750 ml, svart - Nordic Drift","robots":{"index":"index","follow":"follow","max-snippet":"max-snippet:-1","max-image-preview":"max-image-preview:large","max-video-preview":"max-video-preview:-1"},"canonical":"https:\/\/nordic-drift.com\/sv\/product\/nordic-trail-rcs-enkelvaggs-vattenflaska-750-ml-svart\/","og_locale":"sv_SE","og_type":"article","og_title":"Nordic Trail RCS enkelv\u00e4ggs vattenflaska 750 ml, svart - Nordic Drift","og_description":"Tillverkad av \u00e5tervunnet rostfritt st\u00e5l, med en slitstark pulverlackerad yta och ett b\u00e4rhandtag som \u00e4ven fungerar som l\u00e5s, vilket h\u00e5ller flaskan s\u00e4ker och helt l\u00e4ckages\u00e4ker. Den \u00e4r l\u00e4tt men robust, och den rymliga 750 ml-flaskan passar perfekt f\u00f6r vandringar, sport eller vardagsbruk. En kombination av praktisk design, h\u00e5llbarhet och p\u00e5litlig prestanda f\u00f6r utomhusbruk. Bulkf\u00f6rpackad. Alla [&hellip;]","og_url":"https:\/\/nordic-drift.com\/sv\/product\/nordic-trail-rcs-enkelvaggs-vattenflaska-750-ml-svart\/","og_site_name":"Nordic Drift","article_modified_time":"2026-03-23T10:16:34+00:00","og_image":[{"width":1024,"height":1024,"url":"https:\/\/nordic-drift.com\/wp-content\/uploads\/sites\/14\/2026\/01\/ND310.0301__S_0__3a66fd87a3cb44ad8af34bd188ef6492.jpg","type":"image\/jpeg"}],"twitter_card":"summary_large_image","twitter_misc":{"Ber\u00e4knad l\u00e4stid":"1 minut"},"schema":{"@context":"https:\/\/schema.org","@graph":[{"@type":"WebPage","@id":"https:\/\/nordic-drift.com\/sv\/product\/nordic-trail-rcs-enkelvaggs-vattenflaska-750-ml-svart\/","url":"https:\/\/nordic-drift.com\/sv\/product\/nordic-trail-rcs-enkelvaggs-vattenflaska-750-ml-svart\/","name":"Nordic Trail RCS enkelv\u00e4ggs vattenflaska 750 ml, svart - Nordic Drift","isPartOf":{"@id":"https:\/\/nordic-drift.com\/sv\/#website"},"primaryImageOfPage":{"@id":"https:\/\/nordic-drift.com\/sv\/product\/nordic-trail-rcs-enkelvaggs-vattenflaska-750-ml-svart\/#primaryimage"},"image":{"@id":"https:\/\/nordic-drift.com\/sv\/product\/nordic-trail-rcs-enkelvaggs-vattenflaska-750-ml-svart\/#primaryimage"},"thumbnailUrl":"https:\/\/nordic-drift.com\/wp-content\/uploads\/sites\/14\/2026\/01\/ND310.0301__S_0__3a66fd87a3cb44ad8af34bd188ef6492.jpg","datePublished":"2026-01-27T14:00:32+00:00","dateModified":"2026-03-23T10:16:34+00:00","breadcrumb":{"@id":"https:\/\/nordic-drift.com\/sv\/product\/nordic-trail-rcs-enkelvaggs-vattenflaska-750-ml-svart\/#breadcrumb"},"inLanguage":"sv-SE","potentialAction":[{"@type":"ReadAction","target":["https:\/\/nordic-drift.com\/sv\/product\/nordic-trail-rcs-enkelvaggs-vattenflaska-750-ml-svart\/"]}]},{"@type":"ImageObject","inLanguage":"sv-SE","@id":"https:\/\/nordic-drift.com\/sv\/product\/nordic-trail-rcs-enkelvaggs-vattenflaska-750-ml-svart\/#primaryimage","url":"https:\/\/nordic-drift.com\/wp-content\/uploads\/sites\/14\/2026\/01\/ND310.0301__S_0__3a66fd87a3cb44ad8af34bd188ef6492.jpg","contentUrl":"https:\/\/nordic-drift.com\/wp-content\/uploads\/sites\/14\/2026\/01\/ND310.0301__S_0__3a66fd87a3cb44ad8af34bd188ef6492.jpg","width":1024,"height":1024},{"@type":"BreadcrumbList","@id":"https:\/\/nordic-drift.com\/sv\/product\/nordic-trail-rcs-enkelvaggs-vattenflaska-750-ml-svart\/#breadcrumb","itemListElement":[{"@type":"ListItem","position":1,"name":"Home","item":"https:\/\/nordic-drift.com\/sv\/"},{"@type":"ListItem","position":2,"name":"Kollektion","item":"https:\/\/nordic-drift.com\/sv\/kollektion\/"},{"@type":"ListItem","position":3,"name":"Nordic Trail RCS enkelv\u00e4ggs vattenflaska 750 ml, svart"}]},{"@type":"WebSite","@id":"https:\/\/nordic-drift.com\/sv\/#website","url":"https:\/\/nordic-drift.com\/sv\/","name":"Nordic Drift","description":"Built to Last, Made to Explore.","potentialAction":[{"@type":"SearchAction","target":{"@type":"EntryPoint","urlTemplate":"https:\/\/nordic-drift.com\/sv\/?s={search_term_string}"},"query-input":{"@type":"PropertyValueSpecification","valueRequired":true,"valueName":"search_term_string"}}],"inLanguage":"sv-SE"}]}},"_links":{"self":[{"href":"https:\/\/nordic-drift.com\/sv\/wp-json\/wp\/v2\/product\/4674","targetHints":{"allow":["GET"]}}],"collection":[{"href":"https:\/\/nordic-drift.com\/sv\/wp-json\/wp\/v2\/product"}],"about":[{"href":"https:\/\/nordic-drift.com\/sv\/wp-json\/wp\/v2\/types\/product"}],"replies":[{"embeddable":true,"href":"https:\/\/nordic-drift.com\/sv\/wp-json\/wp\/v2\/comments?post=4674"}],"wp:featuredmedia":[{"embeddable":true,"href":"https:\/\/nordic-drift.com\/sv\/wp-json\/wp\/v2\/media\/4675"}],"wp:attachment":[{"href":"https:\/\/nordic-drift.com\/sv\/wp-json\/wp\/v2\/media?parent=4674"}],"wp:term":[{"taxonomy":"product_cat","embeddable":true,"href":"https:\/\/nordic-drift.com\/sv\/wp-json\/wp\/v2\/product_cat?post=4674"},{"taxonomy":"product_tag","embeddable":true,"href":"https:\/\/nordic-drift.com\/sv\/wp-json\/wp\/v2\/product_tag?post=4674"}],"curies":[{"name":"wp","href":"https:\/\/api.w.org\/{rel}","templated":true}]}}