{"id":4659,"date":"2026-01-27T14:00:32","date_gmt":"2026-01-27T14:00:32","guid":{"rendered":"https:\/\/nordic-drift.com\/product\/nordic-drift-trail-rcs-lasbar-och-lackagesakra-kaffemugg-350-svart\/"},"modified":"2026-03-23T10:16:33","modified_gmt":"2026-03-23T10:16:33","slug":"nordic-drift-trail-rcs-lasbar-och-lackagesakra-kaffemugg-350-svart","status":"publish","type":"product","link":"https:\/\/nordic-drift.com\/sv\/product\/nordic-drift-trail-rcs-lasbar-och-lackagesakra-kaffemugg-350-svart\/","title":{"rendered":"Nordic Drift Trail RCS l\u00e5sbar och l\u00e4ckages\u00e4kra kaffemugg 350, svart"},"content":{"rendered":"<p>Det praktiska handtaget och det l\u00e4ckages\u00e4kra, l\u00e5sbara locket g\u00f6r den perfekt f\u00f6r resor, arbete eller utomhus\u00e4ventyr.<br \/>\nDet innovativa locket har en skjutfunktion f\u00f6r att \u00f6ppna och st\u00e4nga, vilket h\u00e5ller din dryck s\u00e4ker samtidigt som det g\u00f6r det enkelt att dricka n\u00e4r du \u00e4r p\u00e5 spr\u00e5ng. <\/p>\n<p>L\u00e4ttviktig, h\u00e5llbar och designad f\u00f6r daglig anv\u00e4ndning, kombinerar denna mugg praktisk funktionalitet med milj\u00f6v\u00e4nlig prestanda.<\/p>\n<p>Alla Nordic Drift-produkter kvalitetstestas. Eftersom vi litar p\u00e5 prestandan och h\u00e5llbarheten hos v\u00e5r utrustning, kommer varje produkt med 5 \u00e5rs garanti mot tillverkningsfel.<br \/>\nF\u00f6r fullst\u00e4ndiga villkor, bes\u00f6k www.nordic-drift.com<\/p>\n","protected":false},"excerpt":{"rendered":"<p>Det praktiska handtaget och det l\u00e4ckages\u00e4kra, l\u00e5sbara locket g\u00f6r den perfekt f\u00f6r resor, arbete eller utomhus\u00e4ventyr. Det innovativa locket har en skjutfunktion f\u00f6r att \u00f6ppna och st\u00e4nga, vilket h\u00e5ller din dryck s\u00e4ker samtidigt som det g\u00f6r det enkelt att dricka n\u00e4r du \u00e4r p\u00e5 spr\u00e5ng. L\u00e4ttviktig, h\u00e5llbar och designad f\u00f6r daglig anv\u00e4ndning, kombinerar denna mugg [&hellip;]<\/p>\n","protected":false},"featured_media":4660,"comment_status":"closed","ping_status":"closed","template":"","meta":{"_acf_changed":false},"product_cat":[110],"product_tag":[],"class_list":["post-4659","product","type-product","status-publish","has-post-thumbnail","hentry","product_cat-flaskor-matforvaring","pa_color-black"],"acf":[],"yoast_head":"<!-- This site is optimized with the Yoast SEO plugin v27.0 - https:\/\/yoast.com\/product\/yoast-seo-wordpress\/ -->\n<title>Nordic Drift Trail RCS l\u00e5sbar och l\u00e4ckages\u00e4kra kaffemugg 350, svart - Nordic Drift<\/title>\n<meta name=\"robots\" content=\"index, follow, max-snippet:-1, max-image-preview:large, max-video-preview:-1\" \/>\n<link rel=\"canonical\" href=\"https:\/\/nordic-drift.com\/sv\/product\/nordic-drift-trail-rcs-lasbar-och-lackagesakra-kaffemugg-350-svart\/\" \/>\n<meta property=\"og:locale\" content=\"sv_SE\" \/>\n<meta property=\"og:type\" content=\"article\" \/>\n<meta property=\"og:title\" content=\"Nordic Drift Trail RCS l\u00e5sbar och l\u00e4ckages\u00e4kra kaffemugg 350, svart - Nordic Drift\" \/>\n<meta property=\"og:description\" content=\"Det praktiska handtaget och det l\u00e4ckages\u00e4kra, l\u00e5sbara locket g\u00f6r den perfekt f\u00f6r resor, arbete eller utomhus\u00e4ventyr. Det innovativa locket har en skjutfunktion f\u00f6r att \u00f6ppna och st\u00e4nga, vilket h\u00e5ller din dryck s\u00e4ker samtidigt som det g\u00f6r det enkelt att dricka n\u00e4r du \u00e4r p\u00e5 spr\u00e5ng. L\u00e4ttviktig, h\u00e5llbar och designad f\u00f6r daglig anv\u00e4ndning, kombinerar denna mugg [&hellip;]\" \/>\n<meta property=\"og:url\" content=\"https:\/\/nordic-drift.com\/sv\/product\/nordic-drift-trail-rcs-lasbar-och-lackagesakra-kaffemugg-350-svart\/\" \/>\n<meta property=\"og:site_name\" content=\"Nordic Drift\" \/>\n<meta property=\"article:modified_time\" content=\"2026-03-23T10:16:33+00:00\" \/>\n<meta property=\"og:image\" content=\"https:\/\/nordic-drift.com\/wp-content\/uploads\/sites\/14\/2026\/01\/ND310.0201__S_0__47bb572454e94ac481784b2990559722.jpg\" \/>\n\t<meta property=\"og:image:width\" content=\"1024\" \/>\n\t<meta property=\"og:image:height\" content=\"1024\" \/>\n\t<meta property=\"og:image:type\" content=\"image\/jpeg\" \/>\n<meta name=\"twitter:card\" content=\"summary_large_image\" \/>\n<meta name=\"twitter:label1\" content=\"Ber\u00e4knad l\u00e4stid\" \/>\n\t<meta name=\"twitter:data1\" content=\"1 minut\" \/>\n<script type=\"application\/ld+json\" class=\"yoast-schema-graph\">{\"@context\":\"https:\/\/schema.org\",\"@graph\":[{\"@type\":\"WebPage\",\"@id\":\"https:\/\/nordic-drift.com\/sv\/product\/nordic-drift-trail-rcs-lasbar-och-lackagesakra-kaffemugg-350-svart\/\",\"url\":\"https:\/\/nordic-drift.com\/sv\/product\/nordic-drift-trail-rcs-lasbar-och-lackagesakra-kaffemugg-350-svart\/\",\"name\":\"Nordic Drift Trail RCS l\u00e5sbar och l\u00e4ckages\u00e4kra kaffemugg 350, svart - Nordic Drift\",\"isPartOf\":{\"@id\":\"https:\/\/nordic-drift.com\/sv\/#website\"},\"primaryImageOfPage\":{\"@id\":\"https:\/\/nordic-drift.com\/sv\/product\/nordic-drift-trail-rcs-lasbar-och-lackagesakra-kaffemugg-350-svart\/#primaryimage\"},\"image\":{\"@id\":\"https:\/\/nordic-drift.com\/sv\/product\/nordic-drift-trail-rcs-lasbar-och-lackagesakra-kaffemugg-350-svart\/#primaryimage\"},\"thumbnailUrl\":\"https:\/\/nordic-drift.com\/wp-content\/uploads\/sites\/14\/2026\/01\/ND310.0201__S_0__47bb572454e94ac481784b2990559722.jpg\",\"datePublished\":\"2026-01-27T14:00:32+00:00\",\"dateModified\":\"2026-03-23T10:16:33+00:00\",\"breadcrumb\":{\"@id\":\"https:\/\/nordic-drift.com\/sv\/product\/nordic-drift-trail-rcs-lasbar-och-lackagesakra-kaffemugg-350-svart\/#breadcrumb\"},\"inLanguage\":\"sv-SE\",\"potentialAction\":[{\"@type\":\"ReadAction\",\"target\":[\"https:\/\/nordic-drift.com\/sv\/product\/nordic-drift-trail-rcs-lasbar-och-lackagesakra-kaffemugg-350-svart\/\"]}]},{\"@type\":\"ImageObject\",\"inLanguage\":\"sv-SE\",\"@id\":\"https:\/\/nordic-drift.com\/sv\/product\/nordic-drift-trail-rcs-lasbar-och-lackagesakra-kaffemugg-350-svart\/#primaryimage\",\"url\":\"https:\/\/nordic-drift.com\/wp-content\/uploads\/sites\/14\/2026\/01\/ND310.0201__S_0__47bb572454e94ac481784b2990559722.jpg\",\"contentUrl\":\"https:\/\/nordic-drift.com\/wp-content\/uploads\/sites\/14\/2026\/01\/ND310.0201__S_0__47bb572454e94ac481784b2990559722.jpg\",\"width\":1024,\"height\":1024},{\"@type\":\"BreadcrumbList\",\"@id\":\"https:\/\/nordic-drift.com\/sv\/product\/nordic-drift-trail-rcs-lasbar-och-lackagesakra-kaffemugg-350-svart\/#breadcrumb\",\"itemListElement\":[{\"@type\":\"ListItem\",\"position\":1,\"name\":\"Home\",\"item\":\"https:\/\/nordic-drift.com\/sv\/\"},{\"@type\":\"ListItem\",\"position\":2,\"name\":\"Kollektion\",\"item\":\"https:\/\/nordic-drift.com\/sv\/kollektion\/\"},{\"@type\":\"ListItem\",\"position\":3,\"name\":\"Nordic Drift Trail RCS l\u00e5sbar och l\u00e4ckages\u00e4kra kaffemugg 350, svart\"}]},{\"@type\":\"WebSite\",\"@id\":\"https:\/\/nordic-drift.com\/sv\/#website\",\"url\":\"https:\/\/nordic-drift.com\/sv\/\",\"name\":\"Nordic Drift\",\"description\":\"Built to Last, Made to Explore.\",\"potentialAction\":[{\"@type\":\"SearchAction\",\"target\":{\"@type\":\"EntryPoint\",\"urlTemplate\":\"https:\/\/nordic-drift.com\/sv\/?s={search_term_string}\"},\"query-input\":{\"@type\":\"PropertyValueSpecification\",\"valueRequired\":true,\"valueName\":\"search_term_string\"}}],\"inLanguage\":\"sv-SE\"}]}<\/script>\n<!-- \/ Yoast SEO plugin. -->","yoast_head_json":{"title":"Nordic Drift Trail RCS l\u00e5sbar och l\u00e4ckages\u00e4kra kaffemugg 350, svart - Nordic Drift","robots":{"index":"index","follow":"follow","max-snippet":"max-snippet:-1","max-image-preview":"max-image-preview:large","max-video-preview":"max-video-preview:-1"},"canonical":"https:\/\/nordic-drift.com\/sv\/product\/nordic-drift-trail-rcs-lasbar-och-lackagesakra-kaffemugg-350-svart\/","og_locale":"sv_SE","og_type":"article","og_title":"Nordic Drift Trail RCS l\u00e5sbar och l\u00e4ckages\u00e4kra kaffemugg 350, svart - Nordic Drift","og_description":"Det praktiska handtaget och det l\u00e4ckages\u00e4kra, l\u00e5sbara locket g\u00f6r den perfekt f\u00f6r resor, arbete eller utomhus\u00e4ventyr. Det innovativa locket har en skjutfunktion f\u00f6r att \u00f6ppna och st\u00e4nga, vilket h\u00e5ller din dryck s\u00e4ker samtidigt som det g\u00f6r det enkelt att dricka n\u00e4r du \u00e4r p\u00e5 spr\u00e5ng. L\u00e4ttviktig, h\u00e5llbar och designad f\u00f6r daglig anv\u00e4ndning, kombinerar denna mugg [&hellip;]","og_url":"https:\/\/nordic-drift.com\/sv\/product\/nordic-drift-trail-rcs-lasbar-och-lackagesakra-kaffemugg-350-svart\/","og_site_name":"Nordic Drift","article_modified_time":"2026-03-23T10:16:33+00:00","og_image":[{"width":1024,"height":1024,"url":"https:\/\/nordic-drift.com\/wp-content\/uploads\/sites\/14\/2026\/01\/ND310.0201__S_0__47bb572454e94ac481784b2990559722.jpg","type":"image\/jpeg"}],"twitter_card":"summary_large_image","twitter_misc":{"Ber\u00e4knad l\u00e4stid":"1 minut"},"schema":{"@context":"https:\/\/schema.org","@graph":[{"@type":"WebPage","@id":"https:\/\/nordic-drift.com\/sv\/product\/nordic-drift-trail-rcs-lasbar-och-lackagesakra-kaffemugg-350-svart\/","url":"https:\/\/nordic-drift.com\/sv\/product\/nordic-drift-trail-rcs-lasbar-och-lackagesakra-kaffemugg-350-svart\/","name":"Nordic Drift Trail RCS l\u00e5sbar och l\u00e4ckages\u00e4kra kaffemugg 350, svart - Nordic Drift","isPartOf":{"@id":"https:\/\/nordic-drift.com\/sv\/#website"},"primaryImageOfPage":{"@id":"https:\/\/nordic-drift.com\/sv\/product\/nordic-drift-trail-rcs-lasbar-och-lackagesakra-kaffemugg-350-svart\/#primaryimage"},"image":{"@id":"https:\/\/nordic-drift.com\/sv\/product\/nordic-drift-trail-rcs-lasbar-och-lackagesakra-kaffemugg-350-svart\/#primaryimage"},"thumbnailUrl":"https:\/\/nordic-drift.com\/wp-content\/uploads\/sites\/14\/2026\/01\/ND310.0201__S_0__47bb572454e94ac481784b2990559722.jpg","datePublished":"2026-01-27T14:00:32+00:00","dateModified":"2026-03-23T10:16:33+00:00","breadcrumb":{"@id":"https:\/\/nordic-drift.com\/sv\/product\/nordic-drift-trail-rcs-lasbar-och-lackagesakra-kaffemugg-350-svart\/#breadcrumb"},"inLanguage":"sv-SE","potentialAction":[{"@type":"ReadAction","target":["https:\/\/nordic-drift.com\/sv\/product\/nordic-drift-trail-rcs-lasbar-och-lackagesakra-kaffemugg-350-svart\/"]}]},{"@type":"ImageObject","inLanguage":"sv-SE","@id":"https:\/\/nordic-drift.com\/sv\/product\/nordic-drift-trail-rcs-lasbar-och-lackagesakra-kaffemugg-350-svart\/#primaryimage","url":"https:\/\/nordic-drift.com\/wp-content\/uploads\/sites\/14\/2026\/01\/ND310.0201__S_0__47bb572454e94ac481784b2990559722.jpg","contentUrl":"https:\/\/nordic-drift.com\/wp-content\/uploads\/sites\/14\/2026\/01\/ND310.0201__S_0__47bb572454e94ac481784b2990559722.jpg","width":1024,"height":1024},{"@type":"BreadcrumbList","@id":"https:\/\/nordic-drift.com\/sv\/product\/nordic-drift-trail-rcs-lasbar-och-lackagesakra-kaffemugg-350-svart\/#breadcrumb","itemListElement":[{"@type":"ListItem","position":1,"name":"Home","item":"https:\/\/nordic-drift.com\/sv\/"},{"@type":"ListItem","position":2,"name":"Kollektion","item":"https:\/\/nordic-drift.com\/sv\/kollektion\/"},{"@type":"ListItem","position":3,"name":"Nordic Drift Trail RCS l\u00e5sbar och l\u00e4ckages\u00e4kra kaffemugg 350, svart"}]},{"@type":"WebSite","@id":"https:\/\/nordic-drift.com\/sv\/#website","url":"https:\/\/nordic-drift.com\/sv\/","name":"Nordic Drift","description":"Built to Last, Made to Explore.","potentialAction":[{"@type":"SearchAction","target":{"@type":"EntryPoint","urlTemplate":"https:\/\/nordic-drift.com\/sv\/?s={search_term_string}"},"query-input":{"@type":"PropertyValueSpecification","valueRequired":true,"valueName":"search_term_string"}}],"inLanguage":"sv-SE"}]}},"_links":{"self":[{"href":"https:\/\/nordic-drift.com\/sv\/wp-json\/wp\/v2\/product\/4659","targetHints":{"allow":["GET"]}}],"collection":[{"href":"https:\/\/nordic-drift.com\/sv\/wp-json\/wp\/v2\/product"}],"about":[{"href":"https:\/\/nordic-drift.com\/sv\/wp-json\/wp\/v2\/types\/product"}],"replies":[{"embeddable":true,"href":"https:\/\/nordic-drift.com\/sv\/wp-json\/wp\/v2\/comments?post=4659"}],"wp:featuredmedia":[{"embeddable":true,"href":"https:\/\/nordic-drift.com\/sv\/wp-json\/wp\/v2\/media\/4660"}],"wp:attachment":[{"href":"https:\/\/nordic-drift.com\/sv\/wp-json\/wp\/v2\/media?parent=4659"}],"wp:term":[{"taxonomy":"product_cat","embeddable":true,"href":"https:\/\/nordic-drift.com\/sv\/wp-json\/wp\/v2\/product_cat?post=4659"},{"taxonomy":"product_tag","embeddable":true,"href":"https:\/\/nordic-drift.com\/sv\/wp-json\/wp\/v2\/product_tag?post=4659"}],"curies":[{"name":"wp","href":"https:\/\/api.w.org\/{rel}","templated":true}]}}