{"id":4625,"date":"2026-01-27T14:00:32","date_gmt":"2026-01-27T14:00:32","guid":{"rendered":"https:\/\/nordic-drift.com\/product\/nordic-drift-trail-rcs-isolerad-sportflaska-svart\/"},"modified":"2026-03-23T10:16:31","modified_gmt":"2026-03-23T10:16:31","slug":"nordic-drift-trail-rcs-isolerad-sportflaska-svart","status":"publish","type":"product","link":"https:\/\/nordic-drift.com\/sv\/product\/nordic-drift-trail-rcs-isolerad-sportflaska-svart\/","title":{"rendered":"Nordic Drift Trail RCS isolerad sportflaska, svart"},"content":{"rendered":"<p>Byggd f\u00f6r att h\u00e5lla, skapad f\u00f6r att utforska.<br \/>\nH\u00e5ll v\u00e4tskebalansen vart dina \u00e4ventyr \u00e4n tar dig med Nordic Drift st\u00e5lsportflaska (940ml) i \u00e5tervunnet material. Tillverkad av 72% certifierat \u00e5tervunnet rostfrott st\u00e5l (RCS) vilket ger en kombination av h\u00e5llbarhet och styrka. Den stora kapaciteten ihop med det l\u00e4ckages\u00e4kra locket och avtagbara b\u00e4rhandtaget g\u00f6r flaskan praktisk b\u00e5de f\u00f6r intensiva tr\u00e4ningspass och l\u00e5nga vandringar.<\/p>\n<p>Varje flaska levereras i en premium presentf\u00f6rpackning av FSC\u00ae-certifierat material, vilket g\u00f6r den till ett ansvarsfullt val &#8211; f\u00f6r dig och f\u00f6r planeten.<\/p>\n","protected":false},"excerpt":{"rendered":"<p>Byggd f\u00f6r att h\u00e5lla, skapad f\u00f6r att utforska. H\u00e5ll v\u00e4tskebalansen vart dina \u00e4ventyr \u00e4n tar dig med Nordic Drift st\u00e5lsportflaska (940ml) i \u00e5tervunnet material. Tillverkad av 72% certifierat \u00e5tervunnet rostfrott st\u00e5l (RCS) vilket ger en kombination av h\u00e5llbarhet och styrka. Den stora kapaciteten ihop med det l\u00e4ckages\u00e4kra locket och avtagbara b\u00e4rhandtaget g\u00f6r flaskan praktisk b\u00e5de [&hellip;]<\/p>\n","protected":false},"featured_media":4626,"comment_status":"closed","ping_status":"closed","template":"","meta":{"_acf_changed":false},"product_cat":[110],"product_tag":[],"class_list":["post-4625","product","type-product","status-publish","has-post-thumbnail","hentry","product_cat-flaskor-matforvaring","pa_color-black"],"acf":[],"yoast_head":"<!-- This site is optimized with the Yoast SEO plugin v27.0 - https:\/\/yoast.com\/product\/yoast-seo-wordpress\/ -->\n<title>Nordic Drift Trail RCS isolerad sportflaska, svart - Nordic Drift<\/title>\n<meta name=\"robots\" content=\"index, follow, max-snippet:-1, max-image-preview:large, max-video-preview:-1\" \/>\n<link rel=\"canonical\" href=\"https:\/\/nordic-drift.com\/sv\/product\/nordic-drift-trail-rcs-isolerad-sportflaska-svart\/\" \/>\n<meta property=\"og:locale\" content=\"sv_SE\" \/>\n<meta property=\"og:type\" content=\"article\" \/>\n<meta property=\"og:title\" content=\"Nordic Drift Trail RCS isolerad sportflaska, svart - Nordic Drift\" \/>\n<meta property=\"og:description\" content=\"Byggd f\u00f6r att h\u00e5lla, skapad f\u00f6r att utforska. H\u00e5ll v\u00e4tskebalansen vart dina \u00e4ventyr \u00e4n tar dig med Nordic Drift st\u00e5lsportflaska (940ml) i \u00e5tervunnet material. Tillverkad av 72% certifierat \u00e5tervunnet rostfrott st\u00e5l (RCS) vilket ger en kombination av h\u00e5llbarhet och styrka. Den stora kapaciteten ihop med det l\u00e4ckages\u00e4kra locket och avtagbara b\u00e4rhandtaget g\u00f6r flaskan praktisk b\u00e5de [&hellip;]\" \/>\n<meta property=\"og:url\" content=\"https:\/\/nordic-drift.com\/sv\/product\/nordic-drift-trail-rcs-isolerad-sportflaska-svart\/\" \/>\n<meta property=\"og:site_name\" content=\"Nordic Drift\" \/>\n<meta property=\"article:modified_time\" content=\"2026-03-23T10:16:31+00:00\" \/>\n<meta property=\"og:image\" content=\"https:\/\/nordic-drift.com\/wp-content\/uploads\/sites\/14\/2026\/01\/ND310.0001__S_0__86abba2ac4a84b2b869925ec4b5cd273.jpg\" \/>\n\t<meta property=\"og:image:width\" content=\"1024\" \/>\n\t<meta property=\"og:image:height\" content=\"1024\" \/>\n\t<meta property=\"og:image:type\" content=\"image\/jpeg\" \/>\n<meta name=\"twitter:card\" content=\"summary_large_image\" \/>\n<meta name=\"twitter:label1\" content=\"Ber\u00e4knad l\u00e4stid\" \/>\n\t<meta name=\"twitter:data1\" content=\"1 minut\" \/>\n<script type=\"application\/ld+json\" class=\"yoast-schema-graph\">{\"@context\":\"https:\/\/schema.org\",\"@graph\":[{\"@type\":\"WebPage\",\"@id\":\"https:\/\/nordic-drift.com\/sv\/product\/nordic-drift-trail-rcs-isolerad-sportflaska-svart\/\",\"url\":\"https:\/\/nordic-drift.com\/sv\/product\/nordic-drift-trail-rcs-isolerad-sportflaska-svart\/\",\"name\":\"Nordic Drift Trail RCS isolerad sportflaska, svart - Nordic Drift\",\"isPartOf\":{\"@id\":\"https:\/\/nordic-drift.com\/sv\/#website\"},\"primaryImageOfPage\":{\"@id\":\"https:\/\/nordic-drift.com\/sv\/product\/nordic-drift-trail-rcs-isolerad-sportflaska-svart\/#primaryimage\"},\"image\":{\"@id\":\"https:\/\/nordic-drift.com\/sv\/product\/nordic-drift-trail-rcs-isolerad-sportflaska-svart\/#primaryimage\"},\"thumbnailUrl\":\"https:\/\/nordic-drift.com\/wp-content\/uploads\/sites\/14\/2026\/01\/ND310.0001__S_0__86abba2ac4a84b2b869925ec4b5cd273.jpg\",\"datePublished\":\"2026-01-27T14:00:32+00:00\",\"dateModified\":\"2026-03-23T10:16:31+00:00\",\"breadcrumb\":{\"@id\":\"https:\/\/nordic-drift.com\/sv\/product\/nordic-drift-trail-rcs-isolerad-sportflaska-svart\/#breadcrumb\"},\"inLanguage\":\"sv-SE\",\"potentialAction\":[{\"@type\":\"ReadAction\",\"target\":[\"https:\/\/nordic-drift.com\/sv\/product\/nordic-drift-trail-rcs-isolerad-sportflaska-svart\/\"]}]},{\"@type\":\"ImageObject\",\"inLanguage\":\"sv-SE\",\"@id\":\"https:\/\/nordic-drift.com\/sv\/product\/nordic-drift-trail-rcs-isolerad-sportflaska-svart\/#primaryimage\",\"url\":\"https:\/\/nordic-drift.com\/wp-content\/uploads\/sites\/14\/2026\/01\/ND310.0001__S_0__86abba2ac4a84b2b869925ec4b5cd273.jpg\",\"contentUrl\":\"https:\/\/nordic-drift.com\/wp-content\/uploads\/sites\/14\/2026\/01\/ND310.0001__S_0__86abba2ac4a84b2b869925ec4b5cd273.jpg\",\"width\":1024,\"height\":1024},{\"@type\":\"BreadcrumbList\",\"@id\":\"https:\/\/nordic-drift.com\/sv\/product\/nordic-drift-trail-rcs-isolerad-sportflaska-svart\/#breadcrumb\",\"itemListElement\":[{\"@type\":\"ListItem\",\"position\":1,\"name\":\"Home\",\"item\":\"https:\/\/nordic-drift.com\/sv\/\"},{\"@type\":\"ListItem\",\"position\":2,\"name\":\"Kollektion\",\"item\":\"https:\/\/nordic-drift.com\/sv\/kollektion\/\"},{\"@type\":\"ListItem\",\"position\":3,\"name\":\"Nordic Drift Trail RCS isolerad sportflaska, svart\"}]},{\"@type\":\"WebSite\",\"@id\":\"https:\/\/nordic-drift.com\/sv\/#website\",\"url\":\"https:\/\/nordic-drift.com\/sv\/\",\"name\":\"Nordic Drift\",\"description\":\"Built to Last, Made to Explore.\",\"potentialAction\":[{\"@type\":\"SearchAction\",\"target\":{\"@type\":\"EntryPoint\",\"urlTemplate\":\"https:\/\/nordic-drift.com\/sv\/?s={search_term_string}\"},\"query-input\":{\"@type\":\"PropertyValueSpecification\",\"valueRequired\":true,\"valueName\":\"search_term_string\"}}],\"inLanguage\":\"sv-SE\"}]}<\/script>\n<!-- \/ Yoast SEO plugin. -->","yoast_head_json":{"title":"Nordic Drift Trail RCS isolerad sportflaska, svart - Nordic Drift","robots":{"index":"index","follow":"follow","max-snippet":"max-snippet:-1","max-image-preview":"max-image-preview:large","max-video-preview":"max-video-preview:-1"},"canonical":"https:\/\/nordic-drift.com\/sv\/product\/nordic-drift-trail-rcs-isolerad-sportflaska-svart\/","og_locale":"sv_SE","og_type":"article","og_title":"Nordic Drift Trail RCS isolerad sportflaska, svart - Nordic Drift","og_description":"Byggd f\u00f6r att h\u00e5lla, skapad f\u00f6r att utforska. H\u00e5ll v\u00e4tskebalansen vart dina \u00e4ventyr \u00e4n tar dig med Nordic Drift st\u00e5lsportflaska (940ml) i \u00e5tervunnet material. Tillverkad av 72% certifierat \u00e5tervunnet rostfrott st\u00e5l (RCS) vilket ger en kombination av h\u00e5llbarhet och styrka. Den stora kapaciteten ihop med det l\u00e4ckages\u00e4kra locket och avtagbara b\u00e4rhandtaget g\u00f6r flaskan praktisk b\u00e5de [&hellip;]","og_url":"https:\/\/nordic-drift.com\/sv\/product\/nordic-drift-trail-rcs-isolerad-sportflaska-svart\/","og_site_name":"Nordic Drift","article_modified_time":"2026-03-23T10:16:31+00:00","og_image":[{"width":1024,"height":1024,"url":"https:\/\/nordic-drift.com\/wp-content\/uploads\/sites\/14\/2026\/01\/ND310.0001__S_0__86abba2ac4a84b2b869925ec4b5cd273.jpg","type":"image\/jpeg"}],"twitter_card":"summary_large_image","twitter_misc":{"Ber\u00e4knad l\u00e4stid":"1 minut"},"schema":{"@context":"https:\/\/schema.org","@graph":[{"@type":"WebPage","@id":"https:\/\/nordic-drift.com\/sv\/product\/nordic-drift-trail-rcs-isolerad-sportflaska-svart\/","url":"https:\/\/nordic-drift.com\/sv\/product\/nordic-drift-trail-rcs-isolerad-sportflaska-svart\/","name":"Nordic Drift Trail RCS isolerad sportflaska, svart - Nordic Drift","isPartOf":{"@id":"https:\/\/nordic-drift.com\/sv\/#website"},"primaryImageOfPage":{"@id":"https:\/\/nordic-drift.com\/sv\/product\/nordic-drift-trail-rcs-isolerad-sportflaska-svart\/#primaryimage"},"image":{"@id":"https:\/\/nordic-drift.com\/sv\/product\/nordic-drift-trail-rcs-isolerad-sportflaska-svart\/#primaryimage"},"thumbnailUrl":"https:\/\/nordic-drift.com\/wp-content\/uploads\/sites\/14\/2026\/01\/ND310.0001__S_0__86abba2ac4a84b2b869925ec4b5cd273.jpg","datePublished":"2026-01-27T14:00:32+00:00","dateModified":"2026-03-23T10:16:31+00:00","breadcrumb":{"@id":"https:\/\/nordic-drift.com\/sv\/product\/nordic-drift-trail-rcs-isolerad-sportflaska-svart\/#breadcrumb"},"inLanguage":"sv-SE","potentialAction":[{"@type":"ReadAction","target":["https:\/\/nordic-drift.com\/sv\/product\/nordic-drift-trail-rcs-isolerad-sportflaska-svart\/"]}]},{"@type":"ImageObject","inLanguage":"sv-SE","@id":"https:\/\/nordic-drift.com\/sv\/product\/nordic-drift-trail-rcs-isolerad-sportflaska-svart\/#primaryimage","url":"https:\/\/nordic-drift.com\/wp-content\/uploads\/sites\/14\/2026\/01\/ND310.0001__S_0__86abba2ac4a84b2b869925ec4b5cd273.jpg","contentUrl":"https:\/\/nordic-drift.com\/wp-content\/uploads\/sites\/14\/2026\/01\/ND310.0001__S_0__86abba2ac4a84b2b869925ec4b5cd273.jpg","width":1024,"height":1024},{"@type":"BreadcrumbList","@id":"https:\/\/nordic-drift.com\/sv\/product\/nordic-drift-trail-rcs-isolerad-sportflaska-svart\/#breadcrumb","itemListElement":[{"@type":"ListItem","position":1,"name":"Home","item":"https:\/\/nordic-drift.com\/sv\/"},{"@type":"ListItem","position":2,"name":"Kollektion","item":"https:\/\/nordic-drift.com\/sv\/kollektion\/"},{"@type":"ListItem","position":3,"name":"Nordic Drift Trail RCS isolerad sportflaska, svart"}]},{"@type":"WebSite","@id":"https:\/\/nordic-drift.com\/sv\/#website","url":"https:\/\/nordic-drift.com\/sv\/","name":"Nordic Drift","description":"Built to Last, Made to Explore.","potentialAction":[{"@type":"SearchAction","target":{"@type":"EntryPoint","urlTemplate":"https:\/\/nordic-drift.com\/sv\/?s={search_term_string}"},"query-input":{"@type":"PropertyValueSpecification","valueRequired":true,"valueName":"search_term_string"}}],"inLanguage":"sv-SE"}]}},"_links":{"self":[{"href":"https:\/\/nordic-drift.com\/sv\/wp-json\/wp\/v2\/product\/4625","targetHints":{"allow":["GET"]}}],"collection":[{"href":"https:\/\/nordic-drift.com\/sv\/wp-json\/wp\/v2\/product"}],"about":[{"href":"https:\/\/nordic-drift.com\/sv\/wp-json\/wp\/v2\/types\/product"}],"replies":[{"embeddable":true,"href":"https:\/\/nordic-drift.com\/sv\/wp-json\/wp\/v2\/comments?post=4625"}],"wp:featuredmedia":[{"embeddable":true,"href":"https:\/\/nordic-drift.com\/sv\/wp-json\/wp\/v2\/media\/4626"}],"wp:attachment":[{"href":"https:\/\/nordic-drift.com\/sv\/wp-json\/wp\/v2\/media?parent=4625"}],"wp:term":[{"taxonomy":"product_cat","embeddable":true,"href":"https:\/\/nordic-drift.com\/sv\/wp-json\/wp\/v2\/product_cat?post=4625"},{"taxonomy":"product_tag","embeddable":true,"href":"https:\/\/nordic-drift.com\/sv\/wp-json\/wp\/v2\/product_tag?post=4625"}],"curies":[{"name":"wp","href":"https:\/\/api.w.org\/{rel}","templated":true}]}}