{"id":4615,"date":"2026-01-27T14:00:32","date_gmt":"2026-01-27T14:00:32","guid":{"rendered":"https:\/\/nordic-drift.com\/product\/nordic-drift-storm-rcs-water-repellent-lunch-cooler-bag-svart\/"},"modified":"2026-03-23T10:16:30","modified_gmt":"2026-03-23T10:16:30","slug":"nordic-drift-storm-rcs-water-repellent-lunch-cooler-bag-svart","status":"publish","type":"product","link":"https:\/\/nordic-drift.com\/sv\/product\/nordic-drift-storm-rcs-water-repellent-lunch-cooler-bag-svart\/","title":{"rendered":"Nordic Drift Storm RCS water-repellent lunch cooler bag, svart"},"content":{"rendered":"<p>En praktisk kylv\u00e4ska f\u00f6r lunchl\u00e5dan och andra dagliga behov. Tillverkad av 32% certifierad \u00e5tervunnen polyester (RCS) med en vattenavvisande PU-coating som ger bra skydd mot olika v\u00e4derf\u00f6rh\u00e5llanden samt g\u00f6r den l\u00e4tt att reng\u00f6ra. PEVA-isoleringen h\u00e5ller inneh\u00e5llet vid r\u00e4tt temperatur under l\u00e4ngre tid, vilket g\u00f6r att mat och dryck f\u00f6rblir fr\u00e4scha l\u00e4ngre. En st\u00f6rre ytterficka, ett praktiskt handtag och en rymlig insida som erbjuder plats f\u00f6r b\u00e5de matl\u00e5da och mindre tillbeh\u00f6r g\u00f6r den till den perfekta v\u00e4skan n\u00e4r du \u00e4r p\u00e5 spr\u00e5ng. Alla Nordic Drift-produkter \u00e4r kvalitetstestade. Eftersom vi starkt tror p\u00e5 prestandan och h\u00e5llbarheten hos v\u00e5r utrustning omfattas varje artikel av 5 \u00e5rs garanti mot tillverkningsfel. F\u00f6r fullst\u00e4ndiga detaljer, bes\u00f6k www.nordic-drift.com.<\/p>\n","protected":false},"excerpt":{"rendered":"<p>En praktisk kylv\u00e4ska f\u00f6r lunchl\u00e5dan och andra dagliga behov. Tillverkad av 32% certifierad \u00e5tervunnen polyester (RCS) med en vattenavvisande PU-coating som ger bra skydd mot olika v\u00e4derf\u00f6rh\u00e5llanden samt g\u00f6r den l\u00e4tt att reng\u00f6ra. PEVA-isoleringen h\u00e5ller inneh\u00e5llet vid r\u00e4tt temperatur under l\u00e4ngre tid, vilket g\u00f6r att mat och dryck f\u00f6rblir fr\u00e4scha l\u00e4ngre. En st\u00f6rre ytterficka, ett [&hellip;]<\/p>\n","protected":false},"featured_media":4616,"comment_status":"closed","ping_status":"closed","template":"","meta":{"_acf_changed":false},"product_cat":[100,105],"product_tag":[],"class_list":["post-4615","product","type-product","status-publish","has-post-thumbnail","hentry","product_cat-aware","product_cat-vaskor","pa_color-black"],"acf":[],"yoast_head":"<!-- This site is optimized with the Yoast SEO plugin v27.0 - https:\/\/yoast.com\/product\/yoast-seo-wordpress\/ -->\n<title>Nordic Drift Storm RCS water-repellent lunch cooler bag, svart - Nordic Drift<\/title>\n<meta name=\"robots\" content=\"index, follow, max-snippet:-1, max-image-preview:large, max-video-preview:-1\" \/>\n<link rel=\"canonical\" href=\"https:\/\/nordic-drift.com\/sv\/product\/nordic-drift-storm-rcs-water-repellent-lunch-cooler-bag-svart\/\" \/>\n<meta property=\"og:locale\" content=\"sv_SE\" \/>\n<meta property=\"og:type\" content=\"article\" \/>\n<meta property=\"og:title\" content=\"Nordic Drift Storm RCS water-repellent lunch cooler bag, svart - Nordic Drift\" \/>\n<meta property=\"og:description\" content=\"En praktisk kylv\u00e4ska f\u00f6r lunchl\u00e5dan och andra dagliga behov. Tillverkad av 32% certifierad \u00e5tervunnen polyester (RCS) med en vattenavvisande PU-coating som ger bra skydd mot olika v\u00e4derf\u00f6rh\u00e5llanden samt g\u00f6r den l\u00e4tt att reng\u00f6ra. PEVA-isoleringen h\u00e5ller inneh\u00e5llet vid r\u00e4tt temperatur under l\u00e4ngre tid, vilket g\u00f6r att mat och dryck f\u00f6rblir fr\u00e4scha l\u00e4ngre. En st\u00f6rre ytterficka, ett [&hellip;]\" \/>\n<meta property=\"og:url\" content=\"https:\/\/nordic-drift.com\/sv\/product\/nordic-drift-storm-rcs-water-repellent-lunch-cooler-bag-svart\/\" \/>\n<meta property=\"og:site_name\" content=\"Nordic Drift\" \/>\n<meta property=\"article:modified_time\" content=\"2026-03-23T10:16:30+00:00\" \/>\n<meta property=\"og:image\" content=\"https:\/\/nordic-drift.com\/wp-content\/uploads\/sites\/14\/2026\/01\/ND210.0501__S_0__fc084ae64e664326974e282ad3b0191e.jpg\" \/>\n\t<meta property=\"og:image:width\" content=\"1024\" \/>\n\t<meta property=\"og:image:height\" content=\"1024\" \/>\n\t<meta property=\"og:image:type\" content=\"image\/jpeg\" \/>\n<meta name=\"twitter:card\" content=\"summary_large_image\" \/>\n<meta name=\"twitter:label1\" content=\"Ber\u00e4knad l\u00e4stid\" \/>\n\t<meta name=\"twitter:data1\" content=\"1 minut\" \/>\n<script type=\"application\/ld+json\" class=\"yoast-schema-graph\">{\"@context\":\"https:\/\/schema.org\",\"@graph\":[{\"@type\":\"WebPage\",\"@id\":\"https:\/\/nordic-drift.com\/sv\/product\/nordic-drift-storm-rcs-water-repellent-lunch-cooler-bag-svart\/\",\"url\":\"https:\/\/nordic-drift.com\/sv\/product\/nordic-drift-storm-rcs-water-repellent-lunch-cooler-bag-svart\/\",\"name\":\"Nordic Drift Storm RCS water-repellent lunch cooler bag, svart - Nordic Drift\",\"isPartOf\":{\"@id\":\"https:\/\/nordic-drift.com\/sv\/#website\"},\"primaryImageOfPage\":{\"@id\":\"https:\/\/nordic-drift.com\/sv\/product\/nordic-drift-storm-rcs-water-repellent-lunch-cooler-bag-svart\/#primaryimage\"},\"image\":{\"@id\":\"https:\/\/nordic-drift.com\/sv\/product\/nordic-drift-storm-rcs-water-repellent-lunch-cooler-bag-svart\/#primaryimage\"},\"thumbnailUrl\":\"https:\/\/nordic-drift.com\/wp-content\/uploads\/sites\/14\/2026\/01\/ND210.0501__S_0__fc084ae64e664326974e282ad3b0191e.jpg\",\"datePublished\":\"2026-01-27T14:00:32+00:00\",\"dateModified\":\"2026-03-23T10:16:30+00:00\",\"breadcrumb\":{\"@id\":\"https:\/\/nordic-drift.com\/sv\/product\/nordic-drift-storm-rcs-water-repellent-lunch-cooler-bag-svart\/#breadcrumb\"},\"inLanguage\":\"sv-SE\",\"potentialAction\":[{\"@type\":\"ReadAction\",\"target\":[\"https:\/\/nordic-drift.com\/sv\/product\/nordic-drift-storm-rcs-water-repellent-lunch-cooler-bag-svart\/\"]}]},{\"@type\":\"ImageObject\",\"inLanguage\":\"sv-SE\",\"@id\":\"https:\/\/nordic-drift.com\/sv\/product\/nordic-drift-storm-rcs-water-repellent-lunch-cooler-bag-svart\/#primaryimage\",\"url\":\"https:\/\/nordic-drift.com\/wp-content\/uploads\/sites\/14\/2026\/01\/ND210.0501__S_0__fc084ae64e664326974e282ad3b0191e.jpg\",\"contentUrl\":\"https:\/\/nordic-drift.com\/wp-content\/uploads\/sites\/14\/2026\/01\/ND210.0501__S_0__fc084ae64e664326974e282ad3b0191e.jpg\",\"width\":1024,\"height\":1024},{\"@type\":\"BreadcrumbList\",\"@id\":\"https:\/\/nordic-drift.com\/sv\/product\/nordic-drift-storm-rcs-water-repellent-lunch-cooler-bag-svart\/#breadcrumb\",\"itemListElement\":[{\"@type\":\"ListItem\",\"position\":1,\"name\":\"Home\",\"item\":\"https:\/\/nordic-drift.com\/sv\/\"},{\"@type\":\"ListItem\",\"position\":2,\"name\":\"Kollektion\",\"item\":\"https:\/\/nordic-drift.com\/sv\/kollektion\/\"},{\"@type\":\"ListItem\",\"position\":3,\"name\":\"Nordic Drift Storm RCS water-repellent lunch cooler bag, svart\"}]},{\"@type\":\"WebSite\",\"@id\":\"https:\/\/nordic-drift.com\/sv\/#website\",\"url\":\"https:\/\/nordic-drift.com\/sv\/\",\"name\":\"Nordic Drift\",\"description\":\"Built to Last, Made to Explore.\",\"potentialAction\":[{\"@type\":\"SearchAction\",\"target\":{\"@type\":\"EntryPoint\",\"urlTemplate\":\"https:\/\/nordic-drift.com\/sv\/?s={search_term_string}\"},\"query-input\":{\"@type\":\"PropertyValueSpecification\",\"valueRequired\":true,\"valueName\":\"search_term_string\"}}],\"inLanguage\":\"sv-SE\"}]}<\/script>\n<!-- \/ Yoast SEO plugin. -->","yoast_head_json":{"title":"Nordic Drift Storm RCS water-repellent lunch cooler bag, svart - Nordic Drift","robots":{"index":"index","follow":"follow","max-snippet":"max-snippet:-1","max-image-preview":"max-image-preview:large","max-video-preview":"max-video-preview:-1"},"canonical":"https:\/\/nordic-drift.com\/sv\/product\/nordic-drift-storm-rcs-water-repellent-lunch-cooler-bag-svart\/","og_locale":"sv_SE","og_type":"article","og_title":"Nordic Drift Storm RCS water-repellent lunch cooler bag, svart - Nordic Drift","og_description":"En praktisk kylv\u00e4ska f\u00f6r lunchl\u00e5dan och andra dagliga behov. Tillverkad av 32% certifierad \u00e5tervunnen polyester (RCS) med en vattenavvisande PU-coating som ger bra skydd mot olika v\u00e4derf\u00f6rh\u00e5llanden samt g\u00f6r den l\u00e4tt att reng\u00f6ra. PEVA-isoleringen h\u00e5ller inneh\u00e5llet vid r\u00e4tt temperatur under l\u00e4ngre tid, vilket g\u00f6r att mat och dryck f\u00f6rblir fr\u00e4scha l\u00e4ngre. En st\u00f6rre ytterficka, ett [&hellip;]","og_url":"https:\/\/nordic-drift.com\/sv\/product\/nordic-drift-storm-rcs-water-repellent-lunch-cooler-bag-svart\/","og_site_name":"Nordic Drift","article_modified_time":"2026-03-23T10:16:30+00:00","og_image":[{"width":1024,"height":1024,"url":"https:\/\/nordic-drift.com\/wp-content\/uploads\/sites\/14\/2026\/01\/ND210.0501__S_0__fc084ae64e664326974e282ad3b0191e.jpg","type":"image\/jpeg"}],"twitter_card":"summary_large_image","twitter_misc":{"Ber\u00e4knad l\u00e4stid":"1 minut"},"schema":{"@context":"https:\/\/schema.org","@graph":[{"@type":"WebPage","@id":"https:\/\/nordic-drift.com\/sv\/product\/nordic-drift-storm-rcs-water-repellent-lunch-cooler-bag-svart\/","url":"https:\/\/nordic-drift.com\/sv\/product\/nordic-drift-storm-rcs-water-repellent-lunch-cooler-bag-svart\/","name":"Nordic Drift Storm RCS water-repellent lunch cooler bag, svart - Nordic Drift","isPartOf":{"@id":"https:\/\/nordic-drift.com\/sv\/#website"},"primaryImageOfPage":{"@id":"https:\/\/nordic-drift.com\/sv\/product\/nordic-drift-storm-rcs-water-repellent-lunch-cooler-bag-svart\/#primaryimage"},"image":{"@id":"https:\/\/nordic-drift.com\/sv\/product\/nordic-drift-storm-rcs-water-repellent-lunch-cooler-bag-svart\/#primaryimage"},"thumbnailUrl":"https:\/\/nordic-drift.com\/wp-content\/uploads\/sites\/14\/2026\/01\/ND210.0501__S_0__fc084ae64e664326974e282ad3b0191e.jpg","datePublished":"2026-01-27T14:00:32+00:00","dateModified":"2026-03-23T10:16:30+00:00","breadcrumb":{"@id":"https:\/\/nordic-drift.com\/sv\/product\/nordic-drift-storm-rcs-water-repellent-lunch-cooler-bag-svart\/#breadcrumb"},"inLanguage":"sv-SE","potentialAction":[{"@type":"ReadAction","target":["https:\/\/nordic-drift.com\/sv\/product\/nordic-drift-storm-rcs-water-repellent-lunch-cooler-bag-svart\/"]}]},{"@type":"ImageObject","inLanguage":"sv-SE","@id":"https:\/\/nordic-drift.com\/sv\/product\/nordic-drift-storm-rcs-water-repellent-lunch-cooler-bag-svart\/#primaryimage","url":"https:\/\/nordic-drift.com\/wp-content\/uploads\/sites\/14\/2026\/01\/ND210.0501__S_0__fc084ae64e664326974e282ad3b0191e.jpg","contentUrl":"https:\/\/nordic-drift.com\/wp-content\/uploads\/sites\/14\/2026\/01\/ND210.0501__S_0__fc084ae64e664326974e282ad3b0191e.jpg","width":1024,"height":1024},{"@type":"BreadcrumbList","@id":"https:\/\/nordic-drift.com\/sv\/product\/nordic-drift-storm-rcs-water-repellent-lunch-cooler-bag-svart\/#breadcrumb","itemListElement":[{"@type":"ListItem","position":1,"name":"Home","item":"https:\/\/nordic-drift.com\/sv\/"},{"@type":"ListItem","position":2,"name":"Kollektion","item":"https:\/\/nordic-drift.com\/sv\/kollektion\/"},{"@type":"ListItem","position":3,"name":"Nordic Drift Storm RCS water-repellent lunch cooler bag, svart"}]},{"@type":"WebSite","@id":"https:\/\/nordic-drift.com\/sv\/#website","url":"https:\/\/nordic-drift.com\/sv\/","name":"Nordic Drift","description":"Built to Last, Made to Explore.","potentialAction":[{"@type":"SearchAction","target":{"@type":"EntryPoint","urlTemplate":"https:\/\/nordic-drift.com\/sv\/?s={search_term_string}"},"query-input":{"@type":"PropertyValueSpecification","valueRequired":true,"valueName":"search_term_string"}}],"inLanguage":"sv-SE"}]}},"_links":{"self":[{"href":"https:\/\/nordic-drift.com\/sv\/wp-json\/wp\/v2\/product\/4615","targetHints":{"allow":["GET"]}}],"collection":[{"href":"https:\/\/nordic-drift.com\/sv\/wp-json\/wp\/v2\/product"}],"about":[{"href":"https:\/\/nordic-drift.com\/sv\/wp-json\/wp\/v2\/types\/product"}],"replies":[{"embeddable":true,"href":"https:\/\/nordic-drift.com\/sv\/wp-json\/wp\/v2\/comments?post=4615"}],"wp:featuredmedia":[{"embeddable":true,"href":"https:\/\/nordic-drift.com\/sv\/wp-json\/wp\/v2\/media\/4616"}],"wp:attachment":[{"href":"https:\/\/nordic-drift.com\/sv\/wp-json\/wp\/v2\/media?parent=4615"}],"wp:term":[{"taxonomy":"product_cat","embeddable":true,"href":"https:\/\/nordic-drift.com\/sv\/wp-json\/wp\/v2\/product_cat?post=4615"},{"taxonomy":"product_tag","embeddable":true,"href":"https:\/\/nordic-drift.com\/sv\/wp-json\/wp\/v2\/product_tag?post=4615"}],"curies":[{"name":"wp","href":"https:\/\/api.w.org\/{rel}","templated":true}]}}