{"id":4585,"date":"2026-01-27T14:00:28","date_gmt":"2026-01-27T14:00:28","guid":{"rendered":"https:\/\/nordic-drift.com\/product\/nordic-drift-rcs-water-repellent-cooler-tote-22l-svart\/"},"modified":"2026-03-23T10:16:25","modified_gmt":"2026-03-23T10:16:25","slug":"nordic-drift-rcs-water-repellent-cooler-tote-22l-svart","status":"publish","type":"product","link":"https:\/\/nordic-drift.com\/sv\/product\/nordic-drift-rcs-water-repellent-cooler-tote-22l-svart\/","title":{"rendered":"Nordic Drift RCS water-repellent cooler tote 22L, svart"},"content":{"rendered":"<p>En rymlig kylv\u00e4ska med flexibel roll-top design som erbjuder ett justerbart utrymme p\u00e5 hela 15\u201322 liter. Tillverkad av 34% certifierad \u00e5tervunnen polyester (RCS) med en vattenavvisande PU-coating f\u00f6r enkel reng\u00f6ring samt effektivt skydd mot v\u00e4der och vind. Den extra kraftiga PEVA-isoleringen h\u00e5ller inneh\u00e5llet vid r\u00e4tt temperatur under l\u00e4ngre tid, s\u00e5 att mat och dryck f\u00f6rblir fr\u00e4scha l\u00e4ngre. B\u00e4rsystemet med 2-i-1-funktion erbjuder b\u00e5de bekv\u00e4ma handtag och en justerbar, avtagbar axelrem. Utsidan \u00e4r utrustad med \u00f6glor f\u00f6r karbinhakar, en \u00f6ppen ytterficka och en inbyggd kapsyl\u00f6ppnare som tillsammans ger praktisk funktionalitet f\u00f6r alla \u00e4ventyr. Alla Nordic Drift-produkter \u00e4r kvalitetstestade. Eftersom vi starkt tror p\u00e5 prestandan och h\u00e5llbarheten hos v\u00e5r utrustning omfattas varje artikel av 5 \u00e5rs garanti mot tillverkningsfel. F\u00f6r fullst\u00e4ndiga detaljer, bes\u00f6k www.nordic-drift.com.<\/p>\n","protected":false},"excerpt":{"rendered":"<p>En rymlig kylv\u00e4ska med flexibel roll-top design som erbjuder ett justerbart utrymme p\u00e5 hela 15\u201322 liter. Tillverkad av 34% certifierad \u00e5tervunnen polyester (RCS) med en vattenavvisande PU-coating f\u00f6r enkel reng\u00f6ring samt effektivt skydd mot v\u00e4der och vind. Den extra kraftiga PEVA-isoleringen h\u00e5ller inneh\u00e5llet vid r\u00e4tt temperatur under l\u00e4ngre tid, s\u00e5 att mat och dryck f\u00f6rblir [&hellip;]<\/p>\n","protected":false},"featured_media":4586,"comment_status":"closed","ping_status":"closed","template":"","meta":{"_acf_changed":false},"product_cat":[105],"product_tag":[],"class_list":["post-4585","product","type-product","status-publish","has-post-thumbnail","hentry","product_cat-vaskor","pa_color-black"],"acf":[],"yoast_head":"<!-- This site is optimized with the Yoast SEO plugin v27.0 - https:\/\/yoast.com\/product\/yoast-seo-wordpress\/ -->\n<title>Nordic Drift RCS water-repellent cooler tote 22L, svart - Nordic Drift<\/title>\n<meta name=\"robots\" content=\"index, follow, max-snippet:-1, max-image-preview:large, max-video-preview:-1\" \/>\n<link rel=\"canonical\" href=\"https:\/\/nordic-drift.com\/sv\/product\/nordic-drift-rcs-water-repellent-cooler-tote-22l-svart\/\" \/>\n<meta property=\"og:locale\" content=\"sv_SE\" \/>\n<meta property=\"og:type\" content=\"article\" \/>\n<meta property=\"og:title\" content=\"Nordic Drift RCS water-repellent cooler tote 22L, svart - Nordic Drift\" \/>\n<meta property=\"og:description\" content=\"En rymlig kylv\u00e4ska med flexibel roll-top design som erbjuder ett justerbart utrymme p\u00e5 hela 15\u201322 liter. Tillverkad av 34% certifierad \u00e5tervunnen polyester (RCS) med en vattenavvisande PU-coating f\u00f6r enkel reng\u00f6ring samt effektivt skydd mot v\u00e4der och vind. Den extra kraftiga PEVA-isoleringen h\u00e5ller inneh\u00e5llet vid r\u00e4tt temperatur under l\u00e4ngre tid, s\u00e5 att mat och dryck f\u00f6rblir [&hellip;]\" \/>\n<meta property=\"og:url\" content=\"https:\/\/nordic-drift.com\/sv\/product\/nordic-drift-rcs-water-repellent-cooler-tote-22l-svart\/\" \/>\n<meta property=\"og:site_name\" content=\"Nordic Drift\" \/>\n<meta property=\"article:modified_time\" content=\"2026-03-23T10:16:25+00:00\" \/>\n<meta property=\"og:image\" content=\"https:\/\/nordic-drift.com\/wp-content\/uploads\/sites\/14\/2026\/01\/ND210.0201__S_0__4c3bd3fe36694f51bbb8ccaa54834fd5.jpg\" \/>\n\t<meta property=\"og:image:width\" content=\"1024\" \/>\n\t<meta property=\"og:image:height\" content=\"1024\" \/>\n\t<meta property=\"og:image:type\" content=\"image\/jpeg\" \/>\n<meta name=\"twitter:card\" content=\"summary_large_image\" \/>\n<meta name=\"twitter:label1\" content=\"Ber\u00e4knad l\u00e4stid\" \/>\n\t<meta name=\"twitter:data1\" content=\"1 minut\" \/>\n<script type=\"application\/ld+json\" class=\"yoast-schema-graph\">{\"@context\":\"https:\/\/schema.org\",\"@graph\":[{\"@type\":\"WebPage\",\"@id\":\"https:\/\/nordic-drift.com\/sv\/product\/nordic-drift-rcs-water-repellent-cooler-tote-22l-svart\/\",\"url\":\"https:\/\/nordic-drift.com\/sv\/product\/nordic-drift-rcs-water-repellent-cooler-tote-22l-svart\/\",\"name\":\"Nordic Drift RCS water-repellent cooler tote 22L, svart - Nordic Drift\",\"isPartOf\":{\"@id\":\"https:\/\/nordic-drift.com\/sv\/#website\"},\"primaryImageOfPage\":{\"@id\":\"https:\/\/nordic-drift.com\/sv\/product\/nordic-drift-rcs-water-repellent-cooler-tote-22l-svart\/#primaryimage\"},\"image\":{\"@id\":\"https:\/\/nordic-drift.com\/sv\/product\/nordic-drift-rcs-water-repellent-cooler-tote-22l-svart\/#primaryimage\"},\"thumbnailUrl\":\"https:\/\/nordic-drift.com\/wp-content\/uploads\/sites\/14\/2026\/01\/ND210.0201__S_0__4c3bd3fe36694f51bbb8ccaa54834fd5.jpg\",\"datePublished\":\"2026-01-27T14:00:28+00:00\",\"dateModified\":\"2026-03-23T10:16:25+00:00\",\"breadcrumb\":{\"@id\":\"https:\/\/nordic-drift.com\/sv\/product\/nordic-drift-rcs-water-repellent-cooler-tote-22l-svart\/#breadcrumb\"},\"inLanguage\":\"sv-SE\",\"potentialAction\":[{\"@type\":\"ReadAction\",\"target\":[\"https:\/\/nordic-drift.com\/sv\/product\/nordic-drift-rcs-water-repellent-cooler-tote-22l-svart\/\"]}]},{\"@type\":\"ImageObject\",\"inLanguage\":\"sv-SE\",\"@id\":\"https:\/\/nordic-drift.com\/sv\/product\/nordic-drift-rcs-water-repellent-cooler-tote-22l-svart\/#primaryimage\",\"url\":\"https:\/\/nordic-drift.com\/wp-content\/uploads\/sites\/14\/2026\/01\/ND210.0201__S_0__4c3bd3fe36694f51bbb8ccaa54834fd5.jpg\",\"contentUrl\":\"https:\/\/nordic-drift.com\/wp-content\/uploads\/sites\/14\/2026\/01\/ND210.0201__S_0__4c3bd3fe36694f51bbb8ccaa54834fd5.jpg\",\"width\":1024,\"height\":1024},{\"@type\":\"BreadcrumbList\",\"@id\":\"https:\/\/nordic-drift.com\/sv\/product\/nordic-drift-rcs-water-repellent-cooler-tote-22l-svart\/#breadcrumb\",\"itemListElement\":[{\"@type\":\"ListItem\",\"position\":1,\"name\":\"Home\",\"item\":\"https:\/\/nordic-drift.com\/sv\/\"},{\"@type\":\"ListItem\",\"position\":2,\"name\":\"Kollektion\",\"item\":\"https:\/\/nordic-drift.com\/sv\/kollektion\/\"},{\"@type\":\"ListItem\",\"position\":3,\"name\":\"Nordic Drift RCS water-repellent cooler tote 22L, svart\"}]},{\"@type\":\"WebSite\",\"@id\":\"https:\/\/nordic-drift.com\/sv\/#website\",\"url\":\"https:\/\/nordic-drift.com\/sv\/\",\"name\":\"Nordic Drift\",\"description\":\"Built to Last, Made to Explore.\",\"potentialAction\":[{\"@type\":\"SearchAction\",\"target\":{\"@type\":\"EntryPoint\",\"urlTemplate\":\"https:\/\/nordic-drift.com\/sv\/?s={search_term_string}\"},\"query-input\":{\"@type\":\"PropertyValueSpecification\",\"valueRequired\":true,\"valueName\":\"search_term_string\"}}],\"inLanguage\":\"sv-SE\"}]}<\/script>\n<!-- \/ Yoast SEO plugin. -->","yoast_head_json":{"title":"Nordic Drift RCS water-repellent cooler tote 22L, svart - Nordic Drift","robots":{"index":"index","follow":"follow","max-snippet":"max-snippet:-1","max-image-preview":"max-image-preview:large","max-video-preview":"max-video-preview:-1"},"canonical":"https:\/\/nordic-drift.com\/sv\/product\/nordic-drift-rcs-water-repellent-cooler-tote-22l-svart\/","og_locale":"sv_SE","og_type":"article","og_title":"Nordic Drift RCS water-repellent cooler tote 22L, svart - Nordic Drift","og_description":"En rymlig kylv\u00e4ska med flexibel roll-top design som erbjuder ett justerbart utrymme p\u00e5 hela 15\u201322 liter. Tillverkad av 34% certifierad \u00e5tervunnen polyester (RCS) med en vattenavvisande PU-coating f\u00f6r enkel reng\u00f6ring samt effektivt skydd mot v\u00e4der och vind. Den extra kraftiga PEVA-isoleringen h\u00e5ller inneh\u00e5llet vid r\u00e4tt temperatur under l\u00e4ngre tid, s\u00e5 att mat och dryck f\u00f6rblir [&hellip;]","og_url":"https:\/\/nordic-drift.com\/sv\/product\/nordic-drift-rcs-water-repellent-cooler-tote-22l-svart\/","og_site_name":"Nordic Drift","article_modified_time":"2026-03-23T10:16:25+00:00","og_image":[{"width":1024,"height":1024,"url":"https:\/\/nordic-drift.com\/wp-content\/uploads\/sites\/14\/2026\/01\/ND210.0201__S_0__4c3bd3fe36694f51bbb8ccaa54834fd5.jpg","type":"image\/jpeg"}],"twitter_card":"summary_large_image","twitter_misc":{"Ber\u00e4knad l\u00e4stid":"1 minut"},"schema":{"@context":"https:\/\/schema.org","@graph":[{"@type":"WebPage","@id":"https:\/\/nordic-drift.com\/sv\/product\/nordic-drift-rcs-water-repellent-cooler-tote-22l-svart\/","url":"https:\/\/nordic-drift.com\/sv\/product\/nordic-drift-rcs-water-repellent-cooler-tote-22l-svart\/","name":"Nordic Drift RCS water-repellent cooler tote 22L, svart - Nordic Drift","isPartOf":{"@id":"https:\/\/nordic-drift.com\/sv\/#website"},"primaryImageOfPage":{"@id":"https:\/\/nordic-drift.com\/sv\/product\/nordic-drift-rcs-water-repellent-cooler-tote-22l-svart\/#primaryimage"},"image":{"@id":"https:\/\/nordic-drift.com\/sv\/product\/nordic-drift-rcs-water-repellent-cooler-tote-22l-svart\/#primaryimage"},"thumbnailUrl":"https:\/\/nordic-drift.com\/wp-content\/uploads\/sites\/14\/2026\/01\/ND210.0201__S_0__4c3bd3fe36694f51bbb8ccaa54834fd5.jpg","datePublished":"2026-01-27T14:00:28+00:00","dateModified":"2026-03-23T10:16:25+00:00","breadcrumb":{"@id":"https:\/\/nordic-drift.com\/sv\/product\/nordic-drift-rcs-water-repellent-cooler-tote-22l-svart\/#breadcrumb"},"inLanguage":"sv-SE","potentialAction":[{"@type":"ReadAction","target":["https:\/\/nordic-drift.com\/sv\/product\/nordic-drift-rcs-water-repellent-cooler-tote-22l-svart\/"]}]},{"@type":"ImageObject","inLanguage":"sv-SE","@id":"https:\/\/nordic-drift.com\/sv\/product\/nordic-drift-rcs-water-repellent-cooler-tote-22l-svart\/#primaryimage","url":"https:\/\/nordic-drift.com\/wp-content\/uploads\/sites\/14\/2026\/01\/ND210.0201__S_0__4c3bd3fe36694f51bbb8ccaa54834fd5.jpg","contentUrl":"https:\/\/nordic-drift.com\/wp-content\/uploads\/sites\/14\/2026\/01\/ND210.0201__S_0__4c3bd3fe36694f51bbb8ccaa54834fd5.jpg","width":1024,"height":1024},{"@type":"BreadcrumbList","@id":"https:\/\/nordic-drift.com\/sv\/product\/nordic-drift-rcs-water-repellent-cooler-tote-22l-svart\/#breadcrumb","itemListElement":[{"@type":"ListItem","position":1,"name":"Home","item":"https:\/\/nordic-drift.com\/sv\/"},{"@type":"ListItem","position":2,"name":"Kollektion","item":"https:\/\/nordic-drift.com\/sv\/kollektion\/"},{"@type":"ListItem","position":3,"name":"Nordic Drift RCS water-repellent cooler tote 22L, svart"}]},{"@type":"WebSite","@id":"https:\/\/nordic-drift.com\/sv\/#website","url":"https:\/\/nordic-drift.com\/sv\/","name":"Nordic Drift","description":"Built to Last, Made to Explore.","potentialAction":[{"@type":"SearchAction","target":{"@type":"EntryPoint","urlTemplate":"https:\/\/nordic-drift.com\/sv\/?s={search_term_string}"},"query-input":{"@type":"PropertyValueSpecification","valueRequired":true,"valueName":"search_term_string"}}],"inLanguage":"sv-SE"}]}},"_links":{"self":[{"href":"https:\/\/nordic-drift.com\/sv\/wp-json\/wp\/v2\/product\/4585","targetHints":{"allow":["GET"]}}],"collection":[{"href":"https:\/\/nordic-drift.com\/sv\/wp-json\/wp\/v2\/product"}],"about":[{"href":"https:\/\/nordic-drift.com\/sv\/wp-json\/wp\/v2\/types\/product"}],"replies":[{"embeddable":true,"href":"https:\/\/nordic-drift.com\/sv\/wp-json\/wp\/v2\/comments?post=4585"}],"wp:featuredmedia":[{"embeddable":true,"href":"https:\/\/nordic-drift.com\/sv\/wp-json\/wp\/v2\/media\/4586"}],"wp:attachment":[{"href":"https:\/\/nordic-drift.com\/sv\/wp-json\/wp\/v2\/media?parent=4585"}],"wp:term":[{"taxonomy":"product_cat","embeddable":true,"href":"https:\/\/nordic-drift.com\/sv\/wp-json\/wp\/v2\/product_cat?post=4585"},{"taxonomy":"product_tag","embeddable":true,"href":"https:\/\/nordic-drift.com\/sv\/wp-json\/wp\/v2\/product_tag?post=4585"}],"curies":[{"name":"wp","href":"https:\/\/api.w.org\/{rel}","templated":true}]}}