{"id":4559,"date":"2026-01-27T14:00:28","date_gmt":"2026-01-27T14:00:28","guid":{"rendered":"https:\/\/nordic-drift.com\/product\/nordic-drift-trail-rcs-crossbody-vaska-4l-svart\/"},"modified":"2026-03-23T10:16:23","modified_gmt":"2026-03-23T10:16:23","slug":"nordic-drift-trail-rcs-crossbody-vaska-4l-svart","status":"publish","type":"product","link":"https:\/\/nordic-drift.com\/sv\/product\/nordic-drift-trail-rcs-crossbody-vaska-4l-svart\/","title":{"rendered":"Nordic Drift Trail RCS Crossbody v\u00e4ska 4L, svart"},"content":{"rendered":"<p>Nordic Drift Trail RCS Crossbody v\u00e4ska 4 L kombinerar smart organisering med en l\u00e4tt, PVC-fri design (21 \u00d7 8 \u00d7 22 cm, 184 g). Tillverkad av RCS-certifierad \u00e5tervunnen polyester med svart utf\u00f6rande och orange detaljer.<\/p>\n<p>V\u00e4skan har ett huvudfack med mesh- och elastiska fickor, nyckelh\u00e5llare, vattent\u00e4t frontficka, reflexlogotyp och ergonomisk ryggpanel i mesh. Inklusive justerbar rem p\u00e5 120 cm och full sp\u00e5rbarhet via DPP-QR-koder. En kompakt och h\u00e5llbar vardagsklassiker.<\/p>\n<p>Varje v\u00e4ska levereras med en exklusiv FSC\u00ae-certifierad hangtag med detaljerad information, vilket g\u00f6r den till ett ansvarsfullt val \u2013 f\u00f6r dig och f\u00f6r planeten.<\/p>\n<p>Alla Nordic Drift-produkter \u00e4r kvalitetstestade. Eftersom vi starkt tror p\u00e5 prestandan och h\u00e5llbarheten hos v\u00e5r utrustning omfattas varje produkt av 5 \u00e5rs garanti mot tillverkningsfel. F\u00f6r fullst\u00e4ndig information, bes\u00f6k www.nordic-drift.com<\/p>\n","protected":false},"excerpt":{"rendered":"<p>Nordic Drift Trail RCS Crossbody v\u00e4ska 4 L kombinerar smart organisering med en l\u00e4tt, PVC-fri design (21 \u00d7 8 \u00d7 22 cm, 184 g). Tillverkad av RCS-certifierad \u00e5tervunnen polyester med svart utf\u00f6rande och orange detaljer. V\u00e4skan har ett huvudfack med mesh- och elastiska fickor, nyckelh\u00e5llare, vattent\u00e4t frontficka, reflexlogotyp och ergonomisk ryggpanel i mesh. Inklusive justerbar [&hellip;]<\/p>\n","protected":false},"featured_media":4560,"comment_status":"closed","ping_status":"closed","template":"","meta":{"_acf_changed":false},"product_cat":[100,105],"product_tag":[],"class_list":["post-4559","product","type-product","status-publish","has-post-thumbnail","hentry","product_cat-aware","product_cat-vaskor","pa_color-black","pa_color-orange"],"acf":[],"yoast_head":"<!-- This site is optimized with the Yoast SEO plugin v27.0 - https:\/\/yoast.com\/product\/yoast-seo-wordpress\/ -->\n<title>Nordic Drift Trail RCS Crossbody v\u00e4ska 4L, svart - Nordic Drift<\/title>\n<meta name=\"robots\" content=\"index, follow, max-snippet:-1, max-image-preview:large, max-video-preview:-1\" \/>\n<link rel=\"canonical\" href=\"https:\/\/nordic-drift.com\/sv\/product\/nordic-drift-trail-rcs-crossbody-vaska-4l-svart\/\" \/>\n<meta property=\"og:locale\" content=\"sv_SE\" \/>\n<meta property=\"og:type\" content=\"article\" \/>\n<meta property=\"og:title\" content=\"Nordic Drift Trail RCS Crossbody v\u00e4ska 4L, svart - Nordic Drift\" \/>\n<meta property=\"og:description\" content=\"Nordic Drift Trail RCS Crossbody v\u00e4ska 4 L kombinerar smart organisering med en l\u00e4tt, PVC-fri design (21 \u00d7 8 \u00d7 22 cm, 184 g). Tillverkad av RCS-certifierad \u00e5tervunnen polyester med svart utf\u00f6rande och orange detaljer. V\u00e4skan har ett huvudfack med mesh- och elastiska fickor, nyckelh\u00e5llare, vattent\u00e4t frontficka, reflexlogotyp och ergonomisk ryggpanel i mesh. Inklusive justerbar [&hellip;]\" \/>\n<meta property=\"og:url\" content=\"https:\/\/nordic-drift.com\/sv\/product\/nordic-drift-trail-rcs-crossbody-vaska-4l-svart\/\" \/>\n<meta property=\"og:site_name\" content=\"Nordic Drift\" \/>\n<meta property=\"article:modified_time\" content=\"2026-03-23T10:16:23+00:00\" \/>\n<meta property=\"og:image\" content=\"https:\/\/nordic-drift.com\/wp-content\/uploads\/sites\/14\/2026\/01\/ND200.0401__S_0__425f691f78574154b77220e223097cea.jpg\" \/>\n\t<meta property=\"og:image:width\" content=\"1024\" \/>\n\t<meta property=\"og:image:height\" content=\"1024\" \/>\n\t<meta property=\"og:image:type\" content=\"image\/jpeg\" \/>\n<meta name=\"twitter:card\" content=\"summary_large_image\" \/>\n<meta name=\"twitter:label1\" content=\"Ber\u00e4knad l\u00e4stid\" \/>\n\t<meta name=\"twitter:data1\" content=\"1 minut\" \/>\n<script type=\"application\/ld+json\" class=\"yoast-schema-graph\">{\"@context\":\"https:\/\/schema.org\",\"@graph\":[{\"@type\":\"WebPage\",\"@id\":\"https:\/\/nordic-drift.com\/sv\/product\/nordic-drift-trail-rcs-crossbody-vaska-4l-svart\/\",\"url\":\"https:\/\/nordic-drift.com\/sv\/product\/nordic-drift-trail-rcs-crossbody-vaska-4l-svart\/\",\"name\":\"Nordic Drift Trail RCS Crossbody v\u00e4ska 4L, svart - Nordic Drift\",\"isPartOf\":{\"@id\":\"https:\/\/nordic-drift.com\/sv\/#website\"},\"primaryImageOfPage\":{\"@id\":\"https:\/\/nordic-drift.com\/sv\/product\/nordic-drift-trail-rcs-crossbody-vaska-4l-svart\/#primaryimage\"},\"image\":{\"@id\":\"https:\/\/nordic-drift.com\/sv\/product\/nordic-drift-trail-rcs-crossbody-vaska-4l-svart\/#primaryimage\"},\"thumbnailUrl\":\"https:\/\/nordic-drift.com\/wp-content\/uploads\/sites\/14\/2026\/01\/ND200.0401__S_0__425f691f78574154b77220e223097cea.jpg\",\"datePublished\":\"2026-01-27T14:00:28+00:00\",\"dateModified\":\"2026-03-23T10:16:23+00:00\",\"breadcrumb\":{\"@id\":\"https:\/\/nordic-drift.com\/sv\/product\/nordic-drift-trail-rcs-crossbody-vaska-4l-svart\/#breadcrumb\"},\"inLanguage\":\"sv-SE\",\"potentialAction\":[{\"@type\":\"ReadAction\",\"target\":[\"https:\/\/nordic-drift.com\/sv\/product\/nordic-drift-trail-rcs-crossbody-vaska-4l-svart\/\"]}]},{\"@type\":\"ImageObject\",\"inLanguage\":\"sv-SE\",\"@id\":\"https:\/\/nordic-drift.com\/sv\/product\/nordic-drift-trail-rcs-crossbody-vaska-4l-svart\/#primaryimage\",\"url\":\"https:\/\/nordic-drift.com\/wp-content\/uploads\/sites\/14\/2026\/01\/ND200.0401__S_0__425f691f78574154b77220e223097cea.jpg\",\"contentUrl\":\"https:\/\/nordic-drift.com\/wp-content\/uploads\/sites\/14\/2026\/01\/ND200.0401__S_0__425f691f78574154b77220e223097cea.jpg\",\"width\":1024,\"height\":1024},{\"@type\":\"BreadcrumbList\",\"@id\":\"https:\/\/nordic-drift.com\/sv\/product\/nordic-drift-trail-rcs-crossbody-vaska-4l-svart\/#breadcrumb\",\"itemListElement\":[{\"@type\":\"ListItem\",\"position\":1,\"name\":\"Home\",\"item\":\"https:\/\/nordic-drift.com\/sv\/\"},{\"@type\":\"ListItem\",\"position\":2,\"name\":\"Kollektion\",\"item\":\"https:\/\/nordic-drift.com\/sv\/kollektion\/\"},{\"@type\":\"ListItem\",\"position\":3,\"name\":\"Nordic Drift Trail RCS Crossbody v\u00e4ska 4L, svart\"}]},{\"@type\":\"WebSite\",\"@id\":\"https:\/\/nordic-drift.com\/sv\/#website\",\"url\":\"https:\/\/nordic-drift.com\/sv\/\",\"name\":\"Nordic Drift\",\"description\":\"Built to Last, Made to Explore.\",\"potentialAction\":[{\"@type\":\"SearchAction\",\"target\":{\"@type\":\"EntryPoint\",\"urlTemplate\":\"https:\/\/nordic-drift.com\/sv\/?s={search_term_string}\"},\"query-input\":{\"@type\":\"PropertyValueSpecification\",\"valueRequired\":true,\"valueName\":\"search_term_string\"}}],\"inLanguage\":\"sv-SE\"}]}<\/script>\n<!-- \/ Yoast SEO plugin. -->","yoast_head_json":{"title":"Nordic Drift Trail RCS Crossbody v\u00e4ska 4L, svart - Nordic Drift","robots":{"index":"index","follow":"follow","max-snippet":"max-snippet:-1","max-image-preview":"max-image-preview:large","max-video-preview":"max-video-preview:-1"},"canonical":"https:\/\/nordic-drift.com\/sv\/product\/nordic-drift-trail-rcs-crossbody-vaska-4l-svart\/","og_locale":"sv_SE","og_type":"article","og_title":"Nordic Drift Trail RCS Crossbody v\u00e4ska 4L, svart - Nordic Drift","og_description":"Nordic Drift Trail RCS Crossbody v\u00e4ska 4 L kombinerar smart organisering med en l\u00e4tt, PVC-fri design (21 \u00d7 8 \u00d7 22 cm, 184 g). Tillverkad av RCS-certifierad \u00e5tervunnen polyester med svart utf\u00f6rande och orange detaljer. V\u00e4skan har ett huvudfack med mesh- och elastiska fickor, nyckelh\u00e5llare, vattent\u00e4t frontficka, reflexlogotyp och ergonomisk ryggpanel i mesh. Inklusive justerbar [&hellip;]","og_url":"https:\/\/nordic-drift.com\/sv\/product\/nordic-drift-trail-rcs-crossbody-vaska-4l-svart\/","og_site_name":"Nordic Drift","article_modified_time":"2026-03-23T10:16:23+00:00","og_image":[{"width":1024,"height":1024,"url":"https:\/\/nordic-drift.com\/wp-content\/uploads\/sites\/14\/2026\/01\/ND200.0401__S_0__425f691f78574154b77220e223097cea.jpg","type":"image\/jpeg"}],"twitter_card":"summary_large_image","twitter_misc":{"Ber\u00e4knad l\u00e4stid":"1 minut"},"schema":{"@context":"https:\/\/schema.org","@graph":[{"@type":"WebPage","@id":"https:\/\/nordic-drift.com\/sv\/product\/nordic-drift-trail-rcs-crossbody-vaska-4l-svart\/","url":"https:\/\/nordic-drift.com\/sv\/product\/nordic-drift-trail-rcs-crossbody-vaska-4l-svart\/","name":"Nordic Drift Trail RCS Crossbody v\u00e4ska 4L, svart - Nordic Drift","isPartOf":{"@id":"https:\/\/nordic-drift.com\/sv\/#website"},"primaryImageOfPage":{"@id":"https:\/\/nordic-drift.com\/sv\/product\/nordic-drift-trail-rcs-crossbody-vaska-4l-svart\/#primaryimage"},"image":{"@id":"https:\/\/nordic-drift.com\/sv\/product\/nordic-drift-trail-rcs-crossbody-vaska-4l-svart\/#primaryimage"},"thumbnailUrl":"https:\/\/nordic-drift.com\/wp-content\/uploads\/sites\/14\/2026\/01\/ND200.0401__S_0__425f691f78574154b77220e223097cea.jpg","datePublished":"2026-01-27T14:00:28+00:00","dateModified":"2026-03-23T10:16:23+00:00","breadcrumb":{"@id":"https:\/\/nordic-drift.com\/sv\/product\/nordic-drift-trail-rcs-crossbody-vaska-4l-svart\/#breadcrumb"},"inLanguage":"sv-SE","potentialAction":[{"@type":"ReadAction","target":["https:\/\/nordic-drift.com\/sv\/product\/nordic-drift-trail-rcs-crossbody-vaska-4l-svart\/"]}]},{"@type":"ImageObject","inLanguage":"sv-SE","@id":"https:\/\/nordic-drift.com\/sv\/product\/nordic-drift-trail-rcs-crossbody-vaska-4l-svart\/#primaryimage","url":"https:\/\/nordic-drift.com\/wp-content\/uploads\/sites\/14\/2026\/01\/ND200.0401__S_0__425f691f78574154b77220e223097cea.jpg","contentUrl":"https:\/\/nordic-drift.com\/wp-content\/uploads\/sites\/14\/2026\/01\/ND200.0401__S_0__425f691f78574154b77220e223097cea.jpg","width":1024,"height":1024},{"@type":"BreadcrumbList","@id":"https:\/\/nordic-drift.com\/sv\/product\/nordic-drift-trail-rcs-crossbody-vaska-4l-svart\/#breadcrumb","itemListElement":[{"@type":"ListItem","position":1,"name":"Home","item":"https:\/\/nordic-drift.com\/sv\/"},{"@type":"ListItem","position":2,"name":"Kollektion","item":"https:\/\/nordic-drift.com\/sv\/kollektion\/"},{"@type":"ListItem","position":3,"name":"Nordic Drift Trail RCS Crossbody v\u00e4ska 4L, svart"}]},{"@type":"WebSite","@id":"https:\/\/nordic-drift.com\/sv\/#website","url":"https:\/\/nordic-drift.com\/sv\/","name":"Nordic Drift","description":"Built to Last, Made to Explore.","potentialAction":[{"@type":"SearchAction","target":{"@type":"EntryPoint","urlTemplate":"https:\/\/nordic-drift.com\/sv\/?s={search_term_string}"},"query-input":{"@type":"PropertyValueSpecification","valueRequired":true,"valueName":"search_term_string"}}],"inLanguage":"sv-SE"}]}},"_links":{"self":[{"href":"https:\/\/nordic-drift.com\/sv\/wp-json\/wp\/v2\/product\/4559","targetHints":{"allow":["GET"]}}],"collection":[{"href":"https:\/\/nordic-drift.com\/sv\/wp-json\/wp\/v2\/product"}],"about":[{"href":"https:\/\/nordic-drift.com\/sv\/wp-json\/wp\/v2\/types\/product"}],"replies":[{"embeddable":true,"href":"https:\/\/nordic-drift.com\/sv\/wp-json\/wp\/v2\/comments?post=4559"}],"wp:featuredmedia":[{"embeddable":true,"href":"https:\/\/nordic-drift.com\/sv\/wp-json\/wp\/v2\/media\/4560"}],"wp:attachment":[{"href":"https:\/\/nordic-drift.com\/sv\/wp-json\/wp\/v2\/media?parent=4559"}],"wp:term":[{"taxonomy":"product_cat","embeddable":true,"href":"https:\/\/nordic-drift.com\/sv\/wp-json\/wp\/v2\/product_cat?post=4559"},{"taxonomy":"product_tag","embeddable":true,"href":"https:\/\/nordic-drift.com\/sv\/wp-json\/wp\/v2\/product_tag?post=4559"}],"curies":[{"name":"wp","href":"https:\/\/api.w.org\/{rel}","templated":true}]}}