{"id":4459,"date":"2026-01-27T14:00:28","date_gmt":"2026-01-27T14:00:28","guid":{"rendered":"https:\/\/nordic-drift.com\/product\/nordic-drift-trail-23-aware-rpet-paraply-auto-oppn-stangn-svart\/"},"modified":"2026-03-23T10:16:17","modified_gmt":"2026-03-23T10:16:17","slug":"nordic-drift-trail-23-aware-rpet-paraply-auto-oppn-stangn-svart","status":"publish","type":"product","link":"https:\/\/nordic-drift.com\/sv\/product\/nordic-drift-trail-23-aware-rpet-paraply-auto-oppn-stangn-svart\/","title":{"rendered":"Nordic Drift Trail 23&#8243; AWARE\u2122 RPET Paraply auto \u00f6ppn\/st\u00e4ngn, svart"},"content":{"rendered":"<p>Nordic Drift Trail 23&#8243; AWARE\u2122 RPET paraply erbjuder UPF 50+ sol- och stormskydd i en slitstark och milj\u00f6v\u00e4nlig design. Tillverkat av 100\u202f% rPET 190T med AWARE\u2122-sp\u00e5rning, st\u00e5lskaft, glasfiberribbor (8 paneler) och funktion f\u00f6r automatisk \u00f6ppning och st\u00e4ngning.<\/p>\n<p> Kompakt (31,5 \u00d7 \u00d87 cm hopf\u00e4llt, kupol \u00d8116 cm, 376\u202fg) med EVA-handtag, justerbar rem, metallspets och reflexlogotyp fr\u00e5n Nordic Drift. Levereras med fodral och \u00e4r fullt sp\u00e5rbart via DPP-QR-koder. <\/p>\n<p>Varje paraply levereras med en exklusiv FSC\u00ae-certifierad hangtag med detaljerad information, vilket g\u00f6r det till ett ansvarsfullt val \u2013 f\u00f6r dig och f\u00f6r planeten. Alla Nordic Drift-produkter \u00e4r kvalitetstestade. Eftersom vi starkt tror p\u00e5 prestandan och h\u00e5llbarheten hos v\u00e5r utrustning omfattas varje produkt av 5 \u00e5rs garanti mot tillverkningsfel. F\u00f6r fullst\u00e4ndig information, bes\u00f6k www.nordic-drift.com<\/p>\n","protected":false},"excerpt":{"rendered":"<p>Nordic Drift Trail 23&#8243; AWARE\u2122 RPET paraply erbjuder UPF 50+ sol- och stormskydd i en slitstark och milj\u00f6v\u00e4nlig design. Tillverkat av 100\u202f% rPET 190T med AWARE\u2122-sp\u00e5rning, st\u00e5lskaft, glasfiberribbor (8 paneler) och funktion f\u00f6r automatisk \u00f6ppning och st\u00e4ngning. Kompakt (31,5 \u00d7 \u00d87 cm hopf\u00e4llt, kupol \u00d8116 cm, 376\u202fg) med EVA-handtag, justerbar rem, metallspets och reflexlogotyp fr\u00e5n [&hellip;]<\/p>\n","protected":false},"featured_media":4460,"comment_status":"closed","ping_status":"closed","template":"","meta":{"_acf_changed":false},"product_cat":[94,100],"product_tag":[],"class_list":["post-4459","product","type-product","status-publish","has-post-thumbnail","hentry","product_cat-accessoarer","product_cat-aware","pa_color-black"],"acf":[],"yoast_head":"<!-- This site is optimized with the Yoast SEO plugin v27.0 - https:\/\/yoast.com\/product\/yoast-seo-wordpress\/ -->\n<title>Nordic Drift Trail 23&quot; AWARE\u2122 RPET Paraply auto \u00f6ppn\/st\u00e4ngn, svart - Nordic Drift<\/title>\n<meta name=\"robots\" content=\"index, follow, max-snippet:-1, max-image-preview:large, max-video-preview:-1\" \/>\n<link rel=\"canonical\" href=\"https:\/\/nordic-drift.com\/sv\/product\/nordic-drift-trail-23-aware-rpet-paraply-auto-oppn-stangn-svart\/\" \/>\n<meta property=\"og:locale\" content=\"sv_SE\" \/>\n<meta property=\"og:type\" content=\"article\" \/>\n<meta property=\"og:title\" content=\"Nordic Drift Trail 23&quot; AWARE\u2122 RPET Paraply auto \u00f6ppn\/st\u00e4ngn, svart - Nordic Drift\" \/>\n<meta property=\"og:description\" content=\"Nordic Drift Trail 23&#8243; AWARE\u2122 RPET paraply erbjuder UPF 50+ sol- och stormskydd i en slitstark och milj\u00f6v\u00e4nlig design. Tillverkat av 100\u202f% rPET 190T med AWARE\u2122-sp\u00e5rning, st\u00e5lskaft, glasfiberribbor (8 paneler) och funktion f\u00f6r automatisk \u00f6ppning och st\u00e4ngning. Kompakt (31,5 \u00d7 \u00d87 cm hopf\u00e4llt, kupol \u00d8116 cm, 376\u202fg) med EVA-handtag, justerbar rem, metallspets och reflexlogotyp fr\u00e5n [&hellip;]\" \/>\n<meta property=\"og:url\" content=\"https:\/\/nordic-drift.com\/sv\/product\/nordic-drift-trail-23-aware-rpet-paraply-auto-oppn-stangn-svart\/\" \/>\n<meta property=\"og:site_name\" content=\"Nordic Drift\" \/>\n<meta property=\"article:modified_time\" content=\"2026-03-23T10:16:17+00:00\" \/>\n<meta property=\"og:image\" content=\"https:\/\/nordic-drift.com\/wp-content\/uploads\/sites\/14\/2026\/02\/ND160.0001__S_0__d2a33f455f5a440b84da1a1b8e33dbca.jpg\" \/>\n\t<meta property=\"og:image:width\" content=\"1024\" \/>\n\t<meta property=\"og:image:height\" content=\"1024\" \/>\n\t<meta property=\"og:image:type\" content=\"image\/jpeg\" \/>\n<meta name=\"twitter:card\" content=\"summary_large_image\" \/>\n<meta name=\"twitter:label1\" content=\"Ber\u00e4knad l\u00e4stid\" \/>\n\t<meta name=\"twitter:data1\" content=\"1 minut\" \/>\n<script type=\"application\/ld+json\" class=\"yoast-schema-graph\">{\"@context\":\"https:\/\/schema.org\",\"@graph\":[{\"@type\":\"WebPage\",\"@id\":\"https:\/\/nordic-drift.com\/sv\/product\/nordic-drift-trail-23-aware-rpet-paraply-auto-oppn-stangn-svart\/\",\"url\":\"https:\/\/nordic-drift.com\/sv\/product\/nordic-drift-trail-23-aware-rpet-paraply-auto-oppn-stangn-svart\/\",\"name\":\"Nordic Drift Trail 23\\\" AWARE\u2122 RPET Paraply auto \u00f6ppn\/st\u00e4ngn, svart - Nordic Drift\",\"isPartOf\":{\"@id\":\"https:\/\/nordic-drift.com\/sv\/#website\"},\"primaryImageOfPage\":{\"@id\":\"https:\/\/nordic-drift.com\/sv\/product\/nordic-drift-trail-23-aware-rpet-paraply-auto-oppn-stangn-svart\/#primaryimage\"},\"image\":{\"@id\":\"https:\/\/nordic-drift.com\/sv\/product\/nordic-drift-trail-23-aware-rpet-paraply-auto-oppn-stangn-svart\/#primaryimage\"},\"thumbnailUrl\":\"https:\/\/nordic-drift.com\/wp-content\/uploads\/sites\/14\/2026\/02\/ND160.0001__S_0__d2a33f455f5a440b84da1a1b8e33dbca.jpg\",\"datePublished\":\"2026-01-27T14:00:28+00:00\",\"dateModified\":\"2026-03-23T10:16:17+00:00\",\"breadcrumb\":{\"@id\":\"https:\/\/nordic-drift.com\/sv\/product\/nordic-drift-trail-23-aware-rpet-paraply-auto-oppn-stangn-svart\/#breadcrumb\"},\"inLanguage\":\"sv-SE\",\"potentialAction\":[{\"@type\":\"ReadAction\",\"target\":[\"https:\/\/nordic-drift.com\/sv\/product\/nordic-drift-trail-23-aware-rpet-paraply-auto-oppn-stangn-svart\/\"]}]},{\"@type\":\"ImageObject\",\"inLanguage\":\"sv-SE\",\"@id\":\"https:\/\/nordic-drift.com\/sv\/product\/nordic-drift-trail-23-aware-rpet-paraply-auto-oppn-stangn-svart\/#primaryimage\",\"url\":\"https:\/\/nordic-drift.com\/wp-content\/uploads\/sites\/14\/2026\/02\/ND160.0001__S_0__d2a33f455f5a440b84da1a1b8e33dbca.jpg\",\"contentUrl\":\"https:\/\/nordic-drift.com\/wp-content\/uploads\/sites\/14\/2026\/02\/ND160.0001__S_0__d2a33f455f5a440b84da1a1b8e33dbca.jpg\",\"width\":1024,\"height\":1024},{\"@type\":\"BreadcrumbList\",\"@id\":\"https:\/\/nordic-drift.com\/sv\/product\/nordic-drift-trail-23-aware-rpet-paraply-auto-oppn-stangn-svart\/#breadcrumb\",\"itemListElement\":[{\"@type\":\"ListItem\",\"position\":1,\"name\":\"Home\",\"item\":\"https:\/\/nordic-drift.com\/sv\/\"},{\"@type\":\"ListItem\",\"position\":2,\"name\":\"Kollektion\",\"item\":\"https:\/\/nordic-drift.com\/sv\/kollektion\/\"},{\"@type\":\"ListItem\",\"position\":3,\"name\":\"Nordic Drift Trail 23&#8243; AWARE\u2122 RPET Paraply auto \u00f6ppn\/st\u00e4ngn, svart\"}]},{\"@type\":\"WebSite\",\"@id\":\"https:\/\/nordic-drift.com\/sv\/#website\",\"url\":\"https:\/\/nordic-drift.com\/sv\/\",\"name\":\"Nordic Drift\",\"description\":\"Built to Last, Made to Explore.\",\"potentialAction\":[{\"@type\":\"SearchAction\",\"target\":{\"@type\":\"EntryPoint\",\"urlTemplate\":\"https:\/\/nordic-drift.com\/sv\/?s={search_term_string}\"},\"query-input\":{\"@type\":\"PropertyValueSpecification\",\"valueRequired\":true,\"valueName\":\"search_term_string\"}}],\"inLanguage\":\"sv-SE\"}]}<\/script>\n<!-- \/ Yoast SEO plugin. -->","yoast_head_json":{"title":"Nordic Drift Trail 23\" AWARE\u2122 RPET Paraply auto \u00f6ppn\/st\u00e4ngn, svart - Nordic Drift","robots":{"index":"index","follow":"follow","max-snippet":"max-snippet:-1","max-image-preview":"max-image-preview:large","max-video-preview":"max-video-preview:-1"},"canonical":"https:\/\/nordic-drift.com\/sv\/product\/nordic-drift-trail-23-aware-rpet-paraply-auto-oppn-stangn-svart\/","og_locale":"sv_SE","og_type":"article","og_title":"Nordic Drift Trail 23\" AWARE\u2122 RPET Paraply auto \u00f6ppn\/st\u00e4ngn, svart - Nordic Drift","og_description":"Nordic Drift Trail 23&#8243; AWARE\u2122 RPET paraply erbjuder UPF 50+ sol- och stormskydd i en slitstark och milj\u00f6v\u00e4nlig design. Tillverkat av 100\u202f% rPET 190T med AWARE\u2122-sp\u00e5rning, st\u00e5lskaft, glasfiberribbor (8 paneler) och funktion f\u00f6r automatisk \u00f6ppning och st\u00e4ngning. Kompakt (31,5 \u00d7 \u00d87 cm hopf\u00e4llt, kupol \u00d8116 cm, 376\u202fg) med EVA-handtag, justerbar rem, metallspets och reflexlogotyp fr\u00e5n [&hellip;]","og_url":"https:\/\/nordic-drift.com\/sv\/product\/nordic-drift-trail-23-aware-rpet-paraply-auto-oppn-stangn-svart\/","og_site_name":"Nordic Drift","article_modified_time":"2026-03-23T10:16:17+00:00","og_image":[{"width":1024,"height":1024,"url":"https:\/\/nordic-drift.com\/wp-content\/uploads\/sites\/14\/2026\/02\/ND160.0001__S_0__d2a33f455f5a440b84da1a1b8e33dbca.jpg","type":"image\/jpeg"}],"twitter_card":"summary_large_image","twitter_misc":{"Ber\u00e4knad l\u00e4stid":"1 minut"},"schema":{"@context":"https:\/\/schema.org","@graph":[{"@type":"WebPage","@id":"https:\/\/nordic-drift.com\/sv\/product\/nordic-drift-trail-23-aware-rpet-paraply-auto-oppn-stangn-svart\/","url":"https:\/\/nordic-drift.com\/sv\/product\/nordic-drift-trail-23-aware-rpet-paraply-auto-oppn-stangn-svart\/","name":"Nordic Drift Trail 23\" AWARE\u2122 RPET Paraply auto \u00f6ppn\/st\u00e4ngn, svart - Nordic Drift","isPartOf":{"@id":"https:\/\/nordic-drift.com\/sv\/#website"},"primaryImageOfPage":{"@id":"https:\/\/nordic-drift.com\/sv\/product\/nordic-drift-trail-23-aware-rpet-paraply-auto-oppn-stangn-svart\/#primaryimage"},"image":{"@id":"https:\/\/nordic-drift.com\/sv\/product\/nordic-drift-trail-23-aware-rpet-paraply-auto-oppn-stangn-svart\/#primaryimage"},"thumbnailUrl":"https:\/\/nordic-drift.com\/wp-content\/uploads\/sites\/14\/2026\/02\/ND160.0001__S_0__d2a33f455f5a440b84da1a1b8e33dbca.jpg","datePublished":"2026-01-27T14:00:28+00:00","dateModified":"2026-03-23T10:16:17+00:00","breadcrumb":{"@id":"https:\/\/nordic-drift.com\/sv\/product\/nordic-drift-trail-23-aware-rpet-paraply-auto-oppn-stangn-svart\/#breadcrumb"},"inLanguage":"sv-SE","potentialAction":[{"@type":"ReadAction","target":["https:\/\/nordic-drift.com\/sv\/product\/nordic-drift-trail-23-aware-rpet-paraply-auto-oppn-stangn-svart\/"]}]},{"@type":"ImageObject","inLanguage":"sv-SE","@id":"https:\/\/nordic-drift.com\/sv\/product\/nordic-drift-trail-23-aware-rpet-paraply-auto-oppn-stangn-svart\/#primaryimage","url":"https:\/\/nordic-drift.com\/wp-content\/uploads\/sites\/14\/2026\/02\/ND160.0001__S_0__d2a33f455f5a440b84da1a1b8e33dbca.jpg","contentUrl":"https:\/\/nordic-drift.com\/wp-content\/uploads\/sites\/14\/2026\/02\/ND160.0001__S_0__d2a33f455f5a440b84da1a1b8e33dbca.jpg","width":1024,"height":1024},{"@type":"BreadcrumbList","@id":"https:\/\/nordic-drift.com\/sv\/product\/nordic-drift-trail-23-aware-rpet-paraply-auto-oppn-stangn-svart\/#breadcrumb","itemListElement":[{"@type":"ListItem","position":1,"name":"Home","item":"https:\/\/nordic-drift.com\/sv\/"},{"@type":"ListItem","position":2,"name":"Kollektion","item":"https:\/\/nordic-drift.com\/sv\/kollektion\/"},{"@type":"ListItem","position":3,"name":"Nordic Drift Trail 23&#8243; AWARE\u2122 RPET Paraply auto \u00f6ppn\/st\u00e4ngn, svart"}]},{"@type":"WebSite","@id":"https:\/\/nordic-drift.com\/sv\/#website","url":"https:\/\/nordic-drift.com\/sv\/","name":"Nordic Drift","description":"Built to Last, Made to Explore.","potentialAction":[{"@type":"SearchAction","target":{"@type":"EntryPoint","urlTemplate":"https:\/\/nordic-drift.com\/sv\/?s={search_term_string}"},"query-input":{"@type":"PropertyValueSpecification","valueRequired":true,"valueName":"search_term_string"}}],"inLanguage":"sv-SE"}]}},"_links":{"self":[{"href":"https:\/\/nordic-drift.com\/sv\/wp-json\/wp\/v2\/product\/4459","targetHints":{"allow":["GET"]}}],"collection":[{"href":"https:\/\/nordic-drift.com\/sv\/wp-json\/wp\/v2\/product"}],"about":[{"href":"https:\/\/nordic-drift.com\/sv\/wp-json\/wp\/v2\/types\/product"}],"replies":[{"embeddable":true,"href":"https:\/\/nordic-drift.com\/sv\/wp-json\/wp\/v2\/comments?post=4459"}],"wp:featuredmedia":[{"embeddable":true,"href":"https:\/\/nordic-drift.com\/sv\/wp-json\/wp\/v2\/media\/4460"}],"wp:attachment":[{"href":"https:\/\/nordic-drift.com\/sv\/wp-json\/wp\/v2\/media?parent=4459"}],"wp:term":[{"taxonomy":"product_cat","embeddable":true,"href":"https:\/\/nordic-drift.com\/sv\/wp-json\/wp\/v2\/product_cat?post=4459"},{"taxonomy":"product_tag","embeddable":true,"href":"https:\/\/nordic-drift.com\/sv\/wp-json\/wp\/v2\/product_tag?post=4459"}],"curies":[{"name":"wp","href":"https:\/\/api.w.org\/{rel}","templated":true}]}}