{"id":4450,"date":"2026-03-26T08:22:36","date_gmt":"2026-03-26T08:22:36","guid":{"rendered":"https:\/\/nordic-drift.com\/product\/nordic-drift-grs-trail-outdoor-hammock-svart\/"},"modified":"2026-03-23T10:16:16","modified_gmt":"2026-03-23T10:16:16","slug":"nordic-drift-grs-trail-outdoor-hammock-svart","status":"publish","type":"product","link":"https:\/\/nordic-drift.com\/sv\/product\/nordic-drift-grs-trail-outdoor-hammock-svart\/","title":{"rendered":"Nordic Drift GRS Trail outdoor Hammock, svart"},"content":{"rendered":"<p>M\u00f6t Nordic Drifts h\u00e4ngmatta. En l\u00e4tt, kompakt och resev\u00e4nlig f\u00f6ljeslagare f\u00f6r alla dina \u00e4ventyr. Tillverkad av 44 % certifierad \u00e5tervunnen nylon (GRS) och smart utformad s\u00e5 att den enkelt packas ner i en integrerad f\u00f6rvaringsp\u00e5se, vilket g\u00f6r den enkel att b\u00e4ra och ta med \u00f6verallt. Med sina gener\u00f6sa m\u00e5tt p\u00e5 140&#215;270 cm och en maxbelastning p\u00e5 upp till 180 kg \u00e4r den perfekt b\u00e5de f\u00f6r avkoppling tillsammans eller p\u00e5 egen hand. I den integrerade p\u00e5sen f\u00f6rvaras h\u00e4ngmattan tillsammans med fastsydda karbinhakar och tv\u00e5 slitstarka f\u00e4stremmar. N\u00e4r h\u00e4ngmattan \u00e4r upph\u00e4ngd fungerar p\u00e5sen dessutom som en praktisk sidoficka, perfekt f\u00f6r att h\u00e5lla sm\u00e5saker n\u00e4ra till hands medan du slappnar av. Bruksanvisning ing\u00e5r. Alla Nordic Drift-produkter \u00e4r kvalitetstestade. Eftersom vi starkt tror p\u00e5 prestandan och h\u00e5llbarheten hos v\u00e5r utrustning omfattas varje artikel av 5 \u00e5rs garanti mot tillverkningsfel. F\u00f6r fullst\u00e4ndig information, bes\u00f6k www.nordic-drift.com.<\/p>\n","protected":false},"excerpt":{"rendered":"<p>M\u00f6t Nordic Drifts h\u00e4ngmatta. En l\u00e4tt, kompakt och resev\u00e4nlig f\u00f6ljeslagare f\u00f6r alla dina \u00e4ventyr. Tillverkad av 44 % certifierad \u00e5tervunnen nylon (GRS) och smart utformad s\u00e5 att den enkelt packas ner i en integrerad f\u00f6rvaringsp\u00e5se, vilket g\u00f6r den enkel att b\u00e4ra och ta med \u00f6verallt. Med sina gener\u00f6sa m\u00e5tt p\u00e5 140&#215;270 cm och en maxbelastning [&hellip;]<\/p>\n","protected":false},"featured_media":6092,"comment_status":"closed","ping_status":"closed","template":"","meta":{"_acf_changed":false},"product_cat":[94],"product_tag":[],"class_list":["post-4450","product","type-product","status-publish","has-post-thumbnail","hentry","product_cat-accessoarer","pa_color-black"],"acf":[],"yoast_head":"<!-- This site is optimized with the Yoast SEO plugin v27.0 - https:\/\/yoast.com\/product\/yoast-seo-wordpress\/ -->\n<title>Nordic Drift GRS Trail outdoor Hammock, svart - Nordic Drift<\/title>\n<meta name=\"robots\" content=\"index, follow, max-snippet:-1, max-image-preview:large, max-video-preview:-1\" \/>\n<link rel=\"canonical\" href=\"https:\/\/nordic-drift.com\/sv\/product\/nordic-drift-grs-trail-outdoor-hammock-svart\/\" \/>\n<meta property=\"og:locale\" content=\"sv_SE\" \/>\n<meta property=\"og:type\" content=\"article\" \/>\n<meta property=\"og:title\" content=\"Nordic Drift GRS Trail outdoor Hammock, svart - Nordic Drift\" \/>\n<meta property=\"og:description\" content=\"M\u00f6t Nordic Drifts h\u00e4ngmatta. En l\u00e4tt, kompakt och resev\u00e4nlig f\u00f6ljeslagare f\u00f6r alla dina \u00e4ventyr. Tillverkad av 44 % certifierad \u00e5tervunnen nylon (GRS) och smart utformad s\u00e5 att den enkelt packas ner i en integrerad f\u00f6rvaringsp\u00e5se, vilket g\u00f6r den enkel att b\u00e4ra och ta med \u00f6verallt. Med sina gener\u00f6sa m\u00e5tt p\u00e5 140&#215;270 cm och en maxbelastning [&hellip;]\" \/>\n<meta property=\"og:url\" content=\"https:\/\/nordic-drift.com\/sv\/product\/nordic-drift-grs-trail-outdoor-hammock-svart\/\" \/>\n<meta property=\"og:site_name\" content=\"Nordic Drift\" \/>\n<meta property=\"og:image\" content=\"https:\/\/nordic-drift.com\/wp-content\/uploads\/sites\/14\/2026\/02\/ND150.0101__S_0__6f2d0a7855964ed4b334168fe001ef7b.jpg\" \/>\n\t<meta property=\"og:image:width\" content=\"1024\" \/>\n\t<meta property=\"og:image:height\" content=\"1024\" \/>\n\t<meta property=\"og:image:type\" content=\"image\/jpeg\" \/>\n<meta name=\"twitter:card\" content=\"summary_large_image\" \/>\n<meta name=\"twitter:label1\" content=\"Ber\u00e4knad l\u00e4stid\" \/>\n\t<meta name=\"twitter:data1\" content=\"1 minut\" \/>\n<script type=\"application\/ld+json\" class=\"yoast-schema-graph\">{\"@context\":\"https:\/\/schema.org\",\"@graph\":[{\"@type\":\"WebPage\",\"@id\":\"https:\/\/nordic-drift.com\/sv\/product\/nordic-drift-grs-trail-outdoor-hammock-svart\/\",\"url\":\"https:\/\/nordic-drift.com\/sv\/product\/nordic-drift-grs-trail-outdoor-hammock-svart\/\",\"name\":\"Nordic Drift GRS Trail outdoor Hammock, svart - Nordic Drift\",\"isPartOf\":{\"@id\":\"https:\/\/nordic-drift.com\/sv\/#website\"},\"primaryImageOfPage\":{\"@id\":\"https:\/\/nordic-drift.com\/sv\/product\/nordic-drift-grs-trail-outdoor-hammock-svart\/#primaryimage\"},\"image\":{\"@id\":\"https:\/\/nordic-drift.com\/sv\/product\/nordic-drift-grs-trail-outdoor-hammock-svart\/#primaryimage\"},\"thumbnailUrl\":\"https:\/\/nordic-drift.com\/wp-content\/uploads\/sites\/14\/2026\/03\/ND150.0101__S_0__6f2d0a7855964ed4b334168fe001ef7b.jpg\",\"datePublished\":\"2026-03-26T08:22:36+00:00\",\"breadcrumb\":{\"@id\":\"https:\/\/nordic-drift.com\/sv\/product\/nordic-drift-grs-trail-outdoor-hammock-svart\/#breadcrumb\"},\"inLanguage\":\"sv-SE\",\"potentialAction\":[{\"@type\":\"ReadAction\",\"target\":[\"https:\/\/nordic-drift.com\/sv\/product\/nordic-drift-grs-trail-outdoor-hammock-svart\/\"]}]},{\"@type\":\"ImageObject\",\"inLanguage\":\"sv-SE\",\"@id\":\"https:\/\/nordic-drift.com\/sv\/product\/nordic-drift-grs-trail-outdoor-hammock-svart\/#primaryimage\",\"url\":\"https:\/\/nordic-drift.com\/wp-content\/uploads\/sites\/14\/2026\/03\/ND150.0101__S_0__6f2d0a7855964ed4b334168fe001ef7b.jpg\",\"contentUrl\":\"https:\/\/nordic-drift.com\/wp-content\/uploads\/sites\/14\/2026\/03\/ND150.0101__S_0__6f2d0a7855964ed4b334168fe001ef7b.jpg\",\"width\":1024,\"height\":1024},{\"@type\":\"BreadcrumbList\",\"@id\":\"https:\/\/nordic-drift.com\/sv\/product\/nordic-drift-grs-trail-outdoor-hammock-svart\/#breadcrumb\",\"itemListElement\":[{\"@type\":\"ListItem\",\"position\":1,\"name\":\"Home\",\"item\":\"https:\/\/nordic-drift.com\/sv\/\"},{\"@type\":\"ListItem\",\"position\":2,\"name\":\"Kollektion\",\"item\":\"https:\/\/nordic-drift.com\/sv\/kollektion\/\"},{\"@type\":\"ListItem\",\"position\":3,\"name\":\"Nordic Drift GRS Trail outdoor Hammock, svart\"}]},{\"@type\":\"WebSite\",\"@id\":\"https:\/\/nordic-drift.com\/sv\/#website\",\"url\":\"https:\/\/nordic-drift.com\/sv\/\",\"name\":\"Nordic Drift\",\"description\":\"Built to Last, Made to Explore.\",\"potentialAction\":[{\"@type\":\"SearchAction\",\"target\":{\"@type\":\"EntryPoint\",\"urlTemplate\":\"https:\/\/nordic-drift.com\/sv\/?s={search_term_string}\"},\"query-input\":{\"@type\":\"PropertyValueSpecification\",\"valueRequired\":true,\"valueName\":\"search_term_string\"}}],\"inLanguage\":\"sv-SE\"}]}<\/script>\n<!-- \/ Yoast SEO plugin. -->","yoast_head_json":{"title":"Nordic Drift GRS Trail outdoor Hammock, svart - Nordic Drift","robots":{"index":"index","follow":"follow","max-snippet":"max-snippet:-1","max-image-preview":"max-image-preview:large","max-video-preview":"max-video-preview:-1"},"canonical":"https:\/\/nordic-drift.com\/sv\/product\/nordic-drift-grs-trail-outdoor-hammock-svart\/","og_locale":"sv_SE","og_type":"article","og_title":"Nordic Drift GRS Trail outdoor Hammock, svart - Nordic Drift","og_description":"M\u00f6t Nordic Drifts h\u00e4ngmatta. En l\u00e4tt, kompakt och resev\u00e4nlig f\u00f6ljeslagare f\u00f6r alla dina \u00e4ventyr. Tillverkad av 44 % certifierad \u00e5tervunnen nylon (GRS) och smart utformad s\u00e5 att den enkelt packas ner i en integrerad f\u00f6rvaringsp\u00e5se, vilket g\u00f6r den enkel att b\u00e4ra och ta med \u00f6verallt. Med sina gener\u00f6sa m\u00e5tt p\u00e5 140&#215;270 cm och en maxbelastning [&hellip;]","og_url":"https:\/\/nordic-drift.com\/sv\/product\/nordic-drift-grs-trail-outdoor-hammock-svart\/","og_site_name":"Nordic Drift","og_image":[{"width":1024,"height":1024,"url":"https:\/\/nordic-drift.com\/wp-content\/uploads\/sites\/14\/2026\/02\/ND150.0101__S_0__6f2d0a7855964ed4b334168fe001ef7b.jpg","type":"image\/jpeg"}],"twitter_card":"summary_large_image","twitter_misc":{"Ber\u00e4knad l\u00e4stid":"1 minut"},"schema":{"@context":"https:\/\/schema.org","@graph":[{"@type":"WebPage","@id":"https:\/\/nordic-drift.com\/sv\/product\/nordic-drift-grs-trail-outdoor-hammock-svart\/","url":"https:\/\/nordic-drift.com\/sv\/product\/nordic-drift-grs-trail-outdoor-hammock-svart\/","name":"Nordic Drift GRS Trail outdoor Hammock, svart - Nordic Drift","isPartOf":{"@id":"https:\/\/nordic-drift.com\/sv\/#website"},"primaryImageOfPage":{"@id":"https:\/\/nordic-drift.com\/sv\/product\/nordic-drift-grs-trail-outdoor-hammock-svart\/#primaryimage"},"image":{"@id":"https:\/\/nordic-drift.com\/sv\/product\/nordic-drift-grs-trail-outdoor-hammock-svart\/#primaryimage"},"thumbnailUrl":"https:\/\/nordic-drift.com\/wp-content\/uploads\/sites\/14\/2026\/03\/ND150.0101__S_0__6f2d0a7855964ed4b334168fe001ef7b.jpg","datePublished":"2026-03-26T08:22:36+00:00","breadcrumb":{"@id":"https:\/\/nordic-drift.com\/sv\/product\/nordic-drift-grs-trail-outdoor-hammock-svart\/#breadcrumb"},"inLanguage":"sv-SE","potentialAction":[{"@type":"ReadAction","target":["https:\/\/nordic-drift.com\/sv\/product\/nordic-drift-grs-trail-outdoor-hammock-svart\/"]}]},{"@type":"ImageObject","inLanguage":"sv-SE","@id":"https:\/\/nordic-drift.com\/sv\/product\/nordic-drift-grs-trail-outdoor-hammock-svart\/#primaryimage","url":"https:\/\/nordic-drift.com\/wp-content\/uploads\/sites\/14\/2026\/03\/ND150.0101__S_0__6f2d0a7855964ed4b334168fe001ef7b.jpg","contentUrl":"https:\/\/nordic-drift.com\/wp-content\/uploads\/sites\/14\/2026\/03\/ND150.0101__S_0__6f2d0a7855964ed4b334168fe001ef7b.jpg","width":1024,"height":1024},{"@type":"BreadcrumbList","@id":"https:\/\/nordic-drift.com\/sv\/product\/nordic-drift-grs-trail-outdoor-hammock-svart\/#breadcrumb","itemListElement":[{"@type":"ListItem","position":1,"name":"Home","item":"https:\/\/nordic-drift.com\/sv\/"},{"@type":"ListItem","position":2,"name":"Kollektion","item":"https:\/\/nordic-drift.com\/sv\/kollektion\/"},{"@type":"ListItem","position":3,"name":"Nordic Drift GRS Trail outdoor Hammock, svart"}]},{"@type":"WebSite","@id":"https:\/\/nordic-drift.com\/sv\/#website","url":"https:\/\/nordic-drift.com\/sv\/","name":"Nordic Drift","description":"Built to Last, Made to Explore.","potentialAction":[{"@type":"SearchAction","target":{"@type":"EntryPoint","urlTemplate":"https:\/\/nordic-drift.com\/sv\/?s={search_term_string}"},"query-input":{"@type":"PropertyValueSpecification","valueRequired":true,"valueName":"search_term_string"}}],"inLanguage":"sv-SE"}]}},"_links":{"self":[{"href":"https:\/\/nordic-drift.com\/sv\/wp-json\/wp\/v2\/product\/4450","targetHints":{"allow":["GET"]}}],"collection":[{"href":"https:\/\/nordic-drift.com\/sv\/wp-json\/wp\/v2\/product"}],"about":[{"href":"https:\/\/nordic-drift.com\/sv\/wp-json\/wp\/v2\/types\/product"}],"replies":[{"embeddable":true,"href":"https:\/\/nordic-drift.com\/sv\/wp-json\/wp\/v2\/comments?post=4450"}],"wp:featuredmedia":[{"embeddable":true,"href":"https:\/\/nordic-drift.com\/sv\/wp-json\/wp\/v2\/media\/6092"}],"wp:attachment":[{"href":"https:\/\/nordic-drift.com\/sv\/wp-json\/wp\/v2\/media?parent=4450"}],"wp:term":[{"taxonomy":"product_cat","embeddable":true,"href":"https:\/\/nordic-drift.com\/sv\/wp-json\/wp\/v2\/product_cat?post=4450"},{"taxonomy":"product_tag","embeddable":true,"href":"https:\/\/nordic-drift.com\/sv\/wp-json\/wp\/v2\/product_tag?post=4450"}],"curies":[{"name":"wp","href":"https:\/\/api.w.org\/{rel}","templated":true}]}}