{"id":1760,"date":"2026-01-27T14:00:36","date_gmt":"2026-01-27T14:00:36","guid":{"rendered":"https:\/\/nordic-drift.com\/product\/nordic-drift-titan-10-000mah-solar-powerbank-met-3-panelen-zwart\/"},"modified":"2026-03-26T08:32:30","modified_gmt":"2026-03-26T08:32:30","slug":"nordic-drift-titan-10-000mah-solar-powerbank-met-3-panelen-zwart","status":"publish","type":"product","link":"https:\/\/nordic-drift.com\/nl\/product\/nordic-drift-titan-10-000mah-solar-powerbank-met-3-panelen-zwart\/","title":{"rendered":"Nordic Drift Titan 10.000mAh solar powerbank met 3 panelen, zwart"},"content":{"rendered":"<p>Gemaakt om te presteren, klaar voor elk avontuur.De Nordic Drift Solar Powerbank 10.000 mAh levert betrouwbare energie in een compact en robuust ontwerp voor outdoorgebruik. Voorzien van een premium A-grade lithiumbatterij en een behuizing van RCS-gecertificeerd gerecycled ABS\/PC, ontworpen voor duurzaamheid onderweg. Drie opvouwbare, zeer effici\u00ebnte zonnepanelen maken off-grid opladen mogelijk. Bij fel zonlicht laadt de powerbank effici\u00ebnt op en levert bijna 2.000 mAh in slechts 3 uur. Met 20W snelladen via USB-C en 18W via USB-A, plus twee ge\u00efntegreerde oplaadkabels (Lightning en USB-C), biedt hij flexibele oplaadopties. IPX3 spatwaterbestendig, geschikt voor buitengebruik en lichte regen, en voorzien van een extra heldere ge\u00efntegreerde campinglamp. Alle Nordic Drift-producten worden intensief getest op kwaliteit en elk item wordt geleverd met 5 jaar garantie op fabricagefouten.<\/p>\n","protected":false},"excerpt":{"rendered":"<p>Gemaakt om te presteren, klaar voor elk avontuur.De Nordic Drift Solar Powerbank 10.000 mAh levert betrouwbare energie in een compact en robuust ontwerp voor outdoorgebruik. Voorzien van een premium A-grade lithiumbatterij en een behuizing van RCS-gecertificeerd gerecycled ABS\/PC, ontworpen voor duurzaamheid onderweg. Drie opvouwbare, zeer effici\u00ebnte zonnepanelen maken off-grid opladen mogelijk. Bij fel zonlicht laadt [&hellip;]<\/p>\n","protected":false},"featured_media":5217,"comment_status":"closed","ping_status":"closed","template":"","meta":{"_acf_changed":false},"product_cat":[88],"product_tag":[],"class_list":["post-1760","product","type-product","status-publish","has-post-thumbnail","hentry","product_cat-tech","pa_color-black"],"acf":[],"yoast_head":"<!-- This site is optimized with the Yoast SEO plugin v27.0 - https:\/\/yoast.com\/product\/yoast-seo-wordpress\/ -->\n<title>Nordic Drift Titan 10.000mAh solar powerbank met 3 panelen, zwart - Nordic Drift<\/title>\n<meta name=\"robots\" content=\"index, follow, max-snippet:-1, max-image-preview:large, max-video-preview:-1\" \/>\n<link rel=\"canonical\" href=\"https:\/\/nordic-drift.com\/nl\/product\/nordic-drift-titan-10-000mah-solar-powerbank-met-3-panelen-zwart\/\" \/>\n<meta property=\"og:locale\" content=\"nl_NL\" \/>\n<meta property=\"og:type\" content=\"article\" \/>\n<meta property=\"og:title\" content=\"Nordic Drift Titan 10.000mAh solar powerbank met 3 panelen, zwart - Nordic Drift\" \/>\n<meta property=\"og:description\" content=\"Gemaakt om te presteren, klaar voor elk avontuur.De Nordic Drift Solar Powerbank 10.000 mAh levert betrouwbare energie in een compact en robuust ontwerp voor outdoorgebruik. Voorzien van een premium A-grade lithiumbatterij en een behuizing van RCS-gecertificeerd gerecycled ABS\/PC, ontworpen voor duurzaamheid onderweg. Drie opvouwbare, zeer effici\u00ebnte zonnepanelen maken off-grid opladen mogelijk. Bij fel zonlicht laadt [&hellip;]\" \/>\n<meta property=\"og:url\" content=\"https:\/\/nordic-drift.com\/nl\/product\/nordic-drift-titan-10-000mah-solar-powerbank-met-3-panelen-zwart\/\" \/>\n<meta property=\"og:site_name\" content=\"Nordic Drift\" \/>\n<meta property=\"article:modified_time\" content=\"2026-03-26T08:32:30+00:00\" \/>\n<meta property=\"og:image\" content=\"https:\/\/nordic-drift.com\/wp-content\/uploads\/sites\/14\/2026\/02\/ND410.0001__S_0__e9e18f3c3f7745fba63a6f1288e7abd7.jpg\" \/>\n\t<meta property=\"og:image:width\" content=\"1024\" \/>\n\t<meta property=\"og:image:height\" content=\"1024\" \/>\n\t<meta property=\"og:image:type\" content=\"image\/jpeg\" \/>\n<meta name=\"twitter:card\" content=\"summary_large_image\" \/>\n<meta name=\"twitter:label1\" content=\"Geschatte leestijd\" \/>\n\t<meta name=\"twitter:data1\" content=\"1 minuut\" \/>\n<script type=\"application\/ld+json\" class=\"yoast-schema-graph\">{\"@context\":\"https:\/\/schema.org\",\"@graph\":[{\"@type\":\"WebPage\",\"@id\":\"https:\/\/nordic-drift.com\/nl\/product\/nordic-drift-titan-10-000mah-solar-powerbank-met-3-panelen-zwart\/\",\"url\":\"https:\/\/nordic-drift.com\/nl\/product\/nordic-drift-titan-10-000mah-solar-powerbank-met-3-panelen-zwart\/\",\"name\":\"Nordic Drift Titan 10.000mAh solar powerbank met 3 panelen, zwart - Nordic Drift\",\"isPartOf\":{\"@id\":\"https:\/\/nordic-drift.com\/nl\/#website\"},\"primaryImageOfPage\":{\"@id\":\"https:\/\/nordic-drift.com\/nl\/product\/nordic-drift-titan-10-000mah-solar-powerbank-met-3-panelen-zwart\/#primaryimage\"},\"image\":{\"@id\":\"https:\/\/nordic-drift.com\/nl\/product\/nordic-drift-titan-10-000mah-solar-powerbank-met-3-panelen-zwart\/#primaryimage\"},\"thumbnailUrl\":\"https:\/\/nordic-drift.com\/wp-content\/uploads\/sites\/14\/2026\/02\/ND410.0001__S_0__e9e18f3c3f7745fba63a6f1288e7abd7.jpg\",\"datePublished\":\"2026-01-27T14:00:36+00:00\",\"dateModified\":\"2026-03-26T08:32:30+00:00\",\"breadcrumb\":{\"@id\":\"https:\/\/nordic-drift.com\/nl\/product\/nordic-drift-titan-10-000mah-solar-powerbank-met-3-panelen-zwart\/#breadcrumb\"},\"inLanguage\":\"nl-NL\",\"potentialAction\":[{\"@type\":\"ReadAction\",\"target\":[\"https:\/\/nordic-drift.com\/nl\/product\/nordic-drift-titan-10-000mah-solar-powerbank-met-3-panelen-zwart\/\"]}]},{\"@type\":\"ImageObject\",\"inLanguage\":\"nl-NL\",\"@id\":\"https:\/\/nordic-drift.com\/nl\/product\/nordic-drift-titan-10-000mah-solar-powerbank-met-3-panelen-zwart\/#primaryimage\",\"url\":\"https:\/\/nordic-drift.com\/wp-content\/uploads\/sites\/14\/2026\/02\/ND410.0001__S_0__e9e18f3c3f7745fba63a6f1288e7abd7.jpg\",\"contentUrl\":\"https:\/\/nordic-drift.com\/wp-content\/uploads\/sites\/14\/2026\/02\/ND410.0001__S_0__e9e18f3c3f7745fba63a6f1288e7abd7.jpg\",\"width\":1024,\"height\":1024},{\"@type\":\"BreadcrumbList\",\"@id\":\"https:\/\/nordic-drift.com\/nl\/product\/nordic-drift-titan-10-000mah-solar-powerbank-met-3-panelen-zwart\/#breadcrumb\",\"itemListElement\":[{\"@type\":\"ListItem\",\"position\":1,\"name\":\"Home\",\"item\":\"https:\/\/nordic-drift.com\/nl\/\"},{\"@type\":\"ListItem\",\"position\":2,\"name\":\"Collectie\",\"item\":\"https:\/\/nordic-drift.com\/nl\/collectie\/\"},{\"@type\":\"ListItem\",\"position\":3,\"name\":\"Nordic Drift Titan 10.000mAh solar powerbank met 3 panelen, zwart\"}]},{\"@type\":\"WebSite\",\"@id\":\"https:\/\/nordic-drift.com\/nl\/#website\",\"url\":\"https:\/\/nordic-drift.com\/nl\/\",\"name\":\"Nordic Drift\",\"description\":\"Built to Last, Made to Explore.\",\"potentialAction\":[{\"@type\":\"SearchAction\",\"target\":{\"@type\":\"EntryPoint\",\"urlTemplate\":\"https:\/\/nordic-drift.com\/nl\/?s={search_term_string}\"},\"query-input\":{\"@type\":\"PropertyValueSpecification\",\"valueRequired\":true,\"valueName\":\"search_term_string\"}}],\"inLanguage\":\"nl-NL\"}]}<\/script>\n<!-- \/ Yoast SEO plugin. -->","yoast_head_json":{"title":"Nordic Drift Titan 10.000mAh solar powerbank met 3 panelen, zwart - Nordic Drift","robots":{"index":"index","follow":"follow","max-snippet":"max-snippet:-1","max-image-preview":"max-image-preview:large","max-video-preview":"max-video-preview:-1"},"canonical":"https:\/\/nordic-drift.com\/nl\/product\/nordic-drift-titan-10-000mah-solar-powerbank-met-3-panelen-zwart\/","og_locale":"nl_NL","og_type":"article","og_title":"Nordic Drift Titan 10.000mAh solar powerbank met 3 panelen, zwart - Nordic Drift","og_description":"Gemaakt om te presteren, klaar voor elk avontuur.De Nordic Drift Solar Powerbank 10.000 mAh levert betrouwbare energie in een compact en robuust ontwerp voor outdoorgebruik. Voorzien van een premium A-grade lithiumbatterij en een behuizing van RCS-gecertificeerd gerecycled ABS\/PC, ontworpen voor duurzaamheid onderweg. Drie opvouwbare, zeer effici\u00ebnte zonnepanelen maken off-grid opladen mogelijk. Bij fel zonlicht laadt [&hellip;]","og_url":"https:\/\/nordic-drift.com\/nl\/product\/nordic-drift-titan-10-000mah-solar-powerbank-met-3-panelen-zwart\/","og_site_name":"Nordic Drift","article_modified_time":"2026-03-26T08:32:30+00:00","og_image":[{"width":1024,"height":1024,"url":"https:\/\/nordic-drift.com\/wp-content\/uploads\/sites\/14\/2026\/02\/ND410.0001__S_0__e9e18f3c3f7745fba63a6f1288e7abd7.jpg","type":"image\/jpeg"}],"twitter_card":"summary_large_image","twitter_misc":{"Geschatte leestijd":"1 minuut"},"schema":{"@context":"https:\/\/schema.org","@graph":[{"@type":"WebPage","@id":"https:\/\/nordic-drift.com\/nl\/product\/nordic-drift-titan-10-000mah-solar-powerbank-met-3-panelen-zwart\/","url":"https:\/\/nordic-drift.com\/nl\/product\/nordic-drift-titan-10-000mah-solar-powerbank-met-3-panelen-zwart\/","name":"Nordic Drift Titan 10.000mAh solar powerbank met 3 panelen, zwart - Nordic Drift","isPartOf":{"@id":"https:\/\/nordic-drift.com\/nl\/#website"},"primaryImageOfPage":{"@id":"https:\/\/nordic-drift.com\/nl\/product\/nordic-drift-titan-10-000mah-solar-powerbank-met-3-panelen-zwart\/#primaryimage"},"image":{"@id":"https:\/\/nordic-drift.com\/nl\/product\/nordic-drift-titan-10-000mah-solar-powerbank-met-3-panelen-zwart\/#primaryimage"},"thumbnailUrl":"https:\/\/nordic-drift.com\/wp-content\/uploads\/sites\/14\/2026\/02\/ND410.0001__S_0__e9e18f3c3f7745fba63a6f1288e7abd7.jpg","datePublished":"2026-01-27T14:00:36+00:00","dateModified":"2026-03-26T08:32:30+00:00","breadcrumb":{"@id":"https:\/\/nordic-drift.com\/nl\/product\/nordic-drift-titan-10-000mah-solar-powerbank-met-3-panelen-zwart\/#breadcrumb"},"inLanguage":"nl-NL","potentialAction":[{"@type":"ReadAction","target":["https:\/\/nordic-drift.com\/nl\/product\/nordic-drift-titan-10-000mah-solar-powerbank-met-3-panelen-zwart\/"]}]},{"@type":"ImageObject","inLanguage":"nl-NL","@id":"https:\/\/nordic-drift.com\/nl\/product\/nordic-drift-titan-10-000mah-solar-powerbank-met-3-panelen-zwart\/#primaryimage","url":"https:\/\/nordic-drift.com\/wp-content\/uploads\/sites\/14\/2026\/02\/ND410.0001__S_0__e9e18f3c3f7745fba63a6f1288e7abd7.jpg","contentUrl":"https:\/\/nordic-drift.com\/wp-content\/uploads\/sites\/14\/2026\/02\/ND410.0001__S_0__e9e18f3c3f7745fba63a6f1288e7abd7.jpg","width":1024,"height":1024},{"@type":"BreadcrumbList","@id":"https:\/\/nordic-drift.com\/nl\/product\/nordic-drift-titan-10-000mah-solar-powerbank-met-3-panelen-zwart\/#breadcrumb","itemListElement":[{"@type":"ListItem","position":1,"name":"Home","item":"https:\/\/nordic-drift.com\/nl\/"},{"@type":"ListItem","position":2,"name":"Collectie","item":"https:\/\/nordic-drift.com\/nl\/collectie\/"},{"@type":"ListItem","position":3,"name":"Nordic Drift Titan 10.000mAh solar powerbank met 3 panelen, zwart"}]},{"@type":"WebSite","@id":"https:\/\/nordic-drift.com\/nl\/#website","url":"https:\/\/nordic-drift.com\/nl\/","name":"Nordic Drift","description":"Built to Last, Made to Explore.","potentialAction":[{"@type":"SearchAction","target":{"@type":"EntryPoint","urlTemplate":"https:\/\/nordic-drift.com\/nl\/?s={search_term_string}"},"query-input":{"@type":"PropertyValueSpecification","valueRequired":true,"valueName":"search_term_string"}}],"inLanguage":"nl-NL"}]}},"_links":{"self":[{"href":"https:\/\/nordic-drift.com\/nl\/wp-json\/wp\/v2\/product\/1760","targetHints":{"allow":["GET"]}}],"collection":[{"href":"https:\/\/nordic-drift.com\/nl\/wp-json\/wp\/v2\/product"}],"about":[{"href":"https:\/\/nordic-drift.com\/nl\/wp-json\/wp\/v2\/types\/product"}],"replies":[{"embeddable":true,"href":"https:\/\/nordic-drift.com\/nl\/wp-json\/wp\/v2\/comments?post=1760"}],"wp:featuredmedia":[{"embeddable":true,"href":"https:\/\/nordic-drift.com\/nl\/wp-json\/wp\/v2\/media\/5217"}],"wp:attachment":[{"href":"https:\/\/nordic-drift.com\/nl\/wp-json\/wp\/v2\/media?parent=1760"}],"wp:term":[{"taxonomy":"product_cat","embeddable":true,"href":"https:\/\/nordic-drift.com\/nl\/wp-json\/wp\/v2\/product_cat?post=1760"},{"taxonomy":"product_tag","embeddable":true,"href":"https:\/\/nordic-drift.com\/nl\/wp-json\/wp\/v2\/product_tag?post=1760"}],"curies":[{"name":"wp","href":"https:\/\/api.w.org\/{rel}","templated":true}]}}