{"id":3045,"date":"2026-01-27T14:00:40","date_gmt":"2026-01-27T14:00:40","guid":{"rendered":"https:\/\/nordic-drift.com\/product\/cappellino-nordic-drift-aero-upf-50-rcs-blu-navy\/"},"modified":"2026-03-19T09:24:55","modified_gmt":"2026-03-19T09:24:55","slug":"cappellino-nordic-drift-aero-upf-50-rcs-blu-navy","status":"publish","type":"product","link":"https:\/\/nordic-drift.com\/it\/product\/cappellino-nordic-drift-aero-upf-50-rcs-blu-navy\/","title":{"rendered":"Cappellino Nordic Drift Aero UPF 50+ RCS, blu navy"},"content":{"rendered":"<p>Un cappellino leggero, traspirante e versatile per ogni avventura. Realizzato con il 46% di nylon riciclato certificato (RCS), la sua struttura a 5 pannelli garantisce comfort per tutto il giorno, mantenendoti fresco e riducendo il sudore e le irritazioni. Con UPF 50+ ti protegge dai dannosi raggi UVA e UVB del sole. Progettato per essere pieghevole e ripiegabile, si infila facilmente nella borsa o in tasca senza perdere la forma, rendendolo perfetto per i viaggi o le attivit\u00e0 all&#8217;aria aperta. La vestibilit\u00e0 regolabile offre un comfort personalizzato, mantenendo il cappellino sicuro e stabile ovunque ti porti la giornata. Elegante, funzionale e pronto per l&#8217;avventura. Tutti i prodotti Nordic Drift sono testati per la qualit\u00e0. Poich\u00e9 crediamo fermamente nelle prestazioni e nella durata dei nostri prodotti, ogni articolo \u00e8 coperto da una garanzia di 5 anni sui difetti di fabbricazione. Per tutti i dettagli, visita www.nordic-drift.com.<\/p>\n","protected":false},"excerpt":{"rendered":"<p>Un cappellino leggero, traspirante e versatile per ogni avventura. Realizzato con il 46% di nylon riciclato certificato (RCS), la sua struttura a 5 pannelli garantisce comfort per tutto il giorno, mantenendoti fresco e riducendo il sudore e le irritazioni. Con UPF 50+ ti protegge dai dannosi raggi UVA e UVB del sole. Progettato per essere [&hellip;]<\/p>\n","protected":false},"featured_media":3520,"comment_status":"closed","ping_status":"closed","template":"","meta":{"_acf_changed":false},"product_cat":[92,98],"product_tag":[],"class_list":["post-3045","product","type-product","status-publish","has-post-thumbnail","hentry","product_cat-accessori","product_cat-aware","pa_color-navy"],"acf":[],"yoast_head":"<!-- This site is optimized with the Yoast SEO plugin v27.0 - https:\/\/yoast.com\/product\/yoast-seo-wordpress\/ -->\n<title>Cappellino Nordic Drift Aero UPF 50+ RCS, blu navy - Nordic Drift<\/title>\n<meta name=\"robots\" content=\"index, follow, max-snippet:-1, max-image-preview:large, max-video-preview:-1\" \/>\n<link rel=\"canonical\" href=\"https:\/\/nordic-drift.com\/it\/product\/cappellino-nordic-drift-aero-upf-50-rcs-blu-navy\/\" \/>\n<meta property=\"og:locale\" content=\"it_IT\" \/>\n<meta property=\"og:type\" content=\"article\" \/>\n<meta property=\"og:title\" content=\"Cappellino Nordic Drift Aero UPF 50+ RCS, blu navy - Nordic Drift\" \/>\n<meta property=\"og:description\" content=\"Un cappellino leggero, traspirante e versatile per ogni avventura. Realizzato con il 46% di nylon riciclato certificato (RCS), la sua struttura a 5 pannelli garantisce comfort per tutto il giorno, mantenendoti fresco e riducendo il sudore e le irritazioni. Con UPF 50+ ti protegge dai dannosi raggi UVA e UVB del sole. Progettato per essere [&hellip;]\" \/>\n<meta property=\"og:url\" content=\"https:\/\/nordic-drift.com\/it\/product\/cappellino-nordic-drift-aero-upf-50-rcs-blu-navy\/\" \/>\n<meta property=\"og:site_name\" content=\"Nordic Drift\" \/>\n<meta property=\"article:modified_time\" content=\"2026-03-19T09:24:55+00:00\" \/>\n<meta property=\"og:image\" content=\"https:\/\/nordic-drift.com\/wp-content\/uploads\/sites\/14\/2026\/02\/ND630.0025__S_0__e407958ec54049a8a0394e5b84866ab4.jpg\" \/>\n\t<meta property=\"og:image:width\" content=\"1024\" \/>\n\t<meta property=\"og:image:height\" content=\"1024\" \/>\n\t<meta property=\"og:image:type\" content=\"image\/jpeg\" \/>\n<meta name=\"twitter:card\" content=\"summary_large_image\" \/>\n<meta name=\"twitter:label1\" content=\"Tempo di lettura stimato\" \/>\n\t<meta name=\"twitter:data1\" content=\"1 minuto\" \/>\n<script type=\"application\/ld+json\" class=\"yoast-schema-graph\">{\"@context\":\"https:\/\/schema.org\",\"@graph\":[{\"@type\":\"WebPage\",\"@id\":\"https:\/\/nordic-drift.com\/it\/product\/cappellino-nordic-drift-aero-upf-50-rcs-blu-navy\/\",\"url\":\"https:\/\/nordic-drift.com\/it\/product\/cappellino-nordic-drift-aero-upf-50-rcs-blu-navy\/\",\"name\":\"Cappellino Nordic Drift Aero UPF 50+ RCS, blu navy - Nordic Drift\",\"isPartOf\":{\"@id\":\"https:\/\/nordic-drift.com\/it\/#website\"},\"primaryImageOfPage\":{\"@id\":\"https:\/\/nordic-drift.com\/it\/product\/cappellino-nordic-drift-aero-upf-50-rcs-blu-navy\/#primaryimage\"},\"image\":{\"@id\":\"https:\/\/nordic-drift.com\/it\/product\/cappellino-nordic-drift-aero-upf-50-rcs-blu-navy\/#primaryimage\"},\"thumbnailUrl\":\"https:\/\/nordic-drift.com\/wp-content\/uploads\/sites\/14\/2026\/02\/ND630.0025__S_0__e407958ec54049a8a0394e5b84866ab4.jpg\",\"datePublished\":\"2026-01-27T14:00:40+00:00\",\"dateModified\":\"2026-03-19T09:24:55+00:00\",\"breadcrumb\":{\"@id\":\"https:\/\/nordic-drift.com\/it\/product\/cappellino-nordic-drift-aero-upf-50-rcs-blu-navy\/#breadcrumb\"},\"inLanguage\":\"it-IT\",\"potentialAction\":[{\"@type\":\"ReadAction\",\"target\":[\"https:\/\/nordic-drift.com\/it\/product\/cappellino-nordic-drift-aero-upf-50-rcs-blu-navy\/\"]}]},{\"@type\":\"ImageObject\",\"inLanguage\":\"it-IT\",\"@id\":\"https:\/\/nordic-drift.com\/it\/product\/cappellino-nordic-drift-aero-upf-50-rcs-blu-navy\/#primaryimage\",\"url\":\"https:\/\/nordic-drift.com\/wp-content\/uploads\/sites\/14\/2026\/02\/ND630.0025__S_0__e407958ec54049a8a0394e5b84866ab4.jpg\",\"contentUrl\":\"https:\/\/nordic-drift.com\/wp-content\/uploads\/sites\/14\/2026\/02\/ND630.0025__S_0__e407958ec54049a8a0394e5b84866ab4.jpg\",\"width\":1024,\"height\":1024},{\"@type\":\"BreadcrumbList\",\"@id\":\"https:\/\/nordic-drift.com\/it\/product\/cappellino-nordic-drift-aero-upf-50-rcs-blu-navy\/#breadcrumb\",\"itemListElement\":[{\"@type\":\"ListItem\",\"position\":1,\"name\":\"Home\",\"item\":\"https:\/\/nordic-drift.com\/it\/\"},{\"@type\":\"ListItem\",\"position\":2,\"name\":\"Collezione\",\"item\":\"https:\/\/nordic-drift.com\/it\/collezione\/\"},{\"@type\":\"ListItem\",\"position\":3,\"name\":\"Cappellino Nordic Drift Aero UPF 50+ RCS, blu navy\"}]},{\"@type\":\"WebSite\",\"@id\":\"https:\/\/nordic-drift.com\/it\/#website\",\"url\":\"https:\/\/nordic-drift.com\/it\/\",\"name\":\"Nordic Drift\",\"description\":\"Built to Last, Made to Explore.\",\"potentialAction\":[{\"@type\":\"SearchAction\",\"target\":{\"@type\":\"EntryPoint\",\"urlTemplate\":\"https:\/\/nordic-drift.com\/it\/?s={search_term_string}\"},\"query-input\":{\"@type\":\"PropertyValueSpecification\",\"valueRequired\":true,\"valueName\":\"search_term_string\"}}],\"inLanguage\":\"it-IT\"}]}<\/script>\n<!-- \/ Yoast SEO plugin. -->","yoast_head_json":{"title":"Cappellino Nordic Drift Aero UPF 50+ RCS, blu navy - Nordic Drift","robots":{"index":"index","follow":"follow","max-snippet":"max-snippet:-1","max-image-preview":"max-image-preview:large","max-video-preview":"max-video-preview:-1"},"canonical":"https:\/\/nordic-drift.com\/it\/product\/cappellino-nordic-drift-aero-upf-50-rcs-blu-navy\/","og_locale":"it_IT","og_type":"article","og_title":"Cappellino Nordic Drift Aero UPF 50+ RCS, blu navy - Nordic Drift","og_description":"Un cappellino leggero, traspirante e versatile per ogni avventura. Realizzato con il 46% di nylon riciclato certificato (RCS), la sua struttura a 5 pannelli garantisce comfort per tutto il giorno, mantenendoti fresco e riducendo il sudore e le irritazioni. Con UPF 50+ ti protegge dai dannosi raggi UVA e UVB del sole. Progettato per essere [&hellip;]","og_url":"https:\/\/nordic-drift.com\/it\/product\/cappellino-nordic-drift-aero-upf-50-rcs-blu-navy\/","og_site_name":"Nordic Drift","article_modified_time":"2026-03-19T09:24:55+00:00","og_image":[{"width":1024,"height":1024,"url":"https:\/\/nordic-drift.com\/wp-content\/uploads\/sites\/14\/2026\/02\/ND630.0025__S_0__e407958ec54049a8a0394e5b84866ab4.jpg","type":"image\/jpeg"}],"twitter_card":"summary_large_image","twitter_misc":{"Tempo di lettura stimato":"1 minuto"},"schema":{"@context":"https:\/\/schema.org","@graph":[{"@type":"WebPage","@id":"https:\/\/nordic-drift.com\/it\/product\/cappellino-nordic-drift-aero-upf-50-rcs-blu-navy\/","url":"https:\/\/nordic-drift.com\/it\/product\/cappellino-nordic-drift-aero-upf-50-rcs-blu-navy\/","name":"Cappellino Nordic Drift Aero UPF 50+ RCS, blu navy - Nordic Drift","isPartOf":{"@id":"https:\/\/nordic-drift.com\/it\/#website"},"primaryImageOfPage":{"@id":"https:\/\/nordic-drift.com\/it\/product\/cappellino-nordic-drift-aero-upf-50-rcs-blu-navy\/#primaryimage"},"image":{"@id":"https:\/\/nordic-drift.com\/it\/product\/cappellino-nordic-drift-aero-upf-50-rcs-blu-navy\/#primaryimage"},"thumbnailUrl":"https:\/\/nordic-drift.com\/wp-content\/uploads\/sites\/14\/2026\/02\/ND630.0025__S_0__e407958ec54049a8a0394e5b84866ab4.jpg","datePublished":"2026-01-27T14:00:40+00:00","dateModified":"2026-03-19T09:24:55+00:00","breadcrumb":{"@id":"https:\/\/nordic-drift.com\/it\/product\/cappellino-nordic-drift-aero-upf-50-rcs-blu-navy\/#breadcrumb"},"inLanguage":"it-IT","potentialAction":[{"@type":"ReadAction","target":["https:\/\/nordic-drift.com\/it\/product\/cappellino-nordic-drift-aero-upf-50-rcs-blu-navy\/"]}]},{"@type":"ImageObject","inLanguage":"it-IT","@id":"https:\/\/nordic-drift.com\/it\/product\/cappellino-nordic-drift-aero-upf-50-rcs-blu-navy\/#primaryimage","url":"https:\/\/nordic-drift.com\/wp-content\/uploads\/sites\/14\/2026\/02\/ND630.0025__S_0__e407958ec54049a8a0394e5b84866ab4.jpg","contentUrl":"https:\/\/nordic-drift.com\/wp-content\/uploads\/sites\/14\/2026\/02\/ND630.0025__S_0__e407958ec54049a8a0394e5b84866ab4.jpg","width":1024,"height":1024},{"@type":"BreadcrumbList","@id":"https:\/\/nordic-drift.com\/it\/product\/cappellino-nordic-drift-aero-upf-50-rcs-blu-navy\/#breadcrumb","itemListElement":[{"@type":"ListItem","position":1,"name":"Home","item":"https:\/\/nordic-drift.com\/it\/"},{"@type":"ListItem","position":2,"name":"Collezione","item":"https:\/\/nordic-drift.com\/it\/collezione\/"},{"@type":"ListItem","position":3,"name":"Cappellino Nordic Drift Aero UPF 50+ RCS, blu navy"}]},{"@type":"WebSite","@id":"https:\/\/nordic-drift.com\/it\/#website","url":"https:\/\/nordic-drift.com\/it\/","name":"Nordic Drift","description":"Built to Last, Made to Explore.","potentialAction":[{"@type":"SearchAction","target":{"@type":"EntryPoint","urlTemplate":"https:\/\/nordic-drift.com\/it\/?s={search_term_string}"},"query-input":{"@type":"PropertyValueSpecification","valueRequired":true,"valueName":"search_term_string"}}],"inLanguage":"it-IT"}]}},"_links":{"self":[{"href":"https:\/\/nordic-drift.com\/it\/wp-json\/wp\/v2\/product\/3045","targetHints":{"allow":["GET"]}}],"collection":[{"href":"https:\/\/nordic-drift.com\/it\/wp-json\/wp\/v2\/product"}],"about":[{"href":"https:\/\/nordic-drift.com\/it\/wp-json\/wp\/v2\/types\/product"}],"replies":[{"embeddable":true,"href":"https:\/\/nordic-drift.com\/it\/wp-json\/wp\/v2\/comments?post=3045"}],"wp:featuredmedia":[{"embeddable":true,"href":"https:\/\/nordic-drift.com\/it\/wp-json\/wp\/v2\/media\/3520"}],"wp:attachment":[{"href":"https:\/\/nordic-drift.com\/it\/wp-json\/wp\/v2\/media?parent=3045"}],"wp:term":[{"taxonomy":"product_cat","embeddable":true,"href":"https:\/\/nordic-drift.com\/it\/wp-json\/wp\/v2\/product_cat?post=3045"},{"taxonomy":"product_tag","embeddable":true,"href":"https:\/\/nordic-drift.com\/it\/wp-json\/wp\/v2\/product_tag?post=3045"}],"curies":[{"name":"wp","href":"https:\/\/api.w.org\/{rel}","templated":true}]}}