{"id":3034,"date":"2026-01-27T14:00:36","date_gmt":"2026-01-27T14:00:36","guid":{"rendered":"https:\/\/nordic-drift.com\/product\/coltellino-pieghevole-nordic-drift-nero\/"},"modified":"2026-03-19T09:24:43","modified_gmt":"2026-03-19T09:24:43","slug":"coltellino-pieghevole-nordic-drift-nero","status":"publish","type":"product","link":"https:\/\/nordic-drift.com\/it\/product\/coltellino-pieghevole-nordic-drift-nero\/","title":{"rendered":"Coltellino pieghevole Nordic Drift, nero"},"content":{"rendered":"<p>Realizzato per durare, concepito per esplorare. Il coltellino pieghevole Nordic Drift \u00e8 un coltello da outdoor di alta qualit\u00e0 progettato per un uso affidabile durante le escursioni, in campeggio o in viaggio. Realizzato in acciaio inossidabile di alta qualit\u00e0, offre prestazioni durevoli ed \u00e8 realizzato con materiali sicuri per gli alimenti per una versatilit\u00e0 quotidiana. Un raffinato dettaglio in silicone aggiunge un tocco di design mantenendo un aspetto pulito e funzionale. Compatto e facile da trasportare, questo coltello pieghevole \u00e8 progettato per un uso pratico all&#8217;aperto. Tutti i prodotti Nordic Drift sono sottoposti a test di qualit\u00e0 intensivi. Poich\u00e9 crediamo fermamente nelle prestazioni e nella durata dei nostri prodotti, ogni articolo \u00e8 coperto da una garanzia di 5 anni sui difetti di fabbricazione. Per tutti i dettagli, visitare il sito www.nordic-drift.com.<\/p>\n","protected":false},"excerpt":{"rendered":"<p>Realizzato per durare, concepito per esplorare. Il coltellino pieghevole Nordic Drift \u00e8 un coltello da outdoor di alta qualit\u00e0 progettato per un uso affidabile durante le escursioni, in campeggio o in viaggio. Realizzato in acciaio inossidabile di alta qualit\u00e0, offre prestazioni durevoli ed \u00e8 realizzato con materiali sicuri per gli alimenti per una versatilit\u00e0 quotidiana. [&hellip;]<\/p>\n","protected":false},"featured_media":3428,"comment_status":"closed","ping_status":"closed","template":"","meta":{"_acf_changed":false},"product_cat":[92],"product_tag":[],"class_list":["post-3034","product","type-product","status-publish","has-post-thumbnail","hentry","product_cat-accessori","pa_color-black"],"acf":[],"yoast_head":"<!-- This site is optimized with the Yoast SEO plugin v27.0 - https:\/\/yoast.com\/product\/yoast-seo-wordpress\/ -->\n<title>Coltellino pieghevole Nordic Drift, nero - Nordic Drift<\/title>\n<meta name=\"robots\" content=\"index, follow, max-snippet:-1, max-image-preview:large, max-video-preview:-1\" \/>\n<link rel=\"canonical\" href=\"https:\/\/nordic-drift.com\/it\/product\/coltellino-pieghevole-nordic-drift-nero\/\" \/>\n<meta property=\"og:locale\" content=\"it_IT\" \/>\n<meta property=\"og:type\" content=\"article\" \/>\n<meta property=\"og:title\" content=\"Coltellino pieghevole Nordic Drift, nero - Nordic Drift\" \/>\n<meta property=\"og:description\" content=\"Realizzato per durare, concepito per esplorare. Il coltellino pieghevole Nordic Drift \u00e8 un coltello da outdoor di alta qualit\u00e0 progettato per un uso affidabile durante le escursioni, in campeggio o in viaggio. Realizzato in acciaio inossidabile di alta qualit\u00e0, offre prestazioni durevoli ed \u00e8 realizzato con materiali sicuri per gli alimenti per una versatilit\u00e0 quotidiana. [&hellip;]\" \/>\n<meta property=\"og:url\" content=\"https:\/\/nordic-drift.com\/it\/product\/coltellino-pieghevole-nordic-drift-nero\/\" \/>\n<meta property=\"og:site_name\" content=\"Nordic Drift\" \/>\n<meta property=\"article:modified_time\" content=\"2026-03-19T09:24:43+00:00\" \/>\n<meta property=\"og:image\" content=\"https:\/\/nordic-drift.com\/wp-content\/uploads\/sites\/14\/2026\/02\/ND500.0101__S_0__bf57832043dd49258db8a136aa02193e.jpg\" \/>\n\t<meta property=\"og:image:width\" content=\"1024\" \/>\n\t<meta property=\"og:image:height\" content=\"1024\" \/>\n\t<meta property=\"og:image:type\" content=\"image\/jpeg\" \/>\n<meta name=\"twitter:card\" content=\"summary_large_image\" \/>\n<meta name=\"twitter:label1\" content=\"Tempo di lettura stimato\" \/>\n\t<meta name=\"twitter:data1\" content=\"1 minuto\" \/>\n<script type=\"application\/ld+json\" class=\"yoast-schema-graph\">{\"@context\":\"https:\/\/schema.org\",\"@graph\":[{\"@type\":\"WebPage\",\"@id\":\"https:\/\/nordic-drift.com\/it\/product\/coltellino-pieghevole-nordic-drift-nero\/\",\"url\":\"https:\/\/nordic-drift.com\/it\/product\/coltellino-pieghevole-nordic-drift-nero\/\",\"name\":\"Coltellino pieghevole Nordic Drift, nero - Nordic Drift\",\"isPartOf\":{\"@id\":\"https:\/\/nordic-drift.com\/it\/#website\"},\"primaryImageOfPage\":{\"@id\":\"https:\/\/nordic-drift.com\/it\/product\/coltellino-pieghevole-nordic-drift-nero\/#primaryimage\"},\"image\":{\"@id\":\"https:\/\/nordic-drift.com\/it\/product\/coltellino-pieghevole-nordic-drift-nero\/#primaryimage\"},\"thumbnailUrl\":\"https:\/\/nordic-drift.com\/wp-content\/uploads\/sites\/14\/2026\/02\/ND500.0101__S_0__bf57832043dd49258db8a136aa02193e.jpg\",\"datePublished\":\"2026-01-27T14:00:36+00:00\",\"dateModified\":\"2026-03-19T09:24:43+00:00\",\"breadcrumb\":{\"@id\":\"https:\/\/nordic-drift.com\/it\/product\/coltellino-pieghevole-nordic-drift-nero\/#breadcrumb\"},\"inLanguage\":\"it-IT\",\"potentialAction\":[{\"@type\":\"ReadAction\",\"target\":[\"https:\/\/nordic-drift.com\/it\/product\/coltellino-pieghevole-nordic-drift-nero\/\"]}]},{\"@type\":\"ImageObject\",\"inLanguage\":\"it-IT\",\"@id\":\"https:\/\/nordic-drift.com\/it\/product\/coltellino-pieghevole-nordic-drift-nero\/#primaryimage\",\"url\":\"https:\/\/nordic-drift.com\/wp-content\/uploads\/sites\/14\/2026\/02\/ND500.0101__S_0__bf57832043dd49258db8a136aa02193e.jpg\",\"contentUrl\":\"https:\/\/nordic-drift.com\/wp-content\/uploads\/sites\/14\/2026\/02\/ND500.0101__S_0__bf57832043dd49258db8a136aa02193e.jpg\",\"width\":1024,\"height\":1024},{\"@type\":\"BreadcrumbList\",\"@id\":\"https:\/\/nordic-drift.com\/it\/product\/coltellino-pieghevole-nordic-drift-nero\/#breadcrumb\",\"itemListElement\":[{\"@type\":\"ListItem\",\"position\":1,\"name\":\"Home\",\"item\":\"https:\/\/nordic-drift.com\/it\/\"},{\"@type\":\"ListItem\",\"position\":2,\"name\":\"Collezione\",\"item\":\"https:\/\/nordic-drift.com\/it\/collezione\/\"},{\"@type\":\"ListItem\",\"position\":3,\"name\":\"Coltellino pieghevole Nordic Drift, nero\"}]},{\"@type\":\"WebSite\",\"@id\":\"https:\/\/nordic-drift.com\/it\/#website\",\"url\":\"https:\/\/nordic-drift.com\/it\/\",\"name\":\"Nordic Drift\",\"description\":\"Built to Last, Made to Explore.\",\"potentialAction\":[{\"@type\":\"SearchAction\",\"target\":{\"@type\":\"EntryPoint\",\"urlTemplate\":\"https:\/\/nordic-drift.com\/it\/?s={search_term_string}\"},\"query-input\":{\"@type\":\"PropertyValueSpecification\",\"valueRequired\":true,\"valueName\":\"search_term_string\"}}],\"inLanguage\":\"it-IT\"}]}<\/script>\n<!-- \/ Yoast SEO plugin. -->","yoast_head_json":{"title":"Coltellino pieghevole Nordic Drift, nero - Nordic Drift","robots":{"index":"index","follow":"follow","max-snippet":"max-snippet:-1","max-image-preview":"max-image-preview:large","max-video-preview":"max-video-preview:-1"},"canonical":"https:\/\/nordic-drift.com\/it\/product\/coltellino-pieghevole-nordic-drift-nero\/","og_locale":"it_IT","og_type":"article","og_title":"Coltellino pieghevole Nordic Drift, nero - Nordic Drift","og_description":"Realizzato per durare, concepito per esplorare. Il coltellino pieghevole Nordic Drift \u00e8 un coltello da outdoor di alta qualit\u00e0 progettato per un uso affidabile durante le escursioni, in campeggio o in viaggio. Realizzato in acciaio inossidabile di alta qualit\u00e0, offre prestazioni durevoli ed \u00e8 realizzato con materiali sicuri per gli alimenti per una versatilit\u00e0 quotidiana. [&hellip;]","og_url":"https:\/\/nordic-drift.com\/it\/product\/coltellino-pieghevole-nordic-drift-nero\/","og_site_name":"Nordic Drift","article_modified_time":"2026-03-19T09:24:43+00:00","og_image":[{"width":1024,"height":1024,"url":"https:\/\/nordic-drift.com\/wp-content\/uploads\/sites\/14\/2026\/02\/ND500.0101__S_0__bf57832043dd49258db8a136aa02193e.jpg","type":"image\/jpeg"}],"twitter_card":"summary_large_image","twitter_misc":{"Tempo di lettura stimato":"1 minuto"},"schema":{"@context":"https:\/\/schema.org","@graph":[{"@type":"WebPage","@id":"https:\/\/nordic-drift.com\/it\/product\/coltellino-pieghevole-nordic-drift-nero\/","url":"https:\/\/nordic-drift.com\/it\/product\/coltellino-pieghevole-nordic-drift-nero\/","name":"Coltellino pieghevole Nordic Drift, nero - Nordic Drift","isPartOf":{"@id":"https:\/\/nordic-drift.com\/it\/#website"},"primaryImageOfPage":{"@id":"https:\/\/nordic-drift.com\/it\/product\/coltellino-pieghevole-nordic-drift-nero\/#primaryimage"},"image":{"@id":"https:\/\/nordic-drift.com\/it\/product\/coltellino-pieghevole-nordic-drift-nero\/#primaryimage"},"thumbnailUrl":"https:\/\/nordic-drift.com\/wp-content\/uploads\/sites\/14\/2026\/02\/ND500.0101__S_0__bf57832043dd49258db8a136aa02193e.jpg","datePublished":"2026-01-27T14:00:36+00:00","dateModified":"2026-03-19T09:24:43+00:00","breadcrumb":{"@id":"https:\/\/nordic-drift.com\/it\/product\/coltellino-pieghevole-nordic-drift-nero\/#breadcrumb"},"inLanguage":"it-IT","potentialAction":[{"@type":"ReadAction","target":["https:\/\/nordic-drift.com\/it\/product\/coltellino-pieghevole-nordic-drift-nero\/"]}]},{"@type":"ImageObject","inLanguage":"it-IT","@id":"https:\/\/nordic-drift.com\/it\/product\/coltellino-pieghevole-nordic-drift-nero\/#primaryimage","url":"https:\/\/nordic-drift.com\/wp-content\/uploads\/sites\/14\/2026\/02\/ND500.0101__S_0__bf57832043dd49258db8a136aa02193e.jpg","contentUrl":"https:\/\/nordic-drift.com\/wp-content\/uploads\/sites\/14\/2026\/02\/ND500.0101__S_0__bf57832043dd49258db8a136aa02193e.jpg","width":1024,"height":1024},{"@type":"BreadcrumbList","@id":"https:\/\/nordic-drift.com\/it\/product\/coltellino-pieghevole-nordic-drift-nero\/#breadcrumb","itemListElement":[{"@type":"ListItem","position":1,"name":"Home","item":"https:\/\/nordic-drift.com\/it\/"},{"@type":"ListItem","position":2,"name":"Collezione","item":"https:\/\/nordic-drift.com\/it\/collezione\/"},{"@type":"ListItem","position":3,"name":"Coltellino pieghevole Nordic Drift, nero"}]},{"@type":"WebSite","@id":"https:\/\/nordic-drift.com\/it\/#website","url":"https:\/\/nordic-drift.com\/it\/","name":"Nordic Drift","description":"Built to Last, Made to Explore.","potentialAction":[{"@type":"SearchAction","target":{"@type":"EntryPoint","urlTemplate":"https:\/\/nordic-drift.com\/it\/?s={search_term_string}"},"query-input":{"@type":"PropertyValueSpecification","valueRequired":true,"valueName":"search_term_string"}}],"inLanguage":"it-IT"}]}},"_links":{"self":[{"href":"https:\/\/nordic-drift.com\/it\/wp-json\/wp\/v2\/product\/3034","targetHints":{"allow":["GET"]}}],"collection":[{"href":"https:\/\/nordic-drift.com\/it\/wp-json\/wp\/v2\/product"}],"about":[{"href":"https:\/\/nordic-drift.com\/it\/wp-json\/wp\/v2\/types\/product"}],"replies":[{"embeddable":true,"href":"https:\/\/nordic-drift.com\/it\/wp-json\/wp\/v2\/comments?post=3034"}],"wp:featuredmedia":[{"embeddable":true,"href":"https:\/\/nordic-drift.com\/it\/wp-json\/wp\/v2\/media\/3428"}],"wp:attachment":[{"href":"https:\/\/nordic-drift.com\/it\/wp-json\/wp\/v2\/media?parent=3034"}],"wp:term":[{"taxonomy":"product_cat","embeddable":true,"href":"https:\/\/nordic-drift.com\/it\/wp-json\/wp\/v2\/product_cat?post=3034"},{"taxonomy":"product_tag","embeddable":true,"href":"https:\/\/nordic-drift.com\/it\/wp-json\/wp\/v2\/product_tag?post=3034"}],"curies":[{"name":"wp","href":"https:\/\/api.w.org\/{rel}","templated":true}]}}