{"id":3033,"date":"2026-01-27T14:00:36","date_gmt":"2026-01-27T14:00:36","guid":{"rendered":"https:\/\/nordic-drift.com\/product\/posate-outdoor-nordic-drift-trail-4-in-1-nero\/"},"modified":"2026-03-19T09:24:42","modified_gmt":"2026-03-19T09:24:42","slug":"posate-outdoor-nordic-drift-trail-4-in-1-nero","status":"publish","type":"product","link":"https:\/\/nordic-drift.com\/it\/product\/posate-outdoor-nordic-drift-trail-4-in-1-nero\/","title":{"rendered":"Posate outdoor Nordic Drift Trail 4 in 1, nero"},"content":{"rendered":"<p>Progettato per durare, concepito per esplorare. Le posate da esterno Nordic Drift Trail 4-in-1 sono un utensile da tavola di alta qualit\u00e0 progettato per le avventure all&#8217;aria aperta. Combinando forchetta, coltello e cucchiaio in un unico utensile compatto, \u00e8 realizzato in acciaio inossidabile di alta qualit\u00e0 con un rivestimento in titanio extra resistente e sicuro per gli alimenti, per un uso duraturo. Facile da pulire e costruite per resistere a un uso frequente durante le escursioni o in campeggio, includono un cinturino in silicone per tenere le posate ben fissate e facili da trasportare. Tutti i prodotti Nordic Drift sono sottoposti a test intensivi di qualit\u00e0. Poich\u00e9 crediamo fermamente nelle prestazioni e nella durata dei nostri prodotti, ogni articolo \u00e8 coperto da una garanzia di 5 anni sui difetti di fabbricazione. Per tutti i dettagli, visitate il sito www.nordic-drift.com<\/p>\n","protected":false},"excerpt":{"rendered":"<p>Progettato per durare, concepito per esplorare. Le posate da esterno Nordic Drift Trail 4-in-1 sono un utensile da tavola di alta qualit\u00e0 progettato per le avventure all&#8217;aria aperta. Combinando forchetta, coltello e cucchiaio in un unico utensile compatto, \u00e8 realizzato in acciaio inossidabile di alta qualit\u00e0 con un rivestimento in titanio extra resistente e sicuro [&hellip;]<\/p>\n","protected":false},"featured_media":3417,"comment_status":"closed","ping_status":"closed","template":"","meta":{"_acf_changed":false},"product_cat":[109],"product_tag":[],"class_list":["post-3033","product","type-product","status-publish","has-post-thumbnail","hentry","product_cat-cibo-e-bevande","pa_color-black"],"acf":[],"yoast_head":"<!-- This site is optimized with the Yoast SEO plugin v27.0 - https:\/\/yoast.com\/product\/yoast-seo-wordpress\/ -->\n<title>Posate outdoor Nordic Drift Trail 4 in 1, nero - Nordic Drift<\/title>\n<meta name=\"robots\" content=\"index, follow, max-snippet:-1, max-image-preview:large, max-video-preview:-1\" \/>\n<link rel=\"canonical\" href=\"https:\/\/nordic-drift.com\/it\/product\/posate-outdoor-nordic-drift-trail-4-in-1-nero\/\" \/>\n<meta property=\"og:locale\" content=\"it_IT\" \/>\n<meta property=\"og:type\" content=\"article\" \/>\n<meta property=\"og:title\" content=\"Posate outdoor Nordic Drift Trail 4 in 1, nero - Nordic Drift\" \/>\n<meta property=\"og:description\" content=\"Progettato per durare, concepito per esplorare. Le posate da esterno Nordic Drift Trail 4-in-1 sono un utensile da tavola di alta qualit\u00e0 progettato per le avventure all&#8217;aria aperta. Combinando forchetta, coltello e cucchiaio in un unico utensile compatto, \u00e8 realizzato in acciaio inossidabile di alta qualit\u00e0 con un rivestimento in titanio extra resistente e sicuro [&hellip;]\" \/>\n<meta property=\"og:url\" content=\"https:\/\/nordic-drift.com\/it\/product\/posate-outdoor-nordic-drift-trail-4-in-1-nero\/\" \/>\n<meta property=\"og:site_name\" content=\"Nordic Drift\" \/>\n<meta property=\"article:modified_time\" content=\"2026-03-19T09:24:42+00:00\" \/>\n<meta property=\"og:image\" content=\"https:\/\/nordic-drift.com\/wp-content\/uploads\/sites\/14\/2026\/02\/ND500.0001__S_0__e817df91b924416480ab4cc8e13da8a0.jpg\" \/>\n\t<meta property=\"og:image:width\" content=\"1024\" \/>\n\t<meta property=\"og:image:height\" content=\"1024\" \/>\n\t<meta property=\"og:image:type\" content=\"image\/jpeg\" \/>\n<meta name=\"twitter:card\" content=\"summary_large_image\" \/>\n<meta name=\"twitter:label1\" content=\"Tempo di lettura stimato\" \/>\n\t<meta name=\"twitter:data1\" content=\"1 minuto\" \/>\n<script type=\"application\/ld+json\" class=\"yoast-schema-graph\">{\"@context\":\"https:\/\/schema.org\",\"@graph\":[{\"@type\":\"WebPage\",\"@id\":\"https:\/\/nordic-drift.com\/it\/product\/posate-outdoor-nordic-drift-trail-4-in-1-nero\/\",\"url\":\"https:\/\/nordic-drift.com\/it\/product\/posate-outdoor-nordic-drift-trail-4-in-1-nero\/\",\"name\":\"Posate outdoor Nordic Drift Trail 4 in 1, nero - Nordic Drift\",\"isPartOf\":{\"@id\":\"https:\/\/nordic-drift.com\/it\/#website\"},\"primaryImageOfPage\":{\"@id\":\"https:\/\/nordic-drift.com\/it\/product\/posate-outdoor-nordic-drift-trail-4-in-1-nero\/#primaryimage\"},\"image\":{\"@id\":\"https:\/\/nordic-drift.com\/it\/product\/posate-outdoor-nordic-drift-trail-4-in-1-nero\/#primaryimage\"},\"thumbnailUrl\":\"https:\/\/nordic-drift.com\/wp-content\/uploads\/sites\/14\/2026\/02\/ND500.0001__S_0__e817df91b924416480ab4cc8e13da8a0.jpg\",\"datePublished\":\"2026-01-27T14:00:36+00:00\",\"dateModified\":\"2026-03-19T09:24:42+00:00\",\"breadcrumb\":{\"@id\":\"https:\/\/nordic-drift.com\/it\/product\/posate-outdoor-nordic-drift-trail-4-in-1-nero\/#breadcrumb\"},\"inLanguage\":\"it-IT\",\"potentialAction\":[{\"@type\":\"ReadAction\",\"target\":[\"https:\/\/nordic-drift.com\/it\/product\/posate-outdoor-nordic-drift-trail-4-in-1-nero\/\"]}]},{\"@type\":\"ImageObject\",\"inLanguage\":\"it-IT\",\"@id\":\"https:\/\/nordic-drift.com\/it\/product\/posate-outdoor-nordic-drift-trail-4-in-1-nero\/#primaryimage\",\"url\":\"https:\/\/nordic-drift.com\/wp-content\/uploads\/sites\/14\/2026\/02\/ND500.0001__S_0__e817df91b924416480ab4cc8e13da8a0.jpg\",\"contentUrl\":\"https:\/\/nordic-drift.com\/wp-content\/uploads\/sites\/14\/2026\/02\/ND500.0001__S_0__e817df91b924416480ab4cc8e13da8a0.jpg\",\"width\":1024,\"height\":1024},{\"@type\":\"BreadcrumbList\",\"@id\":\"https:\/\/nordic-drift.com\/it\/product\/posate-outdoor-nordic-drift-trail-4-in-1-nero\/#breadcrumb\",\"itemListElement\":[{\"@type\":\"ListItem\",\"position\":1,\"name\":\"Home\",\"item\":\"https:\/\/nordic-drift.com\/it\/\"},{\"@type\":\"ListItem\",\"position\":2,\"name\":\"Collezione\",\"item\":\"https:\/\/nordic-drift.com\/it\/collezione\/\"},{\"@type\":\"ListItem\",\"position\":3,\"name\":\"Posate outdoor Nordic Drift Trail 4 in 1, nero\"}]},{\"@type\":\"WebSite\",\"@id\":\"https:\/\/nordic-drift.com\/it\/#website\",\"url\":\"https:\/\/nordic-drift.com\/it\/\",\"name\":\"Nordic Drift\",\"description\":\"Built to Last, Made to Explore.\",\"potentialAction\":[{\"@type\":\"SearchAction\",\"target\":{\"@type\":\"EntryPoint\",\"urlTemplate\":\"https:\/\/nordic-drift.com\/it\/?s={search_term_string}\"},\"query-input\":{\"@type\":\"PropertyValueSpecification\",\"valueRequired\":true,\"valueName\":\"search_term_string\"}}],\"inLanguage\":\"it-IT\"}]}<\/script>\n<!-- \/ Yoast SEO plugin. -->","yoast_head_json":{"title":"Posate outdoor Nordic Drift Trail 4 in 1, nero - Nordic Drift","robots":{"index":"index","follow":"follow","max-snippet":"max-snippet:-1","max-image-preview":"max-image-preview:large","max-video-preview":"max-video-preview:-1"},"canonical":"https:\/\/nordic-drift.com\/it\/product\/posate-outdoor-nordic-drift-trail-4-in-1-nero\/","og_locale":"it_IT","og_type":"article","og_title":"Posate outdoor Nordic Drift Trail 4 in 1, nero - Nordic Drift","og_description":"Progettato per durare, concepito per esplorare. Le posate da esterno Nordic Drift Trail 4-in-1 sono un utensile da tavola di alta qualit\u00e0 progettato per le avventure all&#8217;aria aperta. Combinando forchetta, coltello e cucchiaio in un unico utensile compatto, \u00e8 realizzato in acciaio inossidabile di alta qualit\u00e0 con un rivestimento in titanio extra resistente e sicuro [&hellip;]","og_url":"https:\/\/nordic-drift.com\/it\/product\/posate-outdoor-nordic-drift-trail-4-in-1-nero\/","og_site_name":"Nordic Drift","article_modified_time":"2026-03-19T09:24:42+00:00","og_image":[{"width":1024,"height":1024,"url":"https:\/\/nordic-drift.com\/wp-content\/uploads\/sites\/14\/2026\/02\/ND500.0001__S_0__e817df91b924416480ab4cc8e13da8a0.jpg","type":"image\/jpeg"}],"twitter_card":"summary_large_image","twitter_misc":{"Tempo di lettura stimato":"1 minuto"},"schema":{"@context":"https:\/\/schema.org","@graph":[{"@type":"WebPage","@id":"https:\/\/nordic-drift.com\/it\/product\/posate-outdoor-nordic-drift-trail-4-in-1-nero\/","url":"https:\/\/nordic-drift.com\/it\/product\/posate-outdoor-nordic-drift-trail-4-in-1-nero\/","name":"Posate outdoor Nordic Drift Trail 4 in 1, nero - Nordic Drift","isPartOf":{"@id":"https:\/\/nordic-drift.com\/it\/#website"},"primaryImageOfPage":{"@id":"https:\/\/nordic-drift.com\/it\/product\/posate-outdoor-nordic-drift-trail-4-in-1-nero\/#primaryimage"},"image":{"@id":"https:\/\/nordic-drift.com\/it\/product\/posate-outdoor-nordic-drift-trail-4-in-1-nero\/#primaryimage"},"thumbnailUrl":"https:\/\/nordic-drift.com\/wp-content\/uploads\/sites\/14\/2026\/02\/ND500.0001__S_0__e817df91b924416480ab4cc8e13da8a0.jpg","datePublished":"2026-01-27T14:00:36+00:00","dateModified":"2026-03-19T09:24:42+00:00","breadcrumb":{"@id":"https:\/\/nordic-drift.com\/it\/product\/posate-outdoor-nordic-drift-trail-4-in-1-nero\/#breadcrumb"},"inLanguage":"it-IT","potentialAction":[{"@type":"ReadAction","target":["https:\/\/nordic-drift.com\/it\/product\/posate-outdoor-nordic-drift-trail-4-in-1-nero\/"]}]},{"@type":"ImageObject","inLanguage":"it-IT","@id":"https:\/\/nordic-drift.com\/it\/product\/posate-outdoor-nordic-drift-trail-4-in-1-nero\/#primaryimage","url":"https:\/\/nordic-drift.com\/wp-content\/uploads\/sites\/14\/2026\/02\/ND500.0001__S_0__e817df91b924416480ab4cc8e13da8a0.jpg","contentUrl":"https:\/\/nordic-drift.com\/wp-content\/uploads\/sites\/14\/2026\/02\/ND500.0001__S_0__e817df91b924416480ab4cc8e13da8a0.jpg","width":1024,"height":1024},{"@type":"BreadcrumbList","@id":"https:\/\/nordic-drift.com\/it\/product\/posate-outdoor-nordic-drift-trail-4-in-1-nero\/#breadcrumb","itemListElement":[{"@type":"ListItem","position":1,"name":"Home","item":"https:\/\/nordic-drift.com\/it\/"},{"@type":"ListItem","position":2,"name":"Collezione","item":"https:\/\/nordic-drift.com\/it\/collezione\/"},{"@type":"ListItem","position":3,"name":"Posate outdoor Nordic Drift Trail 4 in 1, nero"}]},{"@type":"WebSite","@id":"https:\/\/nordic-drift.com\/it\/#website","url":"https:\/\/nordic-drift.com\/it\/","name":"Nordic Drift","description":"Built to Last, Made to Explore.","potentialAction":[{"@type":"SearchAction","target":{"@type":"EntryPoint","urlTemplate":"https:\/\/nordic-drift.com\/it\/?s={search_term_string}"},"query-input":{"@type":"PropertyValueSpecification","valueRequired":true,"valueName":"search_term_string"}}],"inLanguage":"it-IT"}]}},"_links":{"self":[{"href":"https:\/\/nordic-drift.com\/it\/wp-json\/wp\/v2\/product\/3033","targetHints":{"allow":["GET"]}}],"collection":[{"href":"https:\/\/nordic-drift.com\/it\/wp-json\/wp\/v2\/product"}],"about":[{"href":"https:\/\/nordic-drift.com\/it\/wp-json\/wp\/v2\/types\/product"}],"replies":[{"embeddable":true,"href":"https:\/\/nordic-drift.com\/it\/wp-json\/wp\/v2\/comments?post=3033"}],"wp:featuredmedia":[{"embeddable":true,"href":"https:\/\/nordic-drift.com\/it\/wp-json\/wp\/v2\/media\/3417"}],"wp:attachment":[{"href":"https:\/\/nordic-drift.com\/it\/wp-json\/wp\/v2\/media?parent=3033"}],"wp:term":[{"taxonomy":"product_cat","embeddable":true,"href":"https:\/\/nordic-drift.com\/it\/wp-json\/wp\/v2\/product_cat?post=3033"},{"taxonomy":"product_tag","embeddable":true,"href":"https:\/\/nordic-drift.com\/it\/wp-json\/wp\/v2\/product_tag?post=3033"}],"curies":[{"name":"wp","href":"https:\/\/api.w.org\/{rel}","templated":true}]}}