{"id":3023,"date":"2026-01-27T14:00:36","date_gmt":"2026-01-27T14:00:36","guid":{"rendered":"https:\/\/nordic-drift.com\/product\/orologio-ad-alte-prestazioni-nordic-drift-titan-nero\/"},"modified":"2026-03-19T09:24:33","modified_gmt":"2026-03-19T09:24:33","slug":"orologio-ad-alte-prestazioni-nordic-drift-titan-nero","status":"publish","type":"product","link":"https:\/\/nordic-drift.com\/it\/product\/orologio-ad-alte-prestazioni-nordic-drift-titan-nero\/","title":{"rendered":"Orologio ad alte prestazioni Nordic Drift Titan, nero"},"content":{"rendered":"<p>Realizzato per durare, concepito per esplorare. L&#8217;orologio outdoor Nordic Drift Performance \u00e8 progettato per lo sport, l&#8217;avventura e l&#8217;uso quotidiano. \u00c8 dotato di una cassa leggera e resistente in lega di zinco, un comodo cinturino in silicone che pu\u00f2 essere indossato tutto il giorno e un display AMOLED di alta qualit\u00e0 con una visione pi\u00f9 luminosa e chiara e un&#8217;eccellente leggibilit\u00e0 all&#8217;aperto. E&#8217; privo di PVC e ha un grado di protezione IP68 contro polvere e acqua per condizioni difficili. La durata della batteria \u00e8 fino a 7 giorni con una singola ricarica e fino a 28 giorni in standby. Collegato tramite un&#8217;app per Android e iOS, supporta funzioni essenziali tra cui monitoraggio della frequenza cardiaca, conteggio delle calorie, modalit\u00e0 sportive e notifiche di chiamate e messaggi. Tutti i prodotti Nordic Drift sono sottoposti a rigorosi test di qualit\u00e0. Ogni articolo Nordic Drift \u00e8 coperto da una garanzia di 5 anni. Per tutti i dettagli, visitare il sito www.nordic-drift.com.<\/p>\n","protected":false},"excerpt":{"rendered":"<p>Realizzato per durare, concepito per esplorare. L&#8217;orologio outdoor Nordic Drift Performance \u00e8 progettato per lo sport, l&#8217;avventura e l&#8217;uso quotidiano. \u00c8 dotato di una cassa leggera e resistente in lega di zinco, un comodo cinturino in silicone che pu\u00f2 essere indossato tutto il giorno e un display AMOLED di alta qualit\u00e0 con una visione pi\u00f9 [&hellip;]<\/p>\n","protected":false},"featured_media":3373,"comment_status":"closed","ping_status":"closed","template":"","meta":{"_acf_changed":false},"product_cat":[112],"product_tag":[],"class_list":["post-3023","product","type-product","status-publish","has-post-thumbnail","hentry","product_cat-tecnologia","pa_color-black"],"acf":[],"yoast_head":"<!-- This site is optimized with the Yoast SEO plugin v27.0 - https:\/\/yoast.com\/product\/yoast-seo-wordpress\/ -->\n<title>Orologio ad alte prestazioni Nordic Drift Titan, nero - Nordic Drift<\/title>\n<meta name=\"robots\" content=\"index, follow, max-snippet:-1, max-image-preview:large, max-video-preview:-1\" \/>\n<link rel=\"canonical\" href=\"https:\/\/nordic-drift.com\/it\/product\/orologio-ad-alte-prestazioni-nordic-drift-titan-nero\/\" \/>\n<meta property=\"og:locale\" content=\"it_IT\" \/>\n<meta property=\"og:type\" content=\"article\" \/>\n<meta property=\"og:title\" content=\"Orologio ad alte prestazioni Nordic Drift Titan, nero - Nordic Drift\" \/>\n<meta property=\"og:description\" content=\"Realizzato per durare, concepito per esplorare. L&#8217;orologio outdoor Nordic Drift Performance \u00e8 progettato per lo sport, l&#8217;avventura e l&#8217;uso quotidiano. \u00c8 dotato di una cassa leggera e resistente in lega di zinco, un comodo cinturino in silicone che pu\u00f2 essere indossato tutto il giorno e un display AMOLED di alta qualit\u00e0 con una visione pi\u00f9 [&hellip;]\" \/>\n<meta property=\"og:url\" content=\"https:\/\/nordic-drift.com\/it\/product\/orologio-ad-alte-prestazioni-nordic-drift-titan-nero\/\" \/>\n<meta property=\"og:site_name\" content=\"Nordic Drift\" \/>\n<meta property=\"article:modified_time\" content=\"2026-03-19T09:24:33+00:00\" \/>\n<meta property=\"og:image\" content=\"https:\/\/nordic-drift.com\/wp-content\/uploads\/sites\/14\/2026\/02\/ND430.0001__S_0__25da8d8709ea4be6ba1a66b8e08939a7.jpg\" \/>\n\t<meta property=\"og:image:width\" content=\"1024\" \/>\n\t<meta property=\"og:image:height\" content=\"1024\" \/>\n\t<meta property=\"og:image:type\" content=\"image\/jpeg\" \/>\n<meta name=\"twitter:card\" content=\"summary_large_image\" \/>\n<meta name=\"twitter:label1\" content=\"Tempo di lettura stimato\" \/>\n\t<meta name=\"twitter:data1\" content=\"1 minuto\" \/>\n<script type=\"application\/ld+json\" class=\"yoast-schema-graph\">{\"@context\":\"https:\/\/schema.org\",\"@graph\":[{\"@type\":\"WebPage\",\"@id\":\"https:\/\/nordic-drift.com\/it\/product\/orologio-ad-alte-prestazioni-nordic-drift-titan-nero\/\",\"url\":\"https:\/\/nordic-drift.com\/it\/product\/orologio-ad-alte-prestazioni-nordic-drift-titan-nero\/\",\"name\":\"Orologio ad alte prestazioni Nordic Drift Titan, nero - Nordic Drift\",\"isPartOf\":{\"@id\":\"https:\/\/nordic-drift.com\/it\/#website\"},\"primaryImageOfPage\":{\"@id\":\"https:\/\/nordic-drift.com\/it\/product\/orologio-ad-alte-prestazioni-nordic-drift-titan-nero\/#primaryimage\"},\"image\":{\"@id\":\"https:\/\/nordic-drift.com\/it\/product\/orologio-ad-alte-prestazioni-nordic-drift-titan-nero\/#primaryimage\"},\"thumbnailUrl\":\"https:\/\/nordic-drift.com\/wp-content\/uploads\/sites\/14\/2026\/02\/ND430.0001__S_0__25da8d8709ea4be6ba1a66b8e08939a7.jpg\",\"datePublished\":\"2026-01-27T14:00:36+00:00\",\"dateModified\":\"2026-03-19T09:24:33+00:00\",\"breadcrumb\":{\"@id\":\"https:\/\/nordic-drift.com\/it\/product\/orologio-ad-alte-prestazioni-nordic-drift-titan-nero\/#breadcrumb\"},\"inLanguage\":\"it-IT\",\"potentialAction\":[{\"@type\":\"ReadAction\",\"target\":[\"https:\/\/nordic-drift.com\/it\/product\/orologio-ad-alte-prestazioni-nordic-drift-titan-nero\/\"]}]},{\"@type\":\"ImageObject\",\"inLanguage\":\"it-IT\",\"@id\":\"https:\/\/nordic-drift.com\/it\/product\/orologio-ad-alte-prestazioni-nordic-drift-titan-nero\/#primaryimage\",\"url\":\"https:\/\/nordic-drift.com\/wp-content\/uploads\/sites\/14\/2026\/02\/ND430.0001__S_0__25da8d8709ea4be6ba1a66b8e08939a7.jpg\",\"contentUrl\":\"https:\/\/nordic-drift.com\/wp-content\/uploads\/sites\/14\/2026\/02\/ND430.0001__S_0__25da8d8709ea4be6ba1a66b8e08939a7.jpg\",\"width\":1024,\"height\":1024},{\"@type\":\"BreadcrumbList\",\"@id\":\"https:\/\/nordic-drift.com\/it\/product\/orologio-ad-alte-prestazioni-nordic-drift-titan-nero\/#breadcrumb\",\"itemListElement\":[{\"@type\":\"ListItem\",\"position\":1,\"name\":\"Home\",\"item\":\"https:\/\/nordic-drift.com\/it\/\"},{\"@type\":\"ListItem\",\"position\":2,\"name\":\"Collezione\",\"item\":\"https:\/\/nordic-drift.com\/it\/collezione\/\"},{\"@type\":\"ListItem\",\"position\":3,\"name\":\"Orologio ad alte prestazioni Nordic Drift Titan, nero\"}]},{\"@type\":\"WebSite\",\"@id\":\"https:\/\/nordic-drift.com\/it\/#website\",\"url\":\"https:\/\/nordic-drift.com\/it\/\",\"name\":\"Nordic Drift\",\"description\":\"Built to Last, Made to Explore.\",\"potentialAction\":[{\"@type\":\"SearchAction\",\"target\":{\"@type\":\"EntryPoint\",\"urlTemplate\":\"https:\/\/nordic-drift.com\/it\/?s={search_term_string}\"},\"query-input\":{\"@type\":\"PropertyValueSpecification\",\"valueRequired\":true,\"valueName\":\"search_term_string\"}}],\"inLanguage\":\"it-IT\"}]}<\/script>\n<!-- \/ Yoast SEO plugin. -->","yoast_head_json":{"title":"Orologio ad alte prestazioni Nordic Drift Titan, nero - Nordic Drift","robots":{"index":"index","follow":"follow","max-snippet":"max-snippet:-1","max-image-preview":"max-image-preview:large","max-video-preview":"max-video-preview:-1"},"canonical":"https:\/\/nordic-drift.com\/it\/product\/orologio-ad-alte-prestazioni-nordic-drift-titan-nero\/","og_locale":"it_IT","og_type":"article","og_title":"Orologio ad alte prestazioni Nordic Drift Titan, nero - Nordic Drift","og_description":"Realizzato per durare, concepito per esplorare. L&#8217;orologio outdoor Nordic Drift Performance \u00e8 progettato per lo sport, l&#8217;avventura e l&#8217;uso quotidiano. \u00c8 dotato di una cassa leggera e resistente in lega di zinco, un comodo cinturino in silicone che pu\u00f2 essere indossato tutto il giorno e un display AMOLED di alta qualit\u00e0 con una visione pi\u00f9 [&hellip;]","og_url":"https:\/\/nordic-drift.com\/it\/product\/orologio-ad-alte-prestazioni-nordic-drift-titan-nero\/","og_site_name":"Nordic Drift","article_modified_time":"2026-03-19T09:24:33+00:00","og_image":[{"width":1024,"height":1024,"url":"https:\/\/nordic-drift.com\/wp-content\/uploads\/sites\/14\/2026\/02\/ND430.0001__S_0__25da8d8709ea4be6ba1a66b8e08939a7.jpg","type":"image\/jpeg"}],"twitter_card":"summary_large_image","twitter_misc":{"Tempo di lettura stimato":"1 minuto"},"schema":{"@context":"https:\/\/schema.org","@graph":[{"@type":"WebPage","@id":"https:\/\/nordic-drift.com\/it\/product\/orologio-ad-alte-prestazioni-nordic-drift-titan-nero\/","url":"https:\/\/nordic-drift.com\/it\/product\/orologio-ad-alte-prestazioni-nordic-drift-titan-nero\/","name":"Orologio ad alte prestazioni Nordic Drift Titan, nero - Nordic Drift","isPartOf":{"@id":"https:\/\/nordic-drift.com\/it\/#website"},"primaryImageOfPage":{"@id":"https:\/\/nordic-drift.com\/it\/product\/orologio-ad-alte-prestazioni-nordic-drift-titan-nero\/#primaryimage"},"image":{"@id":"https:\/\/nordic-drift.com\/it\/product\/orologio-ad-alte-prestazioni-nordic-drift-titan-nero\/#primaryimage"},"thumbnailUrl":"https:\/\/nordic-drift.com\/wp-content\/uploads\/sites\/14\/2026\/02\/ND430.0001__S_0__25da8d8709ea4be6ba1a66b8e08939a7.jpg","datePublished":"2026-01-27T14:00:36+00:00","dateModified":"2026-03-19T09:24:33+00:00","breadcrumb":{"@id":"https:\/\/nordic-drift.com\/it\/product\/orologio-ad-alte-prestazioni-nordic-drift-titan-nero\/#breadcrumb"},"inLanguage":"it-IT","potentialAction":[{"@type":"ReadAction","target":["https:\/\/nordic-drift.com\/it\/product\/orologio-ad-alte-prestazioni-nordic-drift-titan-nero\/"]}]},{"@type":"ImageObject","inLanguage":"it-IT","@id":"https:\/\/nordic-drift.com\/it\/product\/orologio-ad-alte-prestazioni-nordic-drift-titan-nero\/#primaryimage","url":"https:\/\/nordic-drift.com\/wp-content\/uploads\/sites\/14\/2026\/02\/ND430.0001__S_0__25da8d8709ea4be6ba1a66b8e08939a7.jpg","contentUrl":"https:\/\/nordic-drift.com\/wp-content\/uploads\/sites\/14\/2026\/02\/ND430.0001__S_0__25da8d8709ea4be6ba1a66b8e08939a7.jpg","width":1024,"height":1024},{"@type":"BreadcrumbList","@id":"https:\/\/nordic-drift.com\/it\/product\/orologio-ad-alte-prestazioni-nordic-drift-titan-nero\/#breadcrumb","itemListElement":[{"@type":"ListItem","position":1,"name":"Home","item":"https:\/\/nordic-drift.com\/it\/"},{"@type":"ListItem","position":2,"name":"Collezione","item":"https:\/\/nordic-drift.com\/it\/collezione\/"},{"@type":"ListItem","position":3,"name":"Orologio ad alte prestazioni Nordic Drift Titan, nero"}]},{"@type":"WebSite","@id":"https:\/\/nordic-drift.com\/it\/#website","url":"https:\/\/nordic-drift.com\/it\/","name":"Nordic Drift","description":"Built to Last, Made to Explore.","potentialAction":[{"@type":"SearchAction","target":{"@type":"EntryPoint","urlTemplate":"https:\/\/nordic-drift.com\/it\/?s={search_term_string}"},"query-input":{"@type":"PropertyValueSpecification","valueRequired":true,"valueName":"search_term_string"}}],"inLanguage":"it-IT"}]}},"_links":{"self":[{"href":"https:\/\/nordic-drift.com\/it\/wp-json\/wp\/v2\/product\/3023","targetHints":{"allow":["GET"]}}],"collection":[{"href":"https:\/\/nordic-drift.com\/it\/wp-json\/wp\/v2\/product"}],"about":[{"href":"https:\/\/nordic-drift.com\/it\/wp-json\/wp\/v2\/types\/product"}],"replies":[{"embeddable":true,"href":"https:\/\/nordic-drift.com\/it\/wp-json\/wp\/v2\/comments?post=3023"}],"wp:featuredmedia":[{"embeddable":true,"href":"https:\/\/nordic-drift.com\/it\/wp-json\/wp\/v2\/media\/3373"}],"wp:attachment":[{"href":"https:\/\/nordic-drift.com\/it\/wp-json\/wp\/v2\/media?parent=3023"}],"wp:term":[{"taxonomy":"product_cat","embeddable":true,"href":"https:\/\/nordic-drift.com\/it\/wp-json\/wp\/v2\/product_cat?post=3023"},{"taxonomy":"product_tag","embeddable":true,"href":"https:\/\/nordic-drift.com\/it\/wp-json\/wp\/v2\/product_tag?post=3023"}],"curies":[{"name":"wp","href":"https:\/\/api.w.org\/{rel}","templated":true}]}}