{"id":3015,"date":"2026-01-27T14:00:32","date_gmt":"2026-01-27T14:00:32","guid":{"rendered":"https:\/\/nordic-drift.com\/product\/bottiglia-termica-sportiva-nordic-drift-trail-rcs-940ml-nero\/"},"modified":"2026-03-19T09:24:23","modified_gmt":"2026-03-19T09:24:23","slug":"bottiglia-termica-sportiva-nordic-drift-trail-rcs-940ml-nero","status":"publish","type":"product","link":"https:\/\/nordic-drift.com\/it\/product\/bottiglia-termica-sportiva-nordic-drift-trail-rcs-940ml-nero\/","title":{"rendered":"Bottiglia termica sportiva Nordic Drift Trail RCS 940ML, nero"},"content":{"rendered":"<p>Realizzata per durare, concepita per esplorare.<br \/>\nRimani idratato ovunque ti portino le tue avventure grazie alla bottiglia sportiva Nordic Drift (940 ml). Realizzata con l&#8217;81% di acciaio inossidabile riciclato certificato (RCS), unisce sostenibilit\u00e0 e resistenza. La sua grande capacit\u00e0 ti permette di rimanere idratato pi\u00f9 a lungo, mentre il tappo a tenuta stagna e la maniglia rimovibile la rendono pratica sia per allenamenti intensi che per lunghe escursioni. Ogni bottiglia \u00e8 contenuta in una confezione regalo premium certificata FSC\u00ae, che la rende una scelta responsabile, per te e per il pianeta.<br \/>\nTutti i prodotti Nordic Drift sono testati per garantirne la qualit\u00e0. Ogni articolo \u00e8 coperto da una garanzia di 5 anni sui difetti di fabbricazione. Per tutti i dettagli, visita il sito www.nordic-drift.com.<\/p>\n","protected":false},"excerpt":{"rendered":"<p>Realizzata per durare, concepita per esplorare. Rimani idratato ovunque ti portino le tue avventure grazie alla bottiglia sportiva Nordic Drift (940 ml). Realizzata con l&#8217;81% di acciaio inossidabile riciclato certificato (RCS), unisce sostenibilit\u00e0 e resistenza. La sua grande capacit\u00e0 ti permette di rimanere idratato pi\u00f9 a lungo, mentre il tappo a tenuta stagna e la [&hellip;]<\/p>\n","protected":false},"featured_media":3264,"comment_status":"closed","ping_status":"closed","template":"","meta":{"_acf_changed":false},"product_cat":[109],"product_tag":[],"class_list":["post-3015","product","type-product","status-publish","has-post-thumbnail","hentry","product_cat-cibo-e-bevande","pa_color-black"],"acf":[],"yoast_head":"<!-- This site is optimized with the Yoast SEO plugin v27.0 - https:\/\/yoast.com\/product\/yoast-seo-wordpress\/ -->\n<title>Bottiglia termica sportiva Nordic Drift Trail RCS 940ML, nero - Nordic Drift<\/title>\n<meta name=\"robots\" content=\"index, follow, max-snippet:-1, max-image-preview:large, max-video-preview:-1\" \/>\n<link rel=\"canonical\" href=\"https:\/\/nordic-drift.com\/it\/product\/bottiglia-termica-sportiva-nordic-drift-trail-rcs-940ml-nero\/\" \/>\n<meta property=\"og:locale\" content=\"it_IT\" \/>\n<meta property=\"og:type\" content=\"article\" \/>\n<meta property=\"og:title\" content=\"Bottiglia termica sportiva Nordic Drift Trail RCS 940ML, nero - Nordic Drift\" \/>\n<meta property=\"og:description\" content=\"Realizzata per durare, concepita per esplorare. Rimani idratato ovunque ti portino le tue avventure grazie alla bottiglia sportiva Nordic Drift (940 ml). Realizzata con l&#8217;81% di acciaio inossidabile riciclato certificato (RCS), unisce sostenibilit\u00e0 e resistenza. La sua grande capacit\u00e0 ti permette di rimanere idratato pi\u00f9 a lungo, mentre il tappo a tenuta stagna e la [&hellip;]\" \/>\n<meta property=\"og:url\" content=\"https:\/\/nordic-drift.com\/it\/product\/bottiglia-termica-sportiva-nordic-drift-trail-rcs-940ml-nero\/\" \/>\n<meta property=\"og:site_name\" content=\"Nordic Drift\" \/>\n<meta property=\"article:modified_time\" content=\"2026-03-19T09:24:23+00:00\" \/>\n<meta property=\"og:image\" content=\"https:\/\/nordic-drift.com\/wp-content\/uploads\/sites\/14\/2026\/01\/ND310.0001__S_0__86abba2ac4a84b2b869925ec4b5cd273.jpg\" \/>\n\t<meta property=\"og:image:width\" content=\"1024\" \/>\n\t<meta property=\"og:image:height\" content=\"1024\" \/>\n\t<meta property=\"og:image:type\" content=\"image\/jpeg\" \/>\n<meta name=\"twitter:card\" content=\"summary_large_image\" \/>\n<meta name=\"twitter:label1\" content=\"Tempo di lettura stimato\" \/>\n\t<meta name=\"twitter:data1\" content=\"1 minuto\" \/>\n<script type=\"application\/ld+json\" class=\"yoast-schema-graph\">{\"@context\":\"https:\/\/schema.org\",\"@graph\":[{\"@type\":\"WebPage\",\"@id\":\"https:\/\/nordic-drift.com\/it\/product\/bottiglia-termica-sportiva-nordic-drift-trail-rcs-940ml-nero\/\",\"url\":\"https:\/\/nordic-drift.com\/it\/product\/bottiglia-termica-sportiva-nordic-drift-trail-rcs-940ml-nero\/\",\"name\":\"Bottiglia termica sportiva Nordic Drift Trail RCS 940ML, nero - Nordic Drift\",\"isPartOf\":{\"@id\":\"https:\/\/nordic-drift.com\/it\/#website\"},\"primaryImageOfPage\":{\"@id\":\"https:\/\/nordic-drift.com\/it\/product\/bottiglia-termica-sportiva-nordic-drift-trail-rcs-940ml-nero\/#primaryimage\"},\"image\":{\"@id\":\"https:\/\/nordic-drift.com\/it\/product\/bottiglia-termica-sportiva-nordic-drift-trail-rcs-940ml-nero\/#primaryimage\"},\"thumbnailUrl\":\"https:\/\/nordic-drift.com\/wp-content\/uploads\/sites\/14\/2026\/01\/ND310.0001__S_0__86abba2ac4a84b2b869925ec4b5cd273.jpg\",\"datePublished\":\"2026-01-27T14:00:32+00:00\",\"dateModified\":\"2026-03-19T09:24:23+00:00\",\"breadcrumb\":{\"@id\":\"https:\/\/nordic-drift.com\/it\/product\/bottiglia-termica-sportiva-nordic-drift-trail-rcs-940ml-nero\/#breadcrumb\"},\"inLanguage\":\"it-IT\",\"potentialAction\":[{\"@type\":\"ReadAction\",\"target\":[\"https:\/\/nordic-drift.com\/it\/product\/bottiglia-termica-sportiva-nordic-drift-trail-rcs-940ml-nero\/\"]}]},{\"@type\":\"ImageObject\",\"inLanguage\":\"it-IT\",\"@id\":\"https:\/\/nordic-drift.com\/it\/product\/bottiglia-termica-sportiva-nordic-drift-trail-rcs-940ml-nero\/#primaryimage\",\"url\":\"https:\/\/nordic-drift.com\/wp-content\/uploads\/sites\/14\/2026\/01\/ND310.0001__S_0__86abba2ac4a84b2b869925ec4b5cd273.jpg\",\"contentUrl\":\"https:\/\/nordic-drift.com\/wp-content\/uploads\/sites\/14\/2026\/01\/ND310.0001__S_0__86abba2ac4a84b2b869925ec4b5cd273.jpg\",\"width\":1024,\"height\":1024},{\"@type\":\"BreadcrumbList\",\"@id\":\"https:\/\/nordic-drift.com\/it\/product\/bottiglia-termica-sportiva-nordic-drift-trail-rcs-940ml-nero\/#breadcrumb\",\"itemListElement\":[{\"@type\":\"ListItem\",\"position\":1,\"name\":\"Home\",\"item\":\"https:\/\/nordic-drift.com\/it\/\"},{\"@type\":\"ListItem\",\"position\":2,\"name\":\"Collezione\",\"item\":\"https:\/\/nordic-drift.com\/it\/collezione\/\"},{\"@type\":\"ListItem\",\"position\":3,\"name\":\"Bottiglia termica sportiva Nordic Drift Trail RCS 940ML, nero\"}]},{\"@type\":\"WebSite\",\"@id\":\"https:\/\/nordic-drift.com\/it\/#website\",\"url\":\"https:\/\/nordic-drift.com\/it\/\",\"name\":\"Nordic Drift\",\"description\":\"Built to Last, Made to Explore.\",\"potentialAction\":[{\"@type\":\"SearchAction\",\"target\":{\"@type\":\"EntryPoint\",\"urlTemplate\":\"https:\/\/nordic-drift.com\/it\/?s={search_term_string}\"},\"query-input\":{\"@type\":\"PropertyValueSpecification\",\"valueRequired\":true,\"valueName\":\"search_term_string\"}}],\"inLanguage\":\"it-IT\"}]}<\/script>\n<!-- \/ Yoast SEO plugin. -->","yoast_head_json":{"title":"Bottiglia termica sportiva Nordic Drift Trail RCS 940ML, nero - Nordic Drift","robots":{"index":"index","follow":"follow","max-snippet":"max-snippet:-1","max-image-preview":"max-image-preview:large","max-video-preview":"max-video-preview:-1"},"canonical":"https:\/\/nordic-drift.com\/it\/product\/bottiglia-termica-sportiva-nordic-drift-trail-rcs-940ml-nero\/","og_locale":"it_IT","og_type":"article","og_title":"Bottiglia termica sportiva Nordic Drift Trail RCS 940ML, nero - Nordic Drift","og_description":"Realizzata per durare, concepita per esplorare. Rimani idratato ovunque ti portino le tue avventure grazie alla bottiglia sportiva Nordic Drift (940 ml). Realizzata con l&#8217;81% di acciaio inossidabile riciclato certificato (RCS), unisce sostenibilit\u00e0 e resistenza. La sua grande capacit\u00e0 ti permette di rimanere idratato pi\u00f9 a lungo, mentre il tappo a tenuta stagna e la [&hellip;]","og_url":"https:\/\/nordic-drift.com\/it\/product\/bottiglia-termica-sportiva-nordic-drift-trail-rcs-940ml-nero\/","og_site_name":"Nordic Drift","article_modified_time":"2026-03-19T09:24:23+00:00","og_image":[{"width":1024,"height":1024,"url":"https:\/\/nordic-drift.com\/wp-content\/uploads\/sites\/14\/2026\/01\/ND310.0001__S_0__86abba2ac4a84b2b869925ec4b5cd273.jpg","type":"image\/jpeg"}],"twitter_card":"summary_large_image","twitter_misc":{"Tempo di lettura stimato":"1 minuto"},"schema":{"@context":"https:\/\/schema.org","@graph":[{"@type":"WebPage","@id":"https:\/\/nordic-drift.com\/it\/product\/bottiglia-termica-sportiva-nordic-drift-trail-rcs-940ml-nero\/","url":"https:\/\/nordic-drift.com\/it\/product\/bottiglia-termica-sportiva-nordic-drift-trail-rcs-940ml-nero\/","name":"Bottiglia termica sportiva Nordic Drift Trail RCS 940ML, nero - Nordic Drift","isPartOf":{"@id":"https:\/\/nordic-drift.com\/it\/#website"},"primaryImageOfPage":{"@id":"https:\/\/nordic-drift.com\/it\/product\/bottiglia-termica-sportiva-nordic-drift-trail-rcs-940ml-nero\/#primaryimage"},"image":{"@id":"https:\/\/nordic-drift.com\/it\/product\/bottiglia-termica-sportiva-nordic-drift-trail-rcs-940ml-nero\/#primaryimage"},"thumbnailUrl":"https:\/\/nordic-drift.com\/wp-content\/uploads\/sites\/14\/2026\/01\/ND310.0001__S_0__86abba2ac4a84b2b869925ec4b5cd273.jpg","datePublished":"2026-01-27T14:00:32+00:00","dateModified":"2026-03-19T09:24:23+00:00","breadcrumb":{"@id":"https:\/\/nordic-drift.com\/it\/product\/bottiglia-termica-sportiva-nordic-drift-trail-rcs-940ml-nero\/#breadcrumb"},"inLanguage":"it-IT","potentialAction":[{"@type":"ReadAction","target":["https:\/\/nordic-drift.com\/it\/product\/bottiglia-termica-sportiva-nordic-drift-trail-rcs-940ml-nero\/"]}]},{"@type":"ImageObject","inLanguage":"it-IT","@id":"https:\/\/nordic-drift.com\/it\/product\/bottiglia-termica-sportiva-nordic-drift-trail-rcs-940ml-nero\/#primaryimage","url":"https:\/\/nordic-drift.com\/wp-content\/uploads\/sites\/14\/2026\/01\/ND310.0001__S_0__86abba2ac4a84b2b869925ec4b5cd273.jpg","contentUrl":"https:\/\/nordic-drift.com\/wp-content\/uploads\/sites\/14\/2026\/01\/ND310.0001__S_0__86abba2ac4a84b2b869925ec4b5cd273.jpg","width":1024,"height":1024},{"@type":"BreadcrumbList","@id":"https:\/\/nordic-drift.com\/it\/product\/bottiglia-termica-sportiva-nordic-drift-trail-rcs-940ml-nero\/#breadcrumb","itemListElement":[{"@type":"ListItem","position":1,"name":"Home","item":"https:\/\/nordic-drift.com\/it\/"},{"@type":"ListItem","position":2,"name":"Collezione","item":"https:\/\/nordic-drift.com\/it\/collezione\/"},{"@type":"ListItem","position":3,"name":"Bottiglia termica sportiva Nordic Drift Trail RCS 940ML, nero"}]},{"@type":"WebSite","@id":"https:\/\/nordic-drift.com\/it\/#website","url":"https:\/\/nordic-drift.com\/it\/","name":"Nordic Drift","description":"Built to Last, Made to Explore.","potentialAction":[{"@type":"SearchAction","target":{"@type":"EntryPoint","urlTemplate":"https:\/\/nordic-drift.com\/it\/?s={search_term_string}"},"query-input":{"@type":"PropertyValueSpecification","valueRequired":true,"valueName":"search_term_string"}}],"inLanguage":"it-IT"}]}},"_links":{"self":[{"href":"https:\/\/nordic-drift.com\/it\/wp-json\/wp\/v2\/product\/3015","targetHints":{"allow":["GET"]}}],"collection":[{"href":"https:\/\/nordic-drift.com\/it\/wp-json\/wp\/v2\/product"}],"about":[{"href":"https:\/\/nordic-drift.com\/it\/wp-json\/wp\/v2\/types\/product"}],"replies":[{"embeddable":true,"href":"https:\/\/nordic-drift.com\/it\/wp-json\/wp\/v2\/comments?post=3015"}],"wp:featuredmedia":[{"embeddable":true,"href":"https:\/\/nordic-drift.com\/it\/wp-json\/wp\/v2\/media\/3264"}],"wp:attachment":[{"href":"https:\/\/nordic-drift.com\/it\/wp-json\/wp\/v2\/media?parent=3015"}],"wp:term":[{"taxonomy":"product_cat","embeddable":true,"href":"https:\/\/nordic-drift.com\/it\/wp-json\/wp\/v2\/product_cat?post=3015"},{"taxonomy":"product_tag","embeddable":true,"href":"https:\/\/nordic-drift.com\/it\/wp-json\/wp\/v2\/product_tag?post=3015"}],"curies":[{"name":"wp","href":"https:\/\/api.w.org\/{rel}","templated":true}]}}