{"id":3014,"date":"2026-01-27T14:00:32","date_gmt":"2026-01-27T14:00:32","guid":{"rendered":"https:\/\/nordic-drift.com\/product\/portapranzo-termicoidrorepellente-nordic-drift-storm-rcs-nero\/"},"modified":"2026-03-19T09:24:22","modified_gmt":"2026-03-19T09:24:22","slug":"portapranzo-termicoidrorepellente-nordic-drift-storm-rcs-nero","status":"publish","type":"product","link":"https:\/\/nordic-drift.com\/it\/product\/portapranzo-termicoidrorepellente-nordic-drift-storm-rcs-nero\/","title":{"rendered":"Portapranzo termicoidrorepellente Nordic Drift Storm RCS, nero"},"content":{"rendered":"<p>Una comoda borsa termica per il pranzo, perfetta per le tue esigenze quotidiane. Realizzata con il 32% di poliestere riciclato certificato (RCS) e un rivestimento in PU idrorepellente, protegge dalle intemperie e si pulisce facilmente. L&#8217;isolamento in PEVA mantiene il contenuto alla giusta temperatura per un periodo prolungato, garantendo che cibi e bevande rimangano freschi pi\u00f9 a lungo. Una tasca esterna pi\u00f9 grande, una pratica maniglia per il trasporto e un interno spazioso che pu\u00f2 contenere sia il contenitore per il pranzo che altri piccoli oggetti essenziali la rendono la borsa perfetta per gli spostamenti. Tutti i prodotti Nordic Drift sono testati per garantirne la qualit\u00e0. Poich\u00e9 crediamo fermamente nelle prestazioni e nella durata dei nostri articoli, ogni prodotto \u00e8 coperto da una garanzia di 5 anni sui difetti di fabbricazione. Per tutti i dettagli, visita il sito www.nordic-drift.com.<\/p>\n","protected":false},"excerpt":{"rendered":"<p>Una comoda borsa termica per il pranzo, perfetta per le tue esigenze quotidiane. Realizzata con il 32% di poliestere riciclato certificato (RCS) e un rivestimento in PU idrorepellente, protegge dalle intemperie e si pulisce facilmente. L&#8217;isolamento in PEVA mantiene il contenuto alla giusta temperatura per un periodo prolungato, garantendo che cibi e bevande rimangano freschi [&hellip;]<\/p>\n","protected":false},"featured_media":3255,"comment_status":"closed","ping_status":"closed","template":"","meta":{"_acf_changed":false},"product_cat":[98,104],"product_tag":[],"class_list":["post-3014","product","type-product","status-publish","has-post-thumbnail","hentry","product_cat-aware","product_cat-borse","pa_color-black"],"acf":[],"yoast_head":"<!-- This site is optimized with the Yoast SEO plugin v27.0 - https:\/\/yoast.com\/product\/yoast-seo-wordpress\/ -->\n<title>Portapranzo termicoidrorepellente Nordic Drift Storm RCS, nero - Nordic Drift<\/title>\n<meta name=\"robots\" content=\"index, follow, max-snippet:-1, max-image-preview:large, max-video-preview:-1\" \/>\n<link rel=\"canonical\" href=\"https:\/\/nordic-drift.com\/it\/product\/portapranzo-termicoidrorepellente-nordic-drift-storm-rcs-nero\/\" \/>\n<meta property=\"og:locale\" content=\"it_IT\" \/>\n<meta property=\"og:type\" content=\"article\" \/>\n<meta property=\"og:title\" content=\"Portapranzo termicoidrorepellente Nordic Drift Storm RCS, nero - Nordic Drift\" \/>\n<meta property=\"og:description\" content=\"Una comoda borsa termica per il pranzo, perfetta per le tue esigenze quotidiane. Realizzata con il 32% di poliestere riciclato certificato (RCS) e un rivestimento in PU idrorepellente, protegge dalle intemperie e si pulisce facilmente. L&#8217;isolamento in PEVA mantiene il contenuto alla giusta temperatura per un periodo prolungato, garantendo che cibi e bevande rimangano freschi [&hellip;]\" \/>\n<meta property=\"og:url\" content=\"https:\/\/nordic-drift.com\/it\/product\/portapranzo-termicoidrorepellente-nordic-drift-storm-rcs-nero\/\" \/>\n<meta property=\"og:site_name\" content=\"Nordic Drift\" \/>\n<meta property=\"article:modified_time\" content=\"2026-03-19T09:24:22+00:00\" \/>\n<meta property=\"og:image\" content=\"https:\/\/nordic-drift.com\/wp-content\/uploads\/sites\/14\/2026\/01\/ND210.0501__S_0__fc084ae64e664326974e282ad3b0191e.jpg\" \/>\n\t<meta property=\"og:image:width\" content=\"1024\" \/>\n\t<meta property=\"og:image:height\" content=\"1024\" \/>\n\t<meta property=\"og:image:type\" content=\"image\/jpeg\" \/>\n<meta name=\"twitter:card\" content=\"summary_large_image\" \/>\n<meta name=\"twitter:label1\" content=\"Tempo di lettura stimato\" \/>\n\t<meta name=\"twitter:data1\" content=\"1 minuto\" \/>\n<script type=\"application\/ld+json\" class=\"yoast-schema-graph\">{\"@context\":\"https:\/\/schema.org\",\"@graph\":[{\"@type\":\"WebPage\",\"@id\":\"https:\/\/nordic-drift.com\/it\/product\/portapranzo-termicoidrorepellente-nordic-drift-storm-rcs-nero\/\",\"url\":\"https:\/\/nordic-drift.com\/it\/product\/portapranzo-termicoidrorepellente-nordic-drift-storm-rcs-nero\/\",\"name\":\"Portapranzo termicoidrorepellente Nordic Drift Storm RCS, nero - Nordic Drift\",\"isPartOf\":{\"@id\":\"https:\/\/nordic-drift.com\/it\/#website\"},\"primaryImageOfPage\":{\"@id\":\"https:\/\/nordic-drift.com\/it\/product\/portapranzo-termicoidrorepellente-nordic-drift-storm-rcs-nero\/#primaryimage\"},\"image\":{\"@id\":\"https:\/\/nordic-drift.com\/it\/product\/portapranzo-termicoidrorepellente-nordic-drift-storm-rcs-nero\/#primaryimage\"},\"thumbnailUrl\":\"https:\/\/nordic-drift.com\/wp-content\/uploads\/sites\/14\/2026\/01\/ND210.0501__S_0__fc084ae64e664326974e282ad3b0191e.jpg\",\"datePublished\":\"2026-01-27T14:00:32+00:00\",\"dateModified\":\"2026-03-19T09:24:22+00:00\",\"breadcrumb\":{\"@id\":\"https:\/\/nordic-drift.com\/it\/product\/portapranzo-termicoidrorepellente-nordic-drift-storm-rcs-nero\/#breadcrumb\"},\"inLanguage\":\"it-IT\",\"potentialAction\":[{\"@type\":\"ReadAction\",\"target\":[\"https:\/\/nordic-drift.com\/it\/product\/portapranzo-termicoidrorepellente-nordic-drift-storm-rcs-nero\/\"]}]},{\"@type\":\"ImageObject\",\"inLanguage\":\"it-IT\",\"@id\":\"https:\/\/nordic-drift.com\/it\/product\/portapranzo-termicoidrorepellente-nordic-drift-storm-rcs-nero\/#primaryimage\",\"url\":\"https:\/\/nordic-drift.com\/wp-content\/uploads\/sites\/14\/2026\/01\/ND210.0501__S_0__fc084ae64e664326974e282ad3b0191e.jpg\",\"contentUrl\":\"https:\/\/nordic-drift.com\/wp-content\/uploads\/sites\/14\/2026\/01\/ND210.0501__S_0__fc084ae64e664326974e282ad3b0191e.jpg\",\"width\":1024,\"height\":1024},{\"@type\":\"BreadcrumbList\",\"@id\":\"https:\/\/nordic-drift.com\/it\/product\/portapranzo-termicoidrorepellente-nordic-drift-storm-rcs-nero\/#breadcrumb\",\"itemListElement\":[{\"@type\":\"ListItem\",\"position\":1,\"name\":\"Home\",\"item\":\"https:\/\/nordic-drift.com\/it\/\"},{\"@type\":\"ListItem\",\"position\":2,\"name\":\"Collezione\",\"item\":\"https:\/\/nordic-drift.com\/it\/collezione\/\"},{\"@type\":\"ListItem\",\"position\":3,\"name\":\"Portapranzo termicoidrorepellente Nordic Drift Storm RCS, nero\"}]},{\"@type\":\"WebSite\",\"@id\":\"https:\/\/nordic-drift.com\/it\/#website\",\"url\":\"https:\/\/nordic-drift.com\/it\/\",\"name\":\"Nordic Drift\",\"description\":\"Built to Last, Made to Explore.\",\"potentialAction\":[{\"@type\":\"SearchAction\",\"target\":{\"@type\":\"EntryPoint\",\"urlTemplate\":\"https:\/\/nordic-drift.com\/it\/?s={search_term_string}\"},\"query-input\":{\"@type\":\"PropertyValueSpecification\",\"valueRequired\":true,\"valueName\":\"search_term_string\"}}],\"inLanguage\":\"it-IT\"}]}<\/script>\n<!-- \/ Yoast SEO plugin. -->","yoast_head_json":{"title":"Portapranzo termicoidrorepellente Nordic Drift Storm RCS, nero - Nordic Drift","robots":{"index":"index","follow":"follow","max-snippet":"max-snippet:-1","max-image-preview":"max-image-preview:large","max-video-preview":"max-video-preview:-1"},"canonical":"https:\/\/nordic-drift.com\/it\/product\/portapranzo-termicoidrorepellente-nordic-drift-storm-rcs-nero\/","og_locale":"it_IT","og_type":"article","og_title":"Portapranzo termicoidrorepellente Nordic Drift Storm RCS, nero - Nordic Drift","og_description":"Una comoda borsa termica per il pranzo, perfetta per le tue esigenze quotidiane. Realizzata con il 32% di poliestere riciclato certificato (RCS) e un rivestimento in PU idrorepellente, protegge dalle intemperie e si pulisce facilmente. L&#8217;isolamento in PEVA mantiene il contenuto alla giusta temperatura per un periodo prolungato, garantendo che cibi e bevande rimangano freschi [&hellip;]","og_url":"https:\/\/nordic-drift.com\/it\/product\/portapranzo-termicoidrorepellente-nordic-drift-storm-rcs-nero\/","og_site_name":"Nordic Drift","article_modified_time":"2026-03-19T09:24:22+00:00","og_image":[{"width":1024,"height":1024,"url":"https:\/\/nordic-drift.com\/wp-content\/uploads\/sites\/14\/2026\/01\/ND210.0501__S_0__fc084ae64e664326974e282ad3b0191e.jpg","type":"image\/jpeg"}],"twitter_card":"summary_large_image","twitter_misc":{"Tempo di lettura stimato":"1 minuto"},"schema":{"@context":"https:\/\/schema.org","@graph":[{"@type":"WebPage","@id":"https:\/\/nordic-drift.com\/it\/product\/portapranzo-termicoidrorepellente-nordic-drift-storm-rcs-nero\/","url":"https:\/\/nordic-drift.com\/it\/product\/portapranzo-termicoidrorepellente-nordic-drift-storm-rcs-nero\/","name":"Portapranzo termicoidrorepellente Nordic Drift Storm RCS, nero - Nordic Drift","isPartOf":{"@id":"https:\/\/nordic-drift.com\/it\/#website"},"primaryImageOfPage":{"@id":"https:\/\/nordic-drift.com\/it\/product\/portapranzo-termicoidrorepellente-nordic-drift-storm-rcs-nero\/#primaryimage"},"image":{"@id":"https:\/\/nordic-drift.com\/it\/product\/portapranzo-termicoidrorepellente-nordic-drift-storm-rcs-nero\/#primaryimage"},"thumbnailUrl":"https:\/\/nordic-drift.com\/wp-content\/uploads\/sites\/14\/2026\/01\/ND210.0501__S_0__fc084ae64e664326974e282ad3b0191e.jpg","datePublished":"2026-01-27T14:00:32+00:00","dateModified":"2026-03-19T09:24:22+00:00","breadcrumb":{"@id":"https:\/\/nordic-drift.com\/it\/product\/portapranzo-termicoidrorepellente-nordic-drift-storm-rcs-nero\/#breadcrumb"},"inLanguage":"it-IT","potentialAction":[{"@type":"ReadAction","target":["https:\/\/nordic-drift.com\/it\/product\/portapranzo-termicoidrorepellente-nordic-drift-storm-rcs-nero\/"]}]},{"@type":"ImageObject","inLanguage":"it-IT","@id":"https:\/\/nordic-drift.com\/it\/product\/portapranzo-termicoidrorepellente-nordic-drift-storm-rcs-nero\/#primaryimage","url":"https:\/\/nordic-drift.com\/wp-content\/uploads\/sites\/14\/2026\/01\/ND210.0501__S_0__fc084ae64e664326974e282ad3b0191e.jpg","contentUrl":"https:\/\/nordic-drift.com\/wp-content\/uploads\/sites\/14\/2026\/01\/ND210.0501__S_0__fc084ae64e664326974e282ad3b0191e.jpg","width":1024,"height":1024},{"@type":"BreadcrumbList","@id":"https:\/\/nordic-drift.com\/it\/product\/portapranzo-termicoidrorepellente-nordic-drift-storm-rcs-nero\/#breadcrumb","itemListElement":[{"@type":"ListItem","position":1,"name":"Home","item":"https:\/\/nordic-drift.com\/it\/"},{"@type":"ListItem","position":2,"name":"Collezione","item":"https:\/\/nordic-drift.com\/it\/collezione\/"},{"@type":"ListItem","position":3,"name":"Portapranzo termicoidrorepellente Nordic Drift Storm RCS, nero"}]},{"@type":"WebSite","@id":"https:\/\/nordic-drift.com\/it\/#website","url":"https:\/\/nordic-drift.com\/it\/","name":"Nordic Drift","description":"Built to Last, Made to Explore.","potentialAction":[{"@type":"SearchAction","target":{"@type":"EntryPoint","urlTemplate":"https:\/\/nordic-drift.com\/it\/?s={search_term_string}"},"query-input":{"@type":"PropertyValueSpecification","valueRequired":true,"valueName":"search_term_string"}}],"inLanguage":"it-IT"}]}},"_links":{"self":[{"href":"https:\/\/nordic-drift.com\/it\/wp-json\/wp\/v2\/product\/3014","targetHints":{"allow":["GET"]}}],"collection":[{"href":"https:\/\/nordic-drift.com\/it\/wp-json\/wp\/v2\/product"}],"about":[{"href":"https:\/\/nordic-drift.com\/it\/wp-json\/wp\/v2\/types\/product"}],"replies":[{"embeddable":true,"href":"https:\/\/nordic-drift.com\/it\/wp-json\/wp\/v2\/comments?post=3014"}],"wp:featuredmedia":[{"embeddable":true,"href":"https:\/\/nordic-drift.com\/it\/wp-json\/wp\/v2\/media\/3255"}],"wp:attachment":[{"href":"https:\/\/nordic-drift.com\/it\/wp-json\/wp\/v2\/media?parent=3014"}],"wp:term":[{"taxonomy":"product_cat","embeddable":true,"href":"https:\/\/nordic-drift.com\/it\/wp-json\/wp\/v2\/product_cat?post=3014"},{"taxonomy":"product_tag","embeddable":true,"href":"https:\/\/nordic-drift.com\/it\/wp-json\/wp\/v2\/product_tag?post=3014"}],"curies":[{"name":"wp","href":"https:\/\/api.w.org\/{rel}","templated":true}]}}