{"id":3010,"date":"2026-01-27T14:00:28","date_gmt":"2026-01-27T14:00:28","guid":{"rendered":"https:\/\/nordic-drift.com\/product\/zaino-nordic-drift-traveling-rcs-25l-nero\/"},"modified":"2026-03-19T09:24:16","modified_gmt":"2026-03-19T09:24:16","slug":"zaino-nordic-drift-traveling-rcs-25l-nero","status":"publish","type":"product","link":"https:\/\/nordic-drift.com\/it\/product\/zaino-nordic-drift-traveling-rcs-25l-nero\/","title":{"rendered":"Zaino Nordic Drift Traveling RCS 25L, nero"},"content":{"rendered":"<p>Lo zaino da viaggio Nordic Drift RCS 25L garantisce spostamenti organizzati grazie al suo design leggero e privo di PVC (32,5\u00d710\u00d749,5 cm, 807 g). Realizzato in rPET certificato RCS con finitura nera e dettagli arancioni. Dotato di scomparto principale in stile trolley con cinghie e tasca con cerniera in rete, scomparto per laptop da 15,6&#8243; con tasche elastiche in rete, tasca superiore, logo riflettente e cinghie di compressione regolabili. Schienale ergonomico in rete con spallacci e cinghie pettorali regolabili. Completamente tracciabile tramite codici QR DPP. Ogni borsa include un cartellino premium certificato FSC\u00ae con informazioni dettagliate, che la rendono una scelta responsabile, per te e per il pianeta. Tutti i prodotti Nordic Drift sono testati per la qualit\u00e0. Poich\u00e9 crediamo fermamente nelle prestazioni e nella durata dei nostri prodotti, ogni articolo \u00e8 coperto da una garanzia di 5 anni sui difetti di fabbricazione. Per tutti i dettagli, visita www.nordic-drift.com.<\/p>\n","protected":false},"excerpt":{"rendered":"<p>Lo zaino da viaggio Nordic Drift RCS 25L garantisce spostamenti organizzati grazie al suo design leggero e privo di PVC (32,5\u00d710\u00d749,5 cm, 807 g). Realizzato in rPET certificato RCS con finitura nera e dettagli arancioni. Dotato di scomparto principale in stile trolley con cinghie e tasca con cerniera in rete, scomparto per laptop da 15,6&#8243; [&hellip;]<\/p>\n","protected":false},"featured_media":3212,"comment_status":"closed","ping_status":"closed","template":"","meta":{"_acf_changed":false},"product_cat":[98,104],"product_tag":[],"class_list":["post-3010","product","type-product","status-publish","has-post-thumbnail","hentry","product_cat-aware","product_cat-borse","pa_color-black","pa_color-orange"],"acf":[],"yoast_head":"<!-- This site is optimized with the Yoast SEO plugin v27.0 - https:\/\/yoast.com\/product\/yoast-seo-wordpress\/ -->\n<title>Zaino Nordic Drift Traveling RCS 25L, nero - Nordic Drift<\/title>\n<meta name=\"robots\" content=\"index, follow, max-snippet:-1, max-image-preview:large, max-video-preview:-1\" \/>\n<link rel=\"canonical\" href=\"https:\/\/nordic-drift.com\/it\/product\/zaino-nordic-drift-traveling-rcs-25l-nero\/\" \/>\n<meta property=\"og:locale\" content=\"it_IT\" \/>\n<meta property=\"og:type\" content=\"article\" \/>\n<meta property=\"og:title\" content=\"Zaino Nordic Drift Traveling RCS 25L, nero - Nordic Drift\" \/>\n<meta property=\"og:description\" content=\"Lo zaino da viaggio Nordic Drift RCS 25L garantisce spostamenti organizzati grazie al suo design leggero e privo di PVC (32,5\u00d710\u00d749,5 cm, 807 g). Realizzato in rPET certificato RCS con finitura nera e dettagli arancioni. Dotato di scomparto principale in stile trolley con cinghie e tasca con cerniera in rete, scomparto per laptop da 15,6&#8243; [&hellip;]\" \/>\n<meta property=\"og:url\" content=\"https:\/\/nordic-drift.com\/it\/product\/zaino-nordic-drift-traveling-rcs-25l-nero\/\" \/>\n<meta property=\"og:site_name\" content=\"Nordic Drift\" \/>\n<meta property=\"article:modified_time\" content=\"2026-03-19T09:24:16+00:00\" \/>\n<meta property=\"og:image\" content=\"https:\/\/nordic-drift.com\/wp-content\/uploads\/sites\/14\/2026\/01\/ND200.0501__S_0__c5ae06a4852d4c779ceed02a3b1bd71f.jpg\" \/>\n\t<meta property=\"og:image:width\" content=\"1024\" \/>\n\t<meta property=\"og:image:height\" content=\"1024\" \/>\n\t<meta property=\"og:image:type\" content=\"image\/jpeg\" \/>\n<meta name=\"twitter:card\" content=\"summary_large_image\" \/>\n<meta name=\"twitter:label1\" content=\"Tempo di lettura stimato\" \/>\n\t<meta name=\"twitter:data1\" content=\"1 minuto\" \/>\n<script type=\"application\/ld+json\" class=\"yoast-schema-graph\">{\"@context\":\"https:\/\/schema.org\",\"@graph\":[{\"@type\":\"WebPage\",\"@id\":\"https:\/\/nordic-drift.com\/it\/product\/zaino-nordic-drift-traveling-rcs-25l-nero\/\",\"url\":\"https:\/\/nordic-drift.com\/it\/product\/zaino-nordic-drift-traveling-rcs-25l-nero\/\",\"name\":\"Zaino Nordic Drift Traveling RCS 25L, nero - Nordic Drift\",\"isPartOf\":{\"@id\":\"https:\/\/nordic-drift.com\/it\/#website\"},\"primaryImageOfPage\":{\"@id\":\"https:\/\/nordic-drift.com\/it\/product\/zaino-nordic-drift-traveling-rcs-25l-nero\/#primaryimage\"},\"image\":{\"@id\":\"https:\/\/nordic-drift.com\/it\/product\/zaino-nordic-drift-traveling-rcs-25l-nero\/#primaryimage\"},\"thumbnailUrl\":\"https:\/\/nordic-drift.com\/wp-content\/uploads\/sites\/14\/2026\/01\/ND200.0501__S_0__c5ae06a4852d4c779ceed02a3b1bd71f.jpg\",\"datePublished\":\"2026-01-27T14:00:28+00:00\",\"dateModified\":\"2026-03-19T09:24:16+00:00\",\"breadcrumb\":{\"@id\":\"https:\/\/nordic-drift.com\/it\/product\/zaino-nordic-drift-traveling-rcs-25l-nero\/#breadcrumb\"},\"inLanguage\":\"it-IT\",\"potentialAction\":[{\"@type\":\"ReadAction\",\"target\":[\"https:\/\/nordic-drift.com\/it\/product\/zaino-nordic-drift-traveling-rcs-25l-nero\/\"]}]},{\"@type\":\"ImageObject\",\"inLanguage\":\"it-IT\",\"@id\":\"https:\/\/nordic-drift.com\/it\/product\/zaino-nordic-drift-traveling-rcs-25l-nero\/#primaryimage\",\"url\":\"https:\/\/nordic-drift.com\/wp-content\/uploads\/sites\/14\/2026\/01\/ND200.0501__S_0__c5ae06a4852d4c779ceed02a3b1bd71f.jpg\",\"contentUrl\":\"https:\/\/nordic-drift.com\/wp-content\/uploads\/sites\/14\/2026\/01\/ND200.0501__S_0__c5ae06a4852d4c779ceed02a3b1bd71f.jpg\",\"width\":1024,\"height\":1024},{\"@type\":\"BreadcrumbList\",\"@id\":\"https:\/\/nordic-drift.com\/it\/product\/zaino-nordic-drift-traveling-rcs-25l-nero\/#breadcrumb\",\"itemListElement\":[{\"@type\":\"ListItem\",\"position\":1,\"name\":\"Home\",\"item\":\"https:\/\/nordic-drift.com\/it\/\"},{\"@type\":\"ListItem\",\"position\":2,\"name\":\"Collezione\",\"item\":\"https:\/\/nordic-drift.com\/it\/collezione\/\"},{\"@type\":\"ListItem\",\"position\":3,\"name\":\"Zaino Nordic Drift Traveling RCS 25L, nero\"}]},{\"@type\":\"WebSite\",\"@id\":\"https:\/\/nordic-drift.com\/it\/#website\",\"url\":\"https:\/\/nordic-drift.com\/it\/\",\"name\":\"Nordic Drift\",\"description\":\"Built to Last, Made to Explore.\",\"potentialAction\":[{\"@type\":\"SearchAction\",\"target\":{\"@type\":\"EntryPoint\",\"urlTemplate\":\"https:\/\/nordic-drift.com\/it\/?s={search_term_string}\"},\"query-input\":{\"@type\":\"PropertyValueSpecification\",\"valueRequired\":true,\"valueName\":\"search_term_string\"}}],\"inLanguage\":\"it-IT\"}]}<\/script>\n<!-- \/ Yoast SEO plugin. -->","yoast_head_json":{"title":"Zaino Nordic Drift Traveling RCS 25L, nero - Nordic Drift","robots":{"index":"index","follow":"follow","max-snippet":"max-snippet:-1","max-image-preview":"max-image-preview:large","max-video-preview":"max-video-preview:-1"},"canonical":"https:\/\/nordic-drift.com\/it\/product\/zaino-nordic-drift-traveling-rcs-25l-nero\/","og_locale":"it_IT","og_type":"article","og_title":"Zaino Nordic Drift Traveling RCS 25L, nero - Nordic Drift","og_description":"Lo zaino da viaggio Nordic Drift RCS 25L garantisce spostamenti organizzati grazie al suo design leggero e privo di PVC (32,5\u00d710\u00d749,5 cm, 807 g). Realizzato in rPET certificato RCS con finitura nera e dettagli arancioni. Dotato di scomparto principale in stile trolley con cinghie e tasca con cerniera in rete, scomparto per laptop da 15,6&#8243; [&hellip;]","og_url":"https:\/\/nordic-drift.com\/it\/product\/zaino-nordic-drift-traveling-rcs-25l-nero\/","og_site_name":"Nordic Drift","article_modified_time":"2026-03-19T09:24:16+00:00","og_image":[{"width":1024,"height":1024,"url":"https:\/\/nordic-drift.com\/wp-content\/uploads\/sites\/14\/2026\/01\/ND200.0501__S_0__c5ae06a4852d4c779ceed02a3b1bd71f.jpg","type":"image\/jpeg"}],"twitter_card":"summary_large_image","twitter_misc":{"Tempo di lettura stimato":"1 minuto"},"schema":{"@context":"https:\/\/schema.org","@graph":[{"@type":"WebPage","@id":"https:\/\/nordic-drift.com\/it\/product\/zaino-nordic-drift-traveling-rcs-25l-nero\/","url":"https:\/\/nordic-drift.com\/it\/product\/zaino-nordic-drift-traveling-rcs-25l-nero\/","name":"Zaino Nordic Drift Traveling RCS 25L, nero - Nordic Drift","isPartOf":{"@id":"https:\/\/nordic-drift.com\/it\/#website"},"primaryImageOfPage":{"@id":"https:\/\/nordic-drift.com\/it\/product\/zaino-nordic-drift-traveling-rcs-25l-nero\/#primaryimage"},"image":{"@id":"https:\/\/nordic-drift.com\/it\/product\/zaino-nordic-drift-traveling-rcs-25l-nero\/#primaryimage"},"thumbnailUrl":"https:\/\/nordic-drift.com\/wp-content\/uploads\/sites\/14\/2026\/01\/ND200.0501__S_0__c5ae06a4852d4c779ceed02a3b1bd71f.jpg","datePublished":"2026-01-27T14:00:28+00:00","dateModified":"2026-03-19T09:24:16+00:00","breadcrumb":{"@id":"https:\/\/nordic-drift.com\/it\/product\/zaino-nordic-drift-traveling-rcs-25l-nero\/#breadcrumb"},"inLanguage":"it-IT","potentialAction":[{"@type":"ReadAction","target":["https:\/\/nordic-drift.com\/it\/product\/zaino-nordic-drift-traveling-rcs-25l-nero\/"]}]},{"@type":"ImageObject","inLanguage":"it-IT","@id":"https:\/\/nordic-drift.com\/it\/product\/zaino-nordic-drift-traveling-rcs-25l-nero\/#primaryimage","url":"https:\/\/nordic-drift.com\/wp-content\/uploads\/sites\/14\/2026\/01\/ND200.0501__S_0__c5ae06a4852d4c779ceed02a3b1bd71f.jpg","contentUrl":"https:\/\/nordic-drift.com\/wp-content\/uploads\/sites\/14\/2026\/01\/ND200.0501__S_0__c5ae06a4852d4c779ceed02a3b1bd71f.jpg","width":1024,"height":1024},{"@type":"BreadcrumbList","@id":"https:\/\/nordic-drift.com\/it\/product\/zaino-nordic-drift-traveling-rcs-25l-nero\/#breadcrumb","itemListElement":[{"@type":"ListItem","position":1,"name":"Home","item":"https:\/\/nordic-drift.com\/it\/"},{"@type":"ListItem","position":2,"name":"Collezione","item":"https:\/\/nordic-drift.com\/it\/collezione\/"},{"@type":"ListItem","position":3,"name":"Zaino Nordic Drift Traveling RCS 25L, nero"}]},{"@type":"WebSite","@id":"https:\/\/nordic-drift.com\/it\/#website","url":"https:\/\/nordic-drift.com\/it\/","name":"Nordic Drift","description":"Built to Last, Made to Explore.","potentialAction":[{"@type":"SearchAction","target":{"@type":"EntryPoint","urlTemplate":"https:\/\/nordic-drift.com\/it\/?s={search_term_string}"},"query-input":{"@type":"PropertyValueSpecification","valueRequired":true,"valueName":"search_term_string"}}],"inLanguage":"it-IT"}]}},"_links":{"self":[{"href":"https:\/\/nordic-drift.com\/it\/wp-json\/wp\/v2\/product\/3010","targetHints":{"allow":["GET"]}}],"collection":[{"href":"https:\/\/nordic-drift.com\/it\/wp-json\/wp\/v2\/product"}],"about":[{"href":"https:\/\/nordic-drift.com\/it\/wp-json\/wp\/v2\/types\/product"}],"replies":[{"embeddable":true,"href":"https:\/\/nordic-drift.com\/it\/wp-json\/wp\/v2\/comments?post=3010"}],"wp:featuredmedia":[{"embeddable":true,"href":"https:\/\/nordic-drift.com\/it\/wp-json\/wp\/v2\/media\/3212"}],"wp:attachment":[{"href":"https:\/\/nordic-drift.com\/it\/wp-json\/wp\/v2\/media?parent=3010"}],"wp:term":[{"taxonomy":"product_cat","embeddable":true,"href":"https:\/\/nordic-drift.com\/it\/wp-json\/wp\/v2\/product_cat?post=3010"},{"taxonomy":"product_tag","embeddable":true,"href":"https:\/\/nordic-drift.com\/it\/wp-json\/wp\/v2\/product_tag?post=3010"}],"curies":[{"name":"wp","href":"https:\/\/api.w.org\/{rel}","templated":true}]}}