{"id":2496,"date":"2026-01-27T14:00:40","date_gmt":"2026-01-27T14:00:40","guid":{"rendered":"https:\/\/nordic-drift.com\/product\/bob-anti-uv-upf-50-nordic-drift-horizon-rcs-bleu-marine\/"},"modified":"2026-03-26T08:33:56","modified_gmt":"2026-03-26T08:33:56","slug":"bob-anti-uv-upf-50-nordic-drift-horizon-rcs-bleu-marine","status":"publish","type":"product","link":"https:\/\/nordic-drift.com\/fr\/product\/bob-anti-uv-upf-50-nordic-drift-horizon-rcs-bleu-marine\/","title":{"rendered":"Bob Anti-UV UPF 50+ Horizon RCS, bleu marine"},"content":{"rendered":"<p>Un bob l\u00e9ger, respirant et polyvalent pour toutes vos aventures. Fabriqu\u00e9 \u00e0 partir de 84% de nylon recycl\u00e9 certifi\u00e9 (RCS), il offre un confort tout au long de la journ\u00e9e tout en vous gardant au frais et en r\u00e9duisant la transpiration et les irritations. Avec un indice UPF 50+, il vous prot\u00e8ge des rayons UVA et UVB nocifs du soleil. Sa construction distinctive \u00e0 5 panneaux am\u00e9liore l&rsquo;ajustement et le confort, tandis que son design pliable et compact permet de le rouler ou de le glisser facilement dans votre sac. Dot\u00e9 d&rsquo;un ajustement flexible et d&rsquo;un cordon au menton pour une stabilit\u00e9 r\u00e9sistante au vent, ce chapeau bob allie style, fonctionnalit\u00e9 et performances adapt\u00e9es \u00e0 l&rsquo;aventure. Tous les produits Nordic Drift sont test\u00e9s pour leur qualit\u00e9. Parce que nous croyons fermement en la performance et la durabilit\u00e9 de notre \u00e9quipement, chaque article est couvert par une garantie de 5 ans contre les d\u00e9fauts de fabrication.<\/p>\n","protected":false},"excerpt":{"rendered":"<p>Un bob l\u00e9ger, respirant et polyvalent pour toutes vos aventures. Fabriqu\u00e9 \u00e0 partir de 84% de nylon recycl\u00e9 certifi\u00e9 (RCS), il offre un confort tout au long de la journ\u00e9e tout en vous gardant au frais et en r\u00e9duisant la transpiration et les irritations. Avec un indice UPF 50+, il vous prot\u00e8ge des rayons UVA [&hellip;]<\/p>\n","protected":false},"featured_media":2497,"comment_status":"closed","ping_status":"closed","template":"","meta":{"_acf_changed":false},"product_cat":[90,97],"product_tag":[],"class_list":["post-2496","product","type-product","status-publish","has-post-thumbnail","hentry","product_cat-accessoires","product_cat-aware","pa_color-navy"],"acf":[],"yoast_head":"<!-- This site is optimized with the Yoast SEO plugin v27.0 - https:\/\/yoast.com\/product\/yoast-seo-wordpress\/ -->\n<title>Bob Anti-UV UPF 50+ Horizon RCS, bleu marine - Nordic Drift<\/title>\n<meta name=\"robots\" content=\"index, follow, max-snippet:-1, max-image-preview:large, max-video-preview:-1\" \/>\n<link rel=\"canonical\" href=\"https:\/\/nordic-drift.com\/fr\/product\/bob-anti-uv-upf-50-nordic-drift-horizon-rcs-bleu-marine\/\" \/>\n<meta property=\"og:locale\" content=\"fr_FR\" \/>\n<meta property=\"og:type\" content=\"article\" \/>\n<meta property=\"og:title\" content=\"Bob Anti-UV UPF 50+ Horizon RCS, bleu marine - Nordic Drift\" \/>\n<meta property=\"og:description\" content=\"Un bob l\u00e9ger, respirant et polyvalent pour toutes vos aventures. Fabriqu\u00e9 \u00e0 partir de 84% de nylon recycl\u00e9 certifi\u00e9 (RCS), il offre un confort tout au long de la journ\u00e9e tout en vous gardant au frais et en r\u00e9duisant la transpiration et les irritations. Avec un indice UPF 50+, il vous prot\u00e8ge des rayons UVA [&hellip;]\" \/>\n<meta property=\"og:url\" content=\"https:\/\/nordic-drift.com\/fr\/product\/bob-anti-uv-upf-50-nordic-drift-horizon-rcs-bleu-marine\/\" \/>\n<meta property=\"og:site_name\" content=\"Nordic Drift\" \/>\n<meta property=\"article:modified_time\" content=\"2026-03-26T08:33:56+00:00\" \/>\n<meta property=\"og:image\" content=\"https:\/\/nordic-drift.com\/wp-content\/uploads\/sites\/14\/2026\/02\/ND630.0125__S_0__29df7671945a4c29b7ec675ba7e81145.jpg\" \/>\n\t<meta property=\"og:image:width\" content=\"1024\" \/>\n\t<meta property=\"og:image:height\" content=\"1024\" \/>\n\t<meta property=\"og:image:type\" content=\"image\/jpeg\" \/>\n<meta name=\"twitter:card\" content=\"summary_large_image\" \/>\n<meta name=\"twitter:label1\" content=\"Dur\u00e9e de lecture estim\u00e9e\" \/>\n\t<meta name=\"twitter:data1\" content=\"1 minute\" \/>\n<script type=\"application\/ld+json\" class=\"yoast-schema-graph\">{\"@context\":\"https:\/\/schema.org\",\"@graph\":[{\"@type\":\"WebPage\",\"@id\":\"https:\/\/nordic-drift.com\/fr\/product\/bob-anti-uv-upf-50-nordic-drift-horizon-rcs-bleu-marine\/\",\"url\":\"https:\/\/nordic-drift.com\/fr\/product\/bob-anti-uv-upf-50-nordic-drift-horizon-rcs-bleu-marine\/\",\"name\":\"Bob Anti-UV UPF 50+ Horizon RCS, bleu marine - Nordic Drift\",\"isPartOf\":{\"@id\":\"https:\/\/nordic-drift.com\/fr\/#website\"},\"primaryImageOfPage\":{\"@id\":\"https:\/\/nordic-drift.com\/fr\/product\/bob-anti-uv-upf-50-nordic-drift-horizon-rcs-bleu-marine\/#primaryimage\"},\"image\":{\"@id\":\"https:\/\/nordic-drift.com\/fr\/product\/bob-anti-uv-upf-50-nordic-drift-horizon-rcs-bleu-marine\/#primaryimage\"},\"thumbnailUrl\":\"https:\/\/nordic-drift.com\/wp-content\/uploads\/sites\/14\/2026\/02\/ND630.0125__S_0__29df7671945a4c29b7ec675ba7e81145.jpg\",\"datePublished\":\"2026-01-27T14:00:40+00:00\",\"dateModified\":\"2026-03-26T08:33:56+00:00\",\"breadcrumb\":{\"@id\":\"https:\/\/nordic-drift.com\/fr\/product\/bob-anti-uv-upf-50-nordic-drift-horizon-rcs-bleu-marine\/#breadcrumb\"},\"inLanguage\":\"fr-FR\",\"potentialAction\":[{\"@type\":\"ReadAction\",\"target\":[\"https:\/\/nordic-drift.com\/fr\/product\/bob-anti-uv-upf-50-nordic-drift-horizon-rcs-bleu-marine\/\"]}]},{\"@type\":\"ImageObject\",\"inLanguage\":\"fr-FR\",\"@id\":\"https:\/\/nordic-drift.com\/fr\/product\/bob-anti-uv-upf-50-nordic-drift-horizon-rcs-bleu-marine\/#primaryimage\",\"url\":\"https:\/\/nordic-drift.com\/wp-content\/uploads\/sites\/14\/2026\/02\/ND630.0125__S_0__29df7671945a4c29b7ec675ba7e81145.jpg\",\"contentUrl\":\"https:\/\/nordic-drift.com\/wp-content\/uploads\/sites\/14\/2026\/02\/ND630.0125__S_0__29df7671945a4c29b7ec675ba7e81145.jpg\",\"width\":1024,\"height\":1024},{\"@type\":\"BreadcrumbList\",\"@id\":\"https:\/\/nordic-drift.com\/fr\/product\/bob-anti-uv-upf-50-nordic-drift-horizon-rcs-bleu-marine\/#breadcrumb\",\"itemListElement\":[{\"@type\":\"ListItem\",\"position\":1,\"name\":\"Home\",\"item\":\"https:\/\/nordic-drift.com\/fr\/\"},{\"@type\":\"ListItem\",\"position\":2,\"name\":\"Collection\",\"item\":\"https:\/\/nordic-drift.com\/fr\/collection\/\"},{\"@type\":\"ListItem\",\"position\":3,\"name\":\"Bob Anti-UV UPF 50+ Horizon RCS, bleu marine\"}]},{\"@type\":\"WebSite\",\"@id\":\"https:\/\/nordic-drift.com\/fr\/#website\",\"url\":\"https:\/\/nordic-drift.com\/fr\/\",\"name\":\"Nordic Drift\",\"description\":\"Built to Last, Made to Explore.\",\"potentialAction\":[{\"@type\":\"SearchAction\",\"target\":{\"@type\":\"EntryPoint\",\"urlTemplate\":\"https:\/\/nordic-drift.com\/fr\/?s={search_term_string}\"},\"query-input\":{\"@type\":\"PropertyValueSpecification\",\"valueRequired\":true,\"valueName\":\"search_term_string\"}}],\"inLanguage\":\"fr-FR\"}]}<\/script>\n<!-- \/ Yoast SEO plugin. -->","yoast_head_json":{"title":"Bob Anti-UV UPF 50+ Horizon RCS, bleu marine - Nordic Drift","robots":{"index":"index","follow":"follow","max-snippet":"max-snippet:-1","max-image-preview":"max-image-preview:large","max-video-preview":"max-video-preview:-1"},"canonical":"https:\/\/nordic-drift.com\/fr\/product\/bob-anti-uv-upf-50-nordic-drift-horizon-rcs-bleu-marine\/","og_locale":"fr_FR","og_type":"article","og_title":"Bob Anti-UV UPF 50+ Horizon RCS, bleu marine - Nordic Drift","og_description":"Un bob l\u00e9ger, respirant et polyvalent pour toutes vos aventures. Fabriqu\u00e9 \u00e0 partir de 84% de nylon recycl\u00e9 certifi\u00e9 (RCS), il offre un confort tout au long de la journ\u00e9e tout en vous gardant au frais et en r\u00e9duisant la transpiration et les irritations. Avec un indice UPF 50+, il vous prot\u00e8ge des rayons UVA [&hellip;]","og_url":"https:\/\/nordic-drift.com\/fr\/product\/bob-anti-uv-upf-50-nordic-drift-horizon-rcs-bleu-marine\/","og_site_name":"Nordic Drift","article_modified_time":"2026-03-26T08:33:56+00:00","og_image":[{"width":1024,"height":1024,"url":"https:\/\/nordic-drift.com\/wp-content\/uploads\/sites\/14\/2026\/02\/ND630.0125__S_0__29df7671945a4c29b7ec675ba7e81145.jpg","type":"image\/jpeg"}],"twitter_card":"summary_large_image","twitter_misc":{"Dur\u00e9e de lecture estim\u00e9e":"1 minute"},"schema":{"@context":"https:\/\/schema.org","@graph":[{"@type":"WebPage","@id":"https:\/\/nordic-drift.com\/fr\/product\/bob-anti-uv-upf-50-nordic-drift-horizon-rcs-bleu-marine\/","url":"https:\/\/nordic-drift.com\/fr\/product\/bob-anti-uv-upf-50-nordic-drift-horizon-rcs-bleu-marine\/","name":"Bob Anti-UV UPF 50+ Horizon RCS, bleu marine - Nordic Drift","isPartOf":{"@id":"https:\/\/nordic-drift.com\/fr\/#website"},"primaryImageOfPage":{"@id":"https:\/\/nordic-drift.com\/fr\/product\/bob-anti-uv-upf-50-nordic-drift-horizon-rcs-bleu-marine\/#primaryimage"},"image":{"@id":"https:\/\/nordic-drift.com\/fr\/product\/bob-anti-uv-upf-50-nordic-drift-horizon-rcs-bleu-marine\/#primaryimage"},"thumbnailUrl":"https:\/\/nordic-drift.com\/wp-content\/uploads\/sites\/14\/2026\/02\/ND630.0125__S_0__29df7671945a4c29b7ec675ba7e81145.jpg","datePublished":"2026-01-27T14:00:40+00:00","dateModified":"2026-03-26T08:33:56+00:00","breadcrumb":{"@id":"https:\/\/nordic-drift.com\/fr\/product\/bob-anti-uv-upf-50-nordic-drift-horizon-rcs-bleu-marine\/#breadcrumb"},"inLanguage":"fr-FR","potentialAction":[{"@type":"ReadAction","target":["https:\/\/nordic-drift.com\/fr\/product\/bob-anti-uv-upf-50-nordic-drift-horizon-rcs-bleu-marine\/"]}]},{"@type":"ImageObject","inLanguage":"fr-FR","@id":"https:\/\/nordic-drift.com\/fr\/product\/bob-anti-uv-upf-50-nordic-drift-horizon-rcs-bleu-marine\/#primaryimage","url":"https:\/\/nordic-drift.com\/wp-content\/uploads\/sites\/14\/2026\/02\/ND630.0125__S_0__29df7671945a4c29b7ec675ba7e81145.jpg","contentUrl":"https:\/\/nordic-drift.com\/wp-content\/uploads\/sites\/14\/2026\/02\/ND630.0125__S_0__29df7671945a4c29b7ec675ba7e81145.jpg","width":1024,"height":1024},{"@type":"BreadcrumbList","@id":"https:\/\/nordic-drift.com\/fr\/product\/bob-anti-uv-upf-50-nordic-drift-horizon-rcs-bleu-marine\/#breadcrumb","itemListElement":[{"@type":"ListItem","position":1,"name":"Home","item":"https:\/\/nordic-drift.com\/fr\/"},{"@type":"ListItem","position":2,"name":"Collection","item":"https:\/\/nordic-drift.com\/fr\/collection\/"},{"@type":"ListItem","position":3,"name":"Bob Anti-UV UPF 50+ Horizon RCS, bleu marine"}]},{"@type":"WebSite","@id":"https:\/\/nordic-drift.com\/fr\/#website","url":"https:\/\/nordic-drift.com\/fr\/","name":"Nordic Drift","description":"Built to Last, Made to Explore.","potentialAction":[{"@type":"SearchAction","target":{"@type":"EntryPoint","urlTemplate":"https:\/\/nordic-drift.com\/fr\/?s={search_term_string}"},"query-input":{"@type":"PropertyValueSpecification","valueRequired":true,"valueName":"search_term_string"}}],"inLanguage":"fr-FR"}]}},"_links":{"self":[{"href":"https:\/\/nordic-drift.com\/fr\/wp-json\/wp\/v2\/product\/2496","targetHints":{"allow":["GET"]}}],"collection":[{"href":"https:\/\/nordic-drift.com\/fr\/wp-json\/wp\/v2\/product"}],"about":[{"href":"https:\/\/nordic-drift.com\/fr\/wp-json\/wp\/v2\/types\/product"}],"replies":[{"embeddable":true,"href":"https:\/\/nordic-drift.com\/fr\/wp-json\/wp\/v2\/comments?post=2496"}],"wp:featuredmedia":[{"embeddable":true,"href":"https:\/\/nordic-drift.com\/fr\/wp-json\/wp\/v2\/media\/2497"}],"wp:attachment":[{"href":"https:\/\/nordic-drift.com\/fr\/wp-json\/wp\/v2\/media?parent=2496"}],"wp:term":[{"taxonomy":"product_cat","embeddable":true,"href":"https:\/\/nordic-drift.com\/fr\/wp-json\/wp\/v2\/product_cat?post=2496"},{"taxonomy":"product_tag","embeddable":true,"href":"https:\/\/nordic-drift.com\/fr\/wp-json\/wp\/v2\/product_tag?post=2496"}],"curies":[{"name":"wp","href":"https:\/\/api.w.org\/{rel}","templated":true}]}}