{"id":2465,"date":"2026-01-27T14:00:40","date_gmt":"2026-01-27T14:00:40","guid":{"rendered":"https:\/\/nordic-drift.com\/product\/casquette-anti-uv-upf-50-nordic-drift-aero-rcs-bleu-marine\/"},"modified":"2026-03-26T08:33:53","modified_gmt":"2026-03-26T08:33:53","slug":"casquette-anti-uv-upf-50-nordic-drift-aero-rcs-bleu-marine","status":"publish","type":"product","link":"https:\/\/nordic-drift.com\/fr\/product\/casquette-anti-uv-upf-50-nordic-drift-aero-rcs-bleu-marine\/","title":{"rendered":"Casquette Anti-UV UPF 50+ Aero RCS, bleu marine"},"content":{"rendered":"<p>Avec un indice UPF 50+, elle vous prot\u00e8ge des rayons UVA et UVB nocifs du soleil. Con\u00e7ue pour \u00eatre pliable et compacte, elle se glisse facilement dans votre sac ou votre poche sans se d\u00e9former. Sa taille ajustable offre un confort personnalis\u00e9, maintenant la casquette bien en place et stable, o\u00f9 que vous alliez. \u00c9l\u00e9gant, fonctionnel et pr\u00eat pour l&rsquo;aventure. Tous les produits Nordic Drift sont test\u00e9s pour leur qualit\u00e9. Parce que nous croyons fermement en la performance et la durabilit\u00e9 de notre \u00e9quipement, chaque article est couvert par une garantie de 5 ans contre les d\u00e9fauts de fabrication.<\/p>\n","protected":false},"excerpt":{"rendered":"<p>Avec un indice UPF 50+, elle vous prot\u00e8ge des rayons UVA et UVB nocifs du soleil. Con\u00e7ue pour \u00eatre pliable et compacte, elle se glisse facilement dans votre sac ou votre poche sans se d\u00e9former. Sa taille ajustable offre un confort personnalis\u00e9, maintenant la casquette bien en place et stable, o\u00f9 que vous alliez. \u00c9l\u00e9gant, [&hellip;]<\/p>\n","protected":false},"featured_media":2466,"comment_status":"closed","ping_status":"closed","template":"","meta":{"_acf_changed":false},"product_cat":[90,97],"product_tag":[],"class_list":["post-2465","product","type-product","status-publish","has-post-thumbnail","hentry","product_cat-accessoires","product_cat-aware","pa_color-navy"],"acf":[],"yoast_head":"<!-- This site is optimized with the Yoast SEO plugin v27.0 - https:\/\/yoast.com\/product\/yoast-seo-wordpress\/ -->\n<title>Casquette Anti-UV UPF 50+ Aero RCS, bleu marine - Nordic Drift<\/title>\n<meta name=\"robots\" content=\"index, follow, max-snippet:-1, max-image-preview:large, max-video-preview:-1\" \/>\n<link rel=\"canonical\" href=\"https:\/\/nordic-drift.com\/fr\/product\/casquette-anti-uv-upf-50-nordic-drift-aero-rcs-bleu-marine\/\" \/>\n<meta property=\"og:locale\" content=\"fr_FR\" \/>\n<meta property=\"og:type\" content=\"article\" \/>\n<meta property=\"og:title\" content=\"Casquette Anti-UV UPF 50+ Aero RCS, bleu marine - Nordic Drift\" \/>\n<meta property=\"og:description\" content=\"Avec un indice UPF 50+, elle vous prot\u00e8ge des rayons UVA et UVB nocifs du soleil. Con\u00e7ue pour \u00eatre pliable et compacte, elle se glisse facilement dans votre sac ou votre poche sans se d\u00e9former. Sa taille ajustable offre un confort personnalis\u00e9, maintenant la casquette bien en place et stable, o\u00f9 que vous alliez. \u00c9l\u00e9gant, [&hellip;]\" \/>\n<meta property=\"og:url\" content=\"https:\/\/nordic-drift.com\/fr\/product\/casquette-anti-uv-upf-50-nordic-drift-aero-rcs-bleu-marine\/\" \/>\n<meta property=\"og:site_name\" content=\"Nordic Drift\" \/>\n<meta property=\"article:modified_time\" content=\"2026-03-26T08:33:53+00:00\" \/>\n<meta property=\"og:image\" content=\"https:\/\/nordic-drift.com\/wp-content\/uploads\/sites\/14\/2026\/02\/ND630.0025__S_0__e407958ec54049a8a0394e5b84866ab4.jpg\" \/>\n\t<meta property=\"og:image:width\" content=\"1024\" \/>\n\t<meta property=\"og:image:height\" content=\"1024\" \/>\n\t<meta property=\"og:image:type\" content=\"image\/jpeg\" \/>\n<meta name=\"twitter:card\" content=\"summary_large_image\" \/>\n<meta name=\"twitter:label1\" content=\"Dur\u00e9e de lecture estim\u00e9e\" \/>\n\t<meta name=\"twitter:data1\" content=\"1 minute\" \/>\n<script type=\"application\/ld+json\" class=\"yoast-schema-graph\">{\"@context\":\"https:\/\/schema.org\",\"@graph\":[{\"@type\":\"WebPage\",\"@id\":\"https:\/\/nordic-drift.com\/fr\/product\/casquette-anti-uv-upf-50-nordic-drift-aero-rcs-bleu-marine\/\",\"url\":\"https:\/\/nordic-drift.com\/fr\/product\/casquette-anti-uv-upf-50-nordic-drift-aero-rcs-bleu-marine\/\",\"name\":\"Casquette Anti-UV UPF 50+ Aero RCS, bleu marine - Nordic Drift\",\"isPartOf\":{\"@id\":\"https:\/\/nordic-drift.com\/fr\/#website\"},\"primaryImageOfPage\":{\"@id\":\"https:\/\/nordic-drift.com\/fr\/product\/casquette-anti-uv-upf-50-nordic-drift-aero-rcs-bleu-marine\/#primaryimage\"},\"image\":{\"@id\":\"https:\/\/nordic-drift.com\/fr\/product\/casquette-anti-uv-upf-50-nordic-drift-aero-rcs-bleu-marine\/#primaryimage\"},\"thumbnailUrl\":\"https:\/\/nordic-drift.com\/wp-content\/uploads\/sites\/14\/2026\/02\/ND630.0025__S_0__e407958ec54049a8a0394e5b84866ab4.jpg\",\"datePublished\":\"2026-01-27T14:00:40+00:00\",\"dateModified\":\"2026-03-26T08:33:53+00:00\",\"breadcrumb\":{\"@id\":\"https:\/\/nordic-drift.com\/fr\/product\/casquette-anti-uv-upf-50-nordic-drift-aero-rcs-bleu-marine\/#breadcrumb\"},\"inLanguage\":\"fr-FR\",\"potentialAction\":[{\"@type\":\"ReadAction\",\"target\":[\"https:\/\/nordic-drift.com\/fr\/product\/casquette-anti-uv-upf-50-nordic-drift-aero-rcs-bleu-marine\/\"]}]},{\"@type\":\"ImageObject\",\"inLanguage\":\"fr-FR\",\"@id\":\"https:\/\/nordic-drift.com\/fr\/product\/casquette-anti-uv-upf-50-nordic-drift-aero-rcs-bleu-marine\/#primaryimage\",\"url\":\"https:\/\/nordic-drift.com\/wp-content\/uploads\/sites\/14\/2026\/02\/ND630.0025__S_0__e407958ec54049a8a0394e5b84866ab4.jpg\",\"contentUrl\":\"https:\/\/nordic-drift.com\/wp-content\/uploads\/sites\/14\/2026\/02\/ND630.0025__S_0__e407958ec54049a8a0394e5b84866ab4.jpg\",\"width\":1024,\"height\":1024},{\"@type\":\"BreadcrumbList\",\"@id\":\"https:\/\/nordic-drift.com\/fr\/product\/casquette-anti-uv-upf-50-nordic-drift-aero-rcs-bleu-marine\/#breadcrumb\",\"itemListElement\":[{\"@type\":\"ListItem\",\"position\":1,\"name\":\"Home\",\"item\":\"https:\/\/nordic-drift.com\/fr\/\"},{\"@type\":\"ListItem\",\"position\":2,\"name\":\"Collection\",\"item\":\"https:\/\/nordic-drift.com\/fr\/collection\/\"},{\"@type\":\"ListItem\",\"position\":3,\"name\":\"Casquette Anti-UV UPF 50+ Aero RCS, bleu marine\"}]},{\"@type\":\"WebSite\",\"@id\":\"https:\/\/nordic-drift.com\/fr\/#website\",\"url\":\"https:\/\/nordic-drift.com\/fr\/\",\"name\":\"Nordic Drift\",\"description\":\"Built to Last, Made to Explore.\",\"potentialAction\":[{\"@type\":\"SearchAction\",\"target\":{\"@type\":\"EntryPoint\",\"urlTemplate\":\"https:\/\/nordic-drift.com\/fr\/?s={search_term_string}\"},\"query-input\":{\"@type\":\"PropertyValueSpecification\",\"valueRequired\":true,\"valueName\":\"search_term_string\"}}],\"inLanguage\":\"fr-FR\"}]}<\/script>\n<!-- \/ Yoast SEO plugin. -->","yoast_head_json":{"title":"Casquette Anti-UV UPF 50+ Aero RCS, bleu marine - Nordic Drift","robots":{"index":"index","follow":"follow","max-snippet":"max-snippet:-1","max-image-preview":"max-image-preview:large","max-video-preview":"max-video-preview:-1"},"canonical":"https:\/\/nordic-drift.com\/fr\/product\/casquette-anti-uv-upf-50-nordic-drift-aero-rcs-bleu-marine\/","og_locale":"fr_FR","og_type":"article","og_title":"Casquette Anti-UV UPF 50+ Aero RCS, bleu marine - Nordic Drift","og_description":"Avec un indice UPF 50+, elle vous prot\u00e8ge des rayons UVA et UVB nocifs du soleil. Con\u00e7ue pour \u00eatre pliable et compacte, elle se glisse facilement dans votre sac ou votre poche sans se d\u00e9former. Sa taille ajustable offre un confort personnalis\u00e9, maintenant la casquette bien en place et stable, o\u00f9 que vous alliez. \u00c9l\u00e9gant, [&hellip;]","og_url":"https:\/\/nordic-drift.com\/fr\/product\/casquette-anti-uv-upf-50-nordic-drift-aero-rcs-bleu-marine\/","og_site_name":"Nordic Drift","article_modified_time":"2026-03-26T08:33:53+00:00","og_image":[{"width":1024,"height":1024,"url":"https:\/\/nordic-drift.com\/wp-content\/uploads\/sites\/14\/2026\/02\/ND630.0025__S_0__e407958ec54049a8a0394e5b84866ab4.jpg","type":"image\/jpeg"}],"twitter_card":"summary_large_image","twitter_misc":{"Dur\u00e9e de lecture estim\u00e9e":"1 minute"},"schema":{"@context":"https:\/\/schema.org","@graph":[{"@type":"WebPage","@id":"https:\/\/nordic-drift.com\/fr\/product\/casquette-anti-uv-upf-50-nordic-drift-aero-rcs-bleu-marine\/","url":"https:\/\/nordic-drift.com\/fr\/product\/casquette-anti-uv-upf-50-nordic-drift-aero-rcs-bleu-marine\/","name":"Casquette Anti-UV UPF 50+ Aero RCS, bleu marine - Nordic Drift","isPartOf":{"@id":"https:\/\/nordic-drift.com\/fr\/#website"},"primaryImageOfPage":{"@id":"https:\/\/nordic-drift.com\/fr\/product\/casquette-anti-uv-upf-50-nordic-drift-aero-rcs-bleu-marine\/#primaryimage"},"image":{"@id":"https:\/\/nordic-drift.com\/fr\/product\/casquette-anti-uv-upf-50-nordic-drift-aero-rcs-bleu-marine\/#primaryimage"},"thumbnailUrl":"https:\/\/nordic-drift.com\/wp-content\/uploads\/sites\/14\/2026\/02\/ND630.0025__S_0__e407958ec54049a8a0394e5b84866ab4.jpg","datePublished":"2026-01-27T14:00:40+00:00","dateModified":"2026-03-26T08:33:53+00:00","breadcrumb":{"@id":"https:\/\/nordic-drift.com\/fr\/product\/casquette-anti-uv-upf-50-nordic-drift-aero-rcs-bleu-marine\/#breadcrumb"},"inLanguage":"fr-FR","potentialAction":[{"@type":"ReadAction","target":["https:\/\/nordic-drift.com\/fr\/product\/casquette-anti-uv-upf-50-nordic-drift-aero-rcs-bleu-marine\/"]}]},{"@type":"ImageObject","inLanguage":"fr-FR","@id":"https:\/\/nordic-drift.com\/fr\/product\/casquette-anti-uv-upf-50-nordic-drift-aero-rcs-bleu-marine\/#primaryimage","url":"https:\/\/nordic-drift.com\/wp-content\/uploads\/sites\/14\/2026\/02\/ND630.0025__S_0__e407958ec54049a8a0394e5b84866ab4.jpg","contentUrl":"https:\/\/nordic-drift.com\/wp-content\/uploads\/sites\/14\/2026\/02\/ND630.0025__S_0__e407958ec54049a8a0394e5b84866ab4.jpg","width":1024,"height":1024},{"@type":"BreadcrumbList","@id":"https:\/\/nordic-drift.com\/fr\/product\/casquette-anti-uv-upf-50-nordic-drift-aero-rcs-bleu-marine\/#breadcrumb","itemListElement":[{"@type":"ListItem","position":1,"name":"Home","item":"https:\/\/nordic-drift.com\/fr\/"},{"@type":"ListItem","position":2,"name":"Collection","item":"https:\/\/nordic-drift.com\/fr\/collection\/"},{"@type":"ListItem","position":3,"name":"Casquette Anti-UV UPF 50+ Aero RCS, bleu marine"}]},{"@type":"WebSite","@id":"https:\/\/nordic-drift.com\/fr\/#website","url":"https:\/\/nordic-drift.com\/fr\/","name":"Nordic Drift","description":"Built to Last, Made to Explore.","potentialAction":[{"@type":"SearchAction","target":{"@type":"EntryPoint","urlTemplate":"https:\/\/nordic-drift.com\/fr\/?s={search_term_string}"},"query-input":{"@type":"PropertyValueSpecification","valueRequired":true,"valueName":"search_term_string"}}],"inLanguage":"fr-FR"}]}},"_links":{"self":[{"href":"https:\/\/nordic-drift.com\/fr\/wp-json\/wp\/v2\/product\/2465","targetHints":{"allow":["GET"]}}],"collection":[{"href":"https:\/\/nordic-drift.com\/fr\/wp-json\/wp\/v2\/product"}],"about":[{"href":"https:\/\/nordic-drift.com\/fr\/wp-json\/wp\/v2\/types\/product"}],"replies":[{"embeddable":true,"href":"https:\/\/nordic-drift.com\/fr\/wp-json\/wp\/v2\/comments?post=2465"}],"wp:featuredmedia":[{"embeddable":true,"href":"https:\/\/nordic-drift.com\/fr\/wp-json\/wp\/v2\/media\/2466"}],"wp:attachment":[{"href":"https:\/\/nordic-drift.com\/fr\/wp-json\/wp\/v2\/media?parent=2465"}],"wp:term":[{"taxonomy":"product_cat","embeddable":true,"href":"https:\/\/nordic-drift.com\/fr\/wp-json\/wp\/v2\/product_cat?post=2465"},{"taxonomy":"product_tag","embeddable":true,"href":"https:\/\/nordic-drift.com\/fr\/wp-json\/wp\/v2\/product_tag?post=2465"}],"curies":[{"name":"wp","href":"https:\/\/api.w.org\/{rel}","templated":true}]}}