{"id":2431,"date":"2026-01-27T14:00:40","date_gmt":"2026-01-27T14:00:40","guid":{"rendered":"https:\/\/nordic-drift.com\/product\/couverture-daventure-3-en-1-nordic-drift-grs-noir\/"},"modified":"2026-03-26T08:33:50","modified_gmt":"2026-03-26T08:33:50","slug":"couverture-daventure-3-en-1-nordic-drift-grs-noir","status":"publish","type":"product","link":"https:\/\/nordic-drift.com\/fr\/product\/couverture-daventure-3-en-1-nordic-drift-grs-noir\/","title":{"rendered":"Couverture d&rsquo;aventure 3 en 1 GRS, noir"},"content":{"rendered":"<p>D\u00e9couvrez la couverture 3 en 1 polyvalente. Une alli\u00e9e polyvalente pour toutes vos sorties. Utilisez-la comme couverture d&rsquo;ext\u00e9rieur, couverture de camping douillette ou poncho pratique. Son design polyvalent s&rsquo;adapte \u00e0 toutes les situations, ce qui en fait la solution tout-en-un id\u00e9ale pour le confort et la commodit\u00e9 en plein air. Fabriqu\u00e9e \u00e0 partir de 25 % de nylon recycl\u00e9 certifi\u00e9 (GRS) et de 72 % de polyester recycl\u00e9 certifi\u00e9 (GRS), elle mesure 140 x 175 cm. La pochette int\u00e9gr\u00e9e, compacte et l\u00e9g\u00e8re, la rend facile \u00e0 transporter et \u00e0 emporter en voyage. Tous les produits Nordic Drift sont test\u00e9s pour leur qualit\u00e9. Parce que nous croyons fermement en la performance et la durabilit\u00e9 de notre \u00e9quipement, chaque article est couvert par une garantie de 5 ans contre les d\u00e9fauts de fabrication.<\/p>\n","protected":false},"excerpt":{"rendered":"<p>D\u00e9couvrez la couverture 3 en 1 polyvalente. Une alli\u00e9e polyvalente pour toutes vos sorties. Utilisez-la comme couverture d&rsquo;ext\u00e9rieur, couverture de camping douillette ou poncho pratique. Son design polyvalent s&rsquo;adapte \u00e0 toutes les situations, ce qui en fait la solution tout-en-un id\u00e9ale pour le confort et la commodit\u00e9 en plein air. Fabriqu\u00e9e \u00e0 partir de 25 [&hellip;]<\/p>\n","protected":false},"featured_media":2433,"comment_status":"closed","ping_status":"closed","template":"","meta":{"_acf_changed":false},"product_cat":[90],"product_tag":[],"class_list":["post-2431","product","type-product","status-publish","has-post-thumbnail","hentry","product_cat-accessoires","pa_color-black"],"acf":[],"yoast_head":"<!-- This site is optimized with the Yoast SEO plugin v27.0 - https:\/\/yoast.com\/product\/yoast-seo-wordpress\/ -->\n<title>Couverture d&#039;aventure 3 en 1 GRS, noir - Nordic Drift<\/title>\n<meta name=\"robots\" content=\"index, follow, max-snippet:-1, max-image-preview:large, max-video-preview:-1\" \/>\n<link rel=\"canonical\" href=\"https:\/\/nordic-drift.com\/fr\/product\/couverture-daventure-3-en-1-nordic-drift-grs-noir\/\" \/>\n<meta property=\"og:locale\" content=\"fr_FR\" \/>\n<meta property=\"og:type\" content=\"article\" \/>\n<meta property=\"og:title\" content=\"Couverture d&#039;aventure 3 en 1 GRS, noir - Nordic Drift\" \/>\n<meta property=\"og:description\" content=\"D\u00e9couvrez la couverture 3 en 1 polyvalente. Une alli\u00e9e polyvalente pour toutes vos sorties. Utilisez-la comme couverture d&rsquo;ext\u00e9rieur, couverture de camping douillette ou poncho pratique. Son design polyvalent s&rsquo;adapte \u00e0 toutes les situations, ce qui en fait la solution tout-en-un id\u00e9ale pour le confort et la commodit\u00e9 en plein air. Fabriqu\u00e9e \u00e0 partir de 25 [&hellip;]\" \/>\n<meta property=\"og:url\" content=\"https:\/\/nordic-drift.com\/fr\/product\/couverture-daventure-3-en-1-nordic-drift-grs-noir\/\" \/>\n<meta property=\"og:site_name\" content=\"Nordic Drift\" \/>\n<meta property=\"article:modified_time\" content=\"2026-03-26T08:33:50+00:00\" \/>\n<meta property=\"og:image\" content=\"https:\/\/nordic-drift.com\/wp-content\/uploads\/sites\/14\/2026\/02\/ND610.0001__S_0__c061fe6714af4a099430385c29c4fb3b.jpg\" \/>\n\t<meta property=\"og:image:width\" content=\"1024\" \/>\n\t<meta property=\"og:image:height\" content=\"1024\" \/>\n\t<meta property=\"og:image:type\" content=\"image\/jpeg\" \/>\n<meta name=\"twitter:card\" content=\"summary_large_image\" \/>\n<meta name=\"twitter:label1\" content=\"Dur\u00e9e de lecture estim\u00e9e\" \/>\n\t<meta name=\"twitter:data1\" content=\"1 minute\" \/>\n<script type=\"application\/ld+json\" class=\"yoast-schema-graph\">{\"@context\":\"https:\/\/schema.org\",\"@graph\":[{\"@type\":\"WebPage\",\"@id\":\"https:\/\/nordic-drift.com\/fr\/product\/couverture-daventure-3-en-1-nordic-drift-grs-noir\/\",\"url\":\"https:\/\/nordic-drift.com\/fr\/product\/couverture-daventure-3-en-1-nordic-drift-grs-noir\/\",\"name\":\"Couverture d'aventure 3 en 1 GRS, noir - Nordic Drift\",\"isPartOf\":{\"@id\":\"https:\/\/nordic-drift.com\/fr\/#website\"},\"primaryImageOfPage\":{\"@id\":\"https:\/\/nordic-drift.com\/fr\/product\/couverture-daventure-3-en-1-nordic-drift-grs-noir\/#primaryimage\"},\"image\":{\"@id\":\"https:\/\/nordic-drift.com\/fr\/product\/couverture-daventure-3-en-1-nordic-drift-grs-noir\/#primaryimage\"},\"thumbnailUrl\":\"https:\/\/nordic-drift.com\/wp-content\/uploads\/sites\/14\/2026\/02\/ND610.0001__S_0__c061fe6714af4a099430385c29c4fb3b.jpg\",\"datePublished\":\"2026-01-27T14:00:40+00:00\",\"dateModified\":\"2026-03-26T08:33:50+00:00\",\"breadcrumb\":{\"@id\":\"https:\/\/nordic-drift.com\/fr\/product\/couverture-daventure-3-en-1-nordic-drift-grs-noir\/#breadcrumb\"},\"inLanguage\":\"fr-FR\",\"potentialAction\":[{\"@type\":\"ReadAction\",\"target\":[\"https:\/\/nordic-drift.com\/fr\/product\/couverture-daventure-3-en-1-nordic-drift-grs-noir\/\"]}]},{\"@type\":\"ImageObject\",\"inLanguage\":\"fr-FR\",\"@id\":\"https:\/\/nordic-drift.com\/fr\/product\/couverture-daventure-3-en-1-nordic-drift-grs-noir\/#primaryimage\",\"url\":\"https:\/\/nordic-drift.com\/wp-content\/uploads\/sites\/14\/2026\/02\/ND610.0001__S_0__c061fe6714af4a099430385c29c4fb3b.jpg\",\"contentUrl\":\"https:\/\/nordic-drift.com\/wp-content\/uploads\/sites\/14\/2026\/02\/ND610.0001__S_0__c061fe6714af4a099430385c29c4fb3b.jpg\",\"width\":1024,\"height\":1024},{\"@type\":\"BreadcrumbList\",\"@id\":\"https:\/\/nordic-drift.com\/fr\/product\/couverture-daventure-3-en-1-nordic-drift-grs-noir\/#breadcrumb\",\"itemListElement\":[{\"@type\":\"ListItem\",\"position\":1,\"name\":\"Home\",\"item\":\"https:\/\/nordic-drift.com\/fr\/\"},{\"@type\":\"ListItem\",\"position\":2,\"name\":\"Collection\",\"item\":\"https:\/\/nordic-drift.com\/fr\/collection\/\"},{\"@type\":\"ListItem\",\"position\":3,\"name\":\"Couverture d&#8217;aventure 3 en 1 GRS, noir\"}]},{\"@type\":\"WebSite\",\"@id\":\"https:\/\/nordic-drift.com\/fr\/#website\",\"url\":\"https:\/\/nordic-drift.com\/fr\/\",\"name\":\"Nordic Drift\",\"description\":\"Built to Last, Made to Explore.\",\"potentialAction\":[{\"@type\":\"SearchAction\",\"target\":{\"@type\":\"EntryPoint\",\"urlTemplate\":\"https:\/\/nordic-drift.com\/fr\/?s={search_term_string}\"},\"query-input\":{\"@type\":\"PropertyValueSpecification\",\"valueRequired\":true,\"valueName\":\"search_term_string\"}}],\"inLanguage\":\"fr-FR\"}]}<\/script>\n<!-- \/ Yoast SEO plugin. -->","yoast_head_json":{"title":"Couverture d'aventure 3 en 1 GRS, noir - Nordic Drift","robots":{"index":"index","follow":"follow","max-snippet":"max-snippet:-1","max-image-preview":"max-image-preview:large","max-video-preview":"max-video-preview:-1"},"canonical":"https:\/\/nordic-drift.com\/fr\/product\/couverture-daventure-3-en-1-nordic-drift-grs-noir\/","og_locale":"fr_FR","og_type":"article","og_title":"Couverture d'aventure 3 en 1 GRS, noir - Nordic Drift","og_description":"D\u00e9couvrez la couverture 3 en 1 polyvalente. Une alli\u00e9e polyvalente pour toutes vos sorties. Utilisez-la comme couverture d&rsquo;ext\u00e9rieur, couverture de camping douillette ou poncho pratique. Son design polyvalent s&rsquo;adapte \u00e0 toutes les situations, ce qui en fait la solution tout-en-un id\u00e9ale pour le confort et la commodit\u00e9 en plein air. Fabriqu\u00e9e \u00e0 partir de 25 [&hellip;]","og_url":"https:\/\/nordic-drift.com\/fr\/product\/couverture-daventure-3-en-1-nordic-drift-grs-noir\/","og_site_name":"Nordic Drift","article_modified_time":"2026-03-26T08:33:50+00:00","og_image":[{"width":1024,"height":1024,"url":"https:\/\/nordic-drift.com\/wp-content\/uploads\/sites\/14\/2026\/02\/ND610.0001__S_0__c061fe6714af4a099430385c29c4fb3b.jpg","type":"image\/jpeg"}],"twitter_card":"summary_large_image","twitter_misc":{"Dur\u00e9e de lecture estim\u00e9e":"1 minute"},"schema":{"@context":"https:\/\/schema.org","@graph":[{"@type":"WebPage","@id":"https:\/\/nordic-drift.com\/fr\/product\/couverture-daventure-3-en-1-nordic-drift-grs-noir\/","url":"https:\/\/nordic-drift.com\/fr\/product\/couverture-daventure-3-en-1-nordic-drift-grs-noir\/","name":"Couverture d'aventure 3 en 1 GRS, noir - Nordic Drift","isPartOf":{"@id":"https:\/\/nordic-drift.com\/fr\/#website"},"primaryImageOfPage":{"@id":"https:\/\/nordic-drift.com\/fr\/product\/couverture-daventure-3-en-1-nordic-drift-grs-noir\/#primaryimage"},"image":{"@id":"https:\/\/nordic-drift.com\/fr\/product\/couverture-daventure-3-en-1-nordic-drift-grs-noir\/#primaryimage"},"thumbnailUrl":"https:\/\/nordic-drift.com\/wp-content\/uploads\/sites\/14\/2026\/02\/ND610.0001__S_0__c061fe6714af4a099430385c29c4fb3b.jpg","datePublished":"2026-01-27T14:00:40+00:00","dateModified":"2026-03-26T08:33:50+00:00","breadcrumb":{"@id":"https:\/\/nordic-drift.com\/fr\/product\/couverture-daventure-3-en-1-nordic-drift-grs-noir\/#breadcrumb"},"inLanguage":"fr-FR","potentialAction":[{"@type":"ReadAction","target":["https:\/\/nordic-drift.com\/fr\/product\/couverture-daventure-3-en-1-nordic-drift-grs-noir\/"]}]},{"@type":"ImageObject","inLanguage":"fr-FR","@id":"https:\/\/nordic-drift.com\/fr\/product\/couverture-daventure-3-en-1-nordic-drift-grs-noir\/#primaryimage","url":"https:\/\/nordic-drift.com\/wp-content\/uploads\/sites\/14\/2026\/02\/ND610.0001__S_0__c061fe6714af4a099430385c29c4fb3b.jpg","contentUrl":"https:\/\/nordic-drift.com\/wp-content\/uploads\/sites\/14\/2026\/02\/ND610.0001__S_0__c061fe6714af4a099430385c29c4fb3b.jpg","width":1024,"height":1024},{"@type":"BreadcrumbList","@id":"https:\/\/nordic-drift.com\/fr\/product\/couverture-daventure-3-en-1-nordic-drift-grs-noir\/#breadcrumb","itemListElement":[{"@type":"ListItem","position":1,"name":"Home","item":"https:\/\/nordic-drift.com\/fr\/"},{"@type":"ListItem","position":2,"name":"Collection","item":"https:\/\/nordic-drift.com\/fr\/collection\/"},{"@type":"ListItem","position":3,"name":"Couverture d&#8217;aventure 3 en 1 GRS, noir"}]},{"@type":"WebSite","@id":"https:\/\/nordic-drift.com\/fr\/#website","url":"https:\/\/nordic-drift.com\/fr\/","name":"Nordic Drift","description":"Built to Last, Made to Explore.","potentialAction":[{"@type":"SearchAction","target":{"@type":"EntryPoint","urlTemplate":"https:\/\/nordic-drift.com\/fr\/?s={search_term_string}"},"query-input":{"@type":"PropertyValueSpecification","valueRequired":true,"valueName":"search_term_string"}}],"inLanguage":"fr-FR"}]}},"_links":{"self":[{"href":"https:\/\/nordic-drift.com\/fr\/wp-json\/wp\/v2\/product\/2431","targetHints":{"allow":["GET"]}}],"collection":[{"href":"https:\/\/nordic-drift.com\/fr\/wp-json\/wp\/v2\/product"}],"about":[{"href":"https:\/\/nordic-drift.com\/fr\/wp-json\/wp\/v2\/types\/product"}],"replies":[{"embeddable":true,"href":"https:\/\/nordic-drift.com\/fr\/wp-json\/wp\/v2\/comments?post=2431"}],"wp:featuredmedia":[{"embeddable":true,"href":"https:\/\/nordic-drift.com\/fr\/wp-json\/wp\/v2\/media\/2433"}],"wp:attachment":[{"href":"https:\/\/nordic-drift.com\/fr\/wp-json\/wp\/v2\/media?parent=2431"}],"wp:term":[{"taxonomy":"product_cat","embeddable":true,"href":"https:\/\/nordic-drift.com\/fr\/wp-json\/wp\/v2\/product_cat?post=2431"},{"taxonomy":"product_tag","embeddable":true,"href":"https:\/\/nordic-drift.com\/fr\/wp-json\/wp\/v2\/product_tag?post=2431"}],"curies":[{"name":"wp","href":"https:\/\/api.w.org\/{rel}","templated":true}]}}