{"id":2421,"date":"2026-01-27T14:00:40","date_gmt":"2026-01-27T14:00:40","guid":{"rendered":"https:\/\/nordic-drift.com\/product\/serviette-active-nordic-drift-grs-aero-noir\/"},"modified":"2026-03-26T08:33:49","modified_gmt":"2026-03-26T08:33:49","slug":"serviette-active-nordic-drift-grs-aero-noir","status":"publish","type":"product","link":"https:\/\/nordic-drift.com\/fr\/product\/serviette-active-nordic-drift-grs-aero-noir\/","title":{"rendered":"Serviette active GRS Aero, noir"},"content":{"rendered":"<p>Emportez cette serviette dans toutes vos aventures. Fabriqu\u00e9e \u00e0 partir de 54 % de polyester recycl\u00e9 certifi\u00e9 (GRS), elle est respirante et absorbe rapidement la transpiration. Elle est livr\u00e9e dans une pochette pratique pour le voyage, avec un mousqueton pour l&rsquo;attacher \u00e0 votre sac, etc. Avec ses dimensions de 70 x 140 cm, sa dragonne et son tissu l\u00e9ger et doux, cette serviette est facile et agr\u00e9able \u00e0 utiliser. Tous les produits Nordic Drift sont test\u00e9s pour garantir leur qualit\u00e9. Parce que nous croyons fermement en la performance et la durabilit\u00e9 de notre \u00e9quipement, chaque article est couvert par une garantie de 5 ans contre les d\u00e9fauts de fabrication.<\/p>\n","protected":false},"excerpt":{"rendered":"<p>Emportez cette serviette dans toutes vos aventures. Fabriqu\u00e9e \u00e0 partir de 54 % de polyester recycl\u00e9 certifi\u00e9 (GRS), elle est respirante et absorbe rapidement la transpiration. Elle est livr\u00e9e dans une pochette pratique pour le voyage, avec un mousqueton pour l&rsquo;attacher \u00e0 votre sac, etc. Avec ses dimensions de 70 x 140 cm, sa dragonne [&hellip;]<\/p>\n","protected":false},"featured_media":2422,"comment_status":"closed","ping_status":"closed","template":"","meta":{"_acf_changed":false},"product_cat":[90],"product_tag":[],"class_list":["post-2421","product","type-product","status-publish","has-post-thumbnail","hentry","product_cat-accessoires","pa_color-black"],"acf":[],"yoast_head":"<!-- This site is optimized with the Yoast SEO plugin v27.0 - https:\/\/yoast.com\/product\/yoast-seo-wordpress\/ -->\n<title>Serviette active GRS Aero, noir - Nordic Drift<\/title>\n<meta name=\"robots\" content=\"index, follow, max-snippet:-1, max-image-preview:large, max-video-preview:-1\" \/>\n<link rel=\"canonical\" href=\"https:\/\/nordic-drift.com\/fr\/product\/serviette-active-nordic-drift-grs-aero-noir\/\" \/>\n<meta property=\"og:locale\" content=\"fr_FR\" \/>\n<meta property=\"og:type\" content=\"article\" \/>\n<meta property=\"og:title\" content=\"Serviette active GRS Aero, noir - Nordic Drift\" \/>\n<meta property=\"og:description\" content=\"Emportez cette serviette dans toutes vos aventures. Fabriqu\u00e9e \u00e0 partir de 54 % de polyester recycl\u00e9 certifi\u00e9 (GRS), elle est respirante et absorbe rapidement la transpiration. Elle est livr\u00e9e dans une pochette pratique pour le voyage, avec un mousqueton pour l&rsquo;attacher \u00e0 votre sac, etc. Avec ses dimensions de 70 x 140 cm, sa dragonne [&hellip;]\" \/>\n<meta property=\"og:url\" content=\"https:\/\/nordic-drift.com\/fr\/product\/serviette-active-nordic-drift-grs-aero-noir\/\" \/>\n<meta property=\"og:site_name\" content=\"Nordic Drift\" \/>\n<meta property=\"article:modified_time\" content=\"2026-03-26T08:33:49+00:00\" \/>\n<meta property=\"og:image\" content=\"https:\/\/nordic-drift.com\/wp-content\/uploads\/sites\/14\/2026\/02\/ND600.0001__S_0__11e46b40bcd54d359e3c86262f5905b1.jpg\" \/>\n\t<meta property=\"og:image:width\" content=\"1024\" \/>\n\t<meta property=\"og:image:height\" content=\"1024\" \/>\n\t<meta property=\"og:image:type\" content=\"image\/jpeg\" \/>\n<meta name=\"twitter:card\" content=\"summary_large_image\" \/>\n<meta name=\"twitter:label1\" content=\"Dur\u00e9e de lecture estim\u00e9e\" \/>\n\t<meta name=\"twitter:data1\" content=\"1 minute\" \/>\n<script type=\"application\/ld+json\" class=\"yoast-schema-graph\">{\"@context\":\"https:\/\/schema.org\",\"@graph\":[{\"@type\":\"WebPage\",\"@id\":\"https:\/\/nordic-drift.com\/fr\/product\/serviette-active-nordic-drift-grs-aero-noir\/\",\"url\":\"https:\/\/nordic-drift.com\/fr\/product\/serviette-active-nordic-drift-grs-aero-noir\/\",\"name\":\"Serviette active GRS Aero, noir - Nordic Drift\",\"isPartOf\":{\"@id\":\"https:\/\/nordic-drift.com\/fr\/#website\"},\"primaryImageOfPage\":{\"@id\":\"https:\/\/nordic-drift.com\/fr\/product\/serviette-active-nordic-drift-grs-aero-noir\/#primaryimage\"},\"image\":{\"@id\":\"https:\/\/nordic-drift.com\/fr\/product\/serviette-active-nordic-drift-grs-aero-noir\/#primaryimage\"},\"thumbnailUrl\":\"https:\/\/nordic-drift.com\/wp-content\/uploads\/sites\/14\/2026\/02\/ND600.0001__S_0__11e46b40bcd54d359e3c86262f5905b1.jpg\",\"datePublished\":\"2026-01-27T14:00:40+00:00\",\"dateModified\":\"2026-03-26T08:33:49+00:00\",\"breadcrumb\":{\"@id\":\"https:\/\/nordic-drift.com\/fr\/product\/serviette-active-nordic-drift-grs-aero-noir\/#breadcrumb\"},\"inLanguage\":\"fr-FR\",\"potentialAction\":[{\"@type\":\"ReadAction\",\"target\":[\"https:\/\/nordic-drift.com\/fr\/product\/serviette-active-nordic-drift-grs-aero-noir\/\"]}]},{\"@type\":\"ImageObject\",\"inLanguage\":\"fr-FR\",\"@id\":\"https:\/\/nordic-drift.com\/fr\/product\/serviette-active-nordic-drift-grs-aero-noir\/#primaryimage\",\"url\":\"https:\/\/nordic-drift.com\/wp-content\/uploads\/sites\/14\/2026\/02\/ND600.0001__S_0__11e46b40bcd54d359e3c86262f5905b1.jpg\",\"contentUrl\":\"https:\/\/nordic-drift.com\/wp-content\/uploads\/sites\/14\/2026\/02\/ND600.0001__S_0__11e46b40bcd54d359e3c86262f5905b1.jpg\",\"width\":1024,\"height\":1024},{\"@type\":\"BreadcrumbList\",\"@id\":\"https:\/\/nordic-drift.com\/fr\/product\/serviette-active-nordic-drift-grs-aero-noir\/#breadcrumb\",\"itemListElement\":[{\"@type\":\"ListItem\",\"position\":1,\"name\":\"Home\",\"item\":\"https:\/\/nordic-drift.com\/fr\/\"},{\"@type\":\"ListItem\",\"position\":2,\"name\":\"Collection\",\"item\":\"https:\/\/nordic-drift.com\/fr\/collection\/\"},{\"@type\":\"ListItem\",\"position\":3,\"name\":\"Serviette active GRS Aero, noir\"}]},{\"@type\":\"WebSite\",\"@id\":\"https:\/\/nordic-drift.com\/fr\/#website\",\"url\":\"https:\/\/nordic-drift.com\/fr\/\",\"name\":\"Nordic Drift\",\"description\":\"Built to Last, Made to Explore.\",\"potentialAction\":[{\"@type\":\"SearchAction\",\"target\":{\"@type\":\"EntryPoint\",\"urlTemplate\":\"https:\/\/nordic-drift.com\/fr\/?s={search_term_string}\"},\"query-input\":{\"@type\":\"PropertyValueSpecification\",\"valueRequired\":true,\"valueName\":\"search_term_string\"}}],\"inLanguage\":\"fr-FR\"}]}<\/script>\n<!-- \/ Yoast SEO plugin. -->","yoast_head_json":{"title":"Serviette active GRS Aero, noir - Nordic Drift","robots":{"index":"index","follow":"follow","max-snippet":"max-snippet:-1","max-image-preview":"max-image-preview:large","max-video-preview":"max-video-preview:-1"},"canonical":"https:\/\/nordic-drift.com\/fr\/product\/serviette-active-nordic-drift-grs-aero-noir\/","og_locale":"fr_FR","og_type":"article","og_title":"Serviette active GRS Aero, noir - Nordic Drift","og_description":"Emportez cette serviette dans toutes vos aventures. Fabriqu\u00e9e \u00e0 partir de 54 % de polyester recycl\u00e9 certifi\u00e9 (GRS), elle est respirante et absorbe rapidement la transpiration. Elle est livr\u00e9e dans une pochette pratique pour le voyage, avec un mousqueton pour l&rsquo;attacher \u00e0 votre sac, etc. Avec ses dimensions de 70 x 140 cm, sa dragonne [&hellip;]","og_url":"https:\/\/nordic-drift.com\/fr\/product\/serviette-active-nordic-drift-grs-aero-noir\/","og_site_name":"Nordic Drift","article_modified_time":"2026-03-26T08:33:49+00:00","og_image":[{"width":1024,"height":1024,"url":"https:\/\/nordic-drift.com\/wp-content\/uploads\/sites\/14\/2026\/02\/ND600.0001__S_0__11e46b40bcd54d359e3c86262f5905b1.jpg","type":"image\/jpeg"}],"twitter_card":"summary_large_image","twitter_misc":{"Dur\u00e9e de lecture estim\u00e9e":"1 minute"},"schema":{"@context":"https:\/\/schema.org","@graph":[{"@type":"WebPage","@id":"https:\/\/nordic-drift.com\/fr\/product\/serviette-active-nordic-drift-grs-aero-noir\/","url":"https:\/\/nordic-drift.com\/fr\/product\/serviette-active-nordic-drift-grs-aero-noir\/","name":"Serviette active GRS Aero, noir - Nordic Drift","isPartOf":{"@id":"https:\/\/nordic-drift.com\/fr\/#website"},"primaryImageOfPage":{"@id":"https:\/\/nordic-drift.com\/fr\/product\/serviette-active-nordic-drift-grs-aero-noir\/#primaryimage"},"image":{"@id":"https:\/\/nordic-drift.com\/fr\/product\/serviette-active-nordic-drift-grs-aero-noir\/#primaryimage"},"thumbnailUrl":"https:\/\/nordic-drift.com\/wp-content\/uploads\/sites\/14\/2026\/02\/ND600.0001__S_0__11e46b40bcd54d359e3c86262f5905b1.jpg","datePublished":"2026-01-27T14:00:40+00:00","dateModified":"2026-03-26T08:33:49+00:00","breadcrumb":{"@id":"https:\/\/nordic-drift.com\/fr\/product\/serviette-active-nordic-drift-grs-aero-noir\/#breadcrumb"},"inLanguage":"fr-FR","potentialAction":[{"@type":"ReadAction","target":["https:\/\/nordic-drift.com\/fr\/product\/serviette-active-nordic-drift-grs-aero-noir\/"]}]},{"@type":"ImageObject","inLanguage":"fr-FR","@id":"https:\/\/nordic-drift.com\/fr\/product\/serviette-active-nordic-drift-grs-aero-noir\/#primaryimage","url":"https:\/\/nordic-drift.com\/wp-content\/uploads\/sites\/14\/2026\/02\/ND600.0001__S_0__11e46b40bcd54d359e3c86262f5905b1.jpg","contentUrl":"https:\/\/nordic-drift.com\/wp-content\/uploads\/sites\/14\/2026\/02\/ND600.0001__S_0__11e46b40bcd54d359e3c86262f5905b1.jpg","width":1024,"height":1024},{"@type":"BreadcrumbList","@id":"https:\/\/nordic-drift.com\/fr\/product\/serviette-active-nordic-drift-grs-aero-noir\/#breadcrumb","itemListElement":[{"@type":"ListItem","position":1,"name":"Home","item":"https:\/\/nordic-drift.com\/fr\/"},{"@type":"ListItem","position":2,"name":"Collection","item":"https:\/\/nordic-drift.com\/fr\/collection\/"},{"@type":"ListItem","position":3,"name":"Serviette active GRS Aero, noir"}]},{"@type":"WebSite","@id":"https:\/\/nordic-drift.com\/fr\/#website","url":"https:\/\/nordic-drift.com\/fr\/","name":"Nordic Drift","description":"Built to Last, Made to Explore.","potentialAction":[{"@type":"SearchAction","target":{"@type":"EntryPoint","urlTemplate":"https:\/\/nordic-drift.com\/fr\/?s={search_term_string}"},"query-input":{"@type":"PropertyValueSpecification","valueRequired":true,"valueName":"search_term_string"}}],"inLanguage":"fr-FR"}]}},"_links":{"self":[{"href":"https:\/\/nordic-drift.com\/fr\/wp-json\/wp\/v2\/product\/2421","targetHints":{"allow":["GET"]}}],"collection":[{"href":"https:\/\/nordic-drift.com\/fr\/wp-json\/wp\/v2\/product"}],"about":[{"href":"https:\/\/nordic-drift.com\/fr\/wp-json\/wp\/v2\/types\/product"}],"replies":[{"embeddable":true,"href":"https:\/\/nordic-drift.com\/fr\/wp-json\/wp\/v2\/comments?post=2421"}],"wp:featuredmedia":[{"embeddable":true,"href":"https:\/\/nordic-drift.com\/fr\/wp-json\/wp\/v2\/media\/2422"}],"wp:attachment":[{"href":"https:\/\/nordic-drift.com\/fr\/wp-json\/wp\/v2\/media?parent=2421"}],"wp:term":[{"taxonomy":"product_cat","embeddable":true,"href":"https:\/\/nordic-drift.com\/fr\/wp-json\/wp\/v2\/product_cat?post=2421"},{"taxonomy":"product_tag","embeddable":true,"href":"https:\/\/nordic-drift.com\/fr\/wp-json\/wp\/v2\/product_tag?post=2421"}],"curies":[{"name":"wp","href":"https:\/\/api.w.org\/{rel}","templated":true}]}}