{"id":2411,"date":"2026-01-27T14:00:40","date_gmt":"2026-01-27T14:00:40","guid":{"rendered":"https:\/\/nordic-drift.com\/product\/crayon-infini-avec-boussole-rcs-nordic-drift-trial-noir\/"},"modified":"2026-03-26T08:33:48","modified_gmt":"2026-03-26T08:33:48","slug":"crayon-infini-avec-boussole-rcs-nordic-drift-trial-noir","status":"publish","type":"product","link":"https:\/\/nordic-drift.com\/fr\/product\/crayon-infini-avec-boussole-rcs-nordic-drift-trial-noir\/","title":{"rendered":"Crayon infini avec boussole RCS Nordic Drift Trial, noir"},"content":{"rendered":"<p>Le crayon de poche Nordic Drift Trial Infini est con\u00e7u pour une utilisation en ext\u00e9rieur et les aventures du quotidien. La mine en graphite sort en appuyant sur le bouton orange et se r\u00e9tracte dans le corps du stylo afin de la prot\u00e9ger. Une boucle en sangle  permet d&rsquo;attacher le stylo \u00e0 un sac \u00e0 dos afin qu&rsquo;il soit toujours \u00e0 port\u00e9e de main. Contrairement aux crayons traditionnels qui permettent d&rsquo;\u00e9crire jusqu&rsquo;\u00e0 environ 200 m\u00e8tres, la mine en graphite de ce crayon peut \u00e9crire jusqu&rsquo;\u00e0 environ 20.000 m\u00e8tres. Le stylo est fabriqu\u00e9 en ABS recycl\u00e9 certifi\u00e9 RCS. Une petite boussole sur le dessus permet de s&rsquo;orienter facilement. L&rsquo;article est conditionn\u00e9 dans un emballage certifi\u00e9 FSC\u00ae sans plastique. Comme nous croyons fermement en la performance et la durabilit\u00e9 de notre \u00e9quipement, chaque article est couvert par une garantie de 5 ans contre les d\u00e9fauts de fabrication.<\/p>\n","protected":false},"excerpt":{"rendered":"<p>Le crayon de poche Nordic Drift Trial Infini est con\u00e7u pour une utilisation en ext\u00e9rieur et les aventures du quotidien. La mine en graphite sort en appuyant sur le bouton orange et se r\u00e9tracte dans le corps du stylo afin de la prot\u00e9ger. Une boucle en sangle permet d&rsquo;attacher le stylo \u00e0 un sac \u00e0 [&hellip;]<\/p>\n","protected":false},"featured_media":2412,"comment_status":"closed","ping_status":"closed","template":"","meta":{"_acf_changed":false},"product_cat":[90],"product_tag":[],"class_list":["post-2411","product","type-product","status-publish","has-post-thumbnail","hentry","product_cat-accessoires","pa_color-black"],"acf":[],"yoast_head":"<!-- This site is optimized with the Yoast SEO plugin v27.0 - https:\/\/yoast.com\/product\/yoast-seo-wordpress\/ -->\n<title>Crayon infini avec boussole RCS Nordic Drift Trial, noir - Nordic Drift<\/title>\n<meta name=\"robots\" content=\"index, follow, max-snippet:-1, max-image-preview:large, max-video-preview:-1\" \/>\n<link rel=\"canonical\" href=\"https:\/\/nordic-drift.com\/fr\/product\/crayon-infini-avec-boussole-rcs-nordic-drift-trial-noir\/\" \/>\n<meta property=\"og:locale\" content=\"fr_FR\" \/>\n<meta property=\"og:type\" content=\"article\" \/>\n<meta property=\"og:title\" content=\"Crayon infini avec boussole RCS Nordic Drift Trial, noir - Nordic Drift\" \/>\n<meta property=\"og:description\" content=\"Le crayon de poche Nordic Drift Trial Infini est con\u00e7u pour une utilisation en ext\u00e9rieur et les aventures du quotidien. La mine en graphite sort en appuyant sur le bouton orange et se r\u00e9tracte dans le corps du stylo afin de la prot\u00e9ger. Une boucle en sangle permet d&rsquo;attacher le stylo \u00e0 un sac \u00e0 [&hellip;]\" \/>\n<meta property=\"og:url\" content=\"https:\/\/nordic-drift.com\/fr\/product\/crayon-infini-avec-boussole-rcs-nordic-drift-trial-noir\/\" \/>\n<meta property=\"og:site_name\" content=\"Nordic Drift\" \/>\n<meta property=\"article:modified_time\" content=\"2026-03-26T08:33:48+00:00\" \/>\n<meta property=\"og:image\" content=\"https:\/\/nordic-drift.com\/wp-content\/uploads\/sites\/14\/2026\/02\/ND540.0001__S_0__cd54506830804607956948ccc4b49d0d.jpg\" \/>\n\t<meta property=\"og:image:width\" content=\"1024\" \/>\n\t<meta property=\"og:image:height\" content=\"1024\" \/>\n\t<meta property=\"og:image:type\" content=\"image\/jpeg\" \/>\n<meta name=\"twitter:card\" content=\"summary_large_image\" \/>\n<meta name=\"twitter:label1\" content=\"Dur\u00e9e de lecture estim\u00e9e\" \/>\n\t<meta name=\"twitter:data1\" content=\"1 minute\" \/>\n<script type=\"application\/ld+json\" class=\"yoast-schema-graph\">{\"@context\":\"https:\/\/schema.org\",\"@graph\":[{\"@type\":\"WebPage\",\"@id\":\"https:\/\/nordic-drift.com\/fr\/product\/crayon-infini-avec-boussole-rcs-nordic-drift-trial-noir\/\",\"url\":\"https:\/\/nordic-drift.com\/fr\/product\/crayon-infini-avec-boussole-rcs-nordic-drift-trial-noir\/\",\"name\":\"Crayon infini avec boussole RCS Nordic Drift Trial, noir - Nordic Drift\",\"isPartOf\":{\"@id\":\"https:\/\/nordic-drift.com\/fr\/#website\"},\"primaryImageOfPage\":{\"@id\":\"https:\/\/nordic-drift.com\/fr\/product\/crayon-infini-avec-boussole-rcs-nordic-drift-trial-noir\/#primaryimage\"},\"image\":{\"@id\":\"https:\/\/nordic-drift.com\/fr\/product\/crayon-infini-avec-boussole-rcs-nordic-drift-trial-noir\/#primaryimage\"},\"thumbnailUrl\":\"https:\/\/nordic-drift.com\/wp-content\/uploads\/sites\/14\/2026\/02\/ND540.0001__S_0__cd54506830804607956948ccc4b49d0d.jpg\",\"datePublished\":\"2026-01-27T14:00:40+00:00\",\"dateModified\":\"2026-03-26T08:33:48+00:00\",\"breadcrumb\":{\"@id\":\"https:\/\/nordic-drift.com\/fr\/product\/crayon-infini-avec-boussole-rcs-nordic-drift-trial-noir\/#breadcrumb\"},\"inLanguage\":\"fr-FR\",\"potentialAction\":[{\"@type\":\"ReadAction\",\"target\":[\"https:\/\/nordic-drift.com\/fr\/product\/crayon-infini-avec-boussole-rcs-nordic-drift-trial-noir\/\"]}]},{\"@type\":\"ImageObject\",\"inLanguage\":\"fr-FR\",\"@id\":\"https:\/\/nordic-drift.com\/fr\/product\/crayon-infini-avec-boussole-rcs-nordic-drift-trial-noir\/#primaryimage\",\"url\":\"https:\/\/nordic-drift.com\/wp-content\/uploads\/sites\/14\/2026\/02\/ND540.0001__S_0__cd54506830804607956948ccc4b49d0d.jpg\",\"contentUrl\":\"https:\/\/nordic-drift.com\/wp-content\/uploads\/sites\/14\/2026\/02\/ND540.0001__S_0__cd54506830804607956948ccc4b49d0d.jpg\",\"width\":1024,\"height\":1024},{\"@type\":\"BreadcrumbList\",\"@id\":\"https:\/\/nordic-drift.com\/fr\/product\/crayon-infini-avec-boussole-rcs-nordic-drift-trial-noir\/#breadcrumb\",\"itemListElement\":[{\"@type\":\"ListItem\",\"position\":1,\"name\":\"Home\",\"item\":\"https:\/\/nordic-drift.com\/fr\/\"},{\"@type\":\"ListItem\",\"position\":2,\"name\":\"Collection\",\"item\":\"https:\/\/nordic-drift.com\/fr\/collection\/\"},{\"@type\":\"ListItem\",\"position\":3,\"name\":\"Crayon infini avec boussole RCS Nordic Drift Trial, noir\"}]},{\"@type\":\"WebSite\",\"@id\":\"https:\/\/nordic-drift.com\/fr\/#website\",\"url\":\"https:\/\/nordic-drift.com\/fr\/\",\"name\":\"Nordic Drift\",\"description\":\"Built to Last, Made to Explore.\",\"potentialAction\":[{\"@type\":\"SearchAction\",\"target\":{\"@type\":\"EntryPoint\",\"urlTemplate\":\"https:\/\/nordic-drift.com\/fr\/?s={search_term_string}\"},\"query-input\":{\"@type\":\"PropertyValueSpecification\",\"valueRequired\":true,\"valueName\":\"search_term_string\"}}],\"inLanguage\":\"fr-FR\"}]}<\/script>\n<!-- \/ Yoast SEO plugin. -->","yoast_head_json":{"title":"Crayon infini avec boussole RCS Nordic Drift Trial, noir - Nordic Drift","robots":{"index":"index","follow":"follow","max-snippet":"max-snippet:-1","max-image-preview":"max-image-preview:large","max-video-preview":"max-video-preview:-1"},"canonical":"https:\/\/nordic-drift.com\/fr\/product\/crayon-infini-avec-boussole-rcs-nordic-drift-trial-noir\/","og_locale":"fr_FR","og_type":"article","og_title":"Crayon infini avec boussole RCS Nordic Drift Trial, noir - Nordic Drift","og_description":"Le crayon de poche Nordic Drift Trial Infini est con\u00e7u pour une utilisation en ext\u00e9rieur et les aventures du quotidien. La mine en graphite sort en appuyant sur le bouton orange et se r\u00e9tracte dans le corps du stylo afin de la prot\u00e9ger. Une boucle en sangle permet d&rsquo;attacher le stylo \u00e0 un sac \u00e0 [&hellip;]","og_url":"https:\/\/nordic-drift.com\/fr\/product\/crayon-infini-avec-boussole-rcs-nordic-drift-trial-noir\/","og_site_name":"Nordic Drift","article_modified_time":"2026-03-26T08:33:48+00:00","og_image":[{"width":1024,"height":1024,"url":"https:\/\/nordic-drift.com\/wp-content\/uploads\/sites\/14\/2026\/02\/ND540.0001__S_0__cd54506830804607956948ccc4b49d0d.jpg","type":"image\/jpeg"}],"twitter_card":"summary_large_image","twitter_misc":{"Dur\u00e9e de lecture estim\u00e9e":"1 minute"},"schema":{"@context":"https:\/\/schema.org","@graph":[{"@type":"WebPage","@id":"https:\/\/nordic-drift.com\/fr\/product\/crayon-infini-avec-boussole-rcs-nordic-drift-trial-noir\/","url":"https:\/\/nordic-drift.com\/fr\/product\/crayon-infini-avec-boussole-rcs-nordic-drift-trial-noir\/","name":"Crayon infini avec boussole RCS Nordic Drift Trial, noir - Nordic Drift","isPartOf":{"@id":"https:\/\/nordic-drift.com\/fr\/#website"},"primaryImageOfPage":{"@id":"https:\/\/nordic-drift.com\/fr\/product\/crayon-infini-avec-boussole-rcs-nordic-drift-trial-noir\/#primaryimage"},"image":{"@id":"https:\/\/nordic-drift.com\/fr\/product\/crayon-infini-avec-boussole-rcs-nordic-drift-trial-noir\/#primaryimage"},"thumbnailUrl":"https:\/\/nordic-drift.com\/wp-content\/uploads\/sites\/14\/2026\/02\/ND540.0001__S_0__cd54506830804607956948ccc4b49d0d.jpg","datePublished":"2026-01-27T14:00:40+00:00","dateModified":"2026-03-26T08:33:48+00:00","breadcrumb":{"@id":"https:\/\/nordic-drift.com\/fr\/product\/crayon-infini-avec-boussole-rcs-nordic-drift-trial-noir\/#breadcrumb"},"inLanguage":"fr-FR","potentialAction":[{"@type":"ReadAction","target":["https:\/\/nordic-drift.com\/fr\/product\/crayon-infini-avec-boussole-rcs-nordic-drift-trial-noir\/"]}]},{"@type":"ImageObject","inLanguage":"fr-FR","@id":"https:\/\/nordic-drift.com\/fr\/product\/crayon-infini-avec-boussole-rcs-nordic-drift-trial-noir\/#primaryimage","url":"https:\/\/nordic-drift.com\/wp-content\/uploads\/sites\/14\/2026\/02\/ND540.0001__S_0__cd54506830804607956948ccc4b49d0d.jpg","contentUrl":"https:\/\/nordic-drift.com\/wp-content\/uploads\/sites\/14\/2026\/02\/ND540.0001__S_0__cd54506830804607956948ccc4b49d0d.jpg","width":1024,"height":1024},{"@type":"BreadcrumbList","@id":"https:\/\/nordic-drift.com\/fr\/product\/crayon-infini-avec-boussole-rcs-nordic-drift-trial-noir\/#breadcrumb","itemListElement":[{"@type":"ListItem","position":1,"name":"Home","item":"https:\/\/nordic-drift.com\/fr\/"},{"@type":"ListItem","position":2,"name":"Collection","item":"https:\/\/nordic-drift.com\/fr\/collection\/"},{"@type":"ListItem","position":3,"name":"Crayon infini avec boussole RCS Nordic Drift Trial, noir"}]},{"@type":"WebSite","@id":"https:\/\/nordic-drift.com\/fr\/#website","url":"https:\/\/nordic-drift.com\/fr\/","name":"Nordic Drift","description":"Built to Last, Made to Explore.","potentialAction":[{"@type":"SearchAction","target":{"@type":"EntryPoint","urlTemplate":"https:\/\/nordic-drift.com\/fr\/?s={search_term_string}"},"query-input":{"@type":"PropertyValueSpecification","valueRequired":true,"valueName":"search_term_string"}}],"inLanguage":"fr-FR"}]}},"_links":{"self":[{"href":"https:\/\/nordic-drift.com\/fr\/wp-json\/wp\/v2\/product\/2411","targetHints":{"allow":["GET"]}}],"collection":[{"href":"https:\/\/nordic-drift.com\/fr\/wp-json\/wp\/v2\/product"}],"about":[{"href":"https:\/\/nordic-drift.com\/fr\/wp-json\/wp\/v2\/types\/product"}],"replies":[{"embeddable":true,"href":"https:\/\/nordic-drift.com\/fr\/wp-json\/wp\/v2\/comments?post=2411"}],"wp:featuredmedia":[{"embeddable":true,"href":"https:\/\/nordic-drift.com\/fr\/wp-json\/wp\/v2\/media\/2412"}],"wp:attachment":[{"href":"https:\/\/nordic-drift.com\/fr\/wp-json\/wp\/v2\/media?parent=2411"}],"wp:term":[{"taxonomy":"product_cat","embeddable":true,"href":"https:\/\/nordic-drift.com\/fr\/wp-json\/wp\/v2\/product_cat?post=2411"},{"taxonomy":"product_tag","embeddable":true,"href":"https:\/\/nordic-drift.com\/fr\/wp-json\/wp\/v2\/product_tag?post=2411"}],"curies":[{"name":"wp","href":"https:\/\/api.w.org\/{rel}","templated":true}]}}