{"id":2397,"date":"2026-01-27T14:00:40","date_gmt":"2026-01-27T14:00:40","guid":{"rendered":"https:\/\/nordic-drift.com\/product\/pince-multifonctions-nordic-drift-adventure-noir\/"},"modified":"2026-03-26T08:33:45","modified_gmt":"2026-03-26T08:33:45","slug":"pince-multifonctions-nordic-drift-adventure-noir","status":"publish","type":"product","link":"https:\/\/nordic-drift.com\/fr\/product\/pince-multifonctions-nordic-drift-adventure-noir\/","title":{"rendered":"Pince multifonctions Adventure, noir"},"content":{"rendered":"<p>Con\u00e7ue pour durer, faite pour explorer. La pince multifonctions Nordic Drift Adventure est une pince haut de gamme. Fabriqu\u00e9e en acier inoxydable de haute qualit\u00e9, elle offrent des performances durables et r\u00e9sistantes dans un design compact et fiable. Avec ses 16 fonctions int\u00e9gr\u00e9es (pince \u00e0 bec effil\u00e9, pince standard, pince coupante, mousqueton, d\u00e9capsuleur, lime, couteau, scie, outil pour tente, r\u00e8gle, lame dentel\u00e9e, cutter, pied-de-biche, ouvre-bo\u00eete, tournevis cruciforme et silex int\u00e9gr\u00e9 pour allumer un feu en cas d&rsquo;urgence), cet outil offre une polyvalence maximale sans compromis. Tous les produits Nordic Drift sont soumis \u00e0 des tests de qualit\u00e9 rigoureux. Parce que nous croyons fermement en la performance et la durabilit\u00e9 de notre \u00e9quipement, chaque article est couvert par une garantie de 5 ans contre les d\u00e9fauts de fabrication.<\/p>\n","protected":false},"excerpt":{"rendered":"<p>Con\u00e7ue pour durer, faite pour explorer. La pince multifonctions Nordic Drift Adventure est une pince haut de gamme. Fabriqu\u00e9e en acier inoxydable de haute qualit\u00e9, elle offrent des performances durables et r\u00e9sistantes dans un design compact et fiable. Avec ses 16 fonctions int\u00e9gr\u00e9es (pince \u00e0 bec effil\u00e9, pince standard, pince coupante, mousqueton, d\u00e9capsuleur, lime, couteau, [&hellip;]<\/p>\n","protected":false},"featured_media":2398,"comment_status":"closed","ping_status":"closed","template":"","meta":{"_acf_changed":false},"product_cat":[90],"product_tag":[],"class_list":["post-2397","product","type-product","status-publish","has-post-thumbnail","hentry","product_cat-accessoires","pa_color-black"],"acf":[],"yoast_head":"<!-- This site is optimized with the Yoast SEO plugin v27.0 - https:\/\/yoast.com\/product\/yoast-seo-wordpress\/ -->\n<title>Pince multifonctions Adventure, noir - Nordic Drift<\/title>\n<meta name=\"robots\" content=\"index, follow, max-snippet:-1, max-image-preview:large, max-video-preview:-1\" \/>\n<link rel=\"canonical\" href=\"https:\/\/nordic-drift.com\/fr\/product\/pince-multifonctions-nordic-drift-adventure-noir\/\" \/>\n<meta property=\"og:locale\" content=\"fr_FR\" \/>\n<meta property=\"og:type\" content=\"article\" \/>\n<meta property=\"og:title\" content=\"Pince multifonctions Adventure, noir - Nordic Drift\" \/>\n<meta property=\"og:description\" content=\"Con\u00e7ue pour durer, faite pour explorer. La pince multifonctions Nordic Drift Adventure est une pince haut de gamme. Fabriqu\u00e9e en acier inoxydable de haute qualit\u00e9, elle offrent des performances durables et r\u00e9sistantes dans un design compact et fiable. Avec ses 16 fonctions int\u00e9gr\u00e9es (pince \u00e0 bec effil\u00e9, pince standard, pince coupante, mousqueton, d\u00e9capsuleur, lime, couteau, [&hellip;]\" \/>\n<meta property=\"og:url\" content=\"https:\/\/nordic-drift.com\/fr\/product\/pince-multifonctions-nordic-drift-adventure-noir\/\" \/>\n<meta property=\"og:site_name\" content=\"Nordic Drift\" \/>\n<meta property=\"article:modified_time\" content=\"2026-03-26T08:33:45+00:00\" \/>\n<meta property=\"og:image\" content=\"https:\/\/nordic-drift.com\/wp-content\/uploads\/sites\/14\/2026\/02\/ND500.0401__S_0__2908f0130550481aa6718c018c4ce181.jpg\" \/>\n\t<meta property=\"og:image:width\" content=\"1024\" \/>\n\t<meta property=\"og:image:height\" content=\"1024\" \/>\n\t<meta property=\"og:image:type\" content=\"image\/jpeg\" \/>\n<meta name=\"twitter:card\" content=\"summary_large_image\" \/>\n<meta name=\"twitter:label1\" content=\"Dur\u00e9e de lecture estim\u00e9e\" \/>\n\t<meta name=\"twitter:data1\" content=\"1 minute\" \/>\n<script type=\"application\/ld+json\" class=\"yoast-schema-graph\">{\"@context\":\"https:\/\/schema.org\",\"@graph\":[{\"@type\":\"WebPage\",\"@id\":\"https:\/\/nordic-drift.com\/fr\/product\/pince-multifonctions-nordic-drift-adventure-noir\/\",\"url\":\"https:\/\/nordic-drift.com\/fr\/product\/pince-multifonctions-nordic-drift-adventure-noir\/\",\"name\":\"Pince multifonctions Adventure, noir - Nordic Drift\",\"isPartOf\":{\"@id\":\"https:\/\/nordic-drift.com\/fr\/#website\"},\"primaryImageOfPage\":{\"@id\":\"https:\/\/nordic-drift.com\/fr\/product\/pince-multifonctions-nordic-drift-adventure-noir\/#primaryimage\"},\"image\":{\"@id\":\"https:\/\/nordic-drift.com\/fr\/product\/pince-multifonctions-nordic-drift-adventure-noir\/#primaryimage\"},\"thumbnailUrl\":\"https:\/\/nordic-drift.com\/wp-content\/uploads\/sites\/14\/2026\/02\/ND500.0401__S_0__2908f0130550481aa6718c018c4ce181.jpg\",\"datePublished\":\"2026-01-27T14:00:40+00:00\",\"dateModified\":\"2026-03-26T08:33:45+00:00\",\"breadcrumb\":{\"@id\":\"https:\/\/nordic-drift.com\/fr\/product\/pince-multifonctions-nordic-drift-adventure-noir\/#breadcrumb\"},\"inLanguage\":\"fr-FR\",\"potentialAction\":[{\"@type\":\"ReadAction\",\"target\":[\"https:\/\/nordic-drift.com\/fr\/product\/pince-multifonctions-nordic-drift-adventure-noir\/\"]}]},{\"@type\":\"ImageObject\",\"inLanguage\":\"fr-FR\",\"@id\":\"https:\/\/nordic-drift.com\/fr\/product\/pince-multifonctions-nordic-drift-adventure-noir\/#primaryimage\",\"url\":\"https:\/\/nordic-drift.com\/wp-content\/uploads\/sites\/14\/2026\/02\/ND500.0401__S_0__2908f0130550481aa6718c018c4ce181.jpg\",\"contentUrl\":\"https:\/\/nordic-drift.com\/wp-content\/uploads\/sites\/14\/2026\/02\/ND500.0401__S_0__2908f0130550481aa6718c018c4ce181.jpg\",\"width\":1024,\"height\":1024},{\"@type\":\"BreadcrumbList\",\"@id\":\"https:\/\/nordic-drift.com\/fr\/product\/pince-multifonctions-nordic-drift-adventure-noir\/#breadcrumb\",\"itemListElement\":[{\"@type\":\"ListItem\",\"position\":1,\"name\":\"Home\",\"item\":\"https:\/\/nordic-drift.com\/fr\/\"},{\"@type\":\"ListItem\",\"position\":2,\"name\":\"Collection\",\"item\":\"https:\/\/nordic-drift.com\/fr\/collection\/\"},{\"@type\":\"ListItem\",\"position\":3,\"name\":\"Pince multifonctions Adventure, noir\"}]},{\"@type\":\"WebSite\",\"@id\":\"https:\/\/nordic-drift.com\/fr\/#website\",\"url\":\"https:\/\/nordic-drift.com\/fr\/\",\"name\":\"Nordic Drift\",\"description\":\"Built to Last, Made to Explore.\",\"potentialAction\":[{\"@type\":\"SearchAction\",\"target\":{\"@type\":\"EntryPoint\",\"urlTemplate\":\"https:\/\/nordic-drift.com\/fr\/?s={search_term_string}\"},\"query-input\":{\"@type\":\"PropertyValueSpecification\",\"valueRequired\":true,\"valueName\":\"search_term_string\"}}],\"inLanguage\":\"fr-FR\"}]}<\/script>\n<!-- \/ Yoast SEO plugin. -->","yoast_head_json":{"title":"Pince multifonctions Adventure, noir - Nordic Drift","robots":{"index":"index","follow":"follow","max-snippet":"max-snippet:-1","max-image-preview":"max-image-preview:large","max-video-preview":"max-video-preview:-1"},"canonical":"https:\/\/nordic-drift.com\/fr\/product\/pince-multifonctions-nordic-drift-adventure-noir\/","og_locale":"fr_FR","og_type":"article","og_title":"Pince multifonctions Adventure, noir - Nordic Drift","og_description":"Con\u00e7ue pour durer, faite pour explorer. La pince multifonctions Nordic Drift Adventure est une pince haut de gamme. Fabriqu\u00e9e en acier inoxydable de haute qualit\u00e9, elle offrent des performances durables et r\u00e9sistantes dans un design compact et fiable. Avec ses 16 fonctions int\u00e9gr\u00e9es (pince \u00e0 bec effil\u00e9, pince standard, pince coupante, mousqueton, d\u00e9capsuleur, lime, couteau, [&hellip;]","og_url":"https:\/\/nordic-drift.com\/fr\/product\/pince-multifonctions-nordic-drift-adventure-noir\/","og_site_name":"Nordic Drift","article_modified_time":"2026-03-26T08:33:45+00:00","og_image":[{"width":1024,"height":1024,"url":"https:\/\/nordic-drift.com\/wp-content\/uploads\/sites\/14\/2026\/02\/ND500.0401__S_0__2908f0130550481aa6718c018c4ce181.jpg","type":"image\/jpeg"}],"twitter_card":"summary_large_image","twitter_misc":{"Dur\u00e9e de lecture estim\u00e9e":"1 minute"},"schema":{"@context":"https:\/\/schema.org","@graph":[{"@type":"WebPage","@id":"https:\/\/nordic-drift.com\/fr\/product\/pince-multifonctions-nordic-drift-adventure-noir\/","url":"https:\/\/nordic-drift.com\/fr\/product\/pince-multifonctions-nordic-drift-adventure-noir\/","name":"Pince multifonctions Adventure, noir - Nordic Drift","isPartOf":{"@id":"https:\/\/nordic-drift.com\/fr\/#website"},"primaryImageOfPage":{"@id":"https:\/\/nordic-drift.com\/fr\/product\/pince-multifonctions-nordic-drift-adventure-noir\/#primaryimage"},"image":{"@id":"https:\/\/nordic-drift.com\/fr\/product\/pince-multifonctions-nordic-drift-adventure-noir\/#primaryimage"},"thumbnailUrl":"https:\/\/nordic-drift.com\/wp-content\/uploads\/sites\/14\/2026\/02\/ND500.0401__S_0__2908f0130550481aa6718c018c4ce181.jpg","datePublished":"2026-01-27T14:00:40+00:00","dateModified":"2026-03-26T08:33:45+00:00","breadcrumb":{"@id":"https:\/\/nordic-drift.com\/fr\/product\/pince-multifonctions-nordic-drift-adventure-noir\/#breadcrumb"},"inLanguage":"fr-FR","potentialAction":[{"@type":"ReadAction","target":["https:\/\/nordic-drift.com\/fr\/product\/pince-multifonctions-nordic-drift-adventure-noir\/"]}]},{"@type":"ImageObject","inLanguage":"fr-FR","@id":"https:\/\/nordic-drift.com\/fr\/product\/pince-multifonctions-nordic-drift-adventure-noir\/#primaryimage","url":"https:\/\/nordic-drift.com\/wp-content\/uploads\/sites\/14\/2026\/02\/ND500.0401__S_0__2908f0130550481aa6718c018c4ce181.jpg","contentUrl":"https:\/\/nordic-drift.com\/wp-content\/uploads\/sites\/14\/2026\/02\/ND500.0401__S_0__2908f0130550481aa6718c018c4ce181.jpg","width":1024,"height":1024},{"@type":"BreadcrumbList","@id":"https:\/\/nordic-drift.com\/fr\/product\/pince-multifonctions-nordic-drift-adventure-noir\/#breadcrumb","itemListElement":[{"@type":"ListItem","position":1,"name":"Home","item":"https:\/\/nordic-drift.com\/fr\/"},{"@type":"ListItem","position":2,"name":"Collection","item":"https:\/\/nordic-drift.com\/fr\/collection\/"},{"@type":"ListItem","position":3,"name":"Pince multifonctions Adventure, noir"}]},{"@type":"WebSite","@id":"https:\/\/nordic-drift.com\/fr\/#website","url":"https:\/\/nordic-drift.com\/fr\/","name":"Nordic Drift","description":"Built to Last, Made to Explore.","potentialAction":[{"@type":"SearchAction","target":{"@type":"EntryPoint","urlTemplate":"https:\/\/nordic-drift.com\/fr\/?s={search_term_string}"},"query-input":{"@type":"PropertyValueSpecification","valueRequired":true,"valueName":"search_term_string"}}],"inLanguage":"fr-FR"}]}},"_links":{"self":[{"href":"https:\/\/nordic-drift.com\/fr\/wp-json\/wp\/v2\/product\/2397","targetHints":{"allow":["GET"]}}],"collection":[{"href":"https:\/\/nordic-drift.com\/fr\/wp-json\/wp\/v2\/product"}],"about":[{"href":"https:\/\/nordic-drift.com\/fr\/wp-json\/wp\/v2\/types\/product"}],"replies":[{"embeddable":true,"href":"https:\/\/nordic-drift.com\/fr\/wp-json\/wp\/v2\/comments?post=2397"}],"wp:featuredmedia":[{"embeddable":true,"href":"https:\/\/nordic-drift.com\/fr\/wp-json\/wp\/v2\/media\/2398"}],"wp:attachment":[{"href":"https:\/\/nordic-drift.com\/fr\/wp-json\/wp\/v2\/media?parent=2397"}],"wp:term":[{"taxonomy":"product_cat","embeddable":true,"href":"https:\/\/nordic-drift.com\/fr\/wp-json\/wp\/v2\/product_cat?post=2397"},{"taxonomy":"product_tag","embeddable":true,"href":"https:\/\/nordic-drift.com\/fr\/wp-json\/wp\/v2\/product_tag?post=2397"}],"curies":[{"name":"wp","href":"https:\/\/api.w.org\/{rel}","templated":true}]}}