{"id":2350,"date":"2026-01-27T14:00:36","date_gmt":"2026-01-27T14:00:36","guid":{"rendered":"https:\/\/nordic-drift.com\/product\/set-de-couverts-4-en-1-nordic-drift-trail-noir\/"},"modified":"2026-03-26T08:33:41","modified_gmt":"2026-03-26T08:33:41","slug":"set-de-couverts-4-en-1-nordic-drift-trail-noir","status":"publish","type":"product","link":"https:\/\/nordic-drift.com\/fr\/product\/set-de-couverts-4-en-1-nordic-drift-trail-noir\/","title":{"rendered":"Set de couverts 4 en 1 Trail, noir"},"content":{"rendered":"<p>on\u00e7u pour durer, fait pour explorer. Le set de couverts 4 en 1 Nordic Drift Trail est con\u00e7u pour les aventures en plein air. Combinant une fourchette, un couteau et une cuill\u00e8re dans un seul outil compact, il est fabriqu\u00e9 en acier inoxydable de haute qualit\u00e9 avec un rev\u00eatement en titane ultra-r\u00e9sistant et sans danger pour les aliments, pour une utilisation durable. Facile \u00e0 nettoyer et con\u00e7u pour r\u00e9sister \u00e0 une utilisation fr\u00e9quente en randonn\u00e9e ou en camping, il comprend une sangle en silicone pour maintenir les couverts bien en place et les transporter facilement. Tous les produits Nordic Drift sont soumis \u00e0 des tests de qualit\u00e9 rigoureux. Parce que nous croyons fermement en la performance et la durabilit\u00e9 de notre \u00e9quipement, chaque article est couvert par une garantie de 5 ans contre les d\u00e9fauts de fabrication.<\/p>\n","protected":false},"excerpt":{"rendered":"<p>on\u00e7u pour durer, fait pour explorer. Le set de couverts 4 en 1 Nordic Drift Trail est con\u00e7u pour les aventures en plein air. Combinant une fourchette, un couteau et une cuill\u00e8re dans un seul outil compact, il est fabriqu\u00e9 en acier inoxydable de haute qualit\u00e9 avec un rev\u00eatement en titane ultra-r\u00e9sistant et sans danger [&hellip;]<\/p>\n","protected":false},"featured_media":2351,"comment_status":"closed","ping_status":"closed","template":"","meta":{"_acf_changed":false},"product_cat":[107],"product_tag":[],"class_list":["post-2350","product","type-product","status-publish","has-post-thumbnail","hentry","product_cat-alimentation-et-art-de-la-boisson","pa_color-black"],"acf":[],"yoast_head":"<!-- This site is optimized with the Yoast SEO plugin v27.0 - https:\/\/yoast.com\/product\/yoast-seo-wordpress\/ -->\n<title>Set de couverts 4 en 1 Trail, noir - Nordic Drift<\/title>\n<meta name=\"robots\" content=\"index, follow, max-snippet:-1, max-image-preview:large, max-video-preview:-1\" \/>\n<link rel=\"canonical\" href=\"https:\/\/nordic-drift.com\/fr\/product\/set-de-couverts-4-en-1-nordic-drift-trail-noir\/\" \/>\n<meta property=\"og:locale\" content=\"fr_FR\" \/>\n<meta property=\"og:type\" content=\"article\" \/>\n<meta property=\"og:title\" content=\"Set de couverts 4 en 1 Trail, noir - Nordic Drift\" \/>\n<meta property=\"og:description\" content=\"on\u00e7u pour durer, fait pour explorer. Le set de couverts 4 en 1 Nordic Drift Trail est con\u00e7u pour les aventures en plein air. Combinant une fourchette, un couteau et une cuill\u00e8re dans un seul outil compact, il est fabriqu\u00e9 en acier inoxydable de haute qualit\u00e9 avec un rev\u00eatement en titane ultra-r\u00e9sistant et sans danger [&hellip;]\" \/>\n<meta property=\"og:url\" content=\"https:\/\/nordic-drift.com\/fr\/product\/set-de-couverts-4-en-1-nordic-drift-trail-noir\/\" \/>\n<meta property=\"og:site_name\" content=\"Nordic Drift\" \/>\n<meta property=\"article:modified_time\" content=\"2026-03-26T08:33:41+00:00\" \/>\n<meta property=\"og:image\" content=\"https:\/\/nordic-drift.com\/wp-content\/uploads\/sites\/14\/2026\/02\/ND500.0001__S_0__e817df91b924416480ab4cc8e13da8a0.jpg\" \/>\n\t<meta property=\"og:image:width\" content=\"1024\" \/>\n\t<meta property=\"og:image:height\" content=\"1024\" \/>\n\t<meta property=\"og:image:type\" content=\"image\/jpeg\" \/>\n<meta name=\"twitter:card\" content=\"summary_large_image\" \/>\n<meta name=\"twitter:label1\" content=\"Dur\u00e9e de lecture estim\u00e9e\" \/>\n\t<meta name=\"twitter:data1\" content=\"1 minute\" \/>\n<script type=\"application\/ld+json\" class=\"yoast-schema-graph\">{\"@context\":\"https:\/\/schema.org\",\"@graph\":[{\"@type\":\"WebPage\",\"@id\":\"https:\/\/nordic-drift.com\/fr\/product\/set-de-couverts-4-en-1-nordic-drift-trail-noir\/\",\"url\":\"https:\/\/nordic-drift.com\/fr\/product\/set-de-couverts-4-en-1-nordic-drift-trail-noir\/\",\"name\":\"Set de couverts 4 en 1 Trail, noir - Nordic Drift\",\"isPartOf\":{\"@id\":\"https:\/\/nordic-drift.com\/fr\/#website\"},\"primaryImageOfPage\":{\"@id\":\"https:\/\/nordic-drift.com\/fr\/product\/set-de-couverts-4-en-1-nordic-drift-trail-noir\/#primaryimage\"},\"image\":{\"@id\":\"https:\/\/nordic-drift.com\/fr\/product\/set-de-couverts-4-en-1-nordic-drift-trail-noir\/#primaryimage\"},\"thumbnailUrl\":\"https:\/\/nordic-drift.com\/wp-content\/uploads\/sites\/14\/2026\/02\/ND500.0001__S_0__e817df91b924416480ab4cc8e13da8a0.jpg\",\"datePublished\":\"2026-01-27T14:00:36+00:00\",\"dateModified\":\"2026-03-26T08:33:41+00:00\",\"breadcrumb\":{\"@id\":\"https:\/\/nordic-drift.com\/fr\/product\/set-de-couverts-4-en-1-nordic-drift-trail-noir\/#breadcrumb\"},\"inLanguage\":\"fr-FR\",\"potentialAction\":[{\"@type\":\"ReadAction\",\"target\":[\"https:\/\/nordic-drift.com\/fr\/product\/set-de-couverts-4-en-1-nordic-drift-trail-noir\/\"]}]},{\"@type\":\"ImageObject\",\"inLanguage\":\"fr-FR\",\"@id\":\"https:\/\/nordic-drift.com\/fr\/product\/set-de-couverts-4-en-1-nordic-drift-trail-noir\/#primaryimage\",\"url\":\"https:\/\/nordic-drift.com\/wp-content\/uploads\/sites\/14\/2026\/02\/ND500.0001__S_0__e817df91b924416480ab4cc8e13da8a0.jpg\",\"contentUrl\":\"https:\/\/nordic-drift.com\/wp-content\/uploads\/sites\/14\/2026\/02\/ND500.0001__S_0__e817df91b924416480ab4cc8e13da8a0.jpg\",\"width\":1024,\"height\":1024},{\"@type\":\"BreadcrumbList\",\"@id\":\"https:\/\/nordic-drift.com\/fr\/product\/set-de-couverts-4-en-1-nordic-drift-trail-noir\/#breadcrumb\",\"itemListElement\":[{\"@type\":\"ListItem\",\"position\":1,\"name\":\"Home\",\"item\":\"https:\/\/nordic-drift.com\/fr\/\"},{\"@type\":\"ListItem\",\"position\":2,\"name\":\"Collection\",\"item\":\"https:\/\/nordic-drift.com\/fr\/collection\/\"},{\"@type\":\"ListItem\",\"position\":3,\"name\":\"Set de couverts 4 en 1 Trail, noir\"}]},{\"@type\":\"WebSite\",\"@id\":\"https:\/\/nordic-drift.com\/fr\/#website\",\"url\":\"https:\/\/nordic-drift.com\/fr\/\",\"name\":\"Nordic Drift\",\"description\":\"Built to Last, Made to Explore.\",\"potentialAction\":[{\"@type\":\"SearchAction\",\"target\":{\"@type\":\"EntryPoint\",\"urlTemplate\":\"https:\/\/nordic-drift.com\/fr\/?s={search_term_string}\"},\"query-input\":{\"@type\":\"PropertyValueSpecification\",\"valueRequired\":true,\"valueName\":\"search_term_string\"}}],\"inLanguage\":\"fr-FR\"}]}<\/script>\n<!-- \/ Yoast SEO plugin. -->","yoast_head_json":{"title":"Set de couverts 4 en 1 Trail, noir - Nordic Drift","robots":{"index":"index","follow":"follow","max-snippet":"max-snippet:-1","max-image-preview":"max-image-preview:large","max-video-preview":"max-video-preview:-1"},"canonical":"https:\/\/nordic-drift.com\/fr\/product\/set-de-couverts-4-en-1-nordic-drift-trail-noir\/","og_locale":"fr_FR","og_type":"article","og_title":"Set de couverts 4 en 1 Trail, noir - Nordic Drift","og_description":"on\u00e7u pour durer, fait pour explorer. Le set de couverts 4 en 1 Nordic Drift Trail est con\u00e7u pour les aventures en plein air. Combinant une fourchette, un couteau et une cuill\u00e8re dans un seul outil compact, il est fabriqu\u00e9 en acier inoxydable de haute qualit\u00e9 avec un rev\u00eatement en titane ultra-r\u00e9sistant et sans danger [&hellip;]","og_url":"https:\/\/nordic-drift.com\/fr\/product\/set-de-couverts-4-en-1-nordic-drift-trail-noir\/","og_site_name":"Nordic Drift","article_modified_time":"2026-03-26T08:33:41+00:00","og_image":[{"width":1024,"height":1024,"url":"https:\/\/nordic-drift.com\/wp-content\/uploads\/sites\/14\/2026\/02\/ND500.0001__S_0__e817df91b924416480ab4cc8e13da8a0.jpg","type":"image\/jpeg"}],"twitter_card":"summary_large_image","twitter_misc":{"Dur\u00e9e de lecture estim\u00e9e":"1 minute"},"schema":{"@context":"https:\/\/schema.org","@graph":[{"@type":"WebPage","@id":"https:\/\/nordic-drift.com\/fr\/product\/set-de-couverts-4-en-1-nordic-drift-trail-noir\/","url":"https:\/\/nordic-drift.com\/fr\/product\/set-de-couverts-4-en-1-nordic-drift-trail-noir\/","name":"Set de couverts 4 en 1 Trail, noir - Nordic Drift","isPartOf":{"@id":"https:\/\/nordic-drift.com\/fr\/#website"},"primaryImageOfPage":{"@id":"https:\/\/nordic-drift.com\/fr\/product\/set-de-couverts-4-en-1-nordic-drift-trail-noir\/#primaryimage"},"image":{"@id":"https:\/\/nordic-drift.com\/fr\/product\/set-de-couverts-4-en-1-nordic-drift-trail-noir\/#primaryimage"},"thumbnailUrl":"https:\/\/nordic-drift.com\/wp-content\/uploads\/sites\/14\/2026\/02\/ND500.0001__S_0__e817df91b924416480ab4cc8e13da8a0.jpg","datePublished":"2026-01-27T14:00:36+00:00","dateModified":"2026-03-26T08:33:41+00:00","breadcrumb":{"@id":"https:\/\/nordic-drift.com\/fr\/product\/set-de-couverts-4-en-1-nordic-drift-trail-noir\/#breadcrumb"},"inLanguage":"fr-FR","potentialAction":[{"@type":"ReadAction","target":["https:\/\/nordic-drift.com\/fr\/product\/set-de-couverts-4-en-1-nordic-drift-trail-noir\/"]}]},{"@type":"ImageObject","inLanguage":"fr-FR","@id":"https:\/\/nordic-drift.com\/fr\/product\/set-de-couverts-4-en-1-nordic-drift-trail-noir\/#primaryimage","url":"https:\/\/nordic-drift.com\/wp-content\/uploads\/sites\/14\/2026\/02\/ND500.0001__S_0__e817df91b924416480ab4cc8e13da8a0.jpg","contentUrl":"https:\/\/nordic-drift.com\/wp-content\/uploads\/sites\/14\/2026\/02\/ND500.0001__S_0__e817df91b924416480ab4cc8e13da8a0.jpg","width":1024,"height":1024},{"@type":"BreadcrumbList","@id":"https:\/\/nordic-drift.com\/fr\/product\/set-de-couverts-4-en-1-nordic-drift-trail-noir\/#breadcrumb","itemListElement":[{"@type":"ListItem","position":1,"name":"Home","item":"https:\/\/nordic-drift.com\/fr\/"},{"@type":"ListItem","position":2,"name":"Collection","item":"https:\/\/nordic-drift.com\/fr\/collection\/"},{"@type":"ListItem","position":3,"name":"Set de couverts 4 en 1 Trail, noir"}]},{"@type":"WebSite","@id":"https:\/\/nordic-drift.com\/fr\/#website","url":"https:\/\/nordic-drift.com\/fr\/","name":"Nordic Drift","description":"Built to Last, Made to Explore.","potentialAction":[{"@type":"SearchAction","target":{"@type":"EntryPoint","urlTemplate":"https:\/\/nordic-drift.com\/fr\/?s={search_term_string}"},"query-input":{"@type":"PropertyValueSpecification","valueRequired":true,"valueName":"search_term_string"}}],"inLanguage":"fr-FR"}]}},"_links":{"self":[{"href":"https:\/\/nordic-drift.com\/fr\/wp-json\/wp\/v2\/product\/2350","targetHints":{"allow":["GET"]}}],"collection":[{"href":"https:\/\/nordic-drift.com\/fr\/wp-json\/wp\/v2\/product"}],"about":[{"href":"https:\/\/nordic-drift.com\/fr\/wp-json\/wp\/v2\/types\/product"}],"replies":[{"embeddable":true,"href":"https:\/\/nordic-drift.com\/fr\/wp-json\/wp\/v2\/comments?post=2350"}],"wp:featuredmedia":[{"embeddable":true,"href":"https:\/\/nordic-drift.com\/fr\/wp-json\/wp\/v2\/media\/2351"}],"wp:attachment":[{"href":"https:\/\/nordic-drift.com\/fr\/wp-json\/wp\/v2\/media?parent=2350"}],"wp:term":[{"taxonomy":"product_cat","embeddable":true,"href":"https:\/\/nordic-drift.com\/fr\/wp-json\/wp\/v2\/product_cat?post=2350"},{"taxonomy":"product_tag","embeddable":true,"href":"https:\/\/nordic-drift.com\/fr\/wp-json\/wp\/v2\/product_tag?post=2350"}],"curies":[{"name":"wp","href":"https:\/\/api.w.org\/{rel}","templated":true}]}}