{"id":2306,"date":"2026-01-27T14:00:36","date_gmt":"2026-01-27T14:00:36","guid":{"rendered":"https:\/\/nordic-drift.com\/product\/lampe-de-camping-avec-pompe-a-air-nordic-drift-titan-noir\/"},"modified":"2026-03-26T08:33:38","modified_gmt":"2026-03-26T08:33:38","slug":"lampe-de-camping-avec-pompe-a-air-nordic-drift-titan-noir","status":"publish","type":"product","link":"https:\/\/nordic-drift.com\/fr\/product\/lampe-de-camping-avec-pompe-a-air-nordic-drift-titan-noir\/","title":{"rendered":"Lampe de camping avec pompe \u00e0 air Nordic Drift Titan, noir"},"content":{"rendered":"<p>La lampe de camping 2 en 1 Nordic Drift est un outil compact destin\u00e9 \u00e0 une utilisation en ext\u00e9rieur. Elle est dot\u00e9e d&rsquo;un crochet pratique qui permet de l&rsquo;utiliser \u00e0 l&rsquo;int\u00e9rieur d&rsquo;une tente ou de la ranger facilement dans une poche ou un sac \u00e0 dos. Aliment\u00e9e par une batterie rechargeable de 2000 mAh, elle se recharge via le c\u00e2ble USB-C inclus. La pompe \u00e0 air sans PVC comprend quatre embouts et un moteur \u00e0 2 vitesses pour un gonflage et un d\u00e9gonflage rapides, avec une pression d&rsquo;air maximale de 4 kPa et un indice d&rsquo;\u00e9tanch\u00e9it\u00e9 IPX4. La lampe de camping int\u00e9gr\u00e9e de 200 lumens offre cinq modes d&rsquo;\u00e9clairage r\u00e9glables pour un \u00e9clairage flexible. Tous les produits Nordic Drift sont soumis \u00e0 des tests de qualit\u00e9 rigoureux. Chaque article est couvert par une garantie de 5 ans contre les d\u00e9fauts de fabrication.<\/p>\n","protected":false},"excerpt":{"rendered":"<p>La lampe de camping 2 en 1 Nordic Drift est un outil compact destin\u00e9 \u00e0 une utilisation en ext\u00e9rieur. Elle est dot\u00e9e d&rsquo;un crochet pratique qui permet de l&rsquo;utiliser \u00e0 l&rsquo;int\u00e9rieur d&rsquo;une tente ou de la ranger facilement dans une poche ou un sac \u00e0 dos. Aliment\u00e9e par une batterie rechargeable de 2000 mAh, elle [&hellip;]<\/p>\n","protected":false},"featured_media":2307,"comment_status":"closed","ping_status":"closed","template":"","meta":{"_acf_changed":false},"product_cat":[114],"product_tag":[],"class_list":["post-2306","product","type-product","status-publish","has-post-thumbnail","hentry","product_cat-tech","pa_color-black"],"acf":[],"yoast_head":"<!-- This site is optimized with the Yoast SEO plugin v27.0 - https:\/\/yoast.com\/product\/yoast-seo-wordpress\/ -->\n<title>Lampe de camping avec pompe \u00e0 air Nordic Drift Titan, noir - Nordic Drift<\/title>\n<meta name=\"robots\" content=\"index, follow, max-snippet:-1, max-image-preview:large, max-video-preview:-1\" \/>\n<link rel=\"canonical\" href=\"https:\/\/nordic-drift.com\/fr\/product\/lampe-de-camping-avec-pompe-a-air-nordic-drift-titan-noir\/\" \/>\n<meta property=\"og:locale\" content=\"fr_FR\" \/>\n<meta property=\"og:type\" content=\"article\" \/>\n<meta property=\"og:title\" content=\"Lampe de camping avec pompe \u00e0 air Nordic Drift Titan, noir - Nordic Drift\" \/>\n<meta property=\"og:description\" content=\"La lampe de camping 2 en 1 Nordic Drift est un outil compact destin\u00e9 \u00e0 une utilisation en ext\u00e9rieur. Elle est dot\u00e9e d&rsquo;un crochet pratique qui permet de l&rsquo;utiliser \u00e0 l&rsquo;int\u00e9rieur d&rsquo;une tente ou de la ranger facilement dans une poche ou un sac \u00e0 dos. Aliment\u00e9e par une batterie rechargeable de 2000 mAh, elle [&hellip;]\" \/>\n<meta property=\"og:url\" content=\"https:\/\/nordic-drift.com\/fr\/product\/lampe-de-camping-avec-pompe-a-air-nordic-drift-titan-noir\/\" \/>\n<meta property=\"og:site_name\" content=\"Nordic Drift\" \/>\n<meta property=\"article:modified_time\" content=\"2026-03-26T08:33:38+00:00\" \/>\n<meta property=\"og:image\" content=\"https:\/\/nordic-drift.com\/wp-content\/uploads\/sites\/14\/2026\/02\/ND430.0101__S_0__af7252b484da42f88260acd7e207577b.jpg\" \/>\n\t<meta property=\"og:image:width\" content=\"1024\" \/>\n\t<meta property=\"og:image:height\" content=\"1024\" \/>\n\t<meta property=\"og:image:type\" content=\"image\/jpeg\" \/>\n<meta name=\"twitter:card\" content=\"summary_large_image\" \/>\n<meta name=\"twitter:label1\" content=\"Dur\u00e9e de lecture estim\u00e9e\" \/>\n\t<meta name=\"twitter:data1\" content=\"1 minute\" \/>\n<script type=\"application\/ld+json\" class=\"yoast-schema-graph\">{\"@context\":\"https:\/\/schema.org\",\"@graph\":[{\"@type\":\"WebPage\",\"@id\":\"https:\/\/nordic-drift.com\/fr\/product\/lampe-de-camping-avec-pompe-a-air-nordic-drift-titan-noir\/\",\"url\":\"https:\/\/nordic-drift.com\/fr\/product\/lampe-de-camping-avec-pompe-a-air-nordic-drift-titan-noir\/\",\"name\":\"Lampe de camping avec pompe \u00e0 air Nordic Drift Titan, noir - Nordic Drift\",\"isPartOf\":{\"@id\":\"https:\/\/nordic-drift.com\/fr\/#website\"},\"primaryImageOfPage\":{\"@id\":\"https:\/\/nordic-drift.com\/fr\/product\/lampe-de-camping-avec-pompe-a-air-nordic-drift-titan-noir\/#primaryimage\"},\"image\":{\"@id\":\"https:\/\/nordic-drift.com\/fr\/product\/lampe-de-camping-avec-pompe-a-air-nordic-drift-titan-noir\/#primaryimage\"},\"thumbnailUrl\":\"https:\/\/nordic-drift.com\/wp-content\/uploads\/sites\/14\/2026\/02\/ND430.0101__S_0__af7252b484da42f88260acd7e207577b.jpg\",\"datePublished\":\"2026-01-27T14:00:36+00:00\",\"dateModified\":\"2026-03-26T08:33:38+00:00\",\"breadcrumb\":{\"@id\":\"https:\/\/nordic-drift.com\/fr\/product\/lampe-de-camping-avec-pompe-a-air-nordic-drift-titan-noir\/#breadcrumb\"},\"inLanguage\":\"fr-FR\",\"potentialAction\":[{\"@type\":\"ReadAction\",\"target\":[\"https:\/\/nordic-drift.com\/fr\/product\/lampe-de-camping-avec-pompe-a-air-nordic-drift-titan-noir\/\"]}]},{\"@type\":\"ImageObject\",\"inLanguage\":\"fr-FR\",\"@id\":\"https:\/\/nordic-drift.com\/fr\/product\/lampe-de-camping-avec-pompe-a-air-nordic-drift-titan-noir\/#primaryimage\",\"url\":\"https:\/\/nordic-drift.com\/wp-content\/uploads\/sites\/14\/2026\/02\/ND430.0101__S_0__af7252b484da42f88260acd7e207577b.jpg\",\"contentUrl\":\"https:\/\/nordic-drift.com\/wp-content\/uploads\/sites\/14\/2026\/02\/ND430.0101__S_0__af7252b484da42f88260acd7e207577b.jpg\",\"width\":1024,\"height\":1024},{\"@type\":\"BreadcrumbList\",\"@id\":\"https:\/\/nordic-drift.com\/fr\/product\/lampe-de-camping-avec-pompe-a-air-nordic-drift-titan-noir\/#breadcrumb\",\"itemListElement\":[{\"@type\":\"ListItem\",\"position\":1,\"name\":\"Home\",\"item\":\"https:\/\/nordic-drift.com\/fr\/\"},{\"@type\":\"ListItem\",\"position\":2,\"name\":\"Collection\",\"item\":\"https:\/\/nordic-drift.com\/fr\/collection\/\"},{\"@type\":\"ListItem\",\"position\":3,\"name\":\"Lampe de camping avec pompe \u00e0 air Nordic Drift Titan, noir\"}]},{\"@type\":\"WebSite\",\"@id\":\"https:\/\/nordic-drift.com\/fr\/#website\",\"url\":\"https:\/\/nordic-drift.com\/fr\/\",\"name\":\"Nordic Drift\",\"description\":\"Built to Last, Made to Explore.\",\"potentialAction\":[{\"@type\":\"SearchAction\",\"target\":{\"@type\":\"EntryPoint\",\"urlTemplate\":\"https:\/\/nordic-drift.com\/fr\/?s={search_term_string}\"},\"query-input\":{\"@type\":\"PropertyValueSpecification\",\"valueRequired\":true,\"valueName\":\"search_term_string\"}}],\"inLanguage\":\"fr-FR\"}]}<\/script>\n<!-- \/ Yoast SEO plugin. -->","yoast_head_json":{"title":"Lampe de camping avec pompe \u00e0 air Nordic Drift Titan, noir - Nordic Drift","robots":{"index":"index","follow":"follow","max-snippet":"max-snippet:-1","max-image-preview":"max-image-preview:large","max-video-preview":"max-video-preview:-1"},"canonical":"https:\/\/nordic-drift.com\/fr\/product\/lampe-de-camping-avec-pompe-a-air-nordic-drift-titan-noir\/","og_locale":"fr_FR","og_type":"article","og_title":"Lampe de camping avec pompe \u00e0 air Nordic Drift Titan, noir - Nordic Drift","og_description":"La lampe de camping 2 en 1 Nordic Drift est un outil compact destin\u00e9 \u00e0 une utilisation en ext\u00e9rieur. Elle est dot\u00e9e d&rsquo;un crochet pratique qui permet de l&rsquo;utiliser \u00e0 l&rsquo;int\u00e9rieur d&rsquo;une tente ou de la ranger facilement dans une poche ou un sac \u00e0 dos. Aliment\u00e9e par une batterie rechargeable de 2000 mAh, elle [&hellip;]","og_url":"https:\/\/nordic-drift.com\/fr\/product\/lampe-de-camping-avec-pompe-a-air-nordic-drift-titan-noir\/","og_site_name":"Nordic Drift","article_modified_time":"2026-03-26T08:33:38+00:00","og_image":[{"width":1024,"height":1024,"url":"https:\/\/nordic-drift.com\/wp-content\/uploads\/sites\/14\/2026\/02\/ND430.0101__S_0__af7252b484da42f88260acd7e207577b.jpg","type":"image\/jpeg"}],"twitter_card":"summary_large_image","twitter_misc":{"Dur\u00e9e de lecture estim\u00e9e":"1 minute"},"schema":{"@context":"https:\/\/schema.org","@graph":[{"@type":"WebPage","@id":"https:\/\/nordic-drift.com\/fr\/product\/lampe-de-camping-avec-pompe-a-air-nordic-drift-titan-noir\/","url":"https:\/\/nordic-drift.com\/fr\/product\/lampe-de-camping-avec-pompe-a-air-nordic-drift-titan-noir\/","name":"Lampe de camping avec pompe \u00e0 air Nordic Drift Titan, noir - Nordic Drift","isPartOf":{"@id":"https:\/\/nordic-drift.com\/fr\/#website"},"primaryImageOfPage":{"@id":"https:\/\/nordic-drift.com\/fr\/product\/lampe-de-camping-avec-pompe-a-air-nordic-drift-titan-noir\/#primaryimage"},"image":{"@id":"https:\/\/nordic-drift.com\/fr\/product\/lampe-de-camping-avec-pompe-a-air-nordic-drift-titan-noir\/#primaryimage"},"thumbnailUrl":"https:\/\/nordic-drift.com\/wp-content\/uploads\/sites\/14\/2026\/02\/ND430.0101__S_0__af7252b484da42f88260acd7e207577b.jpg","datePublished":"2026-01-27T14:00:36+00:00","dateModified":"2026-03-26T08:33:38+00:00","breadcrumb":{"@id":"https:\/\/nordic-drift.com\/fr\/product\/lampe-de-camping-avec-pompe-a-air-nordic-drift-titan-noir\/#breadcrumb"},"inLanguage":"fr-FR","potentialAction":[{"@type":"ReadAction","target":["https:\/\/nordic-drift.com\/fr\/product\/lampe-de-camping-avec-pompe-a-air-nordic-drift-titan-noir\/"]}]},{"@type":"ImageObject","inLanguage":"fr-FR","@id":"https:\/\/nordic-drift.com\/fr\/product\/lampe-de-camping-avec-pompe-a-air-nordic-drift-titan-noir\/#primaryimage","url":"https:\/\/nordic-drift.com\/wp-content\/uploads\/sites\/14\/2026\/02\/ND430.0101__S_0__af7252b484da42f88260acd7e207577b.jpg","contentUrl":"https:\/\/nordic-drift.com\/wp-content\/uploads\/sites\/14\/2026\/02\/ND430.0101__S_0__af7252b484da42f88260acd7e207577b.jpg","width":1024,"height":1024},{"@type":"BreadcrumbList","@id":"https:\/\/nordic-drift.com\/fr\/product\/lampe-de-camping-avec-pompe-a-air-nordic-drift-titan-noir\/#breadcrumb","itemListElement":[{"@type":"ListItem","position":1,"name":"Home","item":"https:\/\/nordic-drift.com\/fr\/"},{"@type":"ListItem","position":2,"name":"Collection","item":"https:\/\/nordic-drift.com\/fr\/collection\/"},{"@type":"ListItem","position":3,"name":"Lampe de camping avec pompe \u00e0 air Nordic Drift Titan, noir"}]},{"@type":"WebSite","@id":"https:\/\/nordic-drift.com\/fr\/#website","url":"https:\/\/nordic-drift.com\/fr\/","name":"Nordic Drift","description":"Built to Last, Made to Explore.","potentialAction":[{"@type":"SearchAction","target":{"@type":"EntryPoint","urlTemplate":"https:\/\/nordic-drift.com\/fr\/?s={search_term_string}"},"query-input":{"@type":"PropertyValueSpecification","valueRequired":true,"valueName":"search_term_string"}}],"inLanguage":"fr-FR"}]}},"_links":{"self":[{"href":"https:\/\/nordic-drift.com\/fr\/wp-json\/wp\/v2\/product\/2306","targetHints":{"allow":["GET"]}}],"collection":[{"href":"https:\/\/nordic-drift.com\/fr\/wp-json\/wp\/v2\/product"}],"about":[{"href":"https:\/\/nordic-drift.com\/fr\/wp-json\/wp\/v2\/types\/product"}],"replies":[{"embeddable":true,"href":"https:\/\/nordic-drift.com\/fr\/wp-json\/wp\/v2\/comments?post=2306"}],"wp:featuredmedia":[{"embeddable":true,"href":"https:\/\/nordic-drift.com\/fr\/wp-json\/wp\/v2\/media\/2307"}],"wp:attachment":[{"href":"https:\/\/nordic-drift.com\/fr\/wp-json\/wp\/v2\/media?parent=2306"}],"wp:term":[{"taxonomy":"product_cat","embeddable":true,"href":"https:\/\/nordic-drift.com\/fr\/wp-json\/wp\/v2\/product_cat?post=2306"},{"taxonomy":"product_tag","embeddable":true,"href":"https:\/\/nordic-drift.com\/fr\/wp-json\/wp\/v2\/product_tag?post=2306"}],"curies":[{"name":"wp","href":"https:\/\/api.w.org\/{rel}","templated":true}]}}