{"id":2296,"date":"2026-01-27T14:00:36","date_gmt":"2026-01-27T14:00:36","guid":{"rendered":"https:\/\/nordic-drift.com\/product\/montre-connectee-nordic-drift-titan-noir\/"},"modified":"2026-03-26T08:33:37","modified_gmt":"2026-03-26T08:33:37","slug":"montre-connectee-nordic-drift-titan-noir","status":"publish","type":"product","link":"https:\/\/nordic-drift.com\/fr\/product\/montre-connectee-nordic-drift-titan-noir\/","title":{"rendered":"Montre connect\u00e9e Nordic Drift Titan, noir"},"content":{"rendered":"<p>La montre Nordic Drift est con\u00e7ue pour le sport, l&rsquo;aventure et un usage quotidien. Elle est dot\u00e9e d&rsquo;un bo\u00eetier l\u00e9ger et r\u00e9sistant en alliage de zinc, d&rsquo;un bracelet en silicone confortable et d&rsquo;un \u00e9cran AMOLED haut de gamme offrant une vue plus lumineuse et plus claire et une excellente lisibilit\u00e9 en ext\u00e9rieur. La montre est sans PVC et certifi\u00e9e IP68 pour sa r\u00e9sistance \u00e0 la poussi\u00e8re et \u00e0 l&rsquo;eau dans des conditions difficiles. L&rsquo;autonomie de la batterie peut atteindre 7 jours avec une seule charge et jusqu&rsquo;\u00e0 28 jours en veille. Connect\u00e9e via une application pour Android et iOS, elle prend en charge des fonctions essentielles telles que la surveillance de la fr\u00e9quence cardiaque, le suivi des calories, les modes sportifs et les notifications d&rsquo;appels et de messages. Tous les produits Nordic Drift sont soumis \u00e0 des tests de qualit\u00e9 rigoureux. Couvert par une garantie de 5 ans contre les d\u00e9fauts de fabrication.<\/p>\n","protected":false},"excerpt":{"rendered":"<p>La montre Nordic Drift est con\u00e7ue pour le sport, l&rsquo;aventure et un usage quotidien. Elle est dot\u00e9e d&rsquo;un bo\u00eetier l\u00e9ger et r\u00e9sistant en alliage de zinc, d&rsquo;un bracelet en silicone confortable et d&rsquo;un \u00e9cran AMOLED haut de gamme offrant une vue plus lumineuse et plus claire et une excellente lisibilit\u00e9 en ext\u00e9rieur. La montre est [&hellip;]<\/p>\n","protected":false},"featured_media":2297,"comment_status":"closed","ping_status":"closed","template":"","meta":{"_acf_changed":false},"product_cat":[114],"product_tag":[],"class_list":["post-2296","product","type-product","status-publish","has-post-thumbnail","hentry","product_cat-tech","pa_color-black"],"acf":[],"yoast_head":"<!-- This site is optimized with the Yoast SEO plugin v27.0 - https:\/\/yoast.com\/product\/yoast-seo-wordpress\/ -->\n<title>Montre connect\u00e9e Nordic Drift Titan, noir - Nordic Drift<\/title>\n<meta name=\"robots\" content=\"index, follow, max-snippet:-1, max-image-preview:large, max-video-preview:-1\" \/>\n<link rel=\"canonical\" href=\"https:\/\/nordic-drift.com\/fr\/product\/montre-connectee-nordic-drift-titan-noir\/\" \/>\n<meta property=\"og:locale\" content=\"fr_FR\" \/>\n<meta property=\"og:type\" content=\"article\" \/>\n<meta property=\"og:title\" content=\"Montre connect\u00e9e Nordic Drift Titan, noir - Nordic Drift\" \/>\n<meta property=\"og:description\" content=\"La montre Nordic Drift est con\u00e7ue pour le sport, l&rsquo;aventure et un usage quotidien. Elle est dot\u00e9e d&rsquo;un bo\u00eetier l\u00e9ger et r\u00e9sistant en alliage de zinc, d&rsquo;un bracelet en silicone confortable et d&rsquo;un \u00e9cran AMOLED haut de gamme offrant une vue plus lumineuse et plus claire et une excellente lisibilit\u00e9 en ext\u00e9rieur. La montre est [&hellip;]\" \/>\n<meta property=\"og:url\" content=\"https:\/\/nordic-drift.com\/fr\/product\/montre-connectee-nordic-drift-titan-noir\/\" \/>\n<meta property=\"og:site_name\" content=\"Nordic Drift\" \/>\n<meta property=\"article:modified_time\" content=\"2026-03-26T08:33:37+00:00\" \/>\n<meta property=\"og:image\" content=\"https:\/\/nordic-drift.com\/wp-content\/uploads\/sites\/14\/2026\/02\/ND430.0001__S_0__25da8d8709ea4be6ba1a66b8e08939a7.jpg\" \/>\n\t<meta property=\"og:image:width\" content=\"1024\" \/>\n\t<meta property=\"og:image:height\" content=\"1024\" \/>\n\t<meta property=\"og:image:type\" content=\"image\/jpeg\" \/>\n<meta name=\"twitter:card\" content=\"summary_large_image\" \/>\n<meta name=\"twitter:label1\" content=\"Dur\u00e9e de lecture estim\u00e9e\" \/>\n\t<meta name=\"twitter:data1\" content=\"1 minute\" \/>\n<script type=\"application\/ld+json\" class=\"yoast-schema-graph\">{\"@context\":\"https:\/\/schema.org\",\"@graph\":[{\"@type\":\"WebPage\",\"@id\":\"https:\/\/nordic-drift.com\/fr\/product\/montre-connectee-nordic-drift-titan-noir\/\",\"url\":\"https:\/\/nordic-drift.com\/fr\/product\/montre-connectee-nordic-drift-titan-noir\/\",\"name\":\"Montre connect\u00e9e Nordic Drift Titan, noir - Nordic Drift\",\"isPartOf\":{\"@id\":\"https:\/\/nordic-drift.com\/fr\/#website\"},\"primaryImageOfPage\":{\"@id\":\"https:\/\/nordic-drift.com\/fr\/product\/montre-connectee-nordic-drift-titan-noir\/#primaryimage\"},\"image\":{\"@id\":\"https:\/\/nordic-drift.com\/fr\/product\/montre-connectee-nordic-drift-titan-noir\/#primaryimage\"},\"thumbnailUrl\":\"https:\/\/nordic-drift.com\/wp-content\/uploads\/sites\/14\/2026\/02\/ND430.0001__S_0__25da8d8709ea4be6ba1a66b8e08939a7.jpg\",\"datePublished\":\"2026-01-27T14:00:36+00:00\",\"dateModified\":\"2026-03-26T08:33:37+00:00\",\"breadcrumb\":{\"@id\":\"https:\/\/nordic-drift.com\/fr\/product\/montre-connectee-nordic-drift-titan-noir\/#breadcrumb\"},\"inLanguage\":\"fr-FR\",\"potentialAction\":[{\"@type\":\"ReadAction\",\"target\":[\"https:\/\/nordic-drift.com\/fr\/product\/montre-connectee-nordic-drift-titan-noir\/\"]}]},{\"@type\":\"ImageObject\",\"inLanguage\":\"fr-FR\",\"@id\":\"https:\/\/nordic-drift.com\/fr\/product\/montre-connectee-nordic-drift-titan-noir\/#primaryimage\",\"url\":\"https:\/\/nordic-drift.com\/wp-content\/uploads\/sites\/14\/2026\/02\/ND430.0001__S_0__25da8d8709ea4be6ba1a66b8e08939a7.jpg\",\"contentUrl\":\"https:\/\/nordic-drift.com\/wp-content\/uploads\/sites\/14\/2026\/02\/ND430.0001__S_0__25da8d8709ea4be6ba1a66b8e08939a7.jpg\",\"width\":1024,\"height\":1024},{\"@type\":\"BreadcrumbList\",\"@id\":\"https:\/\/nordic-drift.com\/fr\/product\/montre-connectee-nordic-drift-titan-noir\/#breadcrumb\",\"itemListElement\":[{\"@type\":\"ListItem\",\"position\":1,\"name\":\"Home\",\"item\":\"https:\/\/nordic-drift.com\/fr\/\"},{\"@type\":\"ListItem\",\"position\":2,\"name\":\"Collection\",\"item\":\"https:\/\/nordic-drift.com\/fr\/collection\/\"},{\"@type\":\"ListItem\",\"position\":3,\"name\":\"Montre connect\u00e9e Nordic Drift Titan, noir\"}]},{\"@type\":\"WebSite\",\"@id\":\"https:\/\/nordic-drift.com\/fr\/#website\",\"url\":\"https:\/\/nordic-drift.com\/fr\/\",\"name\":\"Nordic Drift\",\"description\":\"Built to Last, Made to Explore.\",\"potentialAction\":[{\"@type\":\"SearchAction\",\"target\":{\"@type\":\"EntryPoint\",\"urlTemplate\":\"https:\/\/nordic-drift.com\/fr\/?s={search_term_string}\"},\"query-input\":{\"@type\":\"PropertyValueSpecification\",\"valueRequired\":true,\"valueName\":\"search_term_string\"}}],\"inLanguage\":\"fr-FR\"}]}<\/script>\n<!-- \/ Yoast SEO plugin. -->","yoast_head_json":{"title":"Montre connect\u00e9e Nordic Drift Titan, noir - Nordic Drift","robots":{"index":"index","follow":"follow","max-snippet":"max-snippet:-1","max-image-preview":"max-image-preview:large","max-video-preview":"max-video-preview:-1"},"canonical":"https:\/\/nordic-drift.com\/fr\/product\/montre-connectee-nordic-drift-titan-noir\/","og_locale":"fr_FR","og_type":"article","og_title":"Montre connect\u00e9e Nordic Drift Titan, noir - Nordic Drift","og_description":"La montre Nordic Drift est con\u00e7ue pour le sport, l&rsquo;aventure et un usage quotidien. Elle est dot\u00e9e d&rsquo;un bo\u00eetier l\u00e9ger et r\u00e9sistant en alliage de zinc, d&rsquo;un bracelet en silicone confortable et d&rsquo;un \u00e9cran AMOLED haut de gamme offrant une vue plus lumineuse et plus claire et une excellente lisibilit\u00e9 en ext\u00e9rieur. La montre est [&hellip;]","og_url":"https:\/\/nordic-drift.com\/fr\/product\/montre-connectee-nordic-drift-titan-noir\/","og_site_name":"Nordic Drift","article_modified_time":"2026-03-26T08:33:37+00:00","og_image":[{"width":1024,"height":1024,"url":"https:\/\/nordic-drift.com\/wp-content\/uploads\/sites\/14\/2026\/02\/ND430.0001__S_0__25da8d8709ea4be6ba1a66b8e08939a7.jpg","type":"image\/jpeg"}],"twitter_card":"summary_large_image","twitter_misc":{"Dur\u00e9e de lecture estim\u00e9e":"1 minute"},"schema":{"@context":"https:\/\/schema.org","@graph":[{"@type":"WebPage","@id":"https:\/\/nordic-drift.com\/fr\/product\/montre-connectee-nordic-drift-titan-noir\/","url":"https:\/\/nordic-drift.com\/fr\/product\/montre-connectee-nordic-drift-titan-noir\/","name":"Montre connect\u00e9e Nordic Drift Titan, noir - Nordic Drift","isPartOf":{"@id":"https:\/\/nordic-drift.com\/fr\/#website"},"primaryImageOfPage":{"@id":"https:\/\/nordic-drift.com\/fr\/product\/montre-connectee-nordic-drift-titan-noir\/#primaryimage"},"image":{"@id":"https:\/\/nordic-drift.com\/fr\/product\/montre-connectee-nordic-drift-titan-noir\/#primaryimage"},"thumbnailUrl":"https:\/\/nordic-drift.com\/wp-content\/uploads\/sites\/14\/2026\/02\/ND430.0001__S_0__25da8d8709ea4be6ba1a66b8e08939a7.jpg","datePublished":"2026-01-27T14:00:36+00:00","dateModified":"2026-03-26T08:33:37+00:00","breadcrumb":{"@id":"https:\/\/nordic-drift.com\/fr\/product\/montre-connectee-nordic-drift-titan-noir\/#breadcrumb"},"inLanguage":"fr-FR","potentialAction":[{"@type":"ReadAction","target":["https:\/\/nordic-drift.com\/fr\/product\/montre-connectee-nordic-drift-titan-noir\/"]}]},{"@type":"ImageObject","inLanguage":"fr-FR","@id":"https:\/\/nordic-drift.com\/fr\/product\/montre-connectee-nordic-drift-titan-noir\/#primaryimage","url":"https:\/\/nordic-drift.com\/wp-content\/uploads\/sites\/14\/2026\/02\/ND430.0001__S_0__25da8d8709ea4be6ba1a66b8e08939a7.jpg","contentUrl":"https:\/\/nordic-drift.com\/wp-content\/uploads\/sites\/14\/2026\/02\/ND430.0001__S_0__25da8d8709ea4be6ba1a66b8e08939a7.jpg","width":1024,"height":1024},{"@type":"BreadcrumbList","@id":"https:\/\/nordic-drift.com\/fr\/product\/montre-connectee-nordic-drift-titan-noir\/#breadcrumb","itemListElement":[{"@type":"ListItem","position":1,"name":"Home","item":"https:\/\/nordic-drift.com\/fr\/"},{"@type":"ListItem","position":2,"name":"Collection","item":"https:\/\/nordic-drift.com\/fr\/collection\/"},{"@type":"ListItem","position":3,"name":"Montre connect\u00e9e Nordic Drift Titan, noir"}]},{"@type":"WebSite","@id":"https:\/\/nordic-drift.com\/fr\/#website","url":"https:\/\/nordic-drift.com\/fr\/","name":"Nordic Drift","description":"Built to Last, Made to Explore.","potentialAction":[{"@type":"SearchAction","target":{"@type":"EntryPoint","urlTemplate":"https:\/\/nordic-drift.com\/fr\/?s={search_term_string}"},"query-input":{"@type":"PropertyValueSpecification","valueRequired":true,"valueName":"search_term_string"}}],"inLanguage":"fr-FR"}]}},"_links":{"self":[{"href":"https:\/\/nordic-drift.com\/fr\/wp-json\/wp\/v2\/product\/2296","targetHints":{"allow":["GET"]}}],"collection":[{"href":"https:\/\/nordic-drift.com\/fr\/wp-json\/wp\/v2\/product"}],"about":[{"href":"https:\/\/nordic-drift.com\/fr\/wp-json\/wp\/v2\/types\/product"}],"replies":[{"embeddable":true,"href":"https:\/\/nordic-drift.com\/fr\/wp-json\/wp\/v2\/comments?post=2296"}],"wp:featuredmedia":[{"embeddable":true,"href":"https:\/\/nordic-drift.com\/fr\/wp-json\/wp\/v2\/media\/2297"}],"wp:attachment":[{"href":"https:\/\/nordic-drift.com\/fr\/wp-json\/wp\/v2\/media?parent=2296"}],"wp:term":[{"taxonomy":"product_cat","embeddable":true,"href":"https:\/\/nordic-drift.com\/fr\/wp-json\/wp\/v2\/product_cat?post=2296"},{"taxonomy":"product_tag","embeddable":true,"href":"https:\/\/nordic-drift.com\/fr\/wp-json\/wp\/v2\/product_tag?post=2296"}],"curies":[{"name":"wp","href":"https:\/\/api.w.org\/{rel}","templated":true}]}}