{"id":2286,"date":"2026-01-27T14:00:36","date_gmt":"2026-01-27T14:00:36","guid":{"rendered":"https:\/\/nordic-drift.com\/product\/powerbank-solaire-10-000mah-nordic-drift-titan-noir\/"},"modified":"2026-03-26T08:33:35","modified_gmt":"2026-03-26T08:33:35","slug":"powerbank-solaire-10-000mah-nordic-drift-titan-noir","status":"publish","type":"product","link":"https:\/\/nordic-drift.com\/fr\/product\/powerbank-solaire-10-000mah-nordic-drift-titan-noir\/","title":{"rendered":"Powerbank solaire 10.000mAh Nordic Drift Titan, noir"},"content":{"rendered":"<p>Le Nordic Drift Solar Powerbank 10.000 mAh offre une alimentation fiable dans un design compact et robuste. Dot\u00e9 d&rsquo;une batterie au lithium de qualit\u00e9 sup\u00e9rieure et d&rsquo;un bo\u00eetier en ABS\/PC RCS. Trois panneaux solaires pliables \u00e0 haut rendement permettent une recharge hors r\u00e9seau. Expos\u00e9e \u00e0 la lumi\u00e8re du soleil, la batterie externe se recharge efficacement, fournissant pr\u00e8s de 2000 mAh apr\u00e8s seulement 3 heures. Avec une recharge rapide de 20 W via USB-C et 18 W via USB-A, ainsi que deux c\u00e2bles de recharge int\u00e9gr\u00e9s (Lightning et USB-C), elle offre des options de recharge flexibles. Class\u00e9e IPX3 r\u00e9sistante aux \u00e9claboussures, elle convient \u00e0 une utilisation en ext\u00e9rieur et sous une pluie l\u00e9g\u00e8re et comprend une lampe de camping int\u00e9gr\u00e9e tr\u00e8s lumineuse. Tous les produits Nordic Drift sont soumis \u00e0 des tests de qualit\u00e9 rigoureux. Chaque article est couvert par une garantie de 5 ans contre les d\u00e9fauts de fabrication.<\/p>\n","protected":false},"excerpt":{"rendered":"<p>Le Nordic Drift Solar Powerbank 10.000 mAh offre une alimentation fiable dans un design compact et robuste. Dot\u00e9 d&rsquo;une batterie au lithium de qualit\u00e9 sup\u00e9rieure et d&rsquo;un bo\u00eetier en ABS\/PC RCS. Trois panneaux solaires pliables \u00e0 haut rendement permettent une recharge hors r\u00e9seau. Expos\u00e9e \u00e0 la lumi\u00e8re du soleil, la batterie externe se recharge efficacement, [&hellip;]<\/p>\n","protected":false},"featured_media":2287,"comment_status":"closed","ping_status":"closed","template":"","meta":{"_acf_changed":false},"product_cat":[114],"product_tag":[],"class_list":["post-2286","product","type-product","status-publish","has-post-thumbnail","hentry","product_cat-tech","pa_color-black"],"acf":[],"yoast_head":"<!-- This site is optimized with the Yoast SEO plugin v27.0 - https:\/\/yoast.com\/product\/yoast-seo-wordpress\/ -->\n<title>Powerbank solaire 10.000mAh Nordic Drift Titan, noir - Nordic Drift<\/title>\n<meta name=\"robots\" content=\"index, follow, max-snippet:-1, max-image-preview:large, max-video-preview:-1\" \/>\n<link rel=\"canonical\" href=\"https:\/\/nordic-drift.com\/fr\/product\/powerbank-solaire-10-000mah-nordic-drift-titan-noir\/\" \/>\n<meta property=\"og:locale\" content=\"fr_FR\" \/>\n<meta property=\"og:type\" content=\"article\" \/>\n<meta property=\"og:title\" content=\"Powerbank solaire 10.000mAh Nordic Drift Titan, noir - Nordic Drift\" \/>\n<meta property=\"og:description\" content=\"Le Nordic Drift Solar Powerbank 10.000 mAh offre une alimentation fiable dans un design compact et robuste. Dot\u00e9 d&rsquo;une batterie au lithium de qualit\u00e9 sup\u00e9rieure et d&rsquo;un bo\u00eetier en ABS\/PC RCS. Trois panneaux solaires pliables \u00e0 haut rendement permettent une recharge hors r\u00e9seau. Expos\u00e9e \u00e0 la lumi\u00e8re du soleil, la batterie externe se recharge efficacement, [&hellip;]\" \/>\n<meta property=\"og:url\" content=\"https:\/\/nordic-drift.com\/fr\/product\/powerbank-solaire-10-000mah-nordic-drift-titan-noir\/\" \/>\n<meta property=\"og:site_name\" content=\"Nordic Drift\" \/>\n<meta property=\"article:modified_time\" content=\"2026-03-26T08:33:35+00:00\" \/>\n<meta property=\"og:image\" content=\"https:\/\/nordic-drift.com\/wp-content\/uploads\/sites\/14\/2026\/02\/ND410.0001__S_0__e9e18f3c3f7745fba63a6f1288e7abd7.jpg\" \/>\n\t<meta property=\"og:image:width\" content=\"1024\" \/>\n\t<meta property=\"og:image:height\" content=\"1024\" \/>\n\t<meta property=\"og:image:type\" content=\"image\/jpeg\" \/>\n<meta name=\"twitter:card\" content=\"summary_large_image\" \/>\n<meta name=\"twitter:label1\" content=\"Dur\u00e9e de lecture estim\u00e9e\" \/>\n\t<meta name=\"twitter:data1\" content=\"1 minute\" \/>\n<script type=\"application\/ld+json\" class=\"yoast-schema-graph\">{\"@context\":\"https:\/\/schema.org\",\"@graph\":[{\"@type\":\"WebPage\",\"@id\":\"https:\/\/nordic-drift.com\/fr\/product\/powerbank-solaire-10-000mah-nordic-drift-titan-noir\/\",\"url\":\"https:\/\/nordic-drift.com\/fr\/product\/powerbank-solaire-10-000mah-nordic-drift-titan-noir\/\",\"name\":\"Powerbank solaire 10.000mAh Nordic Drift Titan, noir - Nordic Drift\",\"isPartOf\":{\"@id\":\"https:\/\/nordic-drift.com\/fr\/#website\"},\"primaryImageOfPage\":{\"@id\":\"https:\/\/nordic-drift.com\/fr\/product\/powerbank-solaire-10-000mah-nordic-drift-titan-noir\/#primaryimage\"},\"image\":{\"@id\":\"https:\/\/nordic-drift.com\/fr\/product\/powerbank-solaire-10-000mah-nordic-drift-titan-noir\/#primaryimage\"},\"thumbnailUrl\":\"https:\/\/nordic-drift.com\/wp-content\/uploads\/sites\/14\/2026\/02\/ND410.0001__S_0__e9e18f3c3f7745fba63a6f1288e7abd7.jpg\",\"datePublished\":\"2026-01-27T14:00:36+00:00\",\"dateModified\":\"2026-03-26T08:33:35+00:00\",\"breadcrumb\":{\"@id\":\"https:\/\/nordic-drift.com\/fr\/product\/powerbank-solaire-10-000mah-nordic-drift-titan-noir\/#breadcrumb\"},\"inLanguage\":\"fr-FR\",\"potentialAction\":[{\"@type\":\"ReadAction\",\"target\":[\"https:\/\/nordic-drift.com\/fr\/product\/powerbank-solaire-10-000mah-nordic-drift-titan-noir\/\"]}]},{\"@type\":\"ImageObject\",\"inLanguage\":\"fr-FR\",\"@id\":\"https:\/\/nordic-drift.com\/fr\/product\/powerbank-solaire-10-000mah-nordic-drift-titan-noir\/#primaryimage\",\"url\":\"https:\/\/nordic-drift.com\/wp-content\/uploads\/sites\/14\/2026\/02\/ND410.0001__S_0__e9e18f3c3f7745fba63a6f1288e7abd7.jpg\",\"contentUrl\":\"https:\/\/nordic-drift.com\/wp-content\/uploads\/sites\/14\/2026\/02\/ND410.0001__S_0__e9e18f3c3f7745fba63a6f1288e7abd7.jpg\",\"width\":1024,\"height\":1024},{\"@type\":\"BreadcrumbList\",\"@id\":\"https:\/\/nordic-drift.com\/fr\/product\/powerbank-solaire-10-000mah-nordic-drift-titan-noir\/#breadcrumb\",\"itemListElement\":[{\"@type\":\"ListItem\",\"position\":1,\"name\":\"Home\",\"item\":\"https:\/\/nordic-drift.com\/fr\/\"},{\"@type\":\"ListItem\",\"position\":2,\"name\":\"Collection\",\"item\":\"https:\/\/nordic-drift.com\/fr\/collection\/\"},{\"@type\":\"ListItem\",\"position\":3,\"name\":\"Powerbank solaire 10.000mAh Nordic Drift Titan, noir\"}]},{\"@type\":\"WebSite\",\"@id\":\"https:\/\/nordic-drift.com\/fr\/#website\",\"url\":\"https:\/\/nordic-drift.com\/fr\/\",\"name\":\"Nordic Drift\",\"description\":\"Built to Last, Made to Explore.\",\"potentialAction\":[{\"@type\":\"SearchAction\",\"target\":{\"@type\":\"EntryPoint\",\"urlTemplate\":\"https:\/\/nordic-drift.com\/fr\/?s={search_term_string}\"},\"query-input\":{\"@type\":\"PropertyValueSpecification\",\"valueRequired\":true,\"valueName\":\"search_term_string\"}}],\"inLanguage\":\"fr-FR\"}]}<\/script>\n<!-- \/ Yoast SEO plugin. -->","yoast_head_json":{"title":"Powerbank solaire 10.000mAh Nordic Drift Titan, noir - Nordic Drift","robots":{"index":"index","follow":"follow","max-snippet":"max-snippet:-1","max-image-preview":"max-image-preview:large","max-video-preview":"max-video-preview:-1"},"canonical":"https:\/\/nordic-drift.com\/fr\/product\/powerbank-solaire-10-000mah-nordic-drift-titan-noir\/","og_locale":"fr_FR","og_type":"article","og_title":"Powerbank solaire 10.000mAh Nordic Drift Titan, noir - Nordic Drift","og_description":"Le Nordic Drift Solar Powerbank 10.000 mAh offre une alimentation fiable dans un design compact et robuste. Dot\u00e9 d&rsquo;une batterie au lithium de qualit\u00e9 sup\u00e9rieure et d&rsquo;un bo\u00eetier en ABS\/PC RCS. Trois panneaux solaires pliables \u00e0 haut rendement permettent une recharge hors r\u00e9seau. Expos\u00e9e \u00e0 la lumi\u00e8re du soleil, la batterie externe se recharge efficacement, [&hellip;]","og_url":"https:\/\/nordic-drift.com\/fr\/product\/powerbank-solaire-10-000mah-nordic-drift-titan-noir\/","og_site_name":"Nordic Drift","article_modified_time":"2026-03-26T08:33:35+00:00","og_image":[{"width":1024,"height":1024,"url":"https:\/\/nordic-drift.com\/wp-content\/uploads\/sites\/14\/2026\/02\/ND410.0001__S_0__e9e18f3c3f7745fba63a6f1288e7abd7.jpg","type":"image\/jpeg"}],"twitter_card":"summary_large_image","twitter_misc":{"Dur\u00e9e de lecture estim\u00e9e":"1 minute"},"schema":{"@context":"https:\/\/schema.org","@graph":[{"@type":"WebPage","@id":"https:\/\/nordic-drift.com\/fr\/product\/powerbank-solaire-10-000mah-nordic-drift-titan-noir\/","url":"https:\/\/nordic-drift.com\/fr\/product\/powerbank-solaire-10-000mah-nordic-drift-titan-noir\/","name":"Powerbank solaire 10.000mAh Nordic Drift Titan, noir - Nordic Drift","isPartOf":{"@id":"https:\/\/nordic-drift.com\/fr\/#website"},"primaryImageOfPage":{"@id":"https:\/\/nordic-drift.com\/fr\/product\/powerbank-solaire-10-000mah-nordic-drift-titan-noir\/#primaryimage"},"image":{"@id":"https:\/\/nordic-drift.com\/fr\/product\/powerbank-solaire-10-000mah-nordic-drift-titan-noir\/#primaryimage"},"thumbnailUrl":"https:\/\/nordic-drift.com\/wp-content\/uploads\/sites\/14\/2026\/02\/ND410.0001__S_0__e9e18f3c3f7745fba63a6f1288e7abd7.jpg","datePublished":"2026-01-27T14:00:36+00:00","dateModified":"2026-03-26T08:33:35+00:00","breadcrumb":{"@id":"https:\/\/nordic-drift.com\/fr\/product\/powerbank-solaire-10-000mah-nordic-drift-titan-noir\/#breadcrumb"},"inLanguage":"fr-FR","potentialAction":[{"@type":"ReadAction","target":["https:\/\/nordic-drift.com\/fr\/product\/powerbank-solaire-10-000mah-nordic-drift-titan-noir\/"]}]},{"@type":"ImageObject","inLanguage":"fr-FR","@id":"https:\/\/nordic-drift.com\/fr\/product\/powerbank-solaire-10-000mah-nordic-drift-titan-noir\/#primaryimage","url":"https:\/\/nordic-drift.com\/wp-content\/uploads\/sites\/14\/2026\/02\/ND410.0001__S_0__e9e18f3c3f7745fba63a6f1288e7abd7.jpg","contentUrl":"https:\/\/nordic-drift.com\/wp-content\/uploads\/sites\/14\/2026\/02\/ND410.0001__S_0__e9e18f3c3f7745fba63a6f1288e7abd7.jpg","width":1024,"height":1024},{"@type":"BreadcrumbList","@id":"https:\/\/nordic-drift.com\/fr\/product\/powerbank-solaire-10-000mah-nordic-drift-titan-noir\/#breadcrumb","itemListElement":[{"@type":"ListItem","position":1,"name":"Home","item":"https:\/\/nordic-drift.com\/fr\/"},{"@type":"ListItem","position":2,"name":"Collection","item":"https:\/\/nordic-drift.com\/fr\/collection\/"},{"@type":"ListItem","position":3,"name":"Powerbank solaire 10.000mAh Nordic Drift Titan, noir"}]},{"@type":"WebSite","@id":"https:\/\/nordic-drift.com\/fr\/#website","url":"https:\/\/nordic-drift.com\/fr\/","name":"Nordic Drift","description":"Built to Last, Made to Explore.","potentialAction":[{"@type":"SearchAction","target":{"@type":"EntryPoint","urlTemplate":"https:\/\/nordic-drift.com\/fr\/?s={search_term_string}"},"query-input":{"@type":"PropertyValueSpecification","valueRequired":true,"valueName":"search_term_string"}}],"inLanguage":"fr-FR"}]}},"_links":{"self":[{"href":"https:\/\/nordic-drift.com\/fr\/wp-json\/wp\/v2\/product\/2286","targetHints":{"allow":["GET"]}}],"collection":[{"href":"https:\/\/nordic-drift.com\/fr\/wp-json\/wp\/v2\/product"}],"about":[{"href":"https:\/\/nordic-drift.com\/fr\/wp-json\/wp\/v2\/types\/product"}],"replies":[{"embeddable":true,"href":"https:\/\/nordic-drift.com\/fr\/wp-json\/wp\/v2\/comments?post=2286"}],"wp:featuredmedia":[{"embeddable":true,"href":"https:\/\/nordic-drift.com\/fr\/wp-json\/wp\/v2\/media\/2287"}],"wp:attachment":[{"href":"https:\/\/nordic-drift.com\/fr\/wp-json\/wp\/v2\/media?parent=2286"}],"wp:term":[{"taxonomy":"product_cat","embeddable":true,"href":"https:\/\/nordic-drift.com\/fr\/wp-json\/wp\/v2\/product_cat?post=2286"},{"taxonomy":"product_tag","embeddable":true,"href":"https:\/\/nordic-drift.com\/fr\/wp-json\/wp\/v2\/product_tag?post=2286"}],"curies":[{"name":"wp","href":"https:\/\/api.w.org\/{rel}","templated":true}]}}