{"id":2243,"date":"2026-01-27T14:00:32","date_gmt":"2026-01-27T14:00:32","guid":{"rendered":"https:\/\/nordic-drift.com\/product\/bouteille-deau-600ml-ultra-legere-titane-nordic-drift-trail-argent\/"},"modified":"2026-03-26T08:33:30","modified_gmt":"2026-03-26T08:33:30","slug":"bouteille-deau-600ml-ultra-legere-titane-nordic-drift-trail-argent","status":"publish","type":"product","link":"https:\/\/nordic-drift.com\/fr\/product\/bouteille-deau-600ml-ultra-legere-titane-nordic-drift-trail-argent\/","title":{"rendered":"Bouteille d&rsquo;eau 600ml ultra l\u00e9g\u00e8re titane Trail, argent"},"content":{"rendered":"<p>Con\u00e7u pour durer, fait pour explorer.Fabriqu\u00e9e en titane haut de gamme, cette gourde de 600 ml est ultra-l\u00e9g\u00e8re, exceptionnellement durable et totalement r\u00e9sistante \u00e0 la rouille et aux odeurs. Elle conserve la puret\u00e9 et la fra\u00eecheur de votre boisson, sans en alt\u00e9rer le go\u00fbt d&rsquo;origine. Dot\u00e9e d&rsquo;un couvercle \u00e0 vis robuste et d&rsquo;une poign\u00e9e de transport, elle vous accompagnera dans toutes vos aventures, des randonn\u00e9es difficiles aux trajets quotidiens.  Emball\u00e9e dans un coffret cadeau FSC.Tous les produits Nordic Drift sont test\u00e9s pour garantir leur qualit\u00e9. Parce que nous croyons fermement en la performance et la durabilit\u00e9 de notre \u00e9quipement, nous offrons une garantie de 5 ans sur les d\u00e9fauts de fabrication de chaque article.<\/p>\n","protected":false},"excerpt":{"rendered":"<p>Con\u00e7u pour durer, fait pour explorer.Fabriqu\u00e9e en titane haut de gamme, cette gourde de 600 ml est ultra-l\u00e9g\u00e8re, exceptionnellement durable et totalement r\u00e9sistante \u00e0 la rouille et aux odeurs. Elle conserve la puret\u00e9 et la fra\u00eecheur de votre boisson, sans en alt\u00e9rer le go\u00fbt d&rsquo;origine. Dot\u00e9e d&rsquo;un couvercle \u00e0 vis robuste et d&rsquo;une poign\u00e9e de [&hellip;]<\/p>\n","protected":false},"featured_media":2244,"comment_status":"closed","ping_status":"closed","template":"","meta":{"_acf_changed":false},"product_cat":[107],"product_tag":[],"class_list":["post-2243","product","type-product","status-publish","has-post-thumbnail","hentry","product_cat-alimentation-et-art-de-la-boisson","pa_color-silver"],"acf":[],"yoast_head":"<!-- This site is optimized with the Yoast SEO plugin v27.0 - https:\/\/yoast.com\/product\/yoast-seo-wordpress\/ -->\n<title>Bouteille d&#039;eau 600ml ultra l\u00e9g\u00e8re titane Trail, argent - Nordic Drift<\/title>\n<meta name=\"robots\" content=\"index, follow, max-snippet:-1, max-image-preview:large, max-video-preview:-1\" \/>\n<link rel=\"canonical\" href=\"https:\/\/nordic-drift.com\/fr\/product\/bouteille-deau-600ml-ultra-legere-titane-nordic-drift-trail-argent\/\" \/>\n<meta property=\"og:locale\" content=\"fr_FR\" \/>\n<meta property=\"og:type\" content=\"article\" \/>\n<meta property=\"og:title\" content=\"Bouteille d&#039;eau 600ml ultra l\u00e9g\u00e8re titane Trail, argent - Nordic Drift\" \/>\n<meta property=\"og:description\" content=\"Con\u00e7u pour durer, fait pour explorer.Fabriqu\u00e9e en titane haut de gamme, cette gourde de 600 ml est ultra-l\u00e9g\u00e8re, exceptionnellement durable et totalement r\u00e9sistante \u00e0 la rouille et aux odeurs. Elle conserve la puret\u00e9 et la fra\u00eecheur de votre boisson, sans en alt\u00e9rer le go\u00fbt d&rsquo;origine. Dot\u00e9e d&rsquo;un couvercle \u00e0 vis robuste et d&rsquo;une poign\u00e9e de [&hellip;]\" \/>\n<meta property=\"og:url\" content=\"https:\/\/nordic-drift.com\/fr\/product\/bouteille-deau-600ml-ultra-legere-titane-nordic-drift-trail-argent\/\" \/>\n<meta property=\"og:site_name\" content=\"Nordic Drift\" \/>\n<meta property=\"article:modified_time\" content=\"2026-03-26T08:33:30+00:00\" \/>\n<meta property=\"og:image\" content=\"https:\/\/nordic-drift.com\/wp-content\/uploads\/sites\/14\/2026\/02\/ND340.0002__S_0__4ca571b1ba474be0a2a1ee58cd73536c.jpg\" \/>\n\t<meta property=\"og:image:width\" content=\"1024\" \/>\n\t<meta property=\"og:image:height\" content=\"1024\" \/>\n\t<meta property=\"og:image:type\" content=\"image\/jpeg\" \/>\n<meta name=\"twitter:card\" content=\"summary_large_image\" \/>\n<meta name=\"twitter:label1\" content=\"Dur\u00e9e de lecture estim\u00e9e\" \/>\n\t<meta name=\"twitter:data1\" content=\"1 minute\" \/>\n<script type=\"application\/ld+json\" class=\"yoast-schema-graph\">{\"@context\":\"https:\/\/schema.org\",\"@graph\":[{\"@type\":\"WebPage\",\"@id\":\"https:\/\/nordic-drift.com\/fr\/product\/bouteille-deau-600ml-ultra-legere-titane-nordic-drift-trail-argent\/\",\"url\":\"https:\/\/nordic-drift.com\/fr\/product\/bouteille-deau-600ml-ultra-legere-titane-nordic-drift-trail-argent\/\",\"name\":\"Bouteille d'eau 600ml ultra l\u00e9g\u00e8re titane Trail, argent - Nordic Drift\",\"isPartOf\":{\"@id\":\"https:\/\/nordic-drift.com\/fr\/#website\"},\"primaryImageOfPage\":{\"@id\":\"https:\/\/nordic-drift.com\/fr\/product\/bouteille-deau-600ml-ultra-legere-titane-nordic-drift-trail-argent\/#primaryimage\"},\"image\":{\"@id\":\"https:\/\/nordic-drift.com\/fr\/product\/bouteille-deau-600ml-ultra-legere-titane-nordic-drift-trail-argent\/#primaryimage\"},\"thumbnailUrl\":\"https:\/\/nordic-drift.com\/wp-content\/uploads\/sites\/14\/2026\/02\/ND340.0002__S_0__4ca571b1ba474be0a2a1ee58cd73536c.jpg\",\"datePublished\":\"2026-01-27T14:00:32+00:00\",\"dateModified\":\"2026-03-26T08:33:30+00:00\",\"breadcrumb\":{\"@id\":\"https:\/\/nordic-drift.com\/fr\/product\/bouteille-deau-600ml-ultra-legere-titane-nordic-drift-trail-argent\/#breadcrumb\"},\"inLanguage\":\"fr-FR\",\"potentialAction\":[{\"@type\":\"ReadAction\",\"target\":[\"https:\/\/nordic-drift.com\/fr\/product\/bouteille-deau-600ml-ultra-legere-titane-nordic-drift-trail-argent\/\"]}]},{\"@type\":\"ImageObject\",\"inLanguage\":\"fr-FR\",\"@id\":\"https:\/\/nordic-drift.com\/fr\/product\/bouteille-deau-600ml-ultra-legere-titane-nordic-drift-trail-argent\/#primaryimage\",\"url\":\"https:\/\/nordic-drift.com\/wp-content\/uploads\/sites\/14\/2026\/02\/ND340.0002__S_0__4ca571b1ba474be0a2a1ee58cd73536c.jpg\",\"contentUrl\":\"https:\/\/nordic-drift.com\/wp-content\/uploads\/sites\/14\/2026\/02\/ND340.0002__S_0__4ca571b1ba474be0a2a1ee58cd73536c.jpg\",\"width\":1024,\"height\":1024},{\"@type\":\"BreadcrumbList\",\"@id\":\"https:\/\/nordic-drift.com\/fr\/product\/bouteille-deau-600ml-ultra-legere-titane-nordic-drift-trail-argent\/#breadcrumb\",\"itemListElement\":[{\"@type\":\"ListItem\",\"position\":1,\"name\":\"Home\",\"item\":\"https:\/\/nordic-drift.com\/fr\/\"},{\"@type\":\"ListItem\",\"position\":2,\"name\":\"Collection\",\"item\":\"https:\/\/nordic-drift.com\/fr\/collection\/\"},{\"@type\":\"ListItem\",\"position\":3,\"name\":\"Bouteille d&#8217;eau 600ml ultra l\u00e9g\u00e8re titane Trail, argent\"}]},{\"@type\":\"WebSite\",\"@id\":\"https:\/\/nordic-drift.com\/fr\/#website\",\"url\":\"https:\/\/nordic-drift.com\/fr\/\",\"name\":\"Nordic Drift\",\"description\":\"Built to Last, Made to Explore.\",\"potentialAction\":[{\"@type\":\"SearchAction\",\"target\":{\"@type\":\"EntryPoint\",\"urlTemplate\":\"https:\/\/nordic-drift.com\/fr\/?s={search_term_string}\"},\"query-input\":{\"@type\":\"PropertyValueSpecification\",\"valueRequired\":true,\"valueName\":\"search_term_string\"}}],\"inLanguage\":\"fr-FR\"}]}<\/script>\n<!-- \/ Yoast SEO plugin. -->","yoast_head_json":{"title":"Bouteille d'eau 600ml ultra l\u00e9g\u00e8re titane Trail, argent - Nordic Drift","robots":{"index":"index","follow":"follow","max-snippet":"max-snippet:-1","max-image-preview":"max-image-preview:large","max-video-preview":"max-video-preview:-1"},"canonical":"https:\/\/nordic-drift.com\/fr\/product\/bouteille-deau-600ml-ultra-legere-titane-nordic-drift-trail-argent\/","og_locale":"fr_FR","og_type":"article","og_title":"Bouteille d'eau 600ml ultra l\u00e9g\u00e8re titane Trail, argent - Nordic Drift","og_description":"Con\u00e7u pour durer, fait pour explorer.Fabriqu\u00e9e en titane haut de gamme, cette gourde de 600 ml est ultra-l\u00e9g\u00e8re, exceptionnellement durable et totalement r\u00e9sistante \u00e0 la rouille et aux odeurs. Elle conserve la puret\u00e9 et la fra\u00eecheur de votre boisson, sans en alt\u00e9rer le go\u00fbt d&rsquo;origine. Dot\u00e9e d&rsquo;un couvercle \u00e0 vis robuste et d&rsquo;une poign\u00e9e de [&hellip;]","og_url":"https:\/\/nordic-drift.com\/fr\/product\/bouteille-deau-600ml-ultra-legere-titane-nordic-drift-trail-argent\/","og_site_name":"Nordic Drift","article_modified_time":"2026-03-26T08:33:30+00:00","og_image":[{"width":1024,"height":1024,"url":"https:\/\/nordic-drift.com\/wp-content\/uploads\/sites\/14\/2026\/02\/ND340.0002__S_0__4ca571b1ba474be0a2a1ee58cd73536c.jpg","type":"image\/jpeg"}],"twitter_card":"summary_large_image","twitter_misc":{"Dur\u00e9e de lecture estim\u00e9e":"1 minute"},"schema":{"@context":"https:\/\/schema.org","@graph":[{"@type":"WebPage","@id":"https:\/\/nordic-drift.com\/fr\/product\/bouteille-deau-600ml-ultra-legere-titane-nordic-drift-trail-argent\/","url":"https:\/\/nordic-drift.com\/fr\/product\/bouteille-deau-600ml-ultra-legere-titane-nordic-drift-trail-argent\/","name":"Bouteille d'eau 600ml ultra l\u00e9g\u00e8re titane Trail, argent - Nordic Drift","isPartOf":{"@id":"https:\/\/nordic-drift.com\/fr\/#website"},"primaryImageOfPage":{"@id":"https:\/\/nordic-drift.com\/fr\/product\/bouteille-deau-600ml-ultra-legere-titane-nordic-drift-trail-argent\/#primaryimage"},"image":{"@id":"https:\/\/nordic-drift.com\/fr\/product\/bouteille-deau-600ml-ultra-legere-titane-nordic-drift-trail-argent\/#primaryimage"},"thumbnailUrl":"https:\/\/nordic-drift.com\/wp-content\/uploads\/sites\/14\/2026\/02\/ND340.0002__S_0__4ca571b1ba474be0a2a1ee58cd73536c.jpg","datePublished":"2026-01-27T14:00:32+00:00","dateModified":"2026-03-26T08:33:30+00:00","breadcrumb":{"@id":"https:\/\/nordic-drift.com\/fr\/product\/bouteille-deau-600ml-ultra-legere-titane-nordic-drift-trail-argent\/#breadcrumb"},"inLanguage":"fr-FR","potentialAction":[{"@type":"ReadAction","target":["https:\/\/nordic-drift.com\/fr\/product\/bouteille-deau-600ml-ultra-legere-titane-nordic-drift-trail-argent\/"]}]},{"@type":"ImageObject","inLanguage":"fr-FR","@id":"https:\/\/nordic-drift.com\/fr\/product\/bouteille-deau-600ml-ultra-legere-titane-nordic-drift-trail-argent\/#primaryimage","url":"https:\/\/nordic-drift.com\/wp-content\/uploads\/sites\/14\/2026\/02\/ND340.0002__S_0__4ca571b1ba474be0a2a1ee58cd73536c.jpg","contentUrl":"https:\/\/nordic-drift.com\/wp-content\/uploads\/sites\/14\/2026\/02\/ND340.0002__S_0__4ca571b1ba474be0a2a1ee58cd73536c.jpg","width":1024,"height":1024},{"@type":"BreadcrumbList","@id":"https:\/\/nordic-drift.com\/fr\/product\/bouteille-deau-600ml-ultra-legere-titane-nordic-drift-trail-argent\/#breadcrumb","itemListElement":[{"@type":"ListItem","position":1,"name":"Home","item":"https:\/\/nordic-drift.com\/fr\/"},{"@type":"ListItem","position":2,"name":"Collection","item":"https:\/\/nordic-drift.com\/fr\/collection\/"},{"@type":"ListItem","position":3,"name":"Bouteille d&#8217;eau 600ml ultra l\u00e9g\u00e8re titane Trail, argent"}]},{"@type":"WebSite","@id":"https:\/\/nordic-drift.com\/fr\/#website","url":"https:\/\/nordic-drift.com\/fr\/","name":"Nordic Drift","description":"Built to Last, Made to Explore.","potentialAction":[{"@type":"SearchAction","target":{"@type":"EntryPoint","urlTemplate":"https:\/\/nordic-drift.com\/fr\/?s={search_term_string}"},"query-input":{"@type":"PropertyValueSpecification","valueRequired":true,"valueName":"search_term_string"}}],"inLanguage":"fr-FR"}]}},"_links":{"self":[{"href":"https:\/\/nordic-drift.com\/fr\/wp-json\/wp\/v2\/product\/2243","targetHints":{"allow":["GET"]}}],"collection":[{"href":"https:\/\/nordic-drift.com\/fr\/wp-json\/wp\/v2\/product"}],"about":[{"href":"https:\/\/nordic-drift.com\/fr\/wp-json\/wp\/v2\/types\/product"}],"replies":[{"embeddable":true,"href":"https:\/\/nordic-drift.com\/fr\/wp-json\/wp\/v2\/comments?post=2243"}],"wp:featuredmedia":[{"embeddable":true,"href":"https:\/\/nordic-drift.com\/fr\/wp-json\/wp\/v2\/media\/2244"}],"wp:attachment":[{"href":"https:\/\/nordic-drift.com\/fr\/wp-json\/wp\/v2\/media?parent=2243"}],"wp:term":[{"taxonomy":"product_cat","embeddable":true,"href":"https:\/\/nordic-drift.com\/fr\/wp-json\/wp\/v2\/product_cat?post=2243"},{"taxonomy":"product_tag","embeddable":true,"href":"https:\/\/nordic-drift.com\/fr\/wp-json\/wp\/v2\/product_tag?post=2243"}],"curies":[{"name":"wp","href":"https:\/\/api.w.org\/{rel}","templated":true}]}}