{"id":2228,"date":"2026-01-27T14:00:32","date_gmt":"2026-01-27T14:00:32","guid":{"rendered":"https:\/\/nordic-drift.com\/product\/bouteille-deau-750ml-nordic-drift-trail-rcs-noir\/"},"modified":"2026-03-26T08:33:29","modified_gmt":"2026-03-26T08:33:29","slug":"bouteille-deau-750ml-nordic-drift-trail-rcs-noir","status":"publish","type":"product","link":"https:\/\/nordic-drift.com\/fr\/product\/bouteille-deau-750ml-nordic-drift-trail-rcs-noir\/","title":{"rendered":"Bouteille d&rsquo;eau 750ml Trail RCS, noir"},"content":{"rendered":"<p>Con\u00e7ue pour durer, faite pour explorer.Restez hydrat\u00e9 lors de toutes vos aventures gr\u00e2ce \u00e0 la bouteille d&rsquo;eau Nordic Drift Single Wall Adventure (750 ml). Fabriqu\u00e9e \u00e0 partir de 68 % d&rsquo;acier inoxydable recycl\u00e9 certifi\u00e9 RCS de haute qualit\u00e9, elle est dot\u00e9e d&rsquo;un corps durable recouvert d&rsquo;un rev\u00eatement par poudrage et d&rsquo;une poign\u00e9e de transport qui sert \u00e9galement de verrou, garantissant ainsi la s\u00e9curit\u00e9 et l&rsquo;\u00e9tanch\u00e9it\u00e9 totale de votre bouteille. L\u00e9g\u00e8re et robuste, cette bouteille de 750 ml est parfaite pour les randonn\u00e9es, le sport ou un usage quotidien, alliant praticit\u00e9, durabilit\u00e9 et performances adapt\u00e9es \u00e0 une utilisation en ext\u00e9rieur. Emball\u00e9e en vrac. Tous les produits Nordic Drift sont test\u00e9s pour garantir leur qualit\u00e9. Parce que nous avons confiance en les performances et la durabilit\u00e9 de notre \u00e9quipement, chaque article est couvert par une garantie de 5 ans contre les d\u00e9fauts de fabrication.<\/p>\n","protected":false},"excerpt":{"rendered":"<p>Con\u00e7ue pour durer, faite pour explorer.Restez hydrat\u00e9 lors de toutes vos aventures gr\u00e2ce \u00e0 la bouteille d&rsquo;eau Nordic Drift Single Wall Adventure (750 ml). Fabriqu\u00e9e \u00e0 partir de 68 % d&rsquo;acier inoxydable recycl\u00e9 certifi\u00e9 RCS de haute qualit\u00e9, elle est dot\u00e9e d&rsquo;un corps durable recouvert d&rsquo;un rev\u00eatement par poudrage et d&rsquo;une poign\u00e9e de transport qui [&hellip;]<\/p>\n","protected":false},"featured_media":2229,"comment_status":"closed","ping_status":"closed","template":"","meta":{"_acf_changed":false},"product_cat":[107],"product_tag":[],"class_list":["post-2228","product","type-product","status-publish","has-post-thumbnail","hentry","product_cat-alimentation-et-art-de-la-boisson","pa_color-black"],"acf":[],"yoast_head":"<!-- This site is optimized with the Yoast SEO plugin v27.0 - https:\/\/yoast.com\/product\/yoast-seo-wordpress\/ -->\n<title>Bouteille d&#039;eau 750ml Trail RCS, noir - Nordic Drift<\/title>\n<meta name=\"robots\" content=\"index, follow, max-snippet:-1, max-image-preview:large, max-video-preview:-1\" \/>\n<link rel=\"canonical\" href=\"https:\/\/nordic-drift.com\/fr\/product\/bouteille-deau-750ml-nordic-drift-trail-rcs-noir\/\" \/>\n<meta property=\"og:locale\" content=\"fr_FR\" \/>\n<meta property=\"og:type\" content=\"article\" \/>\n<meta property=\"og:title\" content=\"Bouteille d&#039;eau 750ml Trail RCS, noir - Nordic Drift\" \/>\n<meta property=\"og:description\" content=\"Con\u00e7ue pour durer, faite pour explorer.Restez hydrat\u00e9 lors de toutes vos aventures gr\u00e2ce \u00e0 la bouteille d&rsquo;eau Nordic Drift Single Wall Adventure (750 ml). Fabriqu\u00e9e \u00e0 partir de 68 % d&rsquo;acier inoxydable recycl\u00e9 certifi\u00e9 RCS de haute qualit\u00e9, elle est dot\u00e9e d&rsquo;un corps durable recouvert d&rsquo;un rev\u00eatement par poudrage et d&rsquo;une poign\u00e9e de transport qui [&hellip;]\" \/>\n<meta property=\"og:url\" content=\"https:\/\/nordic-drift.com\/fr\/product\/bouteille-deau-750ml-nordic-drift-trail-rcs-noir\/\" \/>\n<meta property=\"og:site_name\" content=\"Nordic Drift\" \/>\n<meta property=\"article:modified_time\" content=\"2026-03-26T08:33:29+00:00\" \/>\n<meta property=\"og:image\" content=\"https:\/\/nordic-drift.com\/wp-content\/uploads\/sites\/14\/2026\/01\/ND310.0301__S_0__3a66fd87a3cb44ad8af34bd188ef6492.jpg\" \/>\n\t<meta property=\"og:image:width\" content=\"1024\" \/>\n\t<meta property=\"og:image:height\" content=\"1024\" \/>\n\t<meta property=\"og:image:type\" content=\"image\/jpeg\" \/>\n<meta name=\"twitter:card\" content=\"summary_large_image\" \/>\n<meta name=\"twitter:label1\" content=\"Dur\u00e9e de lecture estim\u00e9e\" \/>\n\t<meta name=\"twitter:data1\" content=\"1 minute\" \/>\n<script type=\"application\/ld+json\" class=\"yoast-schema-graph\">{\"@context\":\"https:\/\/schema.org\",\"@graph\":[{\"@type\":\"WebPage\",\"@id\":\"https:\/\/nordic-drift.com\/fr\/product\/bouteille-deau-750ml-nordic-drift-trail-rcs-noir\/\",\"url\":\"https:\/\/nordic-drift.com\/fr\/product\/bouteille-deau-750ml-nordic-drift-trail-rcs-noir\/\",\"name\":\"Bouteille d'eau 750ml Trail RCS, noir - Nordic Drift\",\"isPartOf\":{\"@id\":\"https:\/\/nordic-drift.com\/fr\/#website\"},\"primaryImageOfPage\":{\"@id\":\"https:\/\/nordic-drift.com\/fr\/product\/bouteille-deau-750ml-nordic-drift-trail-rcs-noir\/#primaryimage\"},\"image\":{\"@id\":\"https:\/\/nordic-drift.com\/fr\/product\/bouteille-deau-750ml-nordic-drift-trail-rcs-noir\/#primaryimage\"},\"thumbnailUrl\":\"https:\/\/nordic-drift.com\/wp-content\/uploads\/sites\/14\/2026\/01\/ND310.0301__S_0__3a66fd87a3cb44ad8af34bd188ef6492.jpg\",\"datePublished\":\"2026-01-27T14:00:32+00:00\",\"dateModified\":\"2026-03-26T08:33:29+00:00\",\"breadcrumb\":{\"@id\":\"https:\/\/nordic-drift.com\/fr\/product\/bouteille-deau-750ml-nordic-drift-trail-rcs-noir\/#breadcrumb\"},\"inLanguage\":\"fr-FR\",\"potentialAction\":[{\"@type\":\"ReadAction\",\"target\":[\"https:\/\/nordic-drift.com\/fr\/product\/bouteille-deau-750ml-nordic-drift-trail-rcs-noir\/\"]}]},{\"@type\":\"ImageObject\",\"inLanguage\":\"fr-FR\",\"@id\":\"https:\/\/nordic-drift.com\/fr\/product\/bouteille-deau-750ml-nordic-drift-trail-rcs-noir\/#primaryimage\",\"url\":\"https:\/\/nordic-drift.com\/wp-content\/uploads\/sites\/14\/2026\/01\/ND310.0301__S_0__3a66fd87a3cb44ad8af34bd188ef6492.jpg\",\"contentUrl\":\"https:\/\/nordic-drift.com\/wp-content\/uploads\/sites\/14\/2026\/01\/ND310.0301__S_0__3a66fd87a3cb44ad8af34bd188ef6492.jpg\",\"width\":1024,\"height\":1024},{\"@type\":\"BreadcrumbList\",\"@id\":\"https:\/\/nordic-drift.com\/fr\/product\/bouteille-deau-750ml-nordic-drift-trail-rcs-noir\/#breadcrumb\",\"itemListElement\":[{\"@type\":\"ListItem\",\"position\":1,\"name\":\"Home\",\"item\":\"https:\/\/nordic-drift.com\/fr\/\"},{\"@type\":\"ListItem\",\"position\":2,\"name\":\"Collection\",\"item\":\"https:\/\/nordic-drift.com\/fr\/collection\/\"},{\"@type\":\"ListItem\",\"position\":3,\"name\":\"Bouteille d&#8217;eau 750ml Trail RCS, noir\"}]},{\"@type\":\"WebSite\",\"@id\":\"https:\/\/nordic-drift.com\/fr\/#website\",\"url\":\"https:\/\/nordic-drift.com\/fr\/\",\"name\":\"Nordic Drift\",\"description\":\"Built to Last, Made to Explore.\",\"potentialAction\":[{\"@type\":\"SearchAction\",\"target\":{\"@type\":\"EntryPoint\",\"urlTemplate\":\"https:\/\/nordic-drift.com\/fr\/?s={search_term_string}\"},\"query-input\":{\"@type\":\"PropertyValueSpecification\",\"valueRequired\":true,\"valueName\":\"search_term_string\"}}],\"inLanguage\":\"fr-FR\"}]}<\/script>\n<!-- \/ Yoast SEO plugin. -->","yoast_head_json":{"title":"Bouteille d'eau 750ml Trail RCS, noir - Nordic Drift","robots":{"index":"index","follow":"follow","max-snippet":"max-snippet:-1","max-image-preview":"max-image-preview:large","max-video-preview":"max-video-preview:-1"},"canonical":"https:\/\/nordic-drift.com\/fr\/product\/bouteille-deau-750ml-nordic-drift-trail-rcs-noir\/","og_locale":"fr_FR","og_type":"article","og_title":"Bouteille d'eau 750ml Trail RCS, noir - Nordic Drift","og_description":"Con\u00e7ue pour durer, faite pour explorer.Restez hydrat\u00e9 lors de toutes vos aventures gr\u00e2ce \u00e0 la bouteille d&rsquo;eau Nordic Drift Single Wall Adventure (750 ml). Fabriqu\u00e9e \u00e0 partir de 68 % d&rsquo;acier inoxydable recycl\u00e9 certifi\u00e9 RCS de haute qualit\u00e9, elle est dot\u00e9e d&rsquo;un corps durable recouvert d&rsquo;un rev\u00eatement par poudrage et d&rsquo;une poign\u00e9e de transport qui [&hellip;]","og_url":"https:\/\/nordic-drift.com\/fr\/product\/bouteille-deau-750ml-nordic-drift-trail-rcs-noir\/","og_site_name":"Nordic Drift","article_modified_time":"2026-03-26T08:33:29+00:00","og_image":[{"width":1024,"height":1024,"url":"https:\/\/nordic-drift.com\/wp-content\/uploads\/sites\/14\/2026\/01\/ND310.0301__S_0__3a66fd87a3cb44ad8af34bd188ef6492.jpg","type":"image\/jpeg"}],"twitter_card":"summary_large_image","twitter_misc":{"Dur\u00e9e de lecture estim\u00e9e":"1 minute"},"schema":{"@context":"https:\/\/schema.org","@graph":[{"@type":"WebPage","@id":"https:\/\/nordic-drift.com\/fr\/product\/bouteille-deau-750ml-nordic-drift-trail-rcs-noir\/","url":"https:\/\/nordic-drift.com\/fr\/product\/bouteille-deau-750ml-nordic-drift-trail-rcs-noir\/","name":"Bouteille d'eau 750ml Trail RCS, noir - Nordic Drift","isPartOf":{"@id":"https:\/\/nordic-drift.com\/fr\/#website"},"primaryImageOfPage":{"@id":"https:\/\/nordic-drift.com\/fr\/product\/bouteille-deau-750ml-nordic-drift-trail-rcs-noir\/#primaryimage"},"image":{"@id":"https:\/\/nordic-drift.com\/fr\/product\/bouteille-deau-750ml-nordic-drift-trail-rcs-noir\/#primaryimage"},"thumbnailUrl":"https:\/\/nordic-drift.com\/wp-content\/uploads\/sites\/14\/2026\/01\/ND310.0301__S_0__3a66fd87a3cb44ad8af34bd188ef6492.jpg","datePublished":"2026-01-27T14:00:32+00:00","dateModified":"2026-03-26T08:33:29+00:00","breadcrumb":{"@id":"https:\/\/nordic-drift.com\/fr\/product\/bouteille-deau-750ml-nordic-drift-trail-rcs-noir\/#breadcrumb"},"inLanguage":"fr-FR","potentialAction":[{"@type":"ReadAction","target":["https:\/\/nordic-drift.com\/fr\/product\/bouteille-deau-750ml-nordic-drift-trail-rcs-noir\/"]}]},{"@type":"ImageObject","inLanguage":"fr-FR","@id":"https:\/\/nordic-drift.com\/fr\/product\/bouteille-deau-750ml-nordic-drift-trail-rcs-noir\/#primaryimage","url":"https:\/\/nordic-drift.com\/wp-content\/uploads\/sites\/14\/2026\/01\/ND310.0301__S_0__3a66fd87a3cb44ad8af34bd188ef6492.jpg","contentUrl":"https:\/\/nordic-drift.com\/wp-content\/uploads\/sites\/14\/2026\/01\/ND310.0301__S_0__3a66fd87a3cb44ad8af34bd188ef6492.jpg","width":1024,"height":1024},{"@type":"BreadcrumbList","@id":"https:\/\/nordic-drift.com\/fr\/product\/bouteille-deau-750ml-nordic-drift-trail-rcs-noir\/#breadcrumb","itemListElement":[{"@type":"ListItem","position":1,"name":"Home","item":"https:\/\/nordic-drift.com\/fr\/"},{"@type":"ListItem","position":2,"name":"Collection","item":"https:\/\/nordic-drift.com\/fr\/collection\/"},{"@type":"ListItem","position":3,"name":"Bouteille d&#8217;eau 750ml Trail RCS, noir"}]},{"@type":"WebSite","@id":"https:\/\/nordic-drift.com\/fr\/#website","url":"https:\/\/nordic-drift.com\/fr\/","name":"Nordic Drift","description":"Built to Last, Made to Explore.","potentialAction":[{"@type":"SearchAction","target":{"@type":"EntryPoint","urlTemplate":"https:\/\/nordic-drift.com\/fr\/?s={search_term_string}"},"query-input":{"@type":"PropertyValueSpecification","valueRequired":true,"valueName":"search_term_string"}}],"inLanguage":"fr-FR"}]}},"_links":{"self":[{"href":"https:\/\/nordic-drift.com\/fr\/wp-json\/wp\/v2\/product\/2228","targetHints":{"allow":["GET"]}}],"collection":[{"href":"https:\/\/nordic-drift.com\/fr\/wp-json\/wp\/v2\/product"}],"about":[{"href":"https:\/\/nordic-drift.com\/fr\/wp-json\/wp\/v2\/types\/product"}],"replies":[{"embeddable":true,"href":"https:\/\/nordic-drift.com\/fr\/wp-json\/wp\/v2\/comments?post=2228"}],"wp:featuredmedia":[{"embeddable":true,"href":"https:\/\/nordic-drift.com\/fr\/wp-json\/wp\/v2\/media\/2229"}],"wp:attachment":[{"href":"https:\/\/nordic-drift.com\/fr\/wp-json\/wp\/v2\/media?parent=2228"}],"wp:term":[{"taxonomy":"product_cat","embeddable":true,"href":"https:\/\/nordic-drift.com\/fr\/wp-json\/wp\/v2\/product_cat?post=2228"},{"taxonomy":"product_tag","embeddable":true,"href":"https:\/\/nordic-drift.com\/fr\/wp-json\/wp\/v2\/product_tag?post=2228"}],"curies":[{"name":"wp","href":"https:\/\/api.w.org\/{rel}","templated":true}]}}