{"id":2196,"date":"2026-01-27T14:00:32","date_gmt":"2026-01-27T14:00:32","guid":{"rendered":"https:\/\/nordic-drift.com\/product\/bouteille-sport-iso-et-verrouillable-nordic-drift-trail-rcs-noir\/"},"modified":"2026-03-26T08:33:28","modified_gmt":"2026-03-26T08:33:28","slug":"bouteille-sport-iso-et-verrouillable-nordic-drift-trail-rcs-noir","status":"publish","type":"product","link":"https:\/\/nordic-drift.com\/fr\/product\/bouteille-sport-iso-et-verrouillable-nordic-drift-trail-rcs-noir\/","title":{"rendered":"Bouteille sport iso et verrouillable Trail RCS, noir"},"content":{"rendered":"<p>Con\u00e7ue pour durer, faite pour explorer.D\u00e9couvrez la bouteille en acier recycl\u00e9 Nordic Drift, fabriqu\u00e9e \u00e0 partir de 79 % d&rsquo;acier inoxydable recycl\u00e9 certifi\u00e9 RCS. Con\u00e7ue pour l&rsquo;aventure avec une capacit\u00e9 de 750 ml, elle est dot\u00e9e d&rsquo;un corps durable recouvert d&rsquo;un rev\u00eatement par poudrage, d&rsquo;une poign\u00e9e de transport et d&rsquo;un couvercle verrouillable. Le couvercle innovant offre deux options pour boire : il suffit de tourner le bec verseur pour passer en mode \u00ab sip \u00bb et s&rsquo;hydrater facilement pendant vos d\u00e9placements. \u00c9tanche et con\u00e7ue pour les aventures en plein air et l&rsquo;usage quotidien, cette bouteille allie praticit\u00e9 et durabilit\u00e9. Livr\u00e9e dans un coffret cadeau FSC.Tous les produits Nordic Drift sont test\u00e9s pour garantir leur qualit\u00e9. Parce que nous avons une confiance absolue dans les performances et la durabilit\u00e9 de notre \u00e9quipement, chaque article est couvert par une garantie de 5 ans contre les d\u00e9fauts de fabrication.<\/p>\n","protected":false},"excerpt":{"rendered":"<p>Con\u00e7ue pour durer, faite pour explorer.D\u00e9couvrez la bouteille en acier recycl\u00e9 Nordic Drift, fabriqu\u00e9e \u00e0 partir de 79 % d&rsquo;acier inoxydable recycl\u00e9 certifi\u00e9 RCS. Con\u00e7ue pour l&rsquo;aventure avec une capacit\u00e9 de 750 ml, elle est dot\u00e9e d&rsquo;un corps durable recouvert d&rsquo;un rev\u00eatement par poudrage, d&rsquo;une poign\u00e9e de transport et d&rsquo;un couvercle verrouillable. Le couvercle innovant [&hellip;]<\/p>\n","protected":false},"featured_media":2197,"comment_status":"closed","ping_status":"closed","template":"","meta":{"_acf_changed":false},"product_cat":[107],"product_tag":[],"class_list":["post-2196","product","type-product","status-publish","has-post-thumbnail","hentry","product_cat-alimentation-et-art-de-la-boisson","pa_color-black"],"acf":[],"yoast_head":"<!-- This site is optimized with the Yoast SEO plugin v27.0 - https:\/\/yoast.com\/product\/yoast-seo-wordpress\/ -->\n<title>Bouteille sport iso et verrouillable Trail RCS, noir - Nordic Drift<\/title>\n<meta name=\"robots\" content=\"index, follow, max-snippet:-1, max-image-preview:large, max-video-preview:-1\" \/>\n<link rel=\"canonical\" href=\"https:\/\/nordic-drift.com\/fr\/product\/bouteille-sport-iso-et-verrouillable-nordic-drift-trail-rcs-noir\/\" \/>\n<meta property=\"og:locale\" content=\"fr_FR\" \/>\n<meta property=\"og:type\" content=\"article\" \/>\n<meta property=\"og:title\" content=\"Bouteille sport iso et verrouillable Trail RCS, noir - Nordic Drift\" \/>\n<meta property=\"og:description\" content=\"Con\u00e7ue pour durer, faite pour explorer.D\u00e9couvrez la bouteille en acier recycl\u00e9 Nordic Drift, fabriqu\u00e9e \u00e0 partir de 79 % d&rsquo;acier inoxydable recycl\u00e9 certifi\u00e9 RCS. Con\u00e7ue pour l&rsquo;aventure avec une capacit\u00e9 de 750 ml, elle est dot\u00e9e d&rsquo;un corps durable recouvert d&rsquo;un rev\u00eatement par poudrage, d&rsquo;une poign\u00e9e de transport et d&rsquo;un couvercle verrouillable. Le couvercle innovant [&hellip;]\" \/>\n<meta property=\"og:url\" content=\"https:\/\/nordic-drift.com\/fr\/product\/bouteille-sport-iso-et-verrouillable-nordic-drift-trail-rcs-noir\/\" \/>\n<meta property=\"og:site_name\" content=\"Nordic Drift\" \/>\n<meta property=\"article:modified_time\" content=\"2026-03-26T08:33:28+00:00\" \/>\n<meta property=\"og:image\" content=\"https:\/\/nordic-drift.com\/wp-content\/uploads\/sites\/14\/2026\/01\/ND310.0101__S_0__185f5a896bd24dcaadb3d594b29bf0e5.jpg\" \/>\n\t<meta property=\"og:image:width\" content=\"1024\" \/>\n\t<meta property=\"og:image:height\" content=\"1024\" \/>\n\t<meta property=\"og:image:type\" content=\"image\/jpeg\" \/>\n<meta name=\"twitter:card\" content=\"summary_large_image\" \/>\n<meta name=\"twitter:label1\" content=\"Dur\u00e9e de lecture estim\u00e9e\" \/>\n\t<meta name=\"twitter:data1\" content=\"1 minute\" \/>\n<script type=\"application\/ld+json\" class=\"yoast-schema-graph\">{\"@context\":\"https:\/\/schema.org\",\"@graph\":[{\"@type\":\"WebPage\",\"@id\":\"https:\/\/nordic-drift.com\/fr\/product\/bouteille-sport-iso-et-verrouillable-nordic-drift-trail-rcs-noir\/\",\"url\":\"https:\/\/nordic-drift.com\/fr\/product\/bouteille-sport-iso-et-verrouillable-nordic-drift-trail-rcs-noir\/\",\"name\":\"Bouteille sport iso et verrouillable Trail RCS, noir - Nordic Drift\",\"isPartOf\":{\"@id\":\"https:\/\/nordic-drift.com\/fr\/#website\"},\"primaryImageOfPage\":{\"@id\":\"https:\/\/nordic-drift.com\/fr\/product\/bouteille-sport-iso-et-verrouillable-nordic-drift-trail-rcs-noir\/#primaryimage\"},\"image\":{\"@id\":\"https:\/\/nordic-drift.com\/fr\/product\/bouteille-sport-iso-et-verrouillable-nordic-drift-trail-rcs-noir\/#primaryimage\"},\"thumbnailUrl\":\"https:\/\/nordic-drift.com\/wp-content\/uploads\/sites\/14\/2026\/01\/ND310.0101__S_0__185f5a896bd24dcaadb3d594b29bf0e5.jpg\",\"datePublished\":\"2026-01-27T14:00:32+00:00\",\"dateModified\":\"2026-03-26T08:33:28+00:00\",\"breadcrumb\":{\"@id\":\"https:\/\/nordic-drift.com\/fr\/product\/bouteille-sport-iso-et-verrouillable-nordic-drift-trail-rcs-noir\/#breadcrumb\"},\"inLanguage\":\"fr-FR\",\"potentialAction\":[{\"@type\":\"ReadAction\",\"target\":[\"https:\/\/nordic-drift.com\/fr\/product\/bouteille-sport-iso-et-verrouillable-nordic-drift-trail-rcs-noir\/\"]}]},{\"@type\":\"ImageObject\",\"inLanguage\":\"fr-FR\",\"@id\":\"https:\/\/nordic-drift.com\/fr\/product\/bouteille-sport-iso-et-verrouillable-nordic-drift-trail-rcs-noir\/#primaryimage\",\"url\":\"https:\/\/nordic-drift.com\/wp-content\/uploads\/sites\/14\/2026\/01\/ND310.0101__S_0__185f5a896bd24dcaadb3d594b29bf0e5.jpg\",\"contentUrl\":\"https:\/\/nordic-drift.com\/wp-content\/uploads\/sites\/14\/2026\/01\/ND310.0101__S_0__185f5a896bd24dcaadb3d594b29bf0e5.jpg\",\"width\":1024,\"height\":1024},{\"@type\":\"BreadcrumbList\",\"@id\":\"https:\/\/nordic-drift.com\/fr\/product\/bouteille-sport-iso-et-verrouillable-nordic-drift-trail-rcs-noir\/#breadcrumb\",\"itemListElement\":[{\"@type\":\"ListItem\",\"position\":1,\"name\":\"Home\",\"item\":\"https:\/\/nordic-drift.com\/fr\/\"},{\"@type\":\"ListItem\",\"position\":2,\"name\":\"Collection\",\"item\":\"https:\/\/nordic-drift.com\/fr\/collection\/\"},{\"@type\":\"ListItem\",\"position\":3,\"name\":\"Bouteille sport iso et verrouillable Trail RCS, noir\"}]},{\"@type\":\"WebSite\",\"@id\":\"https:\/\/nordic-drift.com\/fr\/#website\",\"url\":\"https:\/\/nordic-drift.com\/fr\/\",\"name\":\"Nordic Drift\",\"description\":\"Built to Last, Made to Explore.\",\"potentialAction\":[{\"@type\":\"SearchAction\",\"target\":{\"@type\":\"EntryPoint\",\"urlTemplate\":\"https:\/\/nordic-drift.com\/fr\/?s={search_term_string}\"},\"query-input\":{\"@type\":\"PropertyValueSpecification\",\"valueRequired\":true,\"valueName\":\"search_term_string\"}}],\"inLanguage\":\"fr-FR\"}]}<\/script>\n<!-- \/ Yoast SEO plugin. -->","yoast_head_json":{"title":"Bouteille sport iso et verrouillable Trail RCS, noir - Nordic Drift","robots":{"index":"index","follow":"follow","max-snippet":"max-snippet:-1","max-image-preview":"max-image-preview:large","max-video-preview":"max-video-preview:-1"},"canonical":"https:\/\/nordic-drift.com\/fr\/product\/bouteille-sport-iso-et-verrouillable-nordic-drift-trail-rcs-noir\/","og_locale":"fr_FR","og_type":"article","og_title":"Bouteille sport iso et verrouillable Trail RCS, noir - Nordic Drift","og_description":"Con\u00e7ue pour durer, faite pour explorer.D\u00e9couvrez la bouteille en acier recycl\u00e9 Nordic Drift, fabriqu\u00e9e \u00e0 partir de 79 % d&rsquo;acier inoxydable recycl\u00e9 certifi\u00e9 RCS. Con\u00e7ue pour l&rsquo;aventure avec une capacit\u00e9 de 750 ml, elle est dot\u00e9e d&rsquo;un corps durable recouvert d&rsquo;un rev\u00eatement par poudrage, d&rsquo;une poign\u00e9e de transport et d&rsquo;un couvercle verrouillable. Le couvercle innovant [&hellip;]","og_url":"https:\/\/nordic-drift.com\/fr\/product\/bouteille-sport-iso-et-verrouillable-nordic-drift-trail-rcs-noir\/","og_site_name":"Nordic Drift","article_modified_time":"2026-03-26T08:33:28+00:00","og_image":[{"width":1024,"height":1024,"url":"https:\/\/nordic-drift.com\/wp-content\/uploads\/sites\/14\/2026\/01\/ND310.0101__S_0__185f5a896bd24dcaadb3d594b29bf0e5.jpg","type":"image\/jpeg"}],"twitter_card":"summary_large_image","twitter_misc":{"Dur\u00e9e de lecture estim\u00e9e":"1 minute"},"schema":{"@context":"https:\/\/schema.org","@graph":[{"@type":"WebPage","@id":"https:\/\/nordic-drift.com\/fr\/product\/bouteille-sport-iso-et-verrouillable-nordic-drift-trail-rcs-noir\/","url":"https:\/\/nordic-drift.com\/fr\/product\/bouteille-sport-iso-et-verrouillable-nordic-drift-trail-rcs-noir\/","name":"Bouteille sport iso et verrouillable Trail RCS, noir - Nordic Drift","isPartOf":{"@id":"https:\/\/nordic-drift.com\/fr\/#website"},"primaryImageOfPage":{"@id":"https:\/\/nordic-drift.com\/fr\/product\/bouteille-sport-iso-et-verrouillable-nordic-drift-trail-rcs-noir\/#primaryimage"},"image":{"@id":"https:\/\/nordic-drift.com\/fr\/product\/bouteille-sport-iso-et-verrouillable-nordic-drift-trail-rcs-noir\/#primaryimage"},"thumbnailUrl":"https:\/\/nordic-drift.com\/wp-content\/uploads\/sites\/14\/2026\/01\/ND310.0101__S_0__185f5a896bd24dcaadb3d594b29bf0e5.jpg","datePublished":"2026-01-27T14:00:32+00:00","dateModified":"2026-03-26T08:33:28+00:00","breadcrumb":{"@id":"https:\/\/nordic-drift.com\/fr\/product\/bouteille-sport-iso-et-verrouillable-nordic-drift-trail-rcs-noir\/#breadcrumb"},"inLanguage":"fr-FR","potentialAction":[{"@type":"ReadAction","target":["https:\/\/nordic-drift.com\/fr\/product\/bouteille-sport-iso-et-verrouillable-nordic-drift-trail-rcs-noir\/"]}]},{"@type":"ImageObject","inLanguage":"fr-FR","@id":"https:\/\/nordic-drift.com\/fr\/product\/bouteille-sport-iso-et-verrouillable-nordic-drift-trail-rcs-noir\/#primaryimage","url":"https:\/\/nordic-drift.com\/wp-content\/uploads\/sites\/14\/2026\/01\/ND310.0101__S_0__185f5a896bd24dcaadb3d594b29bf0e5.jpg","contentUrl":"https:\/\/nordic-drift.com\/wp-content\/uploads\/sites\/14\/2026\/01\/ND310.0101__S_0__185f5a896bd24dcaadb3d594b29bf0e5.jpg","width":1024,"height":1024},{"@type":"BreadcrumbList","@id":"https:\/\/nordic-drift.com\/fr\/product\/bouteille-sport-iso-et-verrouillable-nordic-drift-trail-rcs-noir\/#breadcrumb","itemListElement":[{"@type":"ListItem","position":1,"name":"Home","item":"https:\/\/nordic-drift.com\/fr\/"},{"@type":"ListItem","position":2,"name":"Collection","item":"https:\/\/nordic-drift.com\/fr\/collection\/"},{"@type":"ListItem","position":3,"name":"Bouteille sport iso et verrouillable Trail RCS, noir"}]},{"@type":"WebSite","@id":"https:\/\/nordic-drift.com\/fr\/#website","url":"https:\/\/nordic-drift.com\/fr\/","name":"Nordic Drift","description":"Built to Last, Made to Explore.","potentialAction":[{"@type":"SearchAction","target":{"@type":"EntryPoint","urlTemplate":"https:\/\/nordic-drift.com\/fr\/?s={search_term_string}"},"query-input":{"@type":"PropertyValueSpecification","valueRequired":true,"valueName":"search_term_string"}}],"inLanguage":"fr-FR"}]}},"_links":{"self":[{"href":"https:\/\/nordic-drift.com\/fr\/wp-json\/wp\/v2\/product\/2196","targetHints":{"allow":["GET"]}}],"collection":[{"href":"https:\/\/nordic-drift.com\/fr\/wp-json\/wp\/v2\/product"}],"about":[{"href":"https:\/\/nordic-drift.com\/fr\/wp-json\/wp\/v2\/types\/product"}],"replies":[{"embeddable":true,"href":"https:\/\/nordic-drift.com\/fr\/wp-json\/wp\/v2\/comments?post=2196"}],"wp:featuredmedia":[{"embeddable":true,"href":"https:\/\/nordic-drift.com\/fr\/wp-json\/wp\/v2\/media\/2197"}],"wp:attachment":[{"href":"https:\/\/nordic-drift.com\/fr\/wp-json\/wp\/v2\/media?parent=2196"}],"wp:term":[{"taxonomy":"product_cat","embeddable":true,"href":"https:\/\/nordic-drift.com\/fr\/wp-json\/wp\/v2\/product_cat?post=2196"},{"taxonomy":"product_tag","embeddable":true,"href":"https:\/\/nordic-drift.com\/fr\/wp-json\/wp\/v2\/product_tag?post=2196"}],"curies":[{"name":"wp","href":"https:\/\/api.w.org\/{rel}","templated":true}]}}