{"id":2169,"date":"2026-01-27T14:00:32","date_gmt":"2026-01-27T14:00:32","guid":{"rendered":"https:\/\/nordic-drift.com\/product\/sac-isotherme-dejeuner-deperlant-nordic-drift-storm-rcs-noir\/"},"modified":"2026-03-26T08:33:26","modified_gmt":"2026-03-26T08:33:26","slug":"sac-isotherme-dejeuner-deperlant-nordic-drift-storm-rcs-noir","status":"publish","type":"product","link":"https:\/\/nordic-drift.com\/fr\/product\/sac-isotherme-dejeuner-deperlant-nordic-drift-storm-rcs-noir\/","title":{"rendered":"Sac isotherme d\u00e9jeuner d\u00e9perlant Storm RCS, noir"},"content":{"rendered":"<p>Un sac isotherme pratique pour vos besoins quotidiens. Fabriqu\u00e9 \u00e0 partir de 32% de polyester recycl\u00e9 certifi\u00e9 (RCS) avec un rev\u00eatement PU d\u00e9perlant, il offre une protection contre les intemp\u00e9ries et se nettoie facilement. L&rsquo;isolation en PEVA maintient le contenu \u00e0 la bonne temp\u00e9rature pendant longtemps, garantissant ainsi la fra\u00eecheur de vos aliments et boissons. Une grande poche ext\u00e9rieure, une poign\u00e9e de transport pratique et un int\u00e9rieur spacieux pouvant accueillir \u00e0 la fois une bo\u00eete \u00e0 lunch et de petits objets essentiels en font le sac id\u00e9al pour les d\u00e9placements. Tous les produits Nordic Drift sont test\u00e9s pour leur qualit\u00e9. Parce que nous croyons fermement en la performance et la durabilit\u00e9 de notre \u00e9quipement, chaque article est couvert par une garantie de 5 ans contre les d\u00e9fauts de fabrication.<\/p>\n","protected":false},"excerpt":{"rendered":"<p>Un sac isotherme pratique pour vos besoins quotidiens. Fabriqu\u00e9 \u00e0 partir de 32% de polyester recycl\u00e9 certifi\u00e9 (RCS) avec un rev\u00eatement PU d\u00e9perlant, il offre une protection contre les intemp\u00e9ries et se nettoie facilement. L&rsquo;isolation en PEVA maintient le contenu \u00e0 la bonne temp\u00e9rature pendant longtemps, garantissant ainsi la fra\u00eecheur de vos aliments et boissons. [&hellip;]<\/p>\n","protected":false},"featured_media":2170,"comment_status":"closed","ping_status":"closed","template":"","meta":{"_acf_changed":false},"product_cat":[97,101],"product_tag":[],"class_list":["post-2169","product","type-product","status-publish","has-post-thumbnail","hentry","product_cat-aware","product_cat-sacs","pa_color-black"],"acf":[],"yoast_head":"<!-- This site is optimized with the Yoast SEO plugin v27.0 - https:\/\/yoast.com\/product\/yoast-seo-wordpress\/ -->\n<title>Sac isotherme d\u00e9jeuner d\u00e9perlant Storm RCS, noir - Nordic Drift<\/title>\n<meta name=\"robots\" content=\"index, follow, max-snippet:-1, max-image-preview:large, max-video-preview:-1\" \/>\n<link rel=\"canonical\" href=\"https:\/\/nordic-drift.com\/fr\/product\/sac-isotherme-dejeuner-deperlant-nordic-drift-storm-rcs-noir\/\" \/>\n<meta property=\"og:locale\" content=\"fr_FR\" \/>\n<meta property=\"og:type\" content=\"article\" \/>\n<meta property=\"og:title\" content=\"Sac isotherme d\u00e9jeuner d\u00e9perlant Storm RCS, noir - Nordic Drift\" \/>\n<meta property=\"og:description\" content=\"Un sac isotherme pratique pour vos besoins quotidiens. Fabriqu\u00e9 \u00e0 partir de 32% de polyester recycl\u00e9 certifi\u00e9 (RCS) avec un rev\u00eatement PU d\u00e9perlant, il offre une protection contre les intemp\u00e9ries et se nettoie facilement. L&rsquo;isolation en PEVA maintient le contenu \u00e0 la bonne temp\u00e9rature pendant longtemps, garantissant ainsi la fra\u00eecheur de vos aliments et boissons. [&hellip;]\" \/>\n<meta property=\"og:url\" content=\"https:\/\/nordic-drift.com\/fr\/product\/sac-isotherme-dejeuner-deperlant-nordic-drift-storm-rcs-noir\/\" \/>\n<meta property=\"og:site_name\" content=\"Nordic Drift\" \/>\n<meta property=\"article:modified_time\" content=\"2026-03-26T08:33:26+00:00\" \/>\n<meta property=\"og:image\" content=\"https:\/\/nordic-drift.com\/wp-content\/uploads\/sites\/14\/2026\/01\/ND210.0501__S_0__fc084ae64e664326974e282ad3b0191e.jpg\" \/>\n\t<meta property=\"og:image:width\" content=\"1024\" \/>\n\t<meta property=\"og:image:height\" content=\"1024\" \/>\n\t<meta property=\"og:image:type\" content=\"image\/jpeg\" \/>\n<meta name=\"twitter:card\" content=\"summary_large_image\" \/>\n<meta name=\"twitter:label1\" content=\"Dur\u00e9e de lecture estim\u00e9e\" \/>\n\t<meta name=\"twitter:data1\" content=\"1 minute\" \/>\n<script type=\"application\/ld+json\" class=\"yoast-schema-graph\">{\"@context\":\"https:\/\/schema.org\",\"@graph\":[{\"@type\":\"WebPage\",\"@id\":\"https:\/\/nordic-drift.com\/fr\/product\/sac-isotherme-dejeuner-deperlant-nordic-drift-storm-rcs-noir\/\",\"url\":\"https:\/\/nordic-drift.com\/fr\/product\/sac-isotherme-dejeuner-deperlant-nordic-drift-storm-rcs-noir\/\",\"name\":\"Sac isotherme d\u00e9jeuner d\u00e9perlant Storm RCS, noir - Nordic Drift\",\"isPartOf\":{\"@id\":\"https:\/\/nordic-drift.com\/fr\/#website\"},\"primaryImageOfPage\":{\"@id\":\"https:\/\/nordic-drift.com\/fr\/product\/sac-isotherme-dejeuner-deperlant-nordic-drift-storm-rcs-noir\/#primaryimage\"},\"image\":{\"@id\":\"https:\/\/nordic-drift.com\/fr\/product\/sac-isotherme-dejeuner-deperlant-nordic-drift-storm-rcs-noir\/#primaryimage\"},\"thumbnailUrl\":\"https:\/\/nordic-drift.com\/wp-content\/uploads\/sites\/14\/2026\/01\/ND210.0501__S_0__fc084ae64e664326974e282ad3b0191e.jpg\",\"datePublished\":\"2026-01-27T14:00:32+00:00\",\"dateModified\":\"2026-03-26T08:33:26+00:00\",\"breadcrumb\":{\"@id\":\"https:\/\/nordic-drift.com\/fr\/product\/sac-isotherme-dejeuner-deperlant-nordic-drift-storm-rcs-noir\/#breadcrumb\"},\"inLanguage\":\"fr-FR\",\"potentialAction\":[{\"@type\":\"ReadAction\",\"target\":[\"https:\/\/nordic-drift.com\/fr\/product\/sac-isotherme-dejeuner-deperlant-nordic-drift-storm-rcs-noir\/\"]}]},{\"@type\":\"ImageObject\",\"inLanguage\":\"fr-FR\",\"@id\":\"https:\/\/nordic-drift.com\/fr\/product\/sac-isotherme-dejeuner-deperlant-nordic-drift-storm-rcs-noir\/#primaryimage\",\"url\":\"https:\/\/nordic-drift.com\/wp-content\/uploads\/sites\/14\/2026\/01\/ND210.0501__S_0__fc084ae64e664326974e282ad3b0191e.jpg\",\"contentUrl\":\"https:\/\/nordic-drift.com\/wp-content\/uploads\/sites\/14\/2026\/01\/ND210.0501__S_0__fc084ae64e664326974e282ad3b0191e.jpg\",\"width\":1024,\"height\":1024},{\"@type\":\"BreadcrumbList\",\"@id\":\"https:\/\/nordic-drift.com\/fr\/product\/sac-isotherme-dejeuner-deperlant-nordic-drift-storm-rcs-noir\/#breadcrumb\",\"itemListElement\":[{\"@type\":\"ListItem\",\"position\":1,\"name\":\"Home\",\"item\":\"https:\/\/nordic-drift.com\/fr\/\"},{\"@type\":\"ListItem\",\"position\":2,\"name\":\"Collection\",\"item\":\"https:\/\/nordic-drift.com\/fr\/collection\/\"},{\"@type\":\"ListItem\",\"position\":3,\"name\":\"Sac isotherme d\u00e9jeuner d\u00e9perlant Storm RCS, noir\"}]},{\"@type\":\"WebSite\",\"@id\":\"https:\/\/nordic-drift.com\/fr\/#website\",\"url\":\"https:\/\/nordic-drift.com\/fr\/\",\"name\":\"Nordic Drift\",\"description\":\"Built to Last, Made to Explore.\",\"potentialAction\":[{\"@type\":\"SearchAction\",\"target\":{\"@type\":\"EntryPoint\",\"urlTemplate\":\"https:\/\/nordic-drift.com\/fr\/?s={search_term_string}\"},\"query-input\":{\"@type\":\"PropertyValueSpecification\",\"valueRequired\":true,\"valueName\":\"search_term_string\"}}],\"inLanguage\":\"fr-FR\"}]}<\/script>\n<!-- \/ Yoast SEO plugin. -->","yoast_head_json":{"title":"Sac isotherme d\u00e9jeuner d\u00e9perlant Storm RCS, noir - Nordic Drift","robots":{"index":"index","follow":"follow","max-snippet":"max-snippet:-1","max-image-preview":"max-image-preview:large","max-video-preview":"max-video-preview:-1"},"canonical":"https:\/\/nordic-drift.com\/fr\/product\/sac-isotherme-dejeuner-deperlant-nordic-drift-storm-rcs-noir\/","og_locale":"fr_FR","og_type":"article","og_title":"Sac isotherme d\u00e9jeuner d\u00e9perlant Storm RCS, noir - Nordic Drift","og_description":"Un sac isotherme pratique pour vos besoins quotidiens. Fabriqu\u00e9 \u00e0 partir de 32% de polyester recycl\u00e9 certifi\u00e9 (RCS) avec un rev\u00eatement PU d\u00e9perlant, il offre une protection contre les intemp\u00e9ries et se nettoie facilement. L&rsquo;isolation en PEVA maintient le contenu \u00e0 la bonne temp\u00e9rature pendant longtemps, garantissant ainsi la fra\u00eecheur de vos aliments et boissons. [&hellip;]","og_url":"https:\/\/nordic-drift.com\/fr\/product\/sac-isotherme-dejeuner-deperlant-nordic-drift-storm-rcs-noir\/","og_site_name":"Nordic Drift","article_modified_time":"2026-03-26T08:33:26+00:00","og_image":[{"width":1024,"height":1024,"url":"https:\/\/nordic-drift.com\/wp-content\/uploads\/sites\/14\/2026\/01\/ND210.0501__S_0__fc084ae64e664326974e282ad3b0191e.jpg","type":"image\/jpeg"}],"twitter_card":"summary_large_image","twitter_misc":{"Dur\u00e9e de lecture estim\u00e9e":"1 minute"},"schema":{"@context":"https:\/\/schema.org","@graph":[{"@type":"WebPage","@id":"https:\/\/nordic-drift.com\/fr\/product\/sac-isotherme-dejeuner-deperlant-nordic-drift-storm-rcs-noir\/","url":"https:\/\/nordic-drift.com\/fr\/product\/sac-isotherme-dejeuner-deperlant-nordic-drift-storm-rcs-noir\/","name":"Sac isotherme d\u00e9jeuner d\u00e9perlant Storm RCS, noir - Nordic Drift","isPartOf":{"@id":"https:\/\/nordic-drift.com\/fr\/#website"},"primaryImageOfPage":{"@id":"https:\/\/nordic-drift.com\/fr\/product\/sac-isotherme-dejeuner-deperlant-nordic-drift-storm-rcs-noir\/#primaryimage"},"image":{"@id":"https:\/\/nordic-drift.com\/fr\/product\/sac-isotherme-dejeuner-deperlant-nordic-drift-storm-rcs-noir\/#primaryimage"},"thumbnailUrl":"https:\/\/nordic-drift.com\/wp-content\/uploads\/sites\/14\/2026\/01\/ND210.0501__S_0__fc084ae64e664326974e282ad3b0191e.jpg","datePublished":"2026-01-27T14:00:32+00:00","dateModified":"2026-03-26T08:33:26+00:00","breadcrumb":{"@id":"https:\/\/nordic-drift.com\/fr\/product\/sac-isotherme-dejeuner-deperlant-nordic-drift-storm-rcs-noir\/#breadcrumb"},"inLanguage":"fr-FR","potentialAction":[{"@type":"ReadAction","target":["https:\/\/nordic-drift.com\/fr\/product\/sac-isotherme-dejeuner-deperlant-nordic-drift-storm-rcs-noir\/"]}]},{"@type":"ImageObject","inLanguage":"fr-FR","@id":"https:\/\/nordic-drift.com\/fr\/product\/sac-isotherme-dejeuner-deperlant-nordic-drift-storm-rcs-noir\/#primaryimage","url":"https:\/\/nordic-drift.com\/wp-content\/uploads\/sites\/14\/2026\/01\/ND210.0501__S_0__fc084ae64e664326974e282ad3b0191e.jpg","contentUrl":"https:\/\/nordic-drift.com\/wp-content\/uploads\/sites\/14\/2026\/01\/ND210.0501__S_0__fc084ae64e664326974e282ad3b0191e.jpg","width":1024,"height":1024},{"@type":"BreadcrumbList","@id":"https:\/\/nordic-drift.com\/fr\/product\/sac-isotherme-dejeuner-deperlant-nordic-drift-storm-rcs-noir\/#breadcrumb","itemListElement":[{"@type":"ListItem","position":1,"name":"Home","item":"https:\/\/nordic-drift.com\/fr\/"},{"@type":"ListItem","position":2,"name":"Collection","item":"https:\/\/nordic-drift.com\/fr\/collection\/"},{"@type":"ListItem","position":3,"name":"Sac isotherme d\u00e9jeuner d\u00e9perlant Storm RCS, noir"}]},{"@type":"WebSite","@id":"https:\/\/nordic-drift.com\/fr\/#website","url":"https:\/\/nordic-drift.com\/fr\/","name":"Nordic Drift","description":"Built to Last, Made to Explore.","potentialAction":[{"@type":"SearchAction","target":{"@type":"EntryPoint","urlTemplate":"https:\/\/nordic-drift.com\/fr\/?s={search_term_string}"},"query-input":{"@type":"PropertyValueSpecification","valueRequired":true,"valueName":"search_term_string"}}],"inLanguage":"fr-FR"}]}},"_links":{"self":[{"href":"https:\/\/nordic-drift.com\/fr\/wp-json\/wp\/v2\/product\/2169","targetHints":{"allow":["GET"]}}],"collection":[{"href":"https:\/\/nordic-drift.com\/fr\/wp-json\/wp\/v2\/product"}],"about":[{"href":"https:\/\/nordic-drift.com\/fr\/wp-json\/wp\/v2\/types\/product"}],"replies":[{"embeddable":true,"href":"https:\/\/nordic-drift.com\/fr\/wp-json\/wp\/v2\/comments?post=2169"}],"wp:featuredmedia":[{"embeddable":true,"href":"https:\/\/nordic-drift.com\/fr\/wp-json\/wp\/v2\/media\/2170"}],"wp:attachment":[{"href":"https:\/\/nordic-drift.com\/fr\/wp-json\/wp\/v2\/media?parent=2169"}],"wp:term":[{"taxonomy":"product_cat","embeddable":true,"href":"https:\/\/nordic-drift.com\/fr\/wp-json\/wp\/v2\/product_cat?post=2169"},{"taxonomy":"product_tag","embeddable":true,"href":"https:\/\/nordic-drift.com\/fr\/wp-json\/wp\/v2\/product_tag?post=2169"}],"curies":[{"name":"wp","href":"https:\/\/api.w.org\/{rel}","templated":true}]}}