{"id":2139,"date":"2026-01-27T14:00:28","date_gmt":"2026-01-27T14:00:28","guid":{"rendered":"https:\/\/nordic-drift.com\/product\/sac-isotherme-22l-deperlant-nordic-drift-rcs-noir\/"},"modified":"2026-03-26T08:33:21","modified_gmt":"2026-03-26T08:33:21","slug":"sac-isotherme-22l-deperlant-nordic-drift-rcs-noir","status":"publish","type":"product","link":"https:\/\/nordic-drift.com\/fr\/product\/sac-isotherme-22l-deperlant-nordic-drift-rcs-noir\/","title":{"rendered":"Sac isotherme 22L d\u00e9perlant RCS, noir"},"content":{"rendered":"<p>Un sac isotherme spacieux avec fermeture \u00e0 enroulement flexible, offrant un volume de rangement r\u00e9glable de 15 \u00e0 22 litres. Fabriqu\u00e9 \u00e0 partir de 34 % de polyester recycl\u00e9 certifi\u00e9 (RCS) avec un rev\u00eatement PU d\u00e9perlant pour un nettoyage facile. Son isolation PEVA extra-\u00e9paisse maintient le contenu \u00e0 la bonne temp\u00e9rature pendant longtemps. Le syst\u00e8me de transport 2 en 1 comprend des poign\u00e9es confortables et une bandouli\u00e8re r\u00e9glable et amovible. Des boucles compatibles avec les mousquetons permettent d&rsquo;attacher facilement vos essentiels, tandis qu&rsquo;une poche ext\u00e9rieure ouverte et un d\u00e9capsuleur int\u00e9gr\u00e9 ajoutent une touche pratique \u00e0 toutes vos aventures. Tous les produits Nordic Drift sont test\u00e9s pour garantir leur qualit\u00e9. Parce que nous croyons fermement en la performance et la durabilit\u00e9 de notre \u00e9quipement, chaque article est couvert par une garantie de 5 ans contre les d\u00e9fauts de fabrication. Certifi\u00e9 par Control Union, CU1162221.<\/p>\n","protected":false},"excerpt":{"rendered":"<p>Un sac isotherme spacieux avec fermeture \u00e0 enroulement flexible, offrant un volume de rangement r\u00e9glable de 15 \u00e0 22 litres. Fabriqu\u00e9 \u00e0 partir de 34 % de polyester recycl\u00e9 certifi\u00e9 (RCS) avec un rev\u00eatement PU d\u00e9perlant pour un nettoyage facile. Son isolation PEVA extra-\u00e9paisse maintient le contenu \u00e0 la bonne temp\u00e9rature pendant longtemps. Le syst\u00e8me [&hellip;]<\/p>\n","protected":false},"featured_media":2140,"comment_status":"closed","ping_status":"closed","template":"","meta":{"_acf_changed":false},"product_cat":[101],"product_tag":[],"class_list":["post-2139","product","type-product","status-publish","has-post-thumbnail","hentry","product_cat-sacs","pa_color-black"],"acf":[],"yoast_head":"<!-- This site is optimized with the Yoast SEO plugin v27.0 - https:\/\/yoast.com\/product\/yoast-seo-wordpress\/ -->\n<title>Sac isotherme 22L d\u00e9perlant RCS, noir - Nordic Drift<\/title>\n<meta name=\"robots\" content=\"index, follow, max-snippet:-1, max-image-preview:large, max-video-preview:-1\" \/>\n<link rel=\"canonical\" href=\"https:\/\/nordic-drift.com\/fr\/product\/sac-isotherme-22l-deperlant-nordic-drift-rcs-noir\/\" \/>\n<meta property=\"og:locale\" content=\"fr_FR\" \/>\n<meta property=\"og:type\" content=\"article\" \/>\n<meta property=\"og:title\" content=\"Sac isotherme 22L d\u00e9perlant RCS, noir - Nordic Drift\" \/>\n<meta property=\"og:description\" content=\"Un sac isotherme spacieux avec fermeture \u00e0 enroulement flexible, offrant un volume de rangement r\u00e9glable de 15 \u00e0 22 litres. Fabriqu\u00e9 \u00e0 partir de 34 % de polyester recycl\u00e9 certifi\u00e9 (RCS) avec un rev\u00eatement PU d\u00e9perlant pour un nettoyage facile. Son isolation PEVA extra-\u00e9paisse maintient le contenu \u00e0 la bonne temp\u00e9rature pendant longtemps. Le syst\u00e8me [&hellip;]\" \/>\n<meta property=\"og:url\" content=\"https:\/\/nordic-drift.com\/fr\/product\/sac-isotherme-22l-deperlant-nordic-drift-rcs-noir\/\" \/>\n<meta property=\"og:site_name\" content=\"Nordic Drift\" \/>\n<meta property=\"article:modified_time\" content=\"2026-03-26T08:33:21+00:00\" \/>\n<meta property=\"og:image\" content=\"https:\/\/nordic-drift.com\/wp-content\/uploads\/sites\/14\/2026\/01\/ND210.0201__S_0__4c3bd3fe36694f51bbb8ccaa54834fd5.jpg\" \/>\n\t<meta property=\"og:image:width\" content=\"1024\" \/>\n\t<meta property=\"og:image:height\" content=\"1024\" \/>\n\t<meta property=\"og:image:type\" content=\"image\/jpeg\" \/>\n<meta name=\"twitter:card\" content=\"summary_large_image\" \/>\n<meta name=\"twitter:label1\" content=\"Dur\u00e9e de lecture estim\u00e9e\" \/>\n\t<meta name=\"twitter:data1\" content=\"1 minute\" \/>\n<script type=\"application\/ld+json\" class=\"yoast-schema-graph\">{\"@context\":\"https:\/\/schema.org\",\"@graph\":[{\"@type\":\"WebPage\",\"@id\":\"https:\/\/nordic-drift.com\/fr\/product\/sac-isotherme-22l-deperlant-nordic-drift-rcs-noir\/\",\"url\":\"https:\/\/nordic-drift.com\/fr\/product\/sac-isotherme-22l-deperlant-nordic-drift-rcs-noir\/\",\"name\":\"Sac isotherme 22L d\u00e9perlant RCS, noir - Nordic Drift\",\"isPartOf\":{\"@id\":\"https:\/\/nordic-drift.com\/fr\/#website\"},\"primaryImageOfPage\":{\"@id\":\"https:\/\/nordic-drift.com\/fr\/product\/sac-isotherme-22l-deperlant-nordic-drift-rcs-noir\/#primaryimage\"},\"image\":{\"@id\":\"https:\/\/nordic-drift.com\/fr\/product\/sac-isotherme-22l-deperlant-nordic-drift-rcs-noir\/#primaryimage\"},\"thumbnailUrl\":\"https:\/\/nordic-drift.com\/wp-content\/uploads\/sites\/14\/2026\/01\/ND210.0201__S_0__4c3bd3fe36694f51bbb8ccaa54834fd5.jpg\",\"datePublished\":\"2026-01-27T14:00:28+00:00\",\"dateModified\":\"2026-03-26T08:33:21+00:00\",\"breadcrumb\":{\"@id\":\"https:\/\/nordic-drift.com\/fr\/product\/sac-isotherme-22l-deperlant-nordic-drift-rcs-noir\/#breadcrumb\"},\"inLanguage\":\"fr-FR\",\"potentialAction\":[{\"@type\":\"ReadAction\",\"target\":[\"https:\/\/nordic-drift.com\/fr\/product\/sac-isotherme-22l-deperlant-nordic-drift-rcs-noir\/\"]}]},{\"@type\":\"ImageObject\",\"inLanguage\":\"fr-FR\",\"@id\":\"https:\/\/nordic-drift.com\/fr\/product\/sac-isotherme-22l-deperlant-nordic-drift-rcs-noir\/#primaryimage\",\"url\":\"https:\/\/nordic-drift.com\/wp-content\/uploads\/sites\/14\/2026\/01\/ND210.0201__S_0__4c3bd3fe36694f51bbb8ccaa54834fd5.jpg\",\"contentUrl\":\"https:\/\/nordic-drift.com\/wp-content\/uploads\/sites\/14\/2026\/01\/ND210.0201__S_0__4c3bd3fe36694f51bbb8ccaa54834fd5.jpg\",\"width\":1024,\"height\":1024},{\"@type\":\"BreadcrumbList\",\"@id\":\"https:\/\/nordic-drift.com\/fr\/product\/sac-isotherme-22l-deperlant-nordic-drift-rcs-noir\/#breadcrumb\",\"itemListElement\":[{\"@type\":\"ListItem\",\"position\":1,\"name\":\"Home\",\"item\":\"https:\/\/nordic-drift.com\/fr\/\"},{\"@type\":\"ListItem\",\"position\":2,\"name\":\"Collection\",\"item\":\"https:\/\/nordic-drift.com\/fr\/collection\/\"},{\"@type\":\"ListItem\",\"position\":3,\"name\":\"Sac isotherme 22L d\u00e9perlant RCS, noir\"}]},{\"@type\":\"WebSite\",\"@id\":\"https:\/\/nordic-drift.com\/fr\/#website\",\"url\":\"https:\/\/nordic-drift.com\/fr\/\",\"name\":\"Nordic Drift\",\"description\":\"Built to Last, Made to Explore.\",\"potentialAction\":[{\"@type\":\"SearchAction\",\"target\":{\"@type\":\"EntryPoint\",\"urlTemplate\":\"https:\/\/nordic-drift.com\/fr\/?s={search_term_string}\"},\"query-input\":{\"@type\":\"PropertyValueSpecification\",\"valueRequired\":true,\"valueName\":\"search_term_string\"}}],\"inLanguage\":\"fr-FR\"}]}<\/script>\n<!-- \/ Yoast SEO plugin. -->","yoast_head_json":{"title":"Sac isotherme 22L d\u00e9perlant RCS, noir - Nordic Drift","robots":{"index":"index","follow":"follow","max-snippet":"max-snippet:-1","max-image-preview":"max-image-preview:large","max-video-preview":"max-video-preview:-1"},"canonical":"https:\/\/nordic-drift.com\/fr\/product\/sac-isotherme-22l-deperlant-nordic-drift-rcs-noir\/","og_locale":"fr_FR","og_type":"article","og_title":"Sac isotherme 22L d\u00e9perlant RCS, noir - Nordic Drift","og_description":"Un sac isotherme spacieux avec fermeture \u00e0 enroulement flexible, offrant un volume de rangement r\u00e9glable de 15 \u00e0 22 litres. Fabriqu\u00e9 \u00e0 partir de 34 % de polyester recycl\u00e9 certifi\u00e9 (RCS) avec un rev\u00eatement PU d\u00e9perlant pour un nettoyage facile. Son isolation PEVA extra-\u00e9paisse maintient le contenu \u00e0 la bonne temp\u00e9rature pendant longtemps. Le syst\u00e8me [&hellip;]","og_url":"https:\/\/nordic-drift.com\/fr\/product\/sac-isotherme-22l-deperlant-nordic-drift-rcs-noir\/","og_site_name":"Nordic Drift","article_modified_time":"2026-03-26T08:33:21+00:00","og_image":[{"width":1024,"height":1024,"url":"https:\/\/nordic-drift.com\/wp-content\/uploads\/sites\/14\/2026\/01\/ND210.0201__S_0__4c3bd3fe36694f51bbb8ccaa54834fd5.jpg","type":"image\/jpeg"}],"twitter_card":"summary_large_image","twitter_misc":{"Dur\u00e9e de lecture estim\u00e9e":"1 minute"},"schema":{"@context":"https:\/\/schema.org","@graph":[{"@type":"WebPage","@id":"https:\/\/nordic-drift.com\/fr\/product\/sac-isotherme-22l-deperlant-nordic-drift-rcs-noir\/","url":"https:\/\/nordic-drift.com\/fr\/product\/sac-isotherme-22l-deperlant-nordic-drift-rcs-noir\/","name":"Sac isotherme 22L d\u00e9perlant RCS, noir - Nordic Drift","isPartOf":{"@id":"https:\/\/nordic-drift.com\/fr\/#website"},"primaryImageOfPage":{"@id":"https:\/\/nordic-drift.com\/fr\/product\/sac-isotherme-22l-deperlant-nordic-drift-rcs-noir\/#primaryimage"},"image":{"@id":"https:\/\/nordic-drift.com\/fr\/product\/sac-isotherme-22l-deperlant-nordic-drift-rcs-noir\/#primaryimage"},"thumbnailUrl":"https:\/\/nordic-drift.com\/wp-content\/uploads\/sites\/14\/2026\/01\/ND210.0201__S_0__4c3bd3fe36694f51bbb8ccaa54834fd5.jpg","datePublished":"2026-01-27T14:00:28+00:00","dateModified":"2026-03-26T08:33:21+00:00","breadcrumb":{"@id":"https:\/\/nordic-drift.com\/fr\/product\/sac-isotherme-22l-deperlant-nordic-drift-rcs-noir\/#breadcrumb"},"inLanguage":"fr-FR","potentialAction":[{"@type":"ReadAction","target":["https:\/\/nordic-drift.com\/fr\/product\/sac-isotherme-22l-deperlant-nordic-drift-rcs-noir\/"]}]},{"@type":"ImageObject","inLanguage":"fr-FR","@id":"https:\/\/nordic-drift.com\/fr\/product\/sac-isotherme-22l-deperlant-nordic-drift-rcs-noir\/#primaryimage","url":"https:\/\/nordic-drift.com\/wp-content\/uploads\/sites\/14\/2026\/01\/ND210.0201__S_0__4c3bd3fe36694f51bbb8ccaa54834fd5.jpg","contentUrl":"https:\/\/nordic-drift.com\/wp-content\/uploads\/sites\/14\/2026\/01\/ND210.0201__S_0__4c3bd3fe36694f51bbb8ccaa54834fd5.jpg","width":1024,"height":1024},{"@type":"BreadcrumbList","@id":"https:\/\/nordic-drift.com\/fr\/product\/sac-isotherme-22l-deperlant-nordic-drift-rcs-noir\/#breadcrumb","itemListElement":[{"@type":"ListItem","position":1,"name":"Home","item":"https:\/\/nordic-drift.com\/fr\/"},{"@type":"ListItem","position":2,"name":"Collection","item":"https:\/\/nordic-drift.com\/fr\/collection\/"},{"@type":"ListItem","position":3,"name":"Sac isotherme 22L d\u00e9perlant RCS, noir"}]},{"@type":"WebSite","@id":"https:\/\/nordic-drift.com\/fr\/#website","url":"https:\/\/nordic-drift.com\/fr\/","name":"Nordic Drift","description":"Built to Last, Made to Explore.","potentialAction":[{"@type":"SearchAction","target":{"@type":"EntryPoint","urlTemplate":"https:\/\/nordic-drift.com\/fr\/?s={search_term_string}"},"query-input":{"@type":"PropertyValueSpecification","valueRequired":true,"valueName":"search_term_string"}}],"inLanguage":"fr-FR"}]}},"_links":{"self":[{"href":"https:\/\/nordic-drift.com\/fr\/wp-json\/wp\/v2\/product\/2139","targetHints":{"allow":["GET"]}}],"collection":[{"href":"https:\/\/nordic-drift.com\/fr\/wp-json\/wp\/v2\/product"}],"about":[{"href":"https:\/\/nordic-drift.com\/fr\/wp-json\/wp\/v2\/types\/product"}],"replies":[{"embeddable":true,"href":"https:\/\/nordic-drift.com\/fr\/wp-json\/wp\/v2\/comments?post=2139"}],"wp:featuredmedia":[{"embeddable":true,"href":"https:\/\/nordic-drift.com\/fr\/wp-json\/wp\/v2\/media\/2140"}],"wp:attachment":[{"href":"https:\/\/nordic-drift.com\/fr\/wp-json\/wp\/v2\/media?parent=2139"}],"wp:term":[{"taxonomy":"product_cat","embeddable":true,"href":"https:\/\/nordic-drift.com\/fr\/wp-json\/wp\/v2\/product_cat?post=2139"},{"taxonomy":"product_tag","embeddable":true,"href":"https:\/\/nordic-drift.com\/fr\/wp-json\/wp\/v2\/product_tag?post=2139"}],"curies":[{"name":"wp","href":"https:\/\/api.w.org\/{rel}","templated":true}]}}