{"id":2062,"date":"2026-01-27T14:00:28","date_gmt":"2026-01-27T14:00:28","guid":{"rendered":"https:\/\/nordic-drift.com\/product\/sac-a-dos-24l-en-rcs-nordic-drift-trail-noir\/"},"modified":"2026-03-26T08:33:16","modified_gmt":"2026-03-26T08:33:16","slug":"sac-a-dos-24l-en-rcs-nordic-drift-trail-noir","status":"publish","type":"product","link":"https:\/\/nordic-drift.com\/fr\/product\/sac-a-dos-24l-en-rcs-nordic-drift-trail-noir\/","title":{"rendered":"Sac \u00e0 dos 24L en RCS Nordic Drift Trail, noir"},"content":{"rendered":"<p>Le sac \u00e0 dos 24L Nordic Drift Trail allie durabilit\u00e9 et fonctionnalit\u00e9 dans un design l\u00e9ger et sans PVC (30 \u00d7 17 \u00d7 47 cm, 750 g) fabriqu\u00e9 \u00e0 partir de polyester recycl\u00e9 certifi\u00e9 RCS avec des touches orange. Il comprend plusieurs compartiments, des boucles \u00e9lastiques\/sangles, des d\u00e9tails r\u00e9fl\u00e9chissants, une housse de pluie et un dos ergonomique en maille avec des sangles r\u00e9glables et un sifflet. Il comprend une \u00e9tiquette FSC\u00ae, enti\u00e8rement tra\u00e7able via les codes QR DPP, et b\u00e9n\u00e9ficie d&rsquo;une garantie de 5 ans. Parfait pour la randonn\u00e9e et les voyages. Chaque sac comprend une \u00e9tiquette FSC\u00ae certifi\u00e9e de qualit\u00e9 sup\u00e9rieure avec des informations d\u00e9taill\u00e9es. Tous les produits Nordic Drift sont test\u00e9s pour leur qualit\u00e9. Parce que nous croyons fermement en la performance et la durabilit\u00e9 de notre \u00e9quipement, chaque article est couvert par une garantie de 5 ans contre les d\u00e9fauts de fabrication.<\/p>\n","protected":false},"excerpt":{"rendered":"<p>Le sac \u00e0 dos 24L Nordic Drift Trail allie durabilit\u00e9 et fonctionnalit\u00e9 dans un design l\u00e9ger et sans PVC (30 \u00d7 17 \u00d7 47 cm, 750 g) fabriqu\u00e9 \u00e0 partir de polyester recycl\u00e9 certifi\u00e9 RCS avec des touches orange. Il comprend plusieurs compartiments, des boucles \u00e9lastiques\/sangles, des d\u00e9tails r\u00e9fl\u00e9chissants, une housse de pluie et un [&hellip;]<\/p>\n","protected":false},"featured_media":2063,"comment_status":"closed","ping_status":"closed","template":"","meta":{"_acf_changed":false},"product_cat":[97,101],"product_tag":[],"class_list":["post-2062","product","type-product","status-publish","has-post-thumbnail","hentry","product_cat-aware","product_cat-sacs","pa_color-black","pa_color-orange"],"acf":[],"yoast_head":"<!-- This site is optimized with the Yoast SEO plugin v27.0 - https:\/\/yoast.com\/product\/yoast-seo-wordpress\/ -->\n<title>Sac \u00e0 dos 24L en RCS Nordic Drift Trail, noir - Nordic Drift<\/title>\n<meta name=\"robots\" content=\"index, follow, max-snippet:-1, max-image-preview:large, max-video-preview:-1\" \/>\n<link rel=\"canonical\" href=\"https:\/\/nordic-drift.com\/fr\/product\/sac-a-dos-24l-en-rcs-nordic-drift-trail-noir\/\" \/>\n<meta property=\"og:locale\" content=\"fr_FR\" \/>\n<meta property=\"og:type\" content=\"article\" \/>\n<meta property=\"og:title\" content=\"Sac \u00e0 dos 24L en RCS Nordic Drift Trail, noir - Nordic Drift\" \/>\n<meta property=\"og:description\" content=\"Le sac \u00e0 dos 24L Nordic Drift Trail allie durabilit\u00e9 et fonctionnalit\u00e9 dans un design l\u00e9ger et sans PVC (30 \u00d7 17 \u00d7 47 cm, 750 g) fabriqu\u00e9 \u00e0 partir de polyester recycl\u00e9 certifi\u00e9 RCS avec des touches orange. Il comprend plusieurs compartiments, des boucles \u00e9lastiques\/sangles, des d\u00e9tails r\u00e9fl\u00e9chissants, une housse de pluie et un [&hellip;]\" \/>\n<meta property=\"og:url\" content=\"https:\/\/nordic-drift.com\/fr\/product\/sac-a-dos-24l-en-rcs-nordic-drift-trail-noir\/\" \/>\n<meta property=\"og:site_name\" content=\"Nordic Drift\" \/>\n<meta property=\"article:modified_time\" content=\"2026-03-26T08:33:16+00:00\" \/>\n<meta property=\"og:image\" content=\"https:\/\/nordic-drift.com\/wp-content\/uploads\/sites\/14\/2026\/01\/ND200.0101__S_0__fd70310a25cd4f7c9bc545ac86072d6c.jpg\" \/>\n\t<meta property=\"og:image:width\" content=\"1024\" \/>\n\t<meta property=\"og:image:height\" content=\"1024\" \/>\n\t<meta property=\"og:image:type\" content=\"image\/jpeg\" \/>\n<meta name=\"twitter:card\" content=\"summary_large_image\" \/>\n<meta name=\"twitter:label1\" content=\"Dur\u00e9e de lecture estim\u00e9e\" \/>\n\t<meta name=\"twitter:data1\" content=\"1 minute\" \/>\n<script type=\"application\/ld+json\" class=\"yoast-schema-graph\">{\"@context\":\"https:\/\/schema.org\",\"@graph\":[{\"@type\":\"WebPage\",\"@id\":\"https:\/\/nordic-drift.com\/fr\/product\/sac-a-dos-24l-en-rcs-nordic-drift-trail-noir\/\",\"url\":\"https:\/\/nordic-drift.com\/fr\/product\/sac-a-dos-24l-en-rcs-nordic-drift-trail-noir\/\",\"name\":\"Sac \u00e0 dos 24L en RCS Nordic Drift Trail, noir - Nordic Drift\",\"isPartOf\":{\"@id\":\"https:\/\/nordic-drift.com\/fr\/#website\"},\"primaryImageOfPage\":{\"@id\":\"https:\/\/nordic-drift.com\/fr\/product\/sac-a-dos-24l-en-rcs-nordic-drift-trail-noir\/#primaryimage\"},\"image\":{\"@id\":\"https:\/\/nordic-drift.com\/fr\/product\/sac-a-dos-24l-en-rcs-nordic-drift-trail-noir\/#primaryimage\"},\"thumbnailUrl\":\"https:\/\/nordic-drift.com\/wp-content\/uploads\/sites\/14\/2026\/01\/ND200.0101__S_0__fd70310a25cd4f7c9bc545ac86072d6c.jpg\",\"datePublished\":\"2026-01-27T14:00:28+00:00\",\"dateModified\":\"2026-03-26T08:33:16+00:00\",\"breadcrumb\":{\"@id\":\"https:\/\/nordic-drift.com\/fr\/product\/sac-a-dos-24l-en-rcs-nordic-drift-trail-noir\/#breadcrumb\"},\"inLanguage\":\"fr-FR\",\"potentialAction\":[{\"@type\":\"ReadAction\",\"target\":[\"https:\/\/nordic-drift.com\/fr\/product\/sac-a-dos-24l-en-rcs-nordic-drift-trail-noir\/\"]}]},{\"@type\":\"ImageObject\",\"inLanguage\":\"fr-FR\",\"@id\":\"https:\/\/nordic-drift.com\/fr\/product\/sac-a-dos-24l-en-rcs-nordic-drift-trail-noir\/#primaryimage\",\"url\":\"https:\/\/nordic-drift.com\/wp-content\/uploads\/sites\/14\/2026\/01\/ND200.0101__S_0__fd70310a25cd4f7c9bc545ac86072d6c.jpg\",\"contentUrl\":\"https:\/\/nordic-drift.com\/wp-content\/uploads\/sites\/14\/2026\/01\/ND200.0101__S_0__fd70310a25cd4f7c9bc545ac86072d6c.jpg\",\"width\":1024,\"height\":1024},{\"@type\":\"BreadcrumbList\",\"@id\":\"https:\/\/nordic-drift.com\/fr\/product\/sac-a-dos-24l-en-rcs-nordic-drift-trail-noir\/#breadcrumb\",\"itemListElement\":[{\"@type\":\"ListItem\",\"position\":1,\"name\":\"Home\",\"item\":\"https:\/\/nordic-drift.com\/fr\/\"},{\"@type\":\"ListItem\",\"position\":2,\"name\":\"Collection\",\"item\":\"https:\/\/nordic-drift.com\/fr\/collection\/\"},{\"@type\":\"ListItem\",\"position\":3,\"name\":\"Sac \u00e0 dos 24L en RCS Nordic Drift Trail, noir\"}]},{\"@type\":\"WebSite\",\"@id\":\"https:\/\/nordic-drift.com\/fr\/#website\",\"url\":\"https:\/\/nordic-drift.com\/fr\/\",\"name\":\"Nordic Drift\",\"description\":\"Built to Last, Made to Explore.\",\"potentialAction\":[{\"@type\":\"SearchAction\",\"target\":{\"@type\":\"EntryPoint\",\"urlTemplate\":\"https:\/\/nordic-drift.com\/fr\/?s={search_term_string}\"},\"query-input\":{\"@type\":\"PropertyValueSpecification\",\"valueRequired\":true,\"valueName\":\"search_term_string\"}}],\"inLanguage\":\"fr-FR\"}]}<\/script>\n<!-- \/ Yoast SEO plugin. -->","yoast_head_json":{"title":"Sac \u00e0 dos 24L en RCS Nordic Drift Trail, noir - Nordic Drift","robots":{"index":"index","follow":"follow","max-snippet":"max-snippet:-1","max-image-preview":"max-image-preview:large","max-video-preview":"max-video-preview:-1"},"canonical":"https:\/\/nordic-drift.com\/fr\/product\/sac-a-dos-24l-en-rcs-nordic-drift-trail-noir\/","og_locale":"fr_FR","og_type":"article","og_title":"Sac \u00e0 dos 24L en RCS Nordic Drift Trail, noir - Nordic Drift","og_description":"Le sac \u00e0 dos 24L Nordic Drift Trail allie durabilit\u00e9 et fonctionnalit\u00e9 dans un design l\u00e9ger et sans PVC (30 \u00d7 17 \u00d7 47 cm, 750 g) fabriqu\u00e9 \u00e0 partir de polyester recycl\u00e9 certifi\u00e9 RCS avec des touches orange. Il comprend plusieurs compartiments, des boucles \u00e9lastiques\/sangles, des d\u00e9tails r\u00e9fl\u00e9chissants, une housse de pluie et un [&hellip;]","og_url":"https:\/\/nordic-drift.com\/fr\/product\/sac-a-dos-24l-en-rcs-nordic-drift-trail-noir\/","og_site_name":"Nordic Drift","article_modified_time":"2026-03-26T08:33:16+00:00","og_image":[{"width":1024,"height":1024,"url":"https:\/\/nordic-drift.com\/wp-content\/uploads\/sites\/14\/2026\/01\/ND200.0101__S_0__fd70310a25cd4f7c9bc545ac86072d6c.jpg","type":"image\/jpeg"}],"twitter_card":"summary_large_image","twitter_misc":{"Dur\u00e9e de lecture estim\u00e9e":"1 minute"},"schema":{"@context":"https:\/\/schema.org","@graph":[{"@type":"WebPage","@id":"https:\/\/nordic-drift.com\/fr\/product\/sac-a-dos-24l-en-rcs-nordic-drift-trail-noir\/","url":"https:\/\/nordic-drift.com\/fr\/product\/sac-a-dos-24l-en-rcs-nordic-drift-trail-noir\/","name":"Sac \u00e0 dos 24L en RCS Nordic Drift Trail, noir - Nordic Drift","isPartOf":{"@id":"https:\/\/nordic-drift.com\/fr\/#website"},"primaryImageOfPage":{"@id":"https:\/\/nordic-drift.com\/fr\/product\/sac-a-dos-24l-en-rcs-nordic-drift-trail-noir\/#primaryimage"},"image":{"@id":"https:\/\/nordic-drift.com\/fr\/product\/sac-a-dos-24l-en-rcs-nordic-drift-trail-noir\/#primaryimage"},"thumbnailUrl":"https:\/\/nordic-drift.com\/wp-content\/uploads\/sites\/14\/2026\/01\/ND200.0101__S_0__fd70310a25cd4f7c9bc545ac86072d6c.jpg","datePublished":"2026-01-27T14:00:28+00:00","dateModified":"2026-03-26T08:33:16+00:00","breadcrumb":{"@id":"https:\/\/nordic-drift.com\/fr\/product\/sac-a-dos-24l-en-rcs-nordic-drift-trail-noir\/#breadcrumb"},"inLanguage":"fr-FR","potentialAction":[{"@type":"ReadAction","target":["https:\/\/nordic-drift.com\/fr\/product\/sac-a-dos-24l-en-rcs-nordic-drift-trail-noir\/"]}]},{"@type":"ImageObject","inLanguage":"fr-FR","@id":"https:\/\/nordic-drift.com\/fr\/product\/sac-a-dos-24l-en-rcs-nordic-drift-trail-noir\/#primaryimage","url":"https:\/\/nordic-drift.com\/wp-content\/uploads\/sites\/14\/2026\/01\/ND200.0101__S_0__fd70310a25cd4f7c9bc545ac86072d6c.jpg","contentUrl":"https:\/\/nordic-drift.com\/wp-content\/uploads\/sites\/14\/2026\/01\/ND200.0101__S_0__fd70310a25cd4f7c9bc545ac86072d6c.jpg","width":1024,"height":1024},{"@type":"BreadcrumbList","@id":"https:\/\/nordic-drift.com\/fr\/product\/sac-a-dos-24l-en-rcs-nordic-drift-trail-noir\/#breadcrumb","itemListElement":[{"@type":"ListItem","position":1,"name":"Home","item":"https:\/\/nordic-drift.com\/fr\/"},{"@type":"ListItem","position":2,"name":"Collection","item":"https:\/\/nordic-drift.com\/fr\/collection\/"},{"@type":"ListItem","position":3,"name":"Sac \u00e0 dos 24L en RCS Nordic Drift Trail, noir"}]},{"@type":"WebSite","@id":"https:\/\/nordic-drift.com\/fr\/#website","url":"https:\/\/nordic-drift.com\/fr\/","name":"Nordic Drift","description":"Built to Last, Made to Explore.","potentialAction":[{"@type":"SearchAction","target":{"@type":"EntryPoint","urlTemplate":"https:\/\/nordic-drift.com\/fr\/?s={search_term_string}"},"query-input":{"@type":"PropertyValueSpecification","valueRequired":true,"valueName":"search_term_string"}}],"inLanguage":"fr-FR"}]}},"_links":{"self":[{"href":"https:\/\/nordic-drift.com\/fr\/wp-json\/wp\/v2\/product\/2062","targetHints":{"allow":["GET"]}}],"collection":[{"href":"https:\/\/nordic-drift.com\/fr\/wp-json\/wp\/v2\/product"}],"about":[{"href":"https:\/\/nordic-drift.com\/fr\/wp-json\/wp\/v2\/types\/product"}],"replies":[{"embeddable":true,"href":"https:\/\/nordic-drift.com\/fr\/wp-json\/wp\/v2\/comments?post=2062"}],"wp:featuredmedia":[{"embeddable":true,"href":"https:\/\/nordic-drift.com\/fr\/wp-json\/wp\/v2\/media\/2063"}],"wp:attachment":[{"href":"https:\/\/nordic-drift.com\/fr\/wp-json\/wp\/v2\/media?parent=2062"}],"wp:term":[{"taxonomy":"product_cat","embeddable":true,"href":"https:\/\/nordic-drift.com\/fr\/wp-json\/wp\/v2\/product_cat?post=2062"},{"taxonomy":"product_tag","embeddable":true,"href":"https:\/\/nordic-drift.com\/fr\/wp-json\/wp\/v2\/product_tag?post=2062"}],"curies":[{"name":"wp","href":"https:\/\/api.w.org\/{rel}","templated":true}]}}