{"id":2025,"date":"2026-01-27T14:00:28","date_gmt":"2026-01-27T14:00:28","guid":{"rendered":"https:\/\/nordic-drift.com\/product\/parapluie-tempete-27-en-rpet-aware-nordic-drift-trail-noir\/"},"modified":"2026-03-26T08:33:14","modified_gmt":"2026-03-26T08:33:14","slug":"parapluie-tempete-27-en-rpet-aware-nordic-drift-trail-noir","status":"publish","type":"product","link":"https:\/\/nordic-drift.com\/fr\/product\/parapluie-tempete-27-en-rpet-aware-nordic-drift-trail-noir\/","title":{"rendered":"Parapluie temp\u00eate 27\u00a0\u00bb en RPET AWARE\u2122 Nordic Drift Trail, noir"},"content":{"rendered":"<p>Le parapluie 27\u00a0\u00bb Nordic Drift Trail AWARE\u2122 RPET offre une protection efficace contre les intemp\u00e9ries avec un indice UPF 50+ dans un design durable et sans PVC. Fabriqu\u00e9 \u00e0 partir de 100 % rPET 190T avec traceur AWARE\u2122, il est dot\u00e9 d&rsquo;un m\u00e2t en acier et d&rsquo;une armature enti\u00e8rement en fibre de verre (8 baleines). Ouverture automatique, fermeture manuelle, poign\u00e9e en EVA avec bouton orange. Dimensions : 94 \u00d7 \u00d8 6 cm pli\u00e9, diam\u00e8tre de la toile \u00d8 140 cm. Comprend une pochette de transport avec logo r\u00e9fl\u00e9chissant et tra\u00e7abilit\u00e9 DPP compl\u00e8te via un code QR. Accompagn\u00e9 d&rsquo;une \u00e9tiquette certifi\u00e9e FSC\u00ae contenant des informations d\u00e9taill\u00e9es. Tous les produits Nordic Drift sont test\u00e9s pour leur qualit\u00e9. Parce que nous croyons fermement en la performance et la durabilit\u00e9 de notre \u00e9quipement, chaque article est couvert par une garantie de 5 ans contre les d\u00e9fauts de fabrication.<\/p>\n","protected":false},"excerpt":{"rendered":"<p>Le parapluie 27\u00a0\u00bb Nordic Drift Trail AWARE\u2122 RPET offre une protection efficace contre les intemp\u00e9ries avec un indice UPF 50+ dans un design durable et sans PVC. Fabriqu\u00e9 \u00e0 partir de 100 % rPET 190T avec traceur AWARE\u2122, il est dot\u00e9 d&rsquo;un m\u00e2t en acier et d&rsquo;une armature enti\u00e8rement en fibre de verre (8 baleines). [&hellip;]<\/p>\n","protected":false},"featured_media":2026,"comment_status":"closed","ping_status":"closed","template":"","meta":{"_acf_changed":false},"product_cat":[90,97],"product_tag":[],"class_list":["post-2025","product","type-product","status-publish","has-post-thumbnail","hentry","product_cat-accessoires","product_cat-aware","pa_color-black"],"acf":[],"yoast_head":"<!-- This site is optimized with the Yoast SEO plugin v27.0 - https:\/\/yoast.com\/product\/yoast-seo-wordpress\/ -->\n<title>Parapluie temp\u00eate 27&#039;&#039; en RPET AWARE\u2122 Nordic Drift Trail, noir - Nordic Drift<\/title>\n<meta name=\"robots\" content=\"index, follow, max-snippet:-1, max-image-preview:large, max-video-preview:-1\" \/>\n<link rel=\"canonical\" href=\"https:\/\/nordic-drift.com\/fr\/product\/parapluie-tempete-27-en-rpet-aware-nordic-drift-trail-noir\/\" \/>\n<meta property=\"og:locale\" content=\"fr_FR\" \/>\n<meta property=\"og:type\" content=\"article\" \/>\n<meta property=\"og:title\" content=\"Parapluie temp\u00eate 27&#039;&#039; en RPET AWARE\u2122 Nordic Drift Trail, noir - Nordic Drift\" \/>\n<meta property=\"og:description\" content=\"Le parapluie 27\u00a0\u00bb Nordic Drift Trail AWARE\u2122 RPET offre une protection efficace contre les intemp\u00e9ries avec un indice UPF 50+ dans un design durable et sans PVC. Fabriqu\u00e9 \u00e0 partir de 100 % rPET 190T avec traceur AWARE\u2122, il est dot\u00e9 d&rsquo;un m\u00e2t en acier et d&rsquo;une armature enti\u00e8rement en fibre de verre (8 baleines). [&hellip;]\" \/>\n<meta property=\"og:url\" content=\"https:\/\/nordic-drift.com\/fr\/product\/parapluie-tempete-27-en-rpet-aware-nordic-drift-trail-noir\/\" \/>\n<meta property=\"og:site_name\" content=\"Nordic Drift\" \/>\n<meta property=\"article:modified_time\" content=\"2026-03-26T08:33:14+00:00\" \/>\n<meta property=\"og:image\" content=\"https:\/\/nordic-drift.com\/wp-content\/uploads\/sites\/14\/2026\/02\/ND160.0101__S_0__e50d71b9d270489198d3cb3fa62b236f.jpg\" \/>\n\t<meta property=\"og:image:width\" content=\"1024\" \/>\n\t<meta property=\"og:image:height\" content=\"1024\" \/>\n\t<meta property=\"og:image:type\" content=\"image\/jpeg\" \/>\n<meta name=\"twitter:card\" content=\"summary_large_image\" \/>\n<meta name=\"twitter:label1\" content=\"Dur\u00e9e de lecture estim\u00e9e\" \/>\n\t<meta name=\"twitter:data1\" content=\"1 minute\" \/>\n<script type=\"application\/ld+json\" class=\"yoast-schema-graph\">{\"@context\":\"https:\/\/schema.org\",\"@graph\":[{\"@type\":\"WebPage\",\"@id\":\"https:\/\/nordic-drift.com\/fr\/product\/parapluie-tempete-27-en-rpet-aware-nordic-drift-trail-noir\/\",\"url\":\"https:\/\/nordic-drift.com\/fr\/product\/parapluie-tempete-27-en-rpet-aware-nordic-drift-trail-noir\/\",\"name\":\"Parapluie temp\u00eate 27'' en RPET AWARE\u2122 Nordic Drift Trail, noir - Nordic Drift\",\"isPartOf\":{\"@id\":\"https:\/\/nordic-drift.com\/fr\/#website\"},\"primaryImageOfPage\":{\"@id\":\"https:\/\/nordic-drift.com\/fr\/product\/parapluie-tempete-27-en-rpet-aware-nordic-drift-trail-noir\/#primaryimage\"},\"image\":{\"@id\":\"https:\/\/nordic-drift.com\/fr\/product\/parapluie-tempete-27-en-rpet-aware-nordic-drift-trail-noir\/#primaryimage\"},\"thumbnailUrl\":\"https:\/\/nordic-drift.com\/wp-content\/uploads\/sites\/14\/2026\/02\/ND160.0101__S_0__e50d71b9d270489198d3cb3fa62b236f.jpg\",\"datePublished\":\"2026-01-27T14:00:28+00:00\",\"dateModified\":\"2026-03-26T08:33:14+00:00\",\"breadcrumb\":{\"@id\":\"https:\/\/nordic-drift.com\/fr\/product\/parapluie-tempete-27-en-rpet-aware-nordic-drift-trail-noir\/#breadcrumb\"},\"inLanguage\":\"fr-FR\",\"potentialAction\":[{\"@type\":\"ReadAction\",\"target\":[\"https:\/\/nordic-drift.com\/fr\/product\/parapluie-tempete-27-en-rpet-aware-nordic-drift-trail-noir\/\"]}]},{\"@type\":\"ImageObject\",\"inLanguage\":\"fr-FR\",\"@id\":\"https:\/\/nordic-drift.com\/fr\/product\/parapluie-tempete-27-en-rpet-aware-nordic-drift-trail-noir\/#primaryimage\",\"url\":\"https:\/\/nordic-drift.com\/wp-content\/uploads\/sites\/14\/2026\/02\/ND160.0101__S_0__e50d71b9d270489198d3cb3fa62b236f.jpg\",\"contentUrl\":\"https:\/\/nordic-drift.com\/wp-content\/uploads\/sites\/14\/2026\/02\/ND160.0101__S_0__e50d71b9d270489198d3cb3fa62b236f.jpg\",\"width\":1024,\"height\":1024},{\"@type\":\"BreadcrumbList\",\"@id\":\"https:\/\/nordic-drift.com\/fr\/product\/parapluie-tempete-27-en-rpet-aware-nordic-drift-trail-noir\/#breadcrumb\",\"itemListElement\":[{\"@type\":\"ListItem\",\"position\":1,\"name\":\"Home\",\"item\":\"https:\/\/nordic-drift.com\/fr\/\"},{\"@type\":\"ListItem\",\"position\":2,\"name\":\"Collection\",\"item\":\"https:\/\/nordic-drift.com\/fr\/collection\/\"},{\"@type\":\"ListItem\",\"position\":3,\"name\":\"Parapluie temp\u00eate 27&#8221; en RPET AWARE\u2122 Nordic Drift Trail, noir\"}]},{\"@type\":\"WebSite\",\"@id\":\"https:\/\/nordic-drift.com\/fr\/#website\",\"url\":\"https:\/\/nordic-drift.com\/fr\/\",\"name\":\"Nordic Drift\",\"description\":\"Built to Last, Made to Explore.\",\"potentialAction\":[{\"@type\":\"SearchAction\",\"target\":{\"@type\":\"EntryPoint\",\"urlTemplate\":\"https:\/\/nordic-drift.com\/fr\/?s={search_term_string}\"},\"query-input\":{\"@type\":\"PropertyValueSpecification\",\"valueRequired\":true,\"valueName\":\"search_term_string\"}}],\"inLanguage\":\"fr-FR\"}]}<\/script>\n<!-- \/ Yoast SEO plugin. -->","yoast_head_json":{"title":"Parapluie temp\u00eate 27'' en RPET AWARE\u2122 Nordic Drift Trail, noir - Nordic Drift","robots":{"index":"index","follow":"follow","max-snippet":"max-snippet:-1","max-image-preview":"max-image-preview:large","max-video-preview":"max-video-preview:-1"},"canonical":"https:\/\/nordic-drift.com\/fr\/product\/parapluie-tempete-27-en-rpet-aware-nordic-drift-trail-noir\/","og_locale":"fr_FR","og_type":"article","og_title":"Parapluie temp\u00eate 27'' en RPET AWARE\u2122 Nordic Drift Trail, noir - Nordic Drift","og_description":"Le parapluie 27\u00a0\u00bb Nordic Drift Trail AWARE\u2122 RPET offre une protection efficace contre les intemp\u00e9ries avec un indice UPF 50+ dans un design durable et sans PVC. Fabriqu\u00e9 \u00e0 partir de 100 % rPET 190T avec traceur AWARE\u2122, il est dot\u00e9 d&rsquo;un m\u00e2t en acier et d&rsquo;une armature enti\u00e8rement en fibre de verre (8 baleines). [&hellip;]","og_url":"https:\/\/nordic-drift.com\/fr\/product\/parapluie-tempete-27-en-rpet-aware-nordic-drift-trail-noir\/","og_site_name":"Nordic Drift","article_modified_time":"2026-03-26T08:33:14+00:00","og_image":[{"width":1024,"height":1024,"url":"https:\/\/nordic-drift.com\/wp-content\/uploads\/sites\/14\/2026\/02\/ND160.0101__S_0__e50d71b9d270489198d3cb3fa62b236f.jpg","type":"image\/jpeg"}],"twitter_card":"summary_large_image","twitter_misc":{"Dur\u00e9e de lecture estim\u00e9e":"1 minute"},"schema":{"@context":"https:\/\/schema.org","@graph":[{"@type":"WebPage","@id":"https:\/\/nordic-drift.com\/fr\/product\/parapluie-tempete-27-en-rpet-aware-nordic-drift-trail-noir\/","url":"https:\/\/nordic-drift.com\/fr\/product\/parapluie-tempete-27-en-rpet-aware-nordic-drift-trail-noir\/","name":"Parapluie temp\u00eate 27'' en RPET AWARE\u2122 Nordic Drift Trail, noir - Nordic Drift","isPartOf":{"@id":"https:\/\/nordic-drift.com\/fr\/#website"},"primaryImageOfPage":{"@id":"https:\/\/nordic-drift.com\/fr\/product\/parapluie-tempete-27-en-rpet-aware-nordic-drift-trail-noir\/#primaryimage"},"image":{"@id":"https:\/\/nordic-drift.com\/fr\/product\/parapluie-tempete-27-en-rpet-aware-nordic-drift-trail-noir\/#primaryimage"},"thumbnailUrl":"https:\/\/nordic-drift.com\/wp-content\/uploads\/sites\/14\/2026\/02\/ND160.0101__S_0__e50d71b9d270489198d3cb3fa62b236f.jpg","datePublished":"2026-01-27T14:00:28+00:00","dateModified":"2026-03-26T08:33:14+00:00","breadcrumb":{"@id":"https:\/\/nordic-drift.com\/fr\/product\/parapluie-tempete-27-en-rpet-aware-nordic-drift-trail-noir\/#breadcrumb"},"inLanguage":"fr-FR","potentialAction":[{"@type":"ReadAction","target":["https:\/\/nordic-drift.com\/fr\/product\/parapluie-tempete-27-en-rpet-aware-nordic-drift-trail-noir\/"]}]},{"@type":"ImageObject","inLanguage":"fr-FR","@id":"https:\/\/nordic-drift.com\/fr\/product\/parapluie-tempete-27-en-rpet-aware-nordic-drift-trail-noir\/#primaryimage","url":"https:\/\/nordic-drift.com\/wp-content\/uploads\/sites\/14\/2026\/02\/ND160.0101__S_0__e50d71b9d270489198d3cb3fa62b236f.jpg","contentUrl":"https:\/\/nordic-drift.com\/wp-content\/uploads\/sites\/14\/2026\/02\/ND160.0101__S_0__e50d71b9d270489198d3cb3fa62b236f.jpg","width":1024,"height":1024},{"@type":"BreadcrumbList","@id":"https:\/\/nordic-drift.com\/fr\/product\/parapluie-tempete-27-en-rpet-aware-nordic-drift-trail-noir\/#breadcrumb","itemListElement":[{"@type":"ListItem","position":1,"name":"Home","item":"https:\/\/nordic-drift.com\/fr\/"},{"@type":"ListItem","position":2,"name":"Collection","item":"https:\/\/nordic-drift.com\/fr\/collection\/"},{"@type":"ListItem","position":3,"name":"Parapluie temp\u00eate 27&#8221; en RPET AWARE\u2122 Nordic Drift Trail, noir"}]},{"@type":"WebSite","@id":"https:\/\/nordic-drift.com\/fr\/#website","url":"https:\/\/nordic-drift.com\/fr\/","name":"Nordic Drift","description":"Built to Last, Made to Explore.","potentialAction":[{"@type":"SearchAction","target":{"@type":"EntryPoint","urlTemplate":"https:\/\/nordic-drift.com\/fr\/?s={search_term_string}"},"query-input":{"@type":"PropertyValueSpecification","valueRequired":true,"valueName":"search_term_string"}}],"inLanguage":"fr-FR"}]}},"_links":{"self":[{"href":"https:\/\/nordic-drift.com\/fr\/wp-json\/wp\/v2\/product\/2025","targetHints":{"allow":["GET"]}}],"collection":[{"href":"https:\/\/nordic-drift.com\/fr\/wp-json\/wp\/v2\/product"}],"about":[{"href":"https:\/\/nordic-drift.com\/fr\/wp-json\/wp\/v2\/types\/product"}],"replies":[{"embeddable":true,"href":"https:\/\/nordic-drift.com\/fr\/wp-json\/wp\/v2\/comments?post=2025"}],"wp:featuredmedia":[{"embeddable":true,"href":"https:\/\/nordic-drift.com\/fr\/wp-json\/wp\/v2\/media\/2026"}],"wp:attachment":[{"href":"https:\/\/nordic-drift.com\/fr\/wp-json\/wp\/v2\/media?parent=2025"}],"wp:term":[{"taxonomy":"product_cat","embeddable":true,"href":"https:\/\/nordic-drift.com\/fr\/wp-json\/wp\/v2\/product_cat?post=2025"},{"taxonomy":"product_tag","embeddable":true,"href":"https:\/\/nordic-drift.com\/fr\/wp-json\/wp\/v2\/product_tag?post=2025"}],"curies":[{"name":"wp","href":"https:\/\/api.w.org\/{rel}","templated":true}]}}