{"id":2004,"date":"2026-03-26T08:22:36","date_gmt":"2026-03-26T08:22:36","guid":{"rendered":"https:\/\/nordic-drift.com\/product\/hamac-nordic-drift-grs-trail-noir\/"},"modified":"2026-03-26T08:33:12","modified_gmt":"2026-03-26T08:33:12","slug":"hamac-nordic-drift-grs-trail-noir","status":"publish","type":"product","link":"https:\/\/nordic-drift.com\/fr\/product\/hamac-nordic-drift-grs-trail-noir\/","title":{"rendered":"Hamac GRS Trail, noir"},"content":{"rendered":"<p>D\u00e9couvrez le hamac Nordic Drift. Un compagnon l\u00e9ger, compact et facile \u00e0 transporter pour toutes vos aventures. Fabriqu\u00e9 \u00e0 partir de 44 % de nylon recycl\u00e9 certifi\u00e9 (GRS), il se range facilement dans une pochette int\u00e9gr\u00e9e pratique qui permet de le transporter, de le ranger et de l&#8217;emporter partout. Avec ses dimensions g\u00e9n\u00e9reuses (140 \u00d7 270 cm) et sa capacit\u00e9 de charge maximale de 180 kg, il est parfait pour se d\u00e9tendre seul ou \u00e0 plusieurs. La pochette int\u00e9gr\u00e9e permet de ranger proprement le hamac avec ses mousquetons cousus et ses deux sangles de fixation r\u00e9sistantes. Une fois d\u00e9pli\u00e9e, elle fait \u00e9galement office de poche lat\u00e9rale pratique, id\u00e9ale pour garder \u00e0 port\u00e9e de main les petits objets essentiels pendant que vous vous d\u00e9tendez. Mode d&#8217;emploi inclus. Tous les produits Nordic Drift sont test\u00e9s pour garantir leur qualit\u00e9. Parce que nous croyons fermement en la performance et la durabilit\u00e9 de notre \u00e9quipement, chaque article est couvert par une garantie de 5 ans contre les d\u00e9fauts de<\/p>\n","protected":false},"excerpt":{"rendered":"<p>D\u00e9couvrez le hamac Nordic Drift. Un compagnon l\u00e9ger, compact et facile \u00e0 transporter pour toutes vos aventures. Fabriqu\u00e9 \u00e0 partir de 44 % de nylon recycl\u00e9 certifi\u00e9 (GRS), il se range facilement dans une pochette int\u00e9gr\u00e9e pratique qui permet de le transporter, de le ranger et de l&#8217;emporter partout. Avec ses dimensions g\u00e9n\u00e9reuses (140 \u00d7 [&hellip;]<\/p>\n","protected":false},"featured_media":6088,"comment_status":"closed","ping_status":"closed","template":"","meta":{"_acf_changed":false},"product_cat":[90],"product_tag":[],"class_list":["post-2004","product","type-product","status-publish","has-post-thumbnail","hentry","product_cat-accessoires","pa_color-black"],"acf":[],"yoast_head":"<!-- This site is optimized with the Yoast SEO plugin v27.0 - https:\/\/yoast.com\/product\/yoast-seo-wordpress\/ -->\n<title>Hamac GRS Trail, noir - Nordic Drift<\/title>\n<meta name=\"robots\" content=\"index, follow, max-snippet:-1, max-image-preview:large, max-video-preview:-1\" \/>\n<link rel=\"canonical\" href=\"https:\/\/nordic-drift.com\/fr\/product\/hamac-nordic-drift-grs-trail-noir\/\" \/>\n<meta property=\"og:locale\" content=\"fr_FR\" \/>\n<meta property=\"og:type\" content=\"article\" \/>\n<meta property=\"og:title\" content=\"Hamac GRS Trail, noir - Nordic Drift\" \/>\n<meta property=\"og:description\" content=\"D\u00e9couvrez le hamac Nordic Drift. Un compagnon l\u00e9ger, compact et facile \u00e0 transporter pour toutes vos aventures. Fabriqu\u00e9 \u00e0 partir de 44 % de nylon recycl\u00e9 certifi\u00e9 (GRS), il se range facilement dans une pochette int\u00e9gr\u00e9e pratique qui permet de le transporter, de le ranger et de l&#8217;emporter partout. Avec ses dimensions g\u00e9n\u00e9reuses (140 \u00d7 [&hellip;]\" \/>\n<meta property=\"og:url\" content=\"https:\/\/nordic-drift.com\/fr\/product\/hamac-nordic-drift-grs-trail-noir\/\" \/>\n<meta property=\"og:site_name\" content=\"Nordic Drift\" \/>\n<meta property=\"article:modified_time\" content=\"2026-03-26T08:33:12+00:00\" \/>\n<meta property=\"og:image\" content=\"https:\/\/nordic-drift.com\/wp-content\/uploads\/sites\/14\/2026\/03\/ND150.0101__S_0__6f2d0a7855964ed4b334168fe001ef7b.jpg\" \/>\n\t<meta property=\"og:image:width\" content=\"1024\" \/>\n\t<meta property=\"og:image:height\" content=\"1024\" \/>\n\t<meta property=\"og:image:type\" content=\"image\/jpeg\" \/>\n<meta name=\"twitter:card\" content=\"summary_large_image\" \/>\n<meta name=\"twitter:label1\" content=\"Dur\u00e9e de lecture estim\u00e9e\" \/>\n\t<meta name=\"twitter:data1\" content=\"1 minute\" \/>\n<script type=\"application\/ld+json\" class=\"yoast-schema-graph\">{\"@context\":\"https:\/\/schema.org\",\"@graph\":[{\"@type\":\"WebPage\",\"@id\":\"https:\/\/nordic-drift.com\/fr\/product\/hamac-nordic-drift-grs-trail-noir\/\",\"url\":\"https:\/\/nordic-drift.com\/fr\/product\/hamac-nordic-drift-grs-trail-noir\/\",\"name\":\"Hamac GRS Trail, noir - Nordic Drift\",\"isPartOf\":{\"@id\":\"https:\/\/nordic-drift.com\/fr\/#website\"},\"primaryImageOfPage\":{\"@id\":\"https:\/\/nordic-drift.com\/fr\/product\/hamac-nordic-drift-grs-trail-noir\/#primaryimage\"},\"image\":{\"@id\":\"https:\/\/nordic-drift.com\/fr\/product\/hamac-nordic-drift-grs-trail-noir\/#primaryimage\"},\"thumbnailUrl\":\"https:\/\/nordic-drift.com\/wp-content\/uploads\/sites\/14\/2026\/03\/ND150.0101__S_0__6f2d0a7855964ed4b334168fe001ef7b.jpg\",\"datePublished\":\"2026-03-26T08:22:36+00:00\",\"dateModified\":\"2026-03-26T08:33:12+00:00\",\"breadcrumb\":{\"@id\":\"https:\/\/nordic-drift.com\/fr\/product\/hamac-nordic-drift-grs-trail-noir\/#breadcrumb\"},\"inLanguage\":\"fr-FR\",\"potentialAction\":[{\"@type\":\"ReadAction\",\"target\":[\"https:\/\/nordic-drift.com\/fr\/product\/hamac-nordic-drift-grs-trail-noir\/\"]}]},{\"@type\":\"ImageObject\",\"inLanguage\":\"fr-FR\",\"@id\":\"https:\/\/nordic-drift.com\/fr\/product\/hamac-nordic-drift-grs-trail-noir\/#primaryimage\",\"url\":\"https:\/\/nordic-drift.com\/wp-content\/uploads\/sites\/14\/2026\/03\/ND150.0101__S_0__6f2d0a7855964ed4b334168fe001ef7b.jpg\",\"contentUrl\":\"https:\/\/nordic-drift.com\/wp-content\/uploads\/sites\/14\/2026\/03\/ND150.0101__S_0__6f2d0a7855964ed4b334168fe001ef7b.jpg\",\"width\":1024,\"height\":1024},{\"@type\":\"BreadcrumbList\",\"@id\":\"https:\/\/nordic-drift.com\/fr\/product\/hamac-nordic-drift-grs-trail-noir\/#breadcrumb\",\"itemListElement\":[{\"@type\":\"ListItem\",\"position\":1,\"name\":\"Home\",\"item\":\"https:\/\/nordic-drift.com\/fr\/\"},{\"@type\":\"ListItem\",\"position\":2,\"name\":\"Collection\",\"item\":\"https:\/\/nordic-drift.com\/fr\/collection\/\"},{\"@type\":\"ListItem\",\"position\":3,\"name\":\"Hamac GRS Trail, noir\"}]},{\"@type\":\"WebSite\",\"@id\":\"https:\/\/nordic-drift.com\/fr\/#website\",\"url\":\"https:\/\/nordic-drift.com\/fr\/\",\"name\":\"Nordic Drift\",\"description\":\"Built to Last, Made to Explore.\",\"potentialAction\":[{\"@type\":\"SearchAction\",\"target\":{\"@type\":\"EntryPoint\",\"urlTemplate\":\"https:\/\/nordic-drift.com\/fr\/?s={search_term_string}\"},\"query-input\":{\"@type\":\"PropertyValueSpecification\",\"valueRequired\":true,\"valueName\":\"search_term_string\"}}],\"inLanguage\":\"fr-FR\"}]}<\/script>\n<!-- \/ Yoast SEO plugin. -->","yoast_head_json":{"title":"Hamac GRS Trail, noir - Nordic Drift","robots":{"index":"index","follow":"follow","max-snippet":"max-snippet:-1","max-image-preview":"max-image-preview:large","max-video-preview":"max-video-preview:-1"},"canonical":"https:\/\/nordic-drift.com\/fr\/product\/hamac-nordic-drift-grs-trail-noir\/","og_locale":"fr_FR","og_type":"article","og_title":"Hamac GRS Trail, noir - Nordic Drift","og_description":"D\u00e9couvrez le hamac Nordic Drift. Un compagnon l\u00e9ger, compact et facile \u00e0 transporter pour toutes vos aventures. Fabriqu\u00e9 \u00e0 partir de 44 % de nylon recycl\u00e9 certifi\u00e9 (GRS), il se range facilement dans une pochette int\u00e9gr\u00e9e pratique qui permet de le transporter, de le ranger et de l&#8217;emporter partout. Avec ses dimensions g\u00e9n\u00e9reuses (140 \u00d7 [&hellip;]","og_url":"https:\/\/nordic-drift.com\/fr\/product\/hamac-nordic-drift-grs-trail-noir\/","og_site_name":"Nordic Drift","article_modified_time":"2026-03-26T08:33:12+00:00","og_image":[{"width":1024,"height":1024,"url":"https:\/\/nordic-drift.com\/wp-content\/uploads\/sites\/14\/2026\/03\/ND150.0101__S_0__6f2d0a7855964ed4b334168fe001ef7b.jpg","type":"image\/jpeg"}],"twitter_card":"summary_large_image","twitter_misc":{"Dur\u00e9e de lecture estim\u00e9e":"1 minute"},"schema":{"@context":"https:\/\/schema.org","@graph":[{"@type":"WebPage","@id":"https:\/\/nordic-drift.com\/fr\/product\/hamac-nordic-drift-grs-trail-noir\/","url":"https:\/\/nordic-drift.com\/fr\/product\/hamac-nordic-drift-grs-trail-noir\/","name":"Hamac GRS Trail, noir - Nordic Drift","isPartOf":{"@id":"https:\/\/nordic-drift.com\/fr\/#website"},"primaryImageOfPage":{"@id":"https:\/\/nordic-drift.com\/fr\/product\/hamac-nordic-drift-grs-trail-noir\/#primaryimage"},"image":{"@id":"https:\/\/nordic-drift.com\/fr\/product\/hamac-nordic-drift-grs-trail-noir\/#primaryimage"},"thumbnailUrl":"https:\/\/nordic-drift.com\/wp-content\/uploads\/sites\/14\/2026\/03\/ND150.0101__S_0__6f2d0a7855964ed4b334168fe001ef7b.jpg","datePublished":"2026-03-26T08:22:36+00:00","dateModified":"2026-03-26T08:33:12+00:00","breadcrumb":{"@id":"https:\/\/nordic-drift.com\/fr\/product\/hamac-nordic-drift-grs-trail-noir\/#breadcrumb"},"inLanguage":"fr-FR","potentialAction":[{"@type":"ReadAction","target":["https:\/\/nordic-drift.com\/fr\/product\/hamac-nordic-drift-grs-trail-noir\/"]}]},{"@type":"ImageObject","inLanguage":"fr-FR","@id":"https:\/\/nordic-drift.com\/fr\/product\/hamac-nordic-drift-grs-trail-noir\/#primaryimage","url":"https:\/\/nordic-drift.com\/wp-content\/uploads\/sites\/14\/2026\/03\/ND150.0101__S_0__6f2d0a7855964ed4b334168fe001ef7b.jpg","contentUrl":"https:\/\/nordic-drift.com\/wp-content\/uploads\/sites\/14\/2026\/03\/ND150.0101__S_0__6f2d0a7855964ed4b334168fe001ef7b.jpg","width":1024,"height":1024},{"@type":"BreadcrumbList","@id":"https:\/\/nordic-drift.com\/fr\/product\/hamac-nordic-drift-grs-trail-noir\/#breadcrumb","itemListElement":[{"@type":"ListItem","position":1,"name":"Home","item":"https:\/\/nordic-drift.com\/fr\/"},{"@type":"ListItem","position":2,"name":"Collection","item":"https:\/\/nordic-drift.com\/fr\/collection\/"},{"@type":"ListItem","position":3,"name":"Hamac GRS Trail, noir"}]},{"@type":"WebSite","@id":"https:\/\/nordic-drift.com\/fr\/#website","url":"https:\/\/nordic-drift.com\/fr\/","name":"Nordic Drift","description":"Built to Last, Made to Explore.","potentialAction":[{"@type":"SearchAction","target":{"@type":"EntryPoint","urlTemplate":"https:\/\/nordic-drift.com\/fr\/?s={search_term_string}"},"query-input":{"@type":"PropertyValueSpecification","valueRequired":true,"valueName":"search_term_string"}}],"inLanguage":"fr-FR"}]}},"_links":{"self":[{"href":"https:\/\/nordic-drift.com\/fr\/wp-json\/wp\/v2\/product\/2004","targetHints":{"allow":["GET"]}}],"collection":[{"href":"https:\/\/nordic-drift.com\/fr\/wp-json\/wp\/v2\/product"}],"about":[{"href":"https:\/\/nordic-drift.com\/fr\/wp-json\/wp\/v2\/types\/product"}],"replies":[{"embeddable":true,"href":"https:\/\/nordic-drift.com\/fr\/wp-json\/wp\/v2\/comments?post=2004"}],"wp:featuredmedia":[{"embeddable":true,"href":"https:\/\/nordic-drift.com\/fr\/wp-json\/wp\/v2\/media\/6088"}],"wp:attachment":[{"href":"https:\/\/nordic-drift.com\/fr\/wp-json\/wp\/v2\/media?parent=2004"}],"wp:term":[{"taxonomy":"product_cat","embeddable":true,"href":"https:\/\/nordic-drift.com\/fr\/wp-json\/wp\/v2\/product_cat?post=2004"},{"taxonomy":"product_tag","embeddable":true,"href":"https:\/\/nordic-drift.com\/fr\/wp-json\/wp\/v2\/product_tag?post=2004"}],"curies":[{"name":"wp","href":"https:\/\/api.w.org\/{rel}","templated":true}]}}