{"id":4111,"date":"2026-01-27T14:00:40","date_gmt":"2026-01-27T14:00:40","guid":{"rendered":"https:\/\/nordic-drift.com\/product\/gorro-nordic-drift-rcs-horizon-upf-50-beige\/"},"modified":"2026-03-19T09:34:51","modified_gmt":"2026-03-19T09:34:51","slug":"gorro-nordic-drift-rcs-horizon-upf-50-beige","status":"publish","type":"product","link":"https:\/\/nordic-drift.com\/es\/product\/gorro-nordic-drift-rcs-horizon-upf-50-beige\/","title":{"rendered":"Gorro Nordic Drift RCS Horizon UPF 50+, beige"},"content":{"rendered":"<p>Gorro ligero, transpirable y vers\u00e1til para cualquier aventura. Fabricado con un 84% de nailon reciclado certificado (RCS), ofrece comodidad durante todo el d\u00eda, manteni\u00e9ndote fresco y reduciendo el sudor y la irritaci\u00f3n. Con FPS 50+, te protege de los da\u00f1inos rayos UVA y UVB. Su distintiva construcci\u00f3n de 5 paneles mejora el ajuste y la comodidad, mientras que su dise\u00f1o plegable y empacable facilita enrollarlo o guardarlo en tu bolso. Es el compa\u00f1ero perfecto para viajes, senderismo o actividades al aire libre. Con un ajuste flexible y un cord\u00f3n en la barbilla para una estabilidad resistente al viento, este gorro combina estilo, funcionalidad y un rendimiento listo para la aventura. Todos los productos Nordic Drift se someten a pruebas de calidad. Porque creemos firmemente en el rendimiento y la durabilidad de nuestros equipos, cada art\u00edculo cuenta con una garant\u00eda de 5 a\u00f1os contra defectos de fabricaci\u00f3n. Para m\u00e1s informaci\u00f3n, visita www.nordic-drift.<\/p>\n","protected":false},"excerpt":{"rendered":"<p>Gorro ligero, transpirable y vers\u00e1til para cualquier aventura. Fabricado con un 84% de nailon reciclado certificado (RCS), ofrece comodidad durante todo el d\u00eda, manteni\u00e9ndote fresco y reduciendo el sudor y la irritaci\u00f3n. Con FPS 50+, te protege de los da\u00f1inos rayos UVA y UVB. Su distintiva construcci\u00f3n de 5 paneles mejora el ajuste y la [&hellip;]<\/p>\n","protected":false},"featured_media":4112,"comment_status":"closed","ping_status":"closed","template":"","meta":{"_acf_changed":false},"product_cat":[93,99],"product_tag":[],"class_list":["post-4111","product","type-product","status-publish","has-post-thumbnail","hentry","product_cat-accesorios","product_cat-aware","pa_color-beige"],"acf":[],"yoast_head":"<!-- This site is optimized with the Yoast SEO plugin v27.0 - https:\/\/yoast.com\/product\/yoast-seo-wordpress\/ -->\n<title>Gorro Nordic Drift RCS Horizon UPF 50+, beige - Nordic Drift<\/title>\n<meta name=\"robots\" content=\"index, follow, max-snippet:-1, max-image-preview:large, max-video-preview:-1\" \/>\n<link rel=\"canonical\" href=\"https:\/\/nordic-drift.com\/es\/product\/gorro-nordic-drift-rcs-horizon-upf-50-beige\/\" \/>\n<meta property=\"og:locale\" content=\"es_ES\" \/>\n<meta property=\"og:type\" content=\"article\" \/>\n<meta property=\"og:title\" content=\"Gorro Nordic Drift RCS Horizon UPF 50+, beige - Nordic Drift\" \/>\n<meta property=\"og:description\" content=\"Gorro ligero, transpirable y vers\u00e1til para cualquier aventura. Fabricado con un 84% de nailon reciclado certificado (RCS), ofrece comodidad durante todo el d\u00eda, manteni\u00e9ndote fresco y reduciendo el sudor y la irritaci\u00f3n. Con FPS 50+, te protege de los da\u00f1inos rayos UVA y UVB. Su distintiva construcci\u00f3n de 5 paneles mejora el ajuste y la [&hellip;]\" \/>\n<meta property=\"og:url\" content=\"https:\/\/nordic-drift.com\/es\/product\/gorro-nordic-drift-rcs-horizon-upf-50-beige\/\" \/>\n<meta property=\"og:site_name\" content=\"Nordic Drift\" \/>\n<meta property=\"article:modified_time\" content=\"2026-03-19T09:34:51+00:00\" \/>\n<meta property=\"og:image\" content=\"https:\/\/nordic-drift.com\/wp-content\/uploads\/sites\/14\/2026\/02\/ND630.0119__S_0__05ad22e4cb2f44dc8ebb2dd519eec38c.jpg\" \/>\n\t<meta property=\"og:image:width\" content=\"1024\" \/>\n\t<meta property=\"og:image:height\" content=\"1024\" \/>\n\t<meta property=\"og:image:type\" content=\"image\/jpeg\" \/>\n<meta name=\"twitter:card\" content=\"summary_large_image\" \/>\n<meta name=\"twitter:label1\" content=\"Tiempo de lectura\" \/>\n\t<meta name=\"twitter:data1\" content=\"1 minuto\" \/>\n<script type=\"application\/ld+json\" class=\"yoast-schema-graph\">{\"@context\":\"https:\/\/schema.org\",\"@graph\":[{\"@type\":\"WebPage\",\"@id\":\"https:\/\/nordic-drift.com\/es\/product\/gorro-nordic-drift-rcs-horizon-upf-50-beige\/\",\"url\":\"https:\/\/nordic-drift.com\/es\/product\/gorro-nordic-drift-rcs-horizon-upf-50-beige\/\",\"name\":\"Gorro Nordic Drift RCS Horizon UPF 50+, beige - Nordic Drift\",\"isPartOf\":{\"@id\":\"https:\/\/nordic-drift.com\/es\/#website\"},\"primaryImageOfPage\":{\"@id\":\"https:\/\/nordic-drift.com\/es\/product\/gorro-nordic-drift-rcs-horizon-upf-50-beige\/#primaryimage\"},\"image\":{\"@id\":\"https:\/\/nordic-drift.com\/es\/product\/gorro-nordic-drift-rcs-horizon-upf-50-beige\/#primaryimage\"},\"thumbnailUrl\":\"https:\/\/nordic-drift.com\/wp-content\/uploads\/sites\/14\/2026\/02\/ND630.0119__S_0__05ad22e4cb2f44dc8ebb2dd519eec38c.jpg\",\"datePublished\":\"2026-01-27T14:00:40+00:00\",\"dateModified\":\"2026-03-19T09:34:51+00:00\",\"breadcrumb\":{\"@id\":\"https:\/\/nordic-drift.com\/es\/product\/gorro-nordic-drift-rcs-horizon-upf-50-beige\/#breadcrumb\"},\"inLanguage\":\"es\",\"potentialAction\":[{\"@type\":\"ReadAction\",\"target\":[\"https:\/\/nordic-drift.com\/es\/product\/gorro-nordic-drift-rcs-horizon-upf-50-beige\/\"]}]},{\"@type\":\"ImageObject\",\"inLanguage\":\"es\",\"@id\":\"https:\/\/nordic-drift.com\/es\/product\/gorro-nordic-drift-rcs-horizon-upf-50-beige\/#primaryimage\",\"url\":\"https:\/\/nordic-drift.com\/wp-content\/uploads\/sites\/14\/2026\/02\/ND630.0119__S_0__05ad22e4cb2f44dc8ebb2dd519eec38c.jpg\",\"contentUrl\":\"https:\/\/nordic-drift.com\/wp-content\/uploads\/sites\/14\/2026\/02\/ND630.0119__S_0__05ad22e4cb2f44dc8ebb2dd519eec38c.jpg\",\"width\":1024,\"height\":1024},{\"@type\":\"BreadcrumbList\",\"@id\":\"https:\/\/nordic-drift.com\/es\/product\/gorro-nordic-drift-rcs-horizon-upf-50-beige\/#breadcrumb\",\"itemListElement\":[{\"@type\":\"ListItem\",\"position\":1,\"name\":\"Home\",\"item\":\"https:\/\/nordic-drift.com\/es\/\"},{\"@type\":\"ListItem\",\"position\":2,\"name\":\"Colecci\u00f3n\",\"item\":\"https:\/\/nordic-drift.com\/es\/coleccion\/\"},{\"@type\":\"ListItem\",\"position\":3,\"name\":\"Gorro Nordic Drift RCS Horizon UPF 50+, beige\"}]},{\"@type\":\"WebSite\",\"@id\":\"https:\/\/nordic-drift.com\/es\/#website\",\"url\":\"https:\/\/nordic-drift.com\/es\/\",\"name\":\"Nordic Drift\",\"description\":\"Built to Last, Made to Explore.\",\"potentialAction\":[{\"@type\":\"SearchAction\",\"target\":{\"@type\":\"EntryPoint\",\"urlTemplate\":\"https:\/\/nordic-drift.com\/es\/?s={search_term_string}\"},\"query-input\":{\"@type\":\"PropertyValueSpecification\",\"valueRequired\":true,\"valueName\":\"search_term_string\"}}],\"inLanguage\":\"es\"}]}<\/script>\n<!-- \/ Yoast SEO plugin. -->","yoast_head_json":{"title":"Gorro Nordic Drift RCS Horizon UPF 50+, beige - Nordic Drift","robots":{"index":"index","follow":"follow","max-snippet":"max-snippet:-1","max-image-preview":"max-image-preview:large","max-video-preview":"max-video-preview:-1"},"canonical":"https:\/\/nordic-drift.com\/es\/product\/gorro-nordic-drift-rcs-horizon-upf-50-beige\/","og_locale":"es_ES","og_type":"article","og_title":"Gorro Nordic Drift RCS Horizon UPF 50+, beige - Nordic Drift","og_description":"Gorro ligero, transpirable y vers\u00e1til para cualquier aventura. Fabricado con un 84% de nailon reciclado certificado (RCS), ofrece comodidad durante todo el d\u00eda, manteni\u00e9ndote fresco y reduciendo el sudor y la irritaci\u00f3n. Con FPS 50+, te protege de los da\u00f1inos rayos UVA y UVB. Su distintiva construcci\u00f3n de 5 paneles mejora el ajuste y la [&hellip;]","og_url":"https:\/\/nordic-drift.com\/es\/product\/gorro-nordic-drift-rcs-horizon-upf-50-beige\/","og_site_name":"Nordic Drift","article_modified_time":"2026-03-19T09:34:51+00:00","og_image":[{"width":1024,"height":1024,"url":"https:\/\/nordic-drift.com\/wp-content\/uploads\/sites\/14\/2026\/02\/ND630.0119__S_0__05ad22e4cb2f44dc8ebb2dd519eec38c.jpg","type":"image\/jpeg"}],"twitter_card":"summary_large_image","twitter_misc":{"Tiempo de lectura":"1 minuto"},"schema":{"@context":"https:\/\/schema.org","@graph":[{"@type":"WebPage","@id":"https:\/\/nordic-drift.com\/es\/product\/gorro-nordic-drift-rcs-horizon-upf-50-beige\/","url":"https:\/\/nordic-drift.com\/es\/product\/gorro-nordic-drift-rcs-horizon-upf-50-beige\/","name":"Gorro Nordic Drift RCS Horizon UPF 50+, beige - Nordic Drift","isPartOf":{"@id":"https:\/\/nordic-drift.com\/es\/#website"},"primaryImageOfPage":{"@id":"https:\/\/nordic-drift.com\/es\/product\/gorro-nordic-drift-rcs-horizon-upf-50-beige\/#primaryimage"},"image":{"@id":"https:\/\/nordic-drift.com\/es\/product\/gorro-nordic-drift-rcs-horizon-upf-50-beige\/#primaryimage"},"thumbnailUrl":"https:\/\/nordic-drift.com\/wp-content\/uploads\/sites\/14\/2026\/02\/ND630.0119__S_0__05ad22e4cb2f44dc8ebb2dd519eec38c.jpg","datePublished":"2026-01-27T14:00:40+00:00","dateModified":"2026-03-19T09:34:51+00:00","breadcrumb":{"@id":"https:\/\/nordic-drift.com\/es\/product\/gorro-nordic-drift-rcs-horizon-upf-50-beige\/#breadcrumb"},"inLanguage":"es","potentialAction":[{"@type":"ReadAction","target":["https:\/\/nordic-drift.com\/es\/product\/gorro-nordic-drift-rcs-horizon-upf-50-beige\/"]}]},{"@type":"ImageObject","inLanguage":"es","@id":"https:\/\/nordic-drift.com\/es\/product\/gorro-nordic-drift-rcs-horizon-upf-50-beige\/#primaryimage","url":"https:\/\/nordic-drift.com\/wp-content\/uploads\/sites\/14\/2026\/02\/ND630.0119__S_0__05ad22e4cb2f44dc8ebb2dd519eec38c.jpg","contentUrl":"https:\/\/nordic-drift.com\/wp-content\/uploads\/sites\/14\/2026\/02\/ND630.0119__S_0__05ad22e4cb2f44dc8ebb2dd519eec38c.jpg","width":1024,"height":1024},{"@type":"BreadcrumbList","@id":"https:\/\/nordic-drift.com\/es\/product\/gorro-nordic-drift-rcs-horizon-upf-50-beige\/#breadcrumb","itemListElement":[{"@type":"ListItem","position":1,"name":"Home","item":"https:\/\/nordic-drift.com\/es\/"},{"@type":"ListItem","position":2,"name":"Colecci\u00f3n","item":"https:\/\/nordic-drift.com\/es\/coleccion\/"},{"@type":"ListItem","position":3,"name":"Gorro Nordic Drift RCS Horizon UPF 50+, beige"}]},{"@type":"WebSite","@id":"https:\/\/nordic-drift.com\/es\/#website","url":"https:\/\/nordic-drift.com\/es\/","name":"Nordic Drift","description":"Built to Last, Made to Explore.","potentialAction":[{"@type":"SearchAction","target":{"@type":"EntryPoint","urlTemplate":"https:\/\/nordic-drift.com\/es\/?s={search_term_string}"},"query-input":{"@type":"PropertyValueSpecification","valueRequired":true,"valueName":"search_term_string"}}],"inLanguage":"es"}]}},"_links":{"self":[{"href":"https:\/\/nordic-drift.com\/es\/wp-json\/wp\/v2\/product\/4111","targetHints":{"allow":["GET"]}}],"collection":[{"href":"https:\/\/nordic-drift.com\/es\/wp-json\/wp\/v2\/product"}],"about":[{"href":"https:\/\/nordic-drift.com\/es\/wp-json\/wp\/v2\/types\/product"}],"replies":[{"embeddable":true,"href":"https:\/\/nordic-drift.com\/es\/wp-json\/wp\/v2\/comments?post=4111"}],"wp:featuredmedia":[{"embeddable":true,"href":"https:\/\/nordic-drift.com\/es\/wp-json\/wp\/v2\/media\/4112"}],"wp:attachment":[{"href":"https:\/\/nordic-drift.com\/es\/wp-json\/wp\/v2\/media?parent=4111"}],"wp:term":[{"taxonomy":"product_cat","embeddable":true,"href":"https:\/\/nordic-drift.com\/es\/wp-json\/wp\/v2\/product_cat?post=4111"},{"taxonomy":"product_tag","embeddable":true,"href":"https:\/\/nordic-drift.com\/es\/wp-json\/wp\/v2\/product_tag?post=4111"}],"curies":[{"name":"wp","href":"https:\/\/api.w.org\/{rel}","templated":true}]}}