{"id":4068,"date":"2026-01-27T14:00:40","date_gmt":"2026-01-27T14:00:40","guid":{"rendered":"https:\/\/nordic-drift.com\/product\/gorra-nordic-drift-rcs-aero-upf-negro\/"},"modified":"2026-03-19T09:34:47","modified_gmt":"2026-03-19T09:34:47","slug":"gorra-nordic-drift-rcs-aero-upf-negro","status":"publish","type":"product","link":"https:\/\/nordic-drift.com\/es\/product\/gorra-nordic-drift-rcs-aero-upf-negro\/","title":{"rendered":"Gorra Nordic Drift RCS Aero UPF, negro"},"content":{"rendered":"<p>Una gorra ligera, transpirable y vers\u00e1til para cualquier aventura. Fabricada con un 46% de nailon reciclado certificado (RCS), su dise\u00f1o de 5 paneles garantiza comodidad durante todo el d\u00eda, manteni\u00e9ndote fresco y reduciendo el sudor y la irritaci\u00f3n. Con FPS 50+, te protege de los da\u00f1inos rayos UVA y UVB. Dise\u00f1ada para ser plegable y compacta, cabe f\u00e1cilmente en tu bolso o bolsillo sin deformarse, lo que la hace perfecta para viajes o actividades al aire libre. Ajustable para dar una comodidad personalizada, manteniendo la gorra segura y estable sin importar ad\u00f3nde te lleve el d\u00eda. Elegante, funcional y lista para la aventura. Todos los productos Nordic Drift se someten a pruebas de calidad. Porque creemos firmemente en el rendimiento y la durabilidad de nuestro equipo, cada art\u00edculo cuenta con una garant\u00eda de 5 a\u00f1os contra defectos de fabricaci\u00f3n. Para m\u00e1s informaci\u00f3n, visita www.nordic-drift.com.<\/p>\n","protected":false},"excerpt":{"rendered":"<p>Una gorra ligera, transpirable y vers\u00e1til para cualquier aventura. Fabricada con un 46% de nailon reciclado certificado (RCS), su dise\u00f1o de 5 paneles garantiza comodidad durante todo el d\u00eda, manteni\u00e9ndote fresco y reduciendo el sudor y la irritaci\u00f3n. Con FPS 50+, te protege de los da\u00f1inos rayos UVA y UVB. Dise\u00f1ada para ser plegable y [&hellip;]<\/p>\n","protected":false},"featured_media":4069,"comment_status":"closed","ping_status":"closed","template":"","meta":{"_acf_changed":false},"product_cat":[93,99],"product_tag":[],"class_list":["post-4068","product","type-product","status-publish","has-post-thumbnail","hentry","product_cat-accesorios","product_cat-aware","pa_color-black"],"acf":[],"yoast_head":"<!-- This site is optimized with the Yoast SEO plugin v27.0 - https:\/\/yoast.com\/product\/yoast-seo-wordpress\/ -->\n<title>Gorra Nordic Drift RCS Aero UPF, negro - Nordic Drift<\/title>\n<meta name=\"robots\" content=\"index, follow, max-snippet:-1, max-image-preview:large, max-video-preview:-1\" \/>\n<link rel=\"canonical\" href=\"https:\/\/nordic-drift.com\/es\/product\/gorra-nordic-drift-rcs-aero-upf-negro\/\" \/>\n<meta property=\"og:locale\" content=\"es_ES\" \/>\n<meta property=\"og:type\" content=\"article\" \/>\n<meta property=\"og:title\" content=\"Gorra Nordic Drift RCS Aero UPF, negro - Nordic Drift\" \/>\n<meta property=\"og:description\" content=\"Una gorra ligera, transpirable y vers\u00e1til para cualquier aventura. Fabricada con un 46% de nailon reciclado certificado (RCS), su dise\u00f1o de 5 paneles garantiza comodidad durante todo el d\u00eda, manteni\u00e9ndote fresco y reduciendo el sudor y la irritaci\u00f3n. Con FPS 50+, te protege de los da\u00f1inos rayos UVA y UVB. Dise\u00f1ada para ser plegable y [&hellip;]\" \/>\n<meta property=\"og:url\" content=\"https:\/\/nordic-drift.com\/es\/product\/gorra-nordic-drift-rcs-aero-upf-negro\/\" \/>\n<meta property=\"og:site_name\" content=\"Nordic Drift\" \/>\n<meta property=\"article:modified_time\" content=\"2026-03-19T09:34:47+00:00\" \/>\n<meta property=\"og:image\" content=\"https:\/\/nordic-drift.com\/wp-content\/uploads\/sites\/14\/2026\/02\/ND630.0001__S_0__6c2b5b142f5c45d7803ed4169890c352.jpg\" \/>\n\t<meta property=\"og:image:width\" content=\"1024\" \/>\n\t<meta property=\"og:image:height\" content=\"1024\" \/>\n\t<meta property=\"og:image:type\" content=\"image\/jpeg\" \/>\n<meta name=\"twitter:card\" content=\"summary_large_image\" \/>\n<meta name=\"twitter:label1\" content=\"Tiempo de lectura\" \/>\n\t<meta name=\"twitter:data1\" content=\"1 minuto\" \/>\n<script type=\"application\/ld+json\" class=\"yoast-schema-graph\">{\"@context\":\"https:\/\/schema.org\",\"@graph\":[{\"@type\":\"WebPage\",\"@id\":\"https:\/\/nordic-drift.com\/es\/product\/gorra-nordic-drift-rcs-aero-upf-negro\/\",\"url\":\"https:\/\/nordic-drift.com\/es\/product\/gorra-nordic-drift-rcs-aero-upf-negro\/\",\"name\":\"Gorra Nordic Drift RCS Aero UPF, negro - Nordic Drift\",\"isPartOf\":{\"@id\":\"https:\/\/nordic-drift.com\/es\/#website\"},\"primaryImageOfPage\":{\"@id\":\"https:\/\/nordic-drift.com\/es\/product\/gorra-nordic-drift-rcs-aero-upf-negro\/#primaryimage\"},\"image\":{\"@id\":\"https:\/\/nordic-drift.com\/es\/product\/gorra-nordic-drift-rcs-aero-upf-negro\/#primaryimage\"},\"thumbnailUrl\":\"https:\/\/nordic-drift.com\/wp-content\/uploads\/sites\/14\/2026\/02\/ND630.0001__S_0__6c2b5b142f5c45d7803ed4169890c352.jpg\",\"datePublished\":\"2026-01-27T14:00:40+00:00\",\"dateModified\":\"2026-03-19T09:34:47+00:00\",\"breadcrumb\":{\"@id\":\"https:\/\/nordic-drift.com\/es\/product\/gorra-nordic-drift-rcs-aero-upf-negro\/#breadcrumb\"},\"inLanguage\":\"es\",\"potentialAction\":[{\"@type\":\"ReadAction\",\"target\":[\"https:\/\/nordic-drift.com\/es\/product\/gorra-nordic-drift-rcs-aero-upf-negro\/\"]}]},{\"@type\":\"ImageObject\",\"inLanguage\":\"es\",\"@id\":\"https:\/\/nordic-drift.com\/es\/product\/gorra-nordic-drift-rcs-aero-upf-negro\/#primaryimage\",\"url\":\"https:\/\/nordic-drift.com\/wp-content\/uploads\/sites\/14\/2026\/02\/ND630.0001__S_0__6c2b5b142f5c45d7803ed4169890c352.jpg\",\"contentUrl\":\"https:\/\/nordic-drift.com\/wp-content\/uploads\/sites\/14\/2026\/02\/ND630.0001__S_0__6c2b5b142f5c45d7803ed4169890c352.jpg\",\"width\":1024,\"height\":1024},{\"@type\":\"BreadcrumbList\",\"@id\":\"https:\/\/nordic-drift.com\/es\/product\/gorra-nordic-drift-rcs-aero-upf-negro\/#breadcrumb\",\"itemListElement\":[{\"@type\":\"ListItem\",\"position\":1,\"name\":\"Home\",\"item\":\"https:\/\/nordic-drift.com\/es\/\"},{\"@type\":\"ListItem\",\"position\":2,\"name\":\"Colecci\u00f3n\",\"item\":\"https:\/\/nordic-drift.com\/es\/coleccion\/\"},{\"@type\":\"ListItem\",\"position\":3,\"name\":\"Gorra Nordic Drift RCS Aero UPF, negro\"}]},{\"@type\":\"WebSite\",\"@id\":\"https:\/\/nordic-drift.com\/es\/#website\",\"url\":\"https:\/\/nordic-drift.com\/es\/\",\"name\":\"Nordic Drift\",\"description\":\"Built to Last, Made to Explore.\",\"potentialAction\":[{\"@type\":\"SearchAction\",\"target\":{\"@type\":\"EntryPoint\",\"urlTemplate\":\"https:\/\/nordic-drift.com\/es\/?s={search_term_string}\"},\"query-input\":{\"@type\":\"PropertyValueSpecification\",\"valueRequired\":true,\"valueName\":\"search_term_string\"}}],\"inLanguage\":\"es\"}]}<\/script>\n<!-- \/ Yoast SEO plugin. -->","yoast_head_json":{"title":"Gorra Nordic Drift RCS Aero UPF, negro - Nordic Drift","robots":{"index":"index","follow":"follow","max-snippet":"max-snippet:-1","max-image-preview":"max-image-preview:large","max-video-preview":"max-video-preview:-1"},"canonical":"https:\/\/nordic-drift.com\/es\/product\/gorra-nordic-drift-rcs-aero-upf-negro\/","og_locale":"es_ES","og_type":"article","og_title":"Gorra Nordic Drift RCS Aero UPF, negro - Nordic Drift","og_description":"Una gorra ligera, transpirable y vers\u00e1til para cualquier aventura. Fabricada con un 46% de nailon reciclado certificado (RCS), su dise\u00f1o de 5 paneles garantiza comodidad durante todo el d\u00eda, manteni\u00e9ndote fresco y reduciendo el sudor y la irritaci\u00f3n. Con FPS 50+, te protege de los da\u00f1inos rayos UVA y UVB. Dise\u00f1ada para ser plegable y [&hellip;]","og_url":"https:\/\/nordic-drift.com\/es\/product\/gorra-nordic-drift-rcs-aero-upf-negro\/","og_site_name":"Nordic Drift","article_modified_time":"2026-03-19T09:34:47+00:00","og_image":[{"width":1024,"height":1024,"url":"https:\/\/nordic-drift.com\/wp-content\/uploads\/sites\/14\/2026\/02\/ND630.0001__S_0__6c2b5b142f5c45d7803ed4169890c352.jpg","type":"image\/jpeg"}],"twitter_card":"summary_large_image","twitter_misc":{"Tiempo de lectura":"1 minuto"},"schema":{"@context":"https:\/\/schema.org","@graph":[{"@type":"WebPage","@id":"https:\/\/nordic-drift.com\/es\/product\/gorra-nordic-drift-rcs-aero-upf-negro\/","url":"https:\/\/nordic-drift.com\/es\/product\/gorra-nordic-drift-rcs-aero-upf-negro\/","name":"Gorra Nordic Drift RCS Aero UPF, negro - Nordic Drift","isPartOf":{"@id":"https:\/\/nordic-drift.com\/es\/#website"},"primaryImageOfPage":{"@id":"https:\/\/nordic-drift.com\/es\/product\/gorra-nordic-drift-rcs-aero-upf-negro\/#primaryimage"},"image":{"@id":"https:\/\/nordic-drift.com\/es\/product\/gorra-nordic-drift-rcs-aero-upf-negro\/#primaryimage"},"thumbnailUrl":"https:\/\/nordic-drift.com\/wp-content\/uploads\/sites\/14\/2026\/02\/ND630.0001__S_0__6c2b5b142f5c45d7803ed4169890c352.jpg","datePublished":"2026-01-27T14:00:40+00:00","dateModified":"2026-03-19T09:34:47+00:00","breadcrumb":{"@id":"https:\/\/nordic-drift.com\/es\/product\/gorra-nordic-drift-rcs-aero-upf-negro\/#breadcrumb"},"inLanguage":"es","potentialAction":[{"@type":"ReadAction","target":["https:\/\/nordic-drift.com\/es\/product\/gorra-nordic-drift-rcs-aero-upf-negro\/"]}]},{"@type":"ImageObject","inLanguage":"es","@id":"https:\/\/nordic-drift.com\/es\/product\/gorra-nordic-drift-rcs-aero-upf-negro\/#primaryimage","url":"https:\/\/nordic-drift.com\/wp-content\/uploads\/sites\/14\/2026\/02\/ND630.0001__S_0__6c2b5b142f5c45d7803ed4169890c352.jpg","contentUrl":"https:\/\/nordic-drift.com\/wp-content\/uploads\/sites\/14\/2026\/02\/ND630.0001__S_0__6c2b5b142f5c45d7803ed4169890c352.jpg","width":1024,"height":1024},{"@type":"BreadcrumbList","@id":"https:\/\/nordic-drift.com\/es\/product\/gorra-nordic-drift-rcs-aero-upf-negro\/#breadcrumb","itemListElement":[{"@type":"ListItem","position":1,"name":"Home","item":"https:\/\/nordic-drift.com\/es\/"},{"@type":"ListItem","position":2,"name":"Colecci\u00f3n","item":"https:\/\/nordic-drift.com\/es\/coleccion\/"},{"@type":"ListItem","position":3,"name":"Gorra Nordic Drift RCS Aero UPF, negro"}]},{"@type":"WebSite","@id":"https:\/\/nordic-drift.com\/es\/#website","url":"https:\/\/nordic-drift.com\/es\/","name":"Nordic Drift","description":"Built to Last, Made to Explore.","potentialAction":[{"@type":"SearchAction","target":{"@type":"EntryPoint","urlTemplate":"https:\/\/nordic-drift.com\/es\/?s={search_term_string}"},"query-input":{"@type":"PropertyValueSpecification","valueRequired":true,"valueName":"search_term_string"}}],"inLanguage":"es"}]}},"_links":{"self":[{"href":"https:\/\/nordic-drift.com\/es\/wp-json\/wp\/v2\/product\/4068","targetHints":{"allow":["GET"]}}],"collection":[{"href":"https:\/\/nordic-drift.com\/es\/wp-json\/wp\/v2\/product"}],"about":[{"href":"https:\/\/nordic-drift.com\/es\/wp-json\/wp\/v2\/types\/product"}],"replies":[{"embeddable":true,"href":"https:\/\/nordic-drift.com\/es\/wp-json\/wp\/v2\/comments?post=4068"}],"wp:featuredmedia":[{"embeddable":true,"href":"https:\/\/nordic-drift.com\/es\/wp-json\/wp\/v2\/media\/4069"}],"wp:attachment":[{"href":"https:\/\/nordic-drift.com\/es\/wp-json\/wp\/v2\/media?parent=4068"}],"wp:term":[{"taxonomy":"product_cat","embeddable":true,"href":"https:\/\/nordic-drift.com\/es\/wp-json\/wp\/v2\/product_cat?post=4068"},{"taxonomy":"product_tag","embeddable":true,"href":"https:\/\/nordic-drift.com\/es\/wp-json\/wp\/v2\/product_tag?post=4068"}],"curies":[{"name":"wp","href":"https:\/\/api.w.org\/{rel}","templated":true}]}}