{"id":4038,"date":"2026-01-27T14:00:40","date_gmt":"2026-01-27T14:00:40","guid":{"rendered":"https:\/\/nordic-drift.com\/product\/boligrafo-brujula-portatil-nordic-drift-trial-rcs-infinity-negro\/"},"modified":"2026-03-19T09:34:43","modified_gmt":"2026-03-19T09:34:43","slug":"boligrafo-brujula-portatil-nordic-drift-trial-rcs-infinity-negro","status":"publish","type":"product","link":"https:\/\/nordic-drift.com\/es\/product\/boligrafo-brujula-portatil-nordic-drift-trial-rcs-infinity-negro\/","title":{"rendered":"Bol\u00edgrafo br\u00fajula port\u00e1til Nordic Drift Trial RCS Infinity, negro"},"content":{"rendered":"<p>El bol\u00edgrafo de bolsillo Nordic Drift Trial Infinity est\u00e1 dise\u00f1ado para uso al aire libre y aventuras cotidianas. La punta de grafito se desliza con el bot\u00f3n naranja para escribir y se retrae dentro del cuerpo para mantenerla protegida. Correa para sujetarlo a una mochila. A diferencia de los l\u00e1pices de madera tradicionales, que escriben hasta unos 200 metros, la punta de grafito de este l\u00e1piz infinito puede escribir hasta aproximadamente 20.000 metros. Escribe como un l\u00e1piz normal y las marcas de grafito se pueden borrar mientras la punta se desgasta lentamente. Fabricado con ABS reciclado con certificaci\u00f3n RCS. Contiene una peque\u00f1a br\u00fajula en la parte superior. Embalaje con certificaci\u00f3n FSC\u00ae sin pl\u00e1stico. Todos los productos Nordic Drift se someten a pruebas de calidad. Porque creemos firmemente en el rendimiento y la durabilidad de nuestros productos, cada art\u00edculo cuenta con una garant\u00eda de 5 a\u00f1os contra defectos de fabricaci\u00f3n. Para m\u00e1s informaci\u00f3n, visita www.nordic-drift.com.<\/p>\n","protected":false},"excerpt":{"rendered":"<p>El bol\u00edgrafo de bolsillo Nordic Drift Trial Infinity est\u00e1 dise\u00f1ado para uso al aire libre y aventuras cotidianas. La punta de grafito se desliza con el bot\u00f3n naranja para escribir y se retrae dentro del cuerpo para mantenerla protegida. Correa para sujetarlo a una mochila. A diferencia de los l\u00e1pices de madera tradicionales, que escriben [&hellip;]<\/p>\n","protected":false},"featured_media":4039,"comment_status":"closed","ping_status":"closed","template":"","meta":{"_acf_changed":false},"product_cat":[93],"product_tag":[],"class_list":["post-4038","product","type-product","status-publish","has-post-thumbnail","hentry","product_cat-accesorios","pa_color-black"],"acf":[],"yoast_head":"<!-- This site is optimized with the Yoast SEO plugin v27.0 - https:\/\/yoast.com\/product\/yoast-seo-wordpress\/ -->\n<title>Bol\u00edgrafo br\u00fajula port\u00e1til Nordic Drift Trial RCS Infinity, negro - Nordic Drift<\/title>\n<meta name=\"robots\" content=\"index, follow, max-snippet:-1, max-image-preview:large, max-video-preview:-1\" \/>\n<link rel=\"canonical\" href=\"https:\/\/nordic-drift.com\/es\/product\/boligrafo-brujula-portatil-nordic-drift-trial-rcs-infinity-negro\/\" \/>\n<meta property=\"og:locale\" content=\"es_ES\" \/>\n<meta property=\"og:type\" content=\"article\" \/>\n<meta property=\"og:title\" content=\"Bol\u00edgrafo br\u00fajula port\u00e1til Nordic Drift Trial RCS Infinity, negro - Nordic Drift\" \/>\n<meta property=\"og:description\" content=\"El bol\u00edgrafo de bolsillo Nordic Drift Trial Infinity est\u00e1 dise\u00f1ado para uso al aire libre y aventuras cotidianas. La punta de grafito se desliza con el bot\u00f3n naranja para escribir y se retrae dentro del cuerpo para mantenerla protegida. Correa para sujetarlo a una mochila. A diferencia de los l\u00e1pices de madera tradicionales, que escriben [&hellip;]\" \/>\n<meta property=\"og:url\" content=\"https:\/\/nordic-drift.com\/es\/product\/boligrafo-brujula-portatil-nordic-drift-trial-rcs-infinity-negro\/\" \/>\n<meta property=\"og:site_name\" content=\"Nordic Drift\" \/>\n<meta property=\"article:modified_time\" content=\"2026-03-19T09:34:43+00:00\" \/>\n<meta property=\"og:image\" content=\"https:\/\/nordic-drift.com\/wp-content\/uploads\/sites\/14\/2026\/02\/ND540.0001__S_0__cd54506830804607956948ccc4b49d0d.jpg\" \/>\n\t<meta property=\"og:image:width\" content=\"1024\" \/>\n\t<meta property=\"og:image:height\" content=\"1024\" \/>\n\t<meta property=\"og:image:type\" content=\"image\/jpeg\" \/>\n<meta name=\"twitter:card\" content=\"summary_large_image\" \/>\n<meta name=\"twitter:label1\" content=\"Tiempo de lectura\" \/>\n\t<meta name=\"twitter:data1\" content=\"1 minuto\" \/>\n<script type=\"application\/ld+json\" class=\"yoast-schema-graph\">{\"@context\":\"https:\/\/schema.org\",\"@graph\":[{\"@type\":\"WebPage\",\"@id\":\"https:\/\/nordic-drift.com\/es\/product\/boligrafo-brujula-portatil-nordic-drift-trial-rcs-infinity-negro\/\",\"url\":\"https:\/\/nordic-drift.com\/es\/product\/boligrafo-brujula-portatil-nordic-drift-trial-rcs-infinity-negro\/\",\"name\":\"Bol\u00edgrafo br\u00fajula port\u00e1til Nordic Drift Trial RCS Infinity, negro - Nordic Drift\",\"isPartOf\":{\"@id\":\"https:\/\/nordic-drift.com\/es\/#website\"},\"primaryImageOfPage\":{\"@id\":\"https:\/\/nordic-drift.com\/es\/product\/boligrafo-brujula-portatil-nordic-drift-trial-rcs-infinity-negro\/#primaryimage\"},\"image\":{\"@id\":\"https:\/\/nordic-drift.com\/es\/product\/boligrafo-brujula-portatil-nordic-drift-trial-rcs-infinity-negro\/#primaryimage\"},\"thumbnailUrl\":\"https:\/\/nordic-drift.com\/wp-content\/uploads\/sites\/14\/2026\/02\/ND540.0001__S_0__cd54506830804607956948ccc4b49d0d.jpg\",\"datePublished\":\"2026-01-27T14:00:40+00:00\",\"dateModified\":\"2026-03-19T09:34:43+00:00\",\"breadcrumb\":{\"@id\":\"https:\/\/nordic-drift.com\/es\/product\/boligrafo-brujula-portatil-nordic-drift-trial-rcs-infinity-negro\/#breadcrumb\"},\"inLanguage\":\"es\",\"potentialAction\":[{\"@type\":\"ReadAction\",\"target\":[\"https:\/\/nordic-drift.com\/es\/product\/boligrafo-brujula-portatil-nordic-drift-trial-rcs-infinity-negro\/\"]}]},{\"@type\":\"ImageObject\",\"inLanguage\":\"es\",\"@id\":\"https:\/\/nordic-drift.com\/es\/product\/boligrafo-brujula-portatil-nordic-drift-trial-rcs-infinity-negro\/#primaryimage\",\"url\":\"https:\/\/nordic-drift.com\/wp-content\/uploads\/sites\/14\/2026\/02\/ND540.0001__S_0__cd54506830804607956948ccc4b49d0d.jpg\",\"contentUrl\":\"https:\/\/nordic-drift.com\/wp-content\/uploads\/sites\/14\/2026\/02\/ND540.0001__S_0__cd54506830804607956948ccc4b49d0d.jpg\",\"width\":1024,\"height\":1024},{\"@type\":\"BreadcrumbList\",\"@id\":\"https:\/\/nordic-drift.com\/es\/product\/boligrafo-brujula-portatil-nordic-drift-trial-rcs-infinity-negro\/#breadcrumb\",\"itemListElement\":[{\"@type\":\"ListItem\",\"position\":1,\"name\":\"Home\",\"item\":\"https:\/\/nordic-drift.com\/es\/\"},{\"@type\":\"ListItem\",\"position\":2,\"name\":\"Colecci\u00f3n\",\"item\":\"https:\/\/nordic-drift.com\/es\/coleccion\/\"},{\"@type\":\"ListItem\",\"position\":3,\"name\":\"Bol\u00edgrafo br\u00fajula port\u00e1til Nordic Drift Trial RCS Infinity, negro\"}]},{\"@type\":\"WebSite\",\"@id\":\"https:\/\/nordic-drift.com\/es\/#website\",\"url\":\"https:\/\/nordic-drift.com\/es\/\",\"name\":\"Nordic Drift\",\"description\":\"Built to Last, Made to Explore.\",\"potentialAction\":[{\"@type\":\"SearchAction\",\"target\":{\"@type\":\"EntryPoint\",\"urlTemplate\":\"https:\/\/nordic-drift.com\/es\/?s={search_term_string}\"},\"query-input\":{\"@type\":\"PropertyValueSpecification\",\"valueRequired\":true,\"valueName\":\"search_term_string\"}}],\"inLanguage\":\"es\"}]}<\/script>\n<!-- \/ Yoast SEO plugin. -->","yoast_head_json":{"title":"Bol\u00edgrafo br\u00fajula port\u00e1til Nordic Drift Trial RCS Infinity, negro - Nordic Drift","robots":{"index":"index","follow":"follow","max-snippet":"max-snippet:-1","max-image-preview":"max-image-preview:large","max-video-preview":"max-video-preview:-1"},"canonical":"https:\/\/nordic-drift.com\/es\/product\/boligrafo-brujula-portatil-nordic-drift-trial-rcs-infinity-negro\/","og_locale":"es_ES","og_type":"article","og_title":"Bol\u00edgrafo br\u00fajula port\u00e1til Nordic Drift Trial RCS Infinity, negro - Nordic Drift","og_description":"El bol\u00edgrafo de bolsillo Nordic Drift Trial Infinity est\u00e1 dise\u00f1ado para uso al aire libre y aventuras cotidianas. La punta de grafito se desliza con el bot\u00f3n naranja para escribir y se retrae dentro del cuerpo para mantenerla protegida. Correa para sujetarlo a una mochila. A diferencia de los l\u00e1pices de madera tradicionales, que escriben [&hellip;]","og_url":"https:\/\/nordic-drift.com\/es\/product\/boligrafo-brujula-portatil-nordic-drift-trial-rcs-infinity-negro\/","og_site_name":"Nordic Drift","article_modified_time":"2026-03-19T09:34:43+00:00","og_image":[{"width":1024,"height":1024,"url":"https:\/\/nordic-drift.com\/wp-content\/uploads\/sites\/14\/2026\/02\/ND540.0001__S_0__cd54506830804607956948ccc4b49d0d.jpg","type":"image\/jpeg"}],"twitter_card":"summary_large_image","twitter_misc":{"Tiempo de lectura":"1 minuto"},"schema":{"@context":"https:\/\/schema.org","@graph":[{"@type":"WebPage","@id":"https:\/\/nordic-drift.com\/es\/product\/boligrafo-brujula-portatil-nordic-drift-trial-rcs-infinity-negro\/","url":"https:\/\/nordic-drift.com\/es\/product\/boligrafo-brujula-portatil-nordic-drift-trial-rcs-infinity-negro\/","name":"Bol\u00edgrafo br\u00fajula port\u00e1til Nordic Drift Trial RCS Infinity, negro - Nordic Drift","isPartOf":{"@id":"https:\/\/nordic-drift.com\/es\/#website"},"primaryImageOfPage":{"@id":"https:\/\/nordic-drift.com\/es\/product\/boligrafo-brujula-portatil-nordic-drift-trial-rcs-infinity-negro\/#primaryimage"},"image":{"@id":"https:\/\/nordic-drift.com\/es\/product\/boligrafo-brujula-portatil-nordic-drift-trial-rcs-infinity-negro\/#primaryimage"},"thumbnailUrl":"https:\/\/nordic-drift.com\/wp-content\/uploads\/sites\/14\/2026\/02\/ND540.0001__S_0__cd54506830804607956948ccc4b49d0d.jpg","datePublished":"2026-01-27T14:00:40+00:00","dateModified":"2026-03-19T09:34:43+00:00","breadcrumb":{"@id":"https:\/\/nordic-drift.com\/es\/product\/boligrafo-brujula-portatil-nordic-drift-trial-rcs-infinity-negro\/#breadcrumb"},"inLanguage":"es","potentialAction":[{"@type":"ReadAction","target":["https:\/\/nordic-drift.com\/es\/product\/boligrafo-brujula-portatil-nordic-drift-trial-rcs-infinity-negro\/"]}]},{"@type":"ImageObject","inLanguage":"es","@id":"https:\/\/nordic-drift.com\/es\/product\/boligrafo-brujula-portatil-nordic-drift-trial-rcs-infinity-negro\/#primaryimage","url":"https:\/\/nordic-drift.com\/wp-content\/uploads\/sites\/14\/2026\/02\/ND540.0001__S_0__cd54506830804607956948ccc4b49d0d.jpg","contentUrl":"https:\/\/nordic-drift.com\/wp-content\/uploads\/sites\/14\/2026\/02\/ND540.0001__S_0__cd54506830804607956948ccc4b49d0d.jpg","width":1024,"height":1024},{"@type":"BreadcrumbList","@id":"https:\/\/nordic-drift.com\/es\/product\/boligrafo-brujula-portatil-nordic-drift-trial-rcs-infinity-negro\/#breadcrumb","itemListElement":[{"@type":"ListItem","position":1,"name":"Home","item":"https:\/\/nordic-drift.com\/es\/"},{"@type":"ListItem","position":2,"name":"Colecci\u00f3n","item":"https:\/\/nordic-drift.com\/es\/coleccion\/"},{"@type":"ListItem","position":3,"name":"Bol\u00edgrafo br\u00fajula port\u00e1til Nordic Drift Trial RCS Infinity, negro"}]},{"@type":"WebSite","@id":"https:\/\/nordic-drift.com\/es\/#website","url":"https:\/\/nordic-drift.com\/es\/","name":"Nordic Drift","description":"Built to Last, Made to Explore.","potentialAction":[{"@type":"SearchAction","target":{"@type":"EntryPoint","urlTemplate":"https:\/\/nordic-drift.com\/es\/?s={search_term_string}"},"query-input":{"@type":"PropertyValueSpecification","valueRequired":true,"valueName":"search_term_string"}}],"inLanguage":"es"}]}},"_links":{"self":[{"href":"https:\/\/nordic-drift.com\/es\/wp-json\/wp\/v2\/product\/4038","targetHints":{"allow":["GET"]}}],"collection":[{"href":"https:\/\/nordic-drift.com\/es\/wp-json\/wp\/v2\/product"}],"about":[{"href":"https:\/\/nordic-drift.com\/es\/wp-json\/wp\/v2\/types\/product"}],"replies":[{"embeddable":true,"href":"https:\/\/nordic-drift.com\/es\/wp-json\/wp\/v2\/comments?post=4038"}],"wp:featuredmedia":[{"embeddable":true,"href":"https:\/\/nordic-drift.com\/es\/wp-json\/wp\/v2\/media\/4039"}],"wp:attachment":[{"href":"https:\/\/nordic-drift.com\/es\/wp-json\/wp\/v2\/media?parent=4038"}],"wp:term":[{"taxonomy":"product_cat","embeddable":true,"href":"https:\/\/nordic-drift.com\/es\/wp-json\/wp\/v2\/product_cat?post=4038"},{"taxonomy":"product_tag","embeddable":true,"href":"https:\/\/nordic-drift.com\/es\/wp-json\/wp\/v2\/product_tag?post=4038"}],"curies":[{"name":"wp","href":"https:\/\/api.w.org\/{rel}","templated":true}]}}