{"id":4024,"date":"2026-01-27T14:00:40","date_gmt":"2026-01-27T14:00:40","guid":{"rendered":"https:\/\/nordic-drift.com\/product\/alicates-multifuncion-nordic-drift-adventure-negro\/"},"modified":"2026-03-19T09:34:41","modified_gmt":"2026-03-19T09:34:41","slug":"alicates-multifuncion-nordic-drift-adventure-negro","status":"publish","type":"product","link":"https:\/\/nordic-drift.com\/es\/product\/alicates-multifuncion-nordic-drift-adventure-negro\/","title":{"rendered":"Alicates multifunci\u00f3n Nordic Drift Adventure, negro"},"content":{"rendered":"<p>Hechos para durar, para explorar. Los alicates multifunci\u00f3n Nordic Drift Adventure son de primera calidad, ideales para aventuras, dise\u00f1ados para uso exigente al aire libre y preparaci\u00f3n diaria. Fabricados en acero inoxidable de alta calidad, ofrecen un rendimiento duradero en un dise\u00f1o compacto y fiable. Con 16 funciones integradas (alicates de punta fina, alicates est\u00e1ndar, cortador de alambre, mosquet\u00f3n, abrebotellas, lima, cuchillo, sierra, herramienta para tiendas de campa\u00f1a, regla, hoja dentada, c\u00fater, palanca, abrelatas, destornillador Phillips y un pedernal integrado para encender fuego de emergencia), esta herramienta ofrece m\u00e1xima versatilidad sin sacrificar la calidad. Todos los productos Nordic Drift se someten a rigurosas pruebas de calidad. Creemos firmemente en el rendimiento y la durabilidad de nuestros equipos, por lo que cada art\u00edculo cuenta con una garant\u00eda de 5 a\u00f1os contra defectos de fabricaci\u00f3n. Para m\u00e1s informaci\u00f3n, visita www.nordic-drift.com<\/p>\n","protected":false},"excerpt":{"rendered":"<p>Hechos para durar, para explorar. Los alicates multifunci\u00f3n Nordic Drift Adventure son de primera calidad, ideales para aventuras, dise\u00f1ados para uso exigente al aire libre y preparaci\u00f3n diaria. Fabricados en acero inoxidable de alta calidad, ofrecen un rendimiento duradero en un dise\u00f1o compacto y fiable. Con 16 funciones integradas (alicates de punta fina, alicates est\u00e1ndar, [&hellip;]<\/p>\n","protected":false},"featured_media":4025,"comment_status":"closed","ping_status":"closed","template":"","meta":{"_acf_changed":false},"product_cat":[93],"product_tag":[],"class_list":["post-4024","product","type-product","status-publish","has-post-thumbnail","hentry","product_cat-accesorios","pa_color-black"],"acf":[],"yoast_head":"<!-- This site is optimized with the Yoast SEO plugin v27.0 - https:\/\/yoast.com\/product\/yoast-seo-wordpress\/ -->\n<title>Alicates multifunci\u00f3n Nordic Drift Adventure, negro - Nordic Drift<\/title>\n<meta name=\"robots\" content=\"index, follow, max-snippet:-1, max-image-preview:large, max-video-preview:-1\" \/>\n<link rel=\"canonical\" href=\"https:\/\/nordic-drift.com\/es\/product\/alicates-multifuncion-nordic-drift-adventure-negro\/\" \/>\n<meta property=\"og:locale\" content=\"es_ES\" \/>\n<meta property=\"og:type\" content=\"article\" \/>\n<meta property=\"og:title\" content=\"Alicates multifunci\u00f3n Nordic Drift Adventure, negro - Nordic Drift\" \/>\n<meta property=\"og:description\" content=\"Hechos para durar, para explorar. Los alicates multifunci\u00f3n Nordic Drift Adventure son de primera calidad, ideales para aventuras, dise\u00f1ados para uso exigente al aire libre y preparaci\u00f3n diaria. Fabricados en acero inoxidable de alta calidad, ofrecen un rendimiento duradero en un dise\u00f1o compacto y fiable. Con 16 funciones integradas (alicates de punta fina, alicates est\u00e1ndar, [&hellip;]\" \/>\n<meta property=\"og:url\" content=\"https:\/\/nordic-drift.com\/es\/product\/alicates-multifuncion-nordic-drift-adventure-negro\/\" \/>\n<meta property=\"og:site_name\" content=\"Nordic Drift\" \/>\n<meta property=\"article:modified_time\" content=\"2026-03-19T09:34:41+00:00\" \/>\n<meta property=\"og:image\" content=\"https:\/\/nordic-drift.com\/wp-content\/uploads\/sites\/14\/2026\/02\/ND500.0401__S_0__2908f0130550481aa6718c018c4ce181.jpg\" \/>\n\t<meta property=\"og:image:width\" content=\"1024\" \/>\n\t<meta property=\"og:image:height\" content=\"1024\" \/>\n\t<meta property=\"og:image:type\" content=\"image\/jpeg\" \/>\n<meta name=\"twitter:card\" content=\"summary_large_image\" \/>\n<meta name=\"twitter:label1\" content=\"Tiempo de lectura\" \/>\n\t<meta name=\"twitter:data1\" content=\"1 minuto\" \/>\n<script type=\"application\/ld+json\" class=\"yoast-schema-graph\">{\"@context\":\"https:\/\/schema.org\",\"@graph\":[{\"@type\":\"WebPage\",\"@id\":\"https:\/\/nordic-drift.com\/es\/product\/alicates-multifuncion-nordic-drift-adventure-negro\/\",\"url\":\"https:\/\/nordic-drift.com\/es\/product\/alicates-multifuncion-nordic-drift-adventure-negro\/\",\"name\":\"Alicates multifunci\u00f3n Nordic Drift Adventure, negro - Nordic Drift\",\"isPartOf\":{\"@id\":\"https:\/\/nordic-drift.com\/es\/#website\"},\"primaryImageOfPage\":{\"@id\":\"https:\/\/nordic-drift.com\/es\/product\/alicates-multifuncion-nordic-drift-adventure-negro\/#primaryimage\"},\"image\":{\"@id\":\"https:\/\/nordic-drift.com\/es\/product\/alicates-multifuncion-nordic-drift-adventure-negro\/#primaryimage\"},\"thumbnailUrl\":\"https:\/\/nordic-drift.com\/wp-content\/uploads\/sites\/14\/2026\/02\/ND500.0401__S_0__2908f0130550481aa6718c018c4ce181.jpg\",\"datePublished\":\"2026-01-27T14:00:40+00:00\",\"dateModified\":\"2026-03-19T09:34:41+00:00\",\"breadcrumb\":{\"@id\":\"https:\/\/nordic-drift.com\/es\/product\/alicates-multifuncion-nordic-drift-adventure-negro\/#breadcrumb\"},\"inLanguage\":\"es\",\"potentialAction\":[{\"@type\":\"ReadAction\",\"target\":[\"https:\/\/nordic-drift.com\/es\/product\/alicates-multifuncion-nordic-drift-adventure-negro\/\"]}]},{\"@type\":\"ImageObject\",\"inLanguage\":\"es\",\"@id\":\"https:\/\/nordic-drift.com\/es\/product\/alicates-multifuncion-nordic-drift-adventure-negro\/#primaryimage\",\"url\":\"https:\/\/nordic-drift.com\/wp-content\/uploads\/sites\/14\/2026\/02\/ND500.0401__S_0__2908f0130550481aa6718c018c4ce181.jpg\",\"contentUrl\":\"https:\/\/nordic-drift.com\/wp-content\/uploads\/sites\/14\/2026\/02\/ND500.0401__S_0__2908f0130550481aa6718c018c4ce181.jpg\",\"width\":1024,\"height\":1024},{\"@type\":\"BreadcrumbList\",\"@id\":\"https:\/\/nordic-drift.com\/es\/product\/alicates-multifuncion-nordic-drift-adventure-negro\/#breadcrumb\",\"itemListElement\":[{\"@type\":\"ListItem\",\"position\":1,\"name\":\"Home\",\"item\":\"https:\/\/nordic-drift.com\/es\/\"},{\"@type\":\"ListItem\",\"position\":2,\"name\":\"Colecci\u00f3n\",\"item\":\"https:\/\/nordic-drift.com\/es\/coleccion\/\"},{\"@type\":\"ListItem\",\"position\":3,\"name\":\"Alicates multifunci\u00f3n Nordic Drift Adventure, negro\"}]},{\"@type\":\"WebSite\",\"@id\":\"https:\/\/nordic-drift.com\/es\/#website\",\"url\":\"https:\/\/nordic-drift.com\/es\/\",\"name\":\"Nordic Drift\",\"description\":\"Built to Last, Made to Explore.\",\"potentialAction\":[{\"@type\":\"SearchAction\",\"target\":{\"@type\":\"EntryPoint\",\"urlTemplate\":\"https:\/\/nordic-drift.com\/es\/?s={search_term_string}\"},\"query-input\":{\"@type\":\"PropertyValueSpecification\",\"valueRequired\":true,\"valueName\":\"search_term_string\"}}],\"inLanguage\":\"es\"}]}<\/script>\n<!-- \/ Yoast SEO plugin. -->","yoast_head_json":{"title":"Alicates multifunci\u00f3n Nordic Drift Adventure, negro - Nordic Drift","robots":{"index":"index","follow":"follow","max-snippet":"max-snippet:-1","max-image-preview":"max-image-preview:large","max-video-preview":"max-video-preview:-1"},"canonical":"https:\/\/nordic-drift.com\/es\/product\/alicates-multifuncion-nordic-drift-adventure-negro\/","og_locale":"es_ES","og_type":"article","og_title":"Alicates multifunci\u00f3n Nordic Drift Adventure, negro - Nordic Drift","og_description":"Hechos para durar, para explorar. Los alicates multifunci\u00f3n Nordic Drift Adventure son de primera calidad, ideales para aventuras, dise\u00f1ados para uso exigente al aire libre y preparaci\u00f3n diaria. Fabricados en acero inoxidable de alta calidad, ofrecen un rendimiento duradero en un dise\u00f1o compacto y fiable. Con 16 funciones integradas (alicates de punta fina, alicates est\u00e1ndar, [&hellip;]","og_url":"https:\/\/nordic-drift.com\/es\/product\/alicates-multifuncion-nordic-drift-adventure-negro\/","og_site_name":"Nordic Drift","article_modified_time":"2026-03-19T09:34:41+00:00","og_image":[{"width":1024,"height":1024,"url":"https:\/\/nordic-drift.com\/wp-content\/uploads\/sites\/14\/2026\/02\/ND500.0401__S_0__2908f0130550481aa6718c018c4ce181.jpg","type":"image\/jpeg"}],"twitter_card":"summary_large_image","twitter_misc":{"Tiempo de lectura":"1 minuto"},"schema":{"@context":"https:\/\/schema.org","@graph":[{"@type":"WebPage","@id":"https:\/\/nordic-drift.com\/es\/product\/alicates-multifuncion-nordic-drift-adventure-negro\/","url":"https:\/\/nordic-drift.com\/es\/product\/alicates-multifuncion-nordic-drift-adventure-negro\/","name":"Alicates multifunci\u00f3n Nordic Drift Adventure, negro - Nordic Drift","isPartOf":{"@id":"https:\/\/nordic-drift.com\/es\/#website"},"primaryImageOfPage":{"@id":"https:\/\/nordic-drift.com\/es\/product\/alicates-multifuncion-nordic-drift-adventure-negro\/#primaryimage"},"image":{"@id":"https:\/\/nordic-drift.com\/es\/product\/alicates-multifuncion-nordic-drift-adventure-negro\/#primaryimage"},"thumbnailUrl":"https:\/\/nordic-drift.com\/wp-content\/uploads\/sites\/14\/2026\/02\/ND500.0401__S_0__2908f0130550481aa6718c018c4ce181.jpg","datePublished":"2026-01-27T14:00:40+00:00","dateModified":"2026-03-19T09:34:41+00:00","breadcrumb":{"@id":"https:\/\/nordic-drift.com\/es\/product\/alicates-multifuncion-nordic-drift-adventure-negro\/#breadcrumb"},"inLanguage":"es","potentialAction":[{"@type":"ReadAction","target":["https:\/\/nordic-drift.com\/es\/product\/alicates-multifuncion-nordic-drift-adventure-negro\/"]}]},{"@type":"ImageObject","inLanguage":"es","@id":"https:\/\/nordic-drift.com\/es\/product\/alicates-multifuncion-nordic-drift-adventure-negro\/#primaryimage","url":"https:\/\/nordic-drift.com\/wp-content\/uploads\/sites\/14\/2026\/02\/ND500.0401__S_0__2908f0130550481aa6718c018c4ce181.jpg","contentUrl":"https:\/\/nordic-drift.com\/wp-content\/uploads\/sites\/14\/2026\/02\/ND500.0401__S_0__2908f0130550481aa6718c018c4ce181.jpg","width":1024,"height":1024},{"@type":"BreadcrumbList","@id":"https:\/\/nordic-drift.com\/es\/product\/alicates-multifuncion-nordic-drift-adventure-negro\/#breadcrumb","itemListElement":[{"@type":"ListItem","position":1,"name":"Home","item":"https:\/\/nordic-drift.com\/es\/"},{"@type":"ListItem","position":2,"name":"Colecci\u00f3n","item":"https:\/\/nordic-drift.com\/es\/coleccion\/"},{"@type":"ListItem","position":3,"name":"Alicates multifunci\u00f3n Nordic Drift Adventure, negro"}]},{"@type":"WebSite","@id":"https:\/\/nordic-drift.com\/es\/#website","url":"https:\/\/nordic-drift.com\/es\/","name":"Nordic Drift","description":"Built to Last, Made to Explore.","potentialAction":[{"@type":"SearchAction","target":{"@type":"EntryPoint","urlTemplate":"https:\/\/nordic-drift.com\/es\/?s={search_term_string}"},"query-input":{"@type":"PropertyValueSpecification","valueRequired":true,"valueName":"search_term_string"}}],"inLanguage":"es"}]}},"_links":{"self":[{"href":"https:\/\/nordic-drift.com\/es\/wp-json\/wp\/v2\/product\/4024","targetHints":{"allow":["GET"]}}],"collection":[{"href":"https:\/\/nordic-drift.com\/es\/wp-json\/wp\/v2\/product"}],"about":[{"href":"https:\/\/nordic-drift.com\/es\/wp-json\/wp\/v2\/types\/product"}],"replies":[{"embeddable":true,"href":"https:\/\/nordic-drift.com\/es\/wp-json\/wp\/v2\/comments?post=4024"}],"wp:featuredmedia":[{"embeddable":true,"href":"https:\/\/nordic-drift.com\/es\/wp-json\/wp\/v2\/media\/4025"}],"wp:attachment":[{"href":"https:\/\/nordic-drift.com\/es\/wp-json\/wp\/v2\/media?parent=4024"}],"wp:term":[{"taxonomy":"product_cat","embeddable":true,"href":"https:\/\/nordic-drift.com\/es\/wp-json\/wp\/v2\/product_cat?post=4024"},{"taxonomy":"product_tag","embeddable":true,"href":"https:\/\/nordic-drift.com\/es\/wp-json\/wp\/v2\/product_tag?post=4024"}],"curies":[{"name":"wp","href":"https:\/\/api.w.org\/{rel}","templated":true}]}}