{"id":4011,"date":"2026-01-27T14:00:36","date_gmt":"2026-01-27T14:00:36","guid":{"rendered":"https:\/\/nordic-drift.com\/product\/multiherramienta-nordic-drift-adventure-negro\/"},"modified":"2026-03-19T09:34:40","modified_gmt":"2026-03-19T09:34:40","slug":"multiherramienta-nordic-drift-adventure-negro","status":"publish","type":"product","link":"https:\/\/nordic-drift.com\/es\/product\/multiherramienta-nordic-drift-adventure-negro\/","title":{"rendered":"Multiherramienta Nordic Drift Adventure, negro"},"content":{"rendered":"<p>Dise\u00f1ada para durar, para explorar. La multiherramienta Nordic Drift Adventure es una herramienta robusta y a prueba de aventuras, dise\u00f1ada para uso en exteriores y preparaci\u00f3n diaria. Fabricada en acero inoxidable de alta calidad, ofrece un rendimiento duradero en condiciones exigentes. Con 12 pr\u00e1cticas funciones \u2014que incluyen mosquet\u00f3n, cuchillo, tijeras, sierra, c\u00fater, abrebotellas, abrelatas, lima, herramienta para tiendas de campa\u00f1a, destornillador plano, punz\u00f3n y regla\u2014, ofrece versatilidad sin sacrificar la versatilidad. Compacta y fiable, esta multiherramienta est\u00e1 dise\u00f1ada para estar lista siempre que la necesites. Todos los productos Nordic Drift se someten a rigurosas pruebas de calidad. Porque creemos firmemente en el rendimiento y la durabilidad de nuestros equipos, cada art\u00edculo cuenta con una garant\u00eda de 5 a\u00f1os contra defectos de fabricaci\u00f3n. Para m\u00e1s informaci\u00f3n, visita www.nordic-drift.com.<\/p>\n","protected":false},"excerpt":{"rendered":"<p>Dise\u00f1ada para durar, para explorar. La multiherramienta Nordic Drift Adventure es una herramienta robusta y a prueba de aventuras, dise\u00f1ada para uso en exteriores y preparaci\u00f3n diaria. Fabricada en acero inoxidable de alta calidad, ofrece un rendimiento duradero en condiciones exigentes. Con 12 pr\u00e1cticas funciones \u2014que incluyen mosquet\u00f3n, cuchillo, tijeras, sierra, c\u00fater, abrebotellas, abrelatas, lima, [&hellip;]<\/p>\n","protected":false},"featured_media":4012,"comment_status":"closed","ping_status":"closed","template":"","meta":{"_acf_changed":false},"product_cat":[93],"product_tag":[],"class_list":["post-4011","product","type-product","status-publish","has-post-thumbnail","hentry","product_cat-accesorios","pa_color-black"],"acf":[],"yoast_head":"<!-- This site is optimized with the Yoast SEO plugin v27.0 - https:\/\/yoast.com\/product\/yoast-seo-wordpress\/ -->\n<title>Multiherramienta Nordic Drift Adventure, negro - Nordic Drift<\/title>\n<meta name=\"robots\" content=\"index, follow, max-snippet:-1, max-image-preview:large, max-video-preview:-1\" \/>\n<link rel=\"canonical\" href=\"https:\/\/nordic-drift.com\/es\/product\/multiherramienta-nordic-drift-adventure-negro\/\" \/>\n<meta property=\"og:locale\" content=\"es_ES\" \/>\n<meta property=\"og:type\" content=\"article\" \/>\n<meta property=\"og:title\" content=\"Multiherramienta Nordic Drift Adventure, negro - Nordic Drift\" \/>\n<meta property=\"og:description\" content=\"Dise\u00f1ada para durar, para explorar. La multiherramienta Nordic Drift Adventure es una herramienta robusta y a prueba de aventuras, dise\u00f1ada para uso en exteriores y preparaci\u00f3n diaria. Fabricada en acero inoxidable de alta calidad, ofrece un rendimiento duradero en condiciones exigentes. Con 12 pr\u00e1cticas funciones \u2014que incluyen mosquet\u00f3n, cuchillo, tijeras, sierra, c\u00fater, abrebotellas, abrelatas, lima, [&hellip;]\" \/>\n<meta property=\"og:url\" content=\"https:\/\/nordic-drift.com\/es\/product\/multiherramienta-nordic-drift-adventure-negro\/\" \/>\n<meta property=\"og:site_name\" content=\"Nordic Drift\" \/>\n<meta property=\"article:modified_time\" content=\"2026-03-19T09:34:40+00:00\" \/>\n<meta property=\"og:image\" content=\"https:\/\/nordic-drift.com\/wp-content\/uploads\/sites\/14\/2026\/02\/ND500.0301__S_0__4760d35d9fde44348ddb08231cb877f9.jpg\" \/>\n\t<meta property=\"og:image:width\" content=\"1024\" \/>\n\t<meta property=\"og:image:height\" content=\"1024\" \/>\n\t<meta property=\"og:image:type\" content=\"image\/jpeg\" \/>\n<meta name=\"twitter:card\" content=\"summary_large_image\" \/>\n<meta name=\"twitter:label1\" content=\"Tiempo de lectura\" \/>\n\t<meta name=\"twitter:data1\" content=\"1 minuto\" \/>\n<script type=\"application\/ld+json\" class=\"yoast-schema-graph\">{\"@context\":\"https:\/\/schema.org\",\"@graph\":[{\"@type\":\"WebPage\",\"@id\":\"https:\/\/nordic-drift.com\/es\/product\/multiherramienta-nordic-drift-adventure-negro\/\",\"url\":\"https:\/\/nordic-drift.com\/es\/product\/multiherramienta-nordic-drift-adventure-negro\/\",\"name\":\"Multiherramienta Nordic Drift Adventure, negro - Nordic Drift\",\"isPartOf\":{\"@id\":\"https:\/\/nordic-drift.com\/es\/#website\"},\"primaryImageOfPage\":{\"@id\":\"https:\/\/nordic-drift.com\/es\/product\/multiherramienta-nordic-drift-adventure-negro\/#primaryimage\"},\"image\":{\"@id\":\"https:\/\/nordic-drift.com\/es\/product\/multiherramienta-nordic-drift-adventure-negro\/#primaryimage\"},\"thumbnailUrl\":\"https:\/\/nordic-drift.com\/wp-content\/uploads\/sites\/14\/2026\/02\/ND500.0301__S_0__4760d35d9fde44348ddb08231cb877f9.jpg\",\"datePublished\":\"2026-01-27T14:00:36+00:00\",\"dateModified\":\"2026-03-19T09:34:40+00:00\",\"breadcrumb\":{\"@id\":\"https:\/\/nordic-drift.com\/es\/product\/multiherramienta-nordic-drift-adventure-negro\/#breadcrumb\"},\"inLanguage\":\"es\",\"potentialAction\":[{\"@type\":\"ReadAction\",\"target\":[\"https:\/\/nordic-drift.com\/es\/product\/multiherramienta-nordic-drift-adventure-negro\/\"]}]},{\"@type\":\"ImageObject\",\"inLanguage\":\"es\",\"@id\":\"https:\/\/nordic-drift.com\/es\/product\/multiherramienta-nordic-drift-adventure-negro\/#primaryimage\",\"url\":\"https:\/\/nordic-drift.com\/wp-content\/uploads\/sites\/14\/2026\/02\/ND500.0301__S_0__4760d35d9fde44348ddb08231cb877f9.jpg\",\"contentUrl\":\"https:\/\/nordic-drift.com\/wp-content\/uploads\/sites\/14\/2026\/02\/ND500.0301__S_0__4760d35d9fde44348ddb08231cb877f9.jpg\",\"width\":1024,\"height\":1024},{\"@type\":\"BreadcrumbList\",\"@id\":\"https:\/\/nordic-drift.com\/es\/product\/multiherramienta-nordic-drift-adventure-negro\/#breadcrumb\",\"itemListElement\":[{\"@type\":\"ListItem\",\"position\":1,\"name\":\"Home\",\"item\":\"https:\/\/nordic-drift.com\/es\/\"},{\"@type\":\"ListItem\",\"position\":2,\"name\":\"Colecci\u00f3n\",\"item\":\"https:\/\/nordic-drift.com\/es\/coleccion\/\"},{\"@type\":\"ListItem\",\"position\":3,\"name\":\"Multiherramienta Nordic Drift Adventure, negro\"}]},{\"@type\":\"WebSite\",\"@id\":\"https:\/\/nordic-drift.com\/es\/#website\",\"url\":\"https:\/\/nordic-drift.com\/es\/\",\"name\":\"Nordic Drift\",\"description\":\"Built to Last, Made to Explore.\",\"potentialAction\":[{\"@type\":\"SearchAction\",\"target\":{\"@type\":\"EntryPoint\",\"urlTemplate\":\"https:\/\/nordic-drift.com\/es\/?s={search_term_string}\"},\"query-input\":{\"@type\":\"PropertyValueSpecification\",\"valueRequired\":true,\"valueName\":\"search_term_string\"}}],\"inLanguage\":\"es\"}]}<\/script>\n<!-- \/ Yoast SEO plugin. -->","yoast_head_json":{"title":"Multiherramienta Nordic Drift Adventure, negro - Nordic Drift","robots":{"index":"index","follow":"follow","max-snippet":"max-snippet:-1","max-image-preview":"max-image-preview:large","max-video-preview":"max-video-preview:-1"},"canonical":"https:\/\/nordic-drift.com\/es\/product\/multiherramienta-nordic-drift-adventure-negro\/","og_locale":"es_ES","og_type":"article","og_title":"Multiherramienta Nordic Drift Adventure, negro - Nordic Drift","og_description":"Dise\u00f1ada para durar, para explorar. La multiherramienta Nordic Drift Adventure es una herramienta robusta y a prueba de aventuras, dise\u00f1ada para uso en exteriores y preparaci\u00f3n diaria. Fabricada en acero inoxidable de alta calidad, ofrece un rendimiento duradero en condiciones exigentes. Con 12 pr\u00e1cticas funciones \u2014que incluyen mosquet\u00f3n, cuchillo, tijeras, sierra, c\u00fater, abrebotellas, abrelatas, lima, [&hellip;]","og_url":"https:\/\/nordic-drift.com\/es\/product\/multiherramienta-nordic-drift-adventure-negro\/","og_site_name":"Nordic Drift","article_modified_time":"2026-03-19T09:34:40+00:00","og_image":[{"width":1024,"height":1024,"url":"https:\/\/nordic-drift.com\/wp-content\/uploads\/sites\/14\/2026\/02\/ND500.0301__S_0__4760d35d9fde44348ddb08231cb877f9.jpg","type":"image\/jpeg"}],"twitter_card":"summary_large_image","twitter_misc":{"Tiempo de lectura":"1 minuto"},"schema":{"@context":"https:\/\/schema.org","@graph":[{"@type":"WebPage","@id":"https:\/\/nordic-drift.com\/es\/product\/multiherramienta-nordic-drift-adventure-negro\/","url":"https:\/\/nordic-drift.com\/es\/product\/multiherramienta-nordic-drift-adventure-negro\/","name":"Multiherramienta Nordic Drift Adventure, negro - Nordic Drift","isPartOf":{"@id":"https:\/\/nordic-drift.com\/es\/#website"},"primaryImageOfPage":{"@id":"https:\/\/nordic-drift.com\/es\/product\/multiherramienta-nordic-drift-adventure-negro\/#primaryimage"},"image":{"@id":"https:\/\/nordic-drift.com\/es\/product\/multiherramienta-nordic-drift-adventure-negro\/#primaryimage"},"thumbnailUrl":"https:\/\/nordic-drift.com\/wp-content\/uploads\/sites\/14\/2026\/02\/ND500.0301__S_0__4760d35d9fde44348ddb08231cb877f9.jpg","datePublished":"2026-01-27T14:00:36+00:00","dateModified":"2026-03-19T09:34:40+00:00","breadcrumb":{"@id":"https:\/\/nordic-drift.com\/es\/product\/multiherramienta-nordic-drift-adventure-negro\/#breadcrumb"},"inLanguage":"es","potentialAction":[{"@type":"ReadAction","target":["https:\/\/nordic-drift.com\/es\/product\/multiherramienta-nordic-drift-adventure-negro\/"]}]},{"@type":"ImageObject","inLanguage":"es","@id":"https:\/\/nordic-drift.com\/es\/product\/multiherramienta-nordic-drift-adventure-negro\/#primaryimage","url":"https:\/\/nordic-drift.com\/wp-content\/uploads\/sites\/14\/2026\/02\/ND500.0301__S_0__4760d35d9fde44348ddb08231cb877f9.jpg","contentUrl":"https:\/\/nordic-drift.com\/wp-content\/uploads\/sites\/14\/2026\/02\/ND500.0301__S_0__4760d35d9fde44348ddb08231cb877f9.jpg","width":1024,"height":1024},{"@type":"BreadcrumbList","@id":"https:\/\/nordic-drift.com\/es\/product\/multiherramienta-nordic-drift-adventure-negro\/#breadcrumb","itemListElement":[{"@type":"ListItem","position":1,"name":"Home","item":"https:\/\/nordic-drift.com\/es\/"},{"@type":"ListItem","position":2,"name":"Colecci\u00f3n","item":"https:\/\/nordic-drift.com\/es\/coleccion\/"},{"@type":"ListItem","position":3,"name":"Multiherramienta Nordic Drift Adventure, negro"}]},{"@type":"WebSite","@id":"https:\/\/nordic-drift.com\/es\/#website","url":"https:\/\/nordic-drift.com\/es\/","name":"Nordic Drift","description":"Built to Last, Made to Explore.","potentialAction":[{"@type":"SearchAction","target":{"@type":"EntryPoint","urlTemplate":"https:\/\/nordic-drift.com\/es\/?s={search_term_string}"},"query-input":{"@type":"PropertyValueSpecification","valueRequired":true,"valueName":"search_term_string"}}],"inLanguage":"es"}]}},"_links":{"self":[{"href":"https:\/\/nordic-drift.com\/es\/wp-json\/wp\/v2\/product\/4011","targetHints":{"allow":["GET"]}}],"collection":[{"href":"https:\/\/nordic-drift.com\/es\/wp-json\/wp\/v2\/product"}],"about":[{"href":"https:\/\/nordic-drift.com\/es\/wp-json\/wp\/v2\/types\/product"}],"replies":[{"embeddable":true,"href":"https:\/\/nordic-drift.com\/es\/wp-json\/wp\/v2\/comments?post=4011"}],"wp:featuredmedia":[{"embeddable":true,"href":"https:\/\/nordic-drift.com\/es\/wp-json\/wp\/v2\/media\/4012"}],"wp:attachment":[{"href":"https:\/\/nordic-drift.com\/es\/wp-json\/wp\/v2\/media?parent=4011"}],"wp:term":[{"taxonomy":"product_cat","embeddable":true,"href":"https:\/\/nordic-drift.com\/es\/wp-json\/wp\/v2\/product_cat?post=4011"},{"taxonomy":"product_tag","embeddable":true,"href":"https:\/\/nordic-drift.com\/es\/wp-json\/wp\/v2\/product_tag?post=4011"}],"curies":[{"name":"wp","href":"https:\/\/api.w.org\/{rel}","templated":true}]}}