{"id":4000,"date":"2026-01-27T14:00:36","date_gmt":"2026-01-27T14:00:36","guid":{"rendered":"https:\/\/nordic-drift.com\/product\/herramienta-llavero-nordic-drift-negro\/"},"modified":"2026-03-19T09:34:39","modified_gmt":"2026-03-19T09:34:39","slug":"herramienta-llavero-nordic-drift-negro","status":"publish","type":"product","link":"https:\/\/nordic-drift.com\/es\/product\/herramienta-llavero-nordic-drift-negro\/","title":{"rendered":"Herramienta llavero Nordic Drift, negro"},"content":{"rendered":"<p>Dise\u00f1ada para durar, dise\u00f1ada para explorar. La herramienta de llavero Nordic Drift es una multiherramienta compacta y a prueba de aventuras, dise\u00f1ada para el uso diario y al aire libre. Fabricada en acero inoxidable de alta calidad, ofrece un rendimiento duradero en un dise\u00f1o ligero y port\u00e1til. Con cuatro pr\u00e1cticas funciones: navaja, destornillador plano, abrebotellas y gancho para llavero con mecanismo de bloqueo, siempre estar\u00e1 lista cuando la necesites. F\u00e1cil de llevar en tus llaves o equipo, esta herramienta ofrece funcionalidad sin ser voluminosa. Todos los productos Nordic Drift se someten a rigurosas pruebas de calidad. Porque creemos firmemente en el rendimiento y la durabilidad de nuestros equipos, cada art\u00edculo cuenta con una garant\u00eda de 5 a\u00f1os contra defectos de fabricaci\u00f3n. Para m\u00e1s informaci\u00f3n, visita www.nordic-drift.com.<\/p>\n","protected":false},"excerpt":{"rendered":"<p>Dise\u00f1ada para durar, dise\u00f1ada para explorar. La herramienta de llavero Nordic Drift es una multiherramienta compacta y a prueba de aventuras, dise\u00f1ada para el uso diario y al aire libre. Fabricada en acero inoxidable de alta calidad, ofrece un rendimiento duradero en un dise\u00f1o ligero y port\u00e1til. Con cuatro pr\u00e1cticas funciones: navaja, destornillador plano, abrebotellas [&hellip;]<\/p>\n","protected":false},"featured_media":4001,"comment_status":"closed","ping_status":"closed","template":"","meta":{"_acf_changed":false},"product_cat":[93],"product_tag":[],"class_list":["post-4000","product","type-product","status-publish","has-post-thumbnail","hentry","product_cat-accesorios","pa_color-black"],"acf":[],"yoast_head":"<!-- This site is optimized with the Yoast SEO plugin v27.0 - https:\/\/yoast.com\/product\/yoast-seo-wordpress\/ -->\n<title>Herramienta llavero Nordic Drift, negro - Nordic Drift<\/title>\n<meta name=\"robots\" content=\"index, follow, max-snippet:-1, max-image-preview:large, max-video-preview:-1\" \/>\n<link rel=\"canonical\" href=\"https:\/\/nordic-drift.com\/es\/product\/herramienta-llavero-nordic-drift-negro\/\" \/>\n<meta property=\"og:locale\" content=\"es_ES\" \/>\n<meta property=\"og:type\" content=\"article\" \/>\n<meta property=\"og:title\" content=\"Herramienta llavero Nordic Drift, negro - Nordic Drift\" \/>\n<meta property=\"og:description\" content=\"Dise\u00f1ada para durar, dise\u00f1ada para explorar. La herramienta de llavero Nordic Drift es una multiherramienta compacta y a prueba de aventuras, dise\u00f1ada para el uso diario y al aire libre. Fabricada en acero inoxidable de alta calidad, ofrece un rendimiento duradero en un dise\u00f1o ligero y port\u00e1til. Con cuatro pr\u00e1cticas funciones: navaja, destornillador plano, abrebotellas [&hellip;]\" \/>\n<meta property=\"og:url\" content=\"https:\/\/nordic-drift.com\/es\/product\/herramienta-llavero-nordic-drift-negro\/\" \/>\n<meta property=\"og:site_name\" content=\"Nordic Drift\" \/>\n<meta property=\"article:modified_time\" content=\"2026-03-19T09:34:39+00:00\" \/>\n<meta property=\"og:image\" content=\"https:\/\/nordic-drift.com\/wp-content\/uploads\/sites\/14\/2026\/02\/ND500.0201__S_0__38c46dcf1cb2479caf73720a24dd5ac0.jpg\" \/>\n\t<meta property=\"og:image:width\" content=\"1024\" \/>\n\t<meta property=\"og:image:height\" content=\"1024\" \/>\n\t<meta property=\"og:image:type\" content=\"image\/jpeg\" \/>\n<meta name=\"twitter:card\" content=\"summary_large_image\" \/>\n<meta name=\"twitter:label1\" content=\"Tiempo de lectura\" \/>\n\t<meta name=\"twitter:data1\" content=\"1 minuto\" \/>\n<script type=\"application\/ld+json\" class=\"yoast-schema-graph\">{\"@context\":\"https:\/\/schema.org\",\"@graph\":[{\"@type\":\"WebPage\",\"@id\":\"https:\/\/nordic-drift.com\/es\/product\/herramienta-llavero-nordic-drift-negro\/\",\"url\":\"https:\/\/nordic-drift.com\/es\/product\/herramienta-llavero-nordic-drift-negro\/\",\"name\":\"Herramienta llavero Nordic Drift, negro - Nordic Drift\",\"isPartOf\":{\"@id\":\"https:\/\/nordic-drift.com\/es\/#website\"},\"primaryImageOfPage\":{\"@id\":\"https:\/\/nordic-drift.com\/es\/product\/herramienta-llavero-nordic-drift-negro\/#primaryimage\"},\"image\":{\"@id\":\"https:\/\/nordic-drift.com\/es\/product\/herramienta-llavero-nordic-drift-negro\/#primaryimage\"},\"thumbnailUrl\":\"https:\/\/nordic-drift.com\/wp-content\/uploads\/sites\/14\/2026\/02\/ND500.0201__S_0__38c46dcf1cb2479caf73720a24dd5ac0.jpg\",\"datePublished\":\"2026-01-27T14:00:36+00:00\",\"dateModified\":\"2026-03-19T09:34:39+00:00\",\"breadcrumb\":{\"@id\":\"https:\/\/nordic-drift.com\/es\/product\/herramienta-llavero-nordic-drift-negro\/#breadcrumb\"},\"inLanguage\":\"es\",\"potentialAction\":[{\"@type\":\"ReadAction\",\"target\":[\"https:\/\/nordic-drift.com\/es\/product\/herramienta-llavero-nordic-drift-negro\/\"]}]},{\"@type\":\"ImageObject\",\"inLanguage\":\"es\",\"@id\":\"https:\/\/nordic-drift.com\/es\/product\/herramienta-llavero-nordic-drift-negro\/#primaryimage\",\"url\":\"https:\/\/nordic-drift.com\/wp-content\/uploads\/sites\/14\/2026\/02\/ND500.0201__S_0__38c46dcf1cb2479caf73720a24dd5ac0.jpg\",\"contentUrl\":\"https:\/\/nordic-drift.com\/wp-content\/uploads\/sites\/14\/2026\/02\/ND500.0201__S_0__38c46dcf1cb2479caf73720a24dd5ac0.jpg\",\"width\":1024,\"height\":1024},{\"@type\":\"BreadcrumbList\",\"@id\":\"https:\/\/nordic-drift.com\/es\/product\/herramienta-llavero-nordic-drift-negro\/#breadcrumb\",\"itemListElement\":[{\"@type\":\"ListItem\",\"position\":1,\"name\":\"Home\",\"item\":\"https:\/\/nordic-drift.com\/es\/\"},{\"@type\":\"ListItem\",\"position\":2,\"name\":\"Colecci\u00f3n\",\"item\":\"https:\/\/nordic-drift.com\/es\/coleccion\/\"},{\"@type\":\"ListItem\",\"position\":3,\"name\":\"Herramienta llavero Nordic Drift, negro\"}]},{\"@type\":\"WebSite\",\"@id\":\"https:\/\/nordic-drift.com\/es\/#website\",\"url\":\"https:\/\/nordic-drift.com\/es\/\",\"name\":\"Nordic Drift\",\"description\":\"Built to Last, Made to Explore.\",\"potentialAction\":[{\"@type\":\"SearchAction\",\"target\":{\"@type\":\"EntryPoint\",\"urlTemplate\":\"https:\/\/nordic-drift.com\/es\/?s={search_term_string}\"},\"query-input\":{\"@type\":\"PropertyValueSpecification\",\"valueRequired\":true,\"valueName\":\"search_term_string\"}}],\"inLanguage\":\"es\"}]}<\/script>\n<!-- \/ Yoast SEO plugin. -->","yoast_head_json":{"title":"Herramienta llavero Nordic Drift, negro - Nordic Drift","robots":{"index":"index","follow":"follow","max-snippet":"max-snippet:-1","max-image-preview":"max-image-preview:large","max-video-preview":"max-video-preview:-1"},"canonical":"https:\/\/nordic-drift.com\/es\/product\/herramienta-llavero-nordic-drift-negro\/","og_locale":"es_ES","og_type":"article","og_title":"Herramienta llavero Nordic Drift, negro - Nordic Drift","og_description":"Dise\u00f1ada para durar, dise\u00f1ada para explorar. La herramienta de llavero Nordic Drift es una multiherramienta compacta y a prueba de aventuras, dise\u00f1ada para el uso diario y al aire libre. Fabricada en acero inoxidable de alta calidad, ofrece un rendimiento duradero en un dise\u00f1o ligero y port\u00e1til. Con cuatro pr\u00e1cticas funciones: navaja, destornillador plano, abrebotellas [&hellip;]","og_url":"https:\/\/nordic-drift.com\/es\/product\/herramienta-llavero-nordic-drift-negro\/","og_site_name":"Nordic Drift","article_modified_time":"2026-03-19T09:34:39+00:00","og_image":[{"width":1024,"height":1024,"url":"https:\/\/nordic-drift.com\/wp-content\/uploads\/sites\/14\/2026\/02\/ND500.0201__S_0__38c46dcf1cb2479caf73720a24dd5ac0.jpg","type":"image\/jpeg"}],"twitter_card":"summary_large_image","twitter_misc":{"Tiempo de lectura":"1 minuto"},"schema":{"@context":"https:\/\/schema.org","@graph":[{"@type":"WebPage","@id":"https:\/\/nordic-drift.com\/es\/product\/herramienta-llavero-nordic-drift-negro\/","url":"https:\/\/nordic-drift.com\/es\/product\/herramienta-llavero-nordic-drift-negro\/","name":"Herramienta llavero Nordic Drift, negro - Nordic Drift","isPartOf":{"@id":"https:\/\/nordic-drift.com\/es\/#website"},"primaryImageOfPage":{"@id":"https:\/\/nordic-drift.com\/es\/product\/herramienta-llavero-nordic-drift-negro\/#primaryimage"},"image":{"@id":"https:\/\/nordic-drift.com\/es\/product\/herramienta-llavero-nordic-drift-negro\/#primaryimage"},"thumbnailUrl":"https:\/\/nordic-drift.com\/wp-content\/uploads\/sites\/14\/2026\/02\/ND500.0201__S_0__38c46dcf1cb2479caf73720a24dd5ac0.jpg","datePublished":"2026-01-27T14:00:36+00:00","dateModified":"2026-03-19T09:34:39+00:00","breadcrumb":{"@id":"https:\/\/nordic-drift.com\/es\/product\/herramienta-llavero-nordic-drift-negro\/#breadcrumb"},"inLanguage":"es","potentialAction":[{"@type":"ReadAction","target":["https:\/\/nordic-drift.com\/es\/product\/herramienta-llavero-nordic-drift-negro\/"]}]},{"@type":"ImageObject","inLanguage":"es","@id":"https:\/\/nordic-drift.com\/es\/product\/herramienta-llavero-nordic-drift-negro\/#primaryimage","url":"https:\/\/nordic-drift.com\/wp-content\/uploads\/sites\/14\/2026\/02\/ND500.0201__S_0__38c46dcf1cb2479caf73720a24dd5ac0.jpg","contentUrl":"https:\/\/nordic-drift.com\/wp-content\/uploads\/sites\/14\/2026\/02\/ND500.0201__S_0__38c46dcf1cb2479caf73720a24dd5ac0.jpg","width":1024,"height":1024},{"@type":"BreadcrumbList","@id":"https:\/\/nordic-drift.com\/es\/product\/herramienta-llavero-nordic-drift-negro\/#breadcrumb","itemListElement":[{"@type":"ListItem","position":1,"name":"Home","item":"https:\/\/nordic-drift.com\/es\/"},{"@type":"ListItem","position":2,"name":"Colecci\u00f3n","item":"https:\/\/nordic-drift.com\/es\/coleccion\/"},{"@type":"ListItem","position":3,"name":"Herramienta llavero Nordic Drift, negro"}]},{"@type":"WebSite","@id":"https:\/\/nordic-drift.com\/es\/#website","url":"https:\/\/nordic-drift.com\/es\/","name":"Nordic Drift","description":"Built to Last, Made to Explore.","potentialAction":[{"@type":"SearchAction","target":{"@type":"EntryPoint","urlTemplate":"https:\/\/nordic-drift.com\/es\/?s={search_term_string}"},"query-input":{"@type":"PropertyValueSpecification","valueRequired":true,"valueName":"search_term_string"}}],"inLanguage":"es"}]}},"_links":{"self":[{"href":"https:\/\/nordic-drift.com\/es\/wp-json\/wp\/v2\/product\/4000","targetHints":{"allow":["GET"]}}],"collection":[{"href":"https:\/\/nordic-drift.com\/es\/wp-json\/wp\/v2\/product"}],"about":[{"href":"https:\/\/nordic-drift.com\/es\/wp-json\/wp\/v2\/types\/product"}],"replies":[{"embeddable":true,"href":"https:\/\/nordic-drift.com\/es\/wp-json\/wp\/v2\/comments?post=4000"}],"wp:featuredmedia":[{"embeddable":true,"href":"https:\/\/nordic-drift.com\/es\/wp-json\/wp\/v2\/media\/4001"}],"wp:attachment":[{"href":"https:\/\/nordic-drift.com\/es\/wp-json\/wp\/v2\/media?parent=4000"}],"wp:term":[{"taxonomy":"product_cat","embeddable":true,"href":"https:\/\/nordic-drift.com\/es\/wp-json\/wp\/v2\/product_cat?post=4000"},{"taxonomy":"product_tag","embeddable":true,"href":"https:\/\/nordic-drift.com\/es\/wp-json\/wp\/v2\/product_tag?post=4000"}],"curies":[{"name":"wp","href":"https:\/\/api.w.org\/{rel}","templated":true}]}}